{"id":59596,"date":"2023-07-06T09:09:58","date_gmt":"2023-07-06T09:09:58","guid":{"rendered":"https:\/\/mrfix.centum-test.site\/?page_id=59596"},"modified":"2026-04-11T18:30:42","modified_gmt":"2026-04-11T18:30:42","slug":"tarifs","status":"publish","type":"page","link":"https:\/\/mrfix.nl\/fr\/tarifs\/","title":{"rendered":"Tarifs MrFix"},"content":{"rendered":"<h2 class=\"wp-block-heading\">Tarifs et paiement pour les r\u00e9parations \u00e0 domicile\u00a0: un excellent rapport qualit\u00e9-prix<\/h2>\n<p>MrFix s&rsquo;engage \u00e0 vous offrir des prix justes. Nous vous expliquons ici comment nous pouvons vous aider \u00e0 obtenir un excellent rapport qualit\u00e9-prix. Consultez la <a href=\"https:\/\/mrfix.centum-test.site\/fr\/aide\/\">Aide<\/a> pour toute question sur d&rsquo;autres sujets.<\/p>\n<h2 class=\"wp-block-heading\">Tarifs raisonnables pour les r\u00e9parations \u00e0 domicile<\/h2>\n<p>MrFix a n\u00e9goci\u00e9 des tarifs pour les r\u00e9parations \u00e0 domicile et Am\u00e9lioration des services pour le compte des clients avec les experts concern\u00e9s\u00a0:<\/p>\n<li>Applicable aux inspections pour les devis et \u00e0 l&rsquo;ex\u00e9cution de petits travaux ne n\u00e9cessitant pas de devis<\/li>\n<li>Tarifs horaires\u00a0: de 45 \u20ac \u00e0 115 \u20ac par personne, selon la complexit\u00e9 et la raret\u00e9 des comp\u00e9tences\u00a0:\n<ul>\n<li><a href=\"https:\/\/mrfix.centum-test.site\/fr\/nettoyeur-professionnel\/\">Agent de nettoyage professionnel<\/a>\u00a0: 45 \u20ac<\/li>\n<li>Peintre (taux de TVA r\u00e9duit, voir ci-dessous) ou <a href=\"https:\/\/mrfix.centum-test.site\/fr\/bricoleur\/\">Homme \u00e0 tout faire<\/a> (incluant <a href=\"https:\/\/mrfix.centum-test.site\/en\/refurbishment\/\">entrepreneur en b\u00e2timent<\/a>) 55 \u20ac<\/li>\n<li><a href=\"https:\/\/mrfix.centum-test.site\/fr\/jardinier\/\">Jardinier<\/a> 55 \u20ac<\/li>\n<li><a href=\"https:\/\/mrfix.centum-test.site\/en\/plasterer\/\">Pl\u00e2treur<\/a> ou <a href=\"https:\/\/mrfix.centum-test.site\/en\/wallpaperer\/\">Papier peint<\/a> 70 \u20ac (taux de TVA r\u00e9duit, voir ci-dessous)<\/li>\n<li><a href=\"https:\/\/mrfix.centum-test.site\/en\/tiling\/\">Carreleur<\/a> ou <a href=\"https:\/\/mrfix.centum-test.site\/en\/masonry\/\">Ma\u00e7on<\/a> 65 \u20ac<\/li>\n<li><a href=\"https:\/\/mrfix.centum-test.site\/en\/carpenter\/\">Charpentier<\/a> 70 \u20ac<\/li>\n<li><a href=\"https:\/\/mrfix.centum-test.site\/fr\/serrurier\/\">Serrurier<\/a> ou <a href=\"https:\/\/mrfix.centum-test.site\/en\/glazier\/\">Vitrier<\/a> 75 \u20ac<\/li>\n<li><a href=\"https:\/\/mrfix.centum-test.site\/fr\/electricien\/\">\u00c9lectricien<\/a> ou <a href=\"https:\/\/mrfix.centum-test.site\/fr\/informaticien\/\">Informaticien<\/a> 85 \u20ac<\/li>\n<li><a href=\"https:\/\/mrfix.centum-test.site\/fr\/plombier\/\">Plombier<\/a> 95 \u20ac (note: a <a href=\"\/en\/central-heating-thermostat\/\">Installateur de chauffage central<\/a>, <a href=\"https:\/\/mrfix.centum-test.site\/en\/roofing-work\/\">Couvreur<\/a> ou <a href=\"https:\/\/mrfix.centum-test.site\/en\/damp-protection\/\">Sp\u00e9cialiste de l&rsquo;\u00e9tanch\u00e9it\u00e9<\/a> sont 105 \u20ac)<\/li>\n<li><a href=\"https:\/\/mrfix.centum-test.site\/fr\/depanneur-electromenager\/\">Expert en \u00e9lectrom\u00e9nager<\/a>, <a href=\"\/en\/airco\">Sp\u00e9cialiste de la climatisation<\/a> ou <a href=\"\/en\/\/furniture-upholstery\/\">Tapissier<\/a> 115 \u20ac<\/li>\n<\/ul>\n<li>Nos tarifs sont \u00e9quitables \u00e0 deux \u00e9gards\u00a0:\n<ul>\n<li>Ils permettent \u00e0 l&rsquo;expert de gagner sa vie correctement. Vous trouverez peut-\u00eatre des tarifs de r\u00e9paration \u00e0 domicile plus bas ailleurs, mais cela incite nos clients \u00e0 adopter des pratiques qu&rsquo;ils n&rsquo;acceptent pas\u00a0: facturation d&rsquo;heures suppl\u00e9mentaires, majoration des frais de d\u00e9placement, etc., ou encore compromis sur la qualit\u00e9.<\/li>\n<li>Nos tarifs sont aussi clairs (voir ci-dessous) et tout compris que possible\u00a0: TVA et frais de d\u00e9placement inclus. Seuls les co\u00fbts des mat\u00e9riaux (bien s\u00fbr) et les frais de stationnement sont en sus\u00a0: nous pouvons souvent \u00e9viter ces derniers en proposant \u00e0 l&rsquo;expert d&rsquo;utiliser la place de parking du client ou de venir \u00e0 v\u00e9lo (comme le font plusieurs de nos experts \u00e0 Amsterdam). La dur\u00e9e minimale est d&rsquo;une heure par personne, et au-del\u00e0, le tarif est arrondi \u00e0 la demi-heure la plus proche.\n<p>Une majoration de 50 % est appliqu\u00e9e pour les interventions qui doivent imp\u00e9rativement commencer en soir\u00e9e (\u00e0 partir de 18h), le week-end, les jours f\u00e9ri\u00e9s ou en urgence (sous 24 heures). Ces majorations ne sont pas cumulables (il n&rsquo;y a donc jamais de majoration de 100 % ou 150 %). Si l&rsquo;intervention peut \u00e9galement \u00eatre r\u00e9alis\u00e9e en journ\u00e9e, aucune majoration n&rsquo;est appliqu\u00e9e si l&rsquo;expert choisit d&rsquo;intervenir en soir\u00e9e ou le week-end.<\/p>\n<p>Il n&rsquo;y a donc pas d&rsquo;autres majorations, telles que celles appliqu\u00e9es aux services concurrents ou aux prestataires de services \u00e0 domicile pour les frais de d\u00e9placement, les risques ou les b\u00e9n\u00e9fices.<\/p>\n<h2>Quelles heures sont consid\u00e9r\u00e9es comme du temps de travail\u00a0?<\/h2>\n<p><em>Non<\/em>\u00a0: Temps de trajet domicile-travail, pauses (repas, cigarettes, appels)<\/p>\n<p><em>Oui<\/em>\u00a0: Temps de pr\u00e9paration (conseils, choix, commande, achat\/location ou r\u00e9cup\u00e9ration des mat\u00e9riaux, outils et \u00e9quipements, protection des sols et du mobilier), visites d\u2019inspection, ex\u00e9cution et suivi (rangement, nettoyage, \u00e9limination des d\u00e9chets, restitution des outils et \u00e9quipements)<\/p>\n<h2>Devis versus estimation<\/h2>\n<p>Vous souhaitez conna\u00eetre le co\u00fbt approximatif de l&rsquo;intervention\u00a0? Cliquez sur \u00ab\u00a0Demander un devis\u00a0\u00bb en bas \u00e0 droite du formulaire. Nous vous enverrons ensuite par e-mail un <a href=\"https:\/\/mrfix.centum-test.site\/en\/blog\/whats-wiser-a-quote-or-an-estimate\/\">devis ferme<\/a> avec un prix fixe, \u00e9tabli par l&rsquo;expert, si l&rsquo;intervention n\u00e9cessite plus d&rsquo;une journ\u00e9e de travail (environ 500\u00a0\u20ac) et si vous avez fourni suffisamment d&rsquo;informations. Dans la plupart des cas, une visite d&rsquo;inspection payante de l&rsquo;expert est requise\u00a0: voir ci-dessous. Pour les interventions de moins d&rsquo;une journ\u00e9e de travail (environ 500\u00a0\u20ac), nous demandons \u00e0 l&rsquo;expert une estimation du temps n\u00e9cessaire, ainsi que son tarif horaire fixe, ce qui vous donnera une bonne id\u00e9e du co\u00fbt. Cliquez <a href=\"https:\/\/mrfix.centum-test.site\/en\/blog\/whats-wiser-a-quote-or-an-estimate\/\">ici<\/a> pour plus d&rsquo;informations.<\/p>\n<h2>Visite d&rsquo;inspection<\/h2>\n<p>Nos clients et experts pr\u00e9f\u00e8rent \u00e9viter les visites d&rsquo;inspection. C&rsquo;est pourquoi MrFix facilite les \u00e9changes : posez-vous des questions en amont (de pr\u00e9f\u00e9rence par chat) et partagez photos, etc. Il arrive que le client demande conseil ou que l&rsquo;expert doive effectuer des mesures pr\u00e9cises, n\u00e9cessitant alors une visite d&rsquo;inspection. Dans ce cas, nous facturons cette visite comme une intervention classique : g\u00e9n\u00e9ralement, une heure de travail par personne suffit. Pour les interventions sup\u00e9rieures \u00e0 environ 500 \u20ac (une journ\u00e9e de travail), l&rsquo;expert vous offre cette heure d&rsquo;inspection sous forme de r\u00e9duction si vous acceptez le <a href=\"https:\/\/mrfix.centum-test.site\/en\/blog\/whats-wiser-a-quote-or-an-estimate\/\">devis<\/a> (elle sera d\u00e9duite de la facture finale). Nous vous envoyons le devis de l&rsquo;expert par e-mail dans les 72 heures suivant la visite d&rsquo;inspection, sauf en cas de retard dans l&rsquo;obtention des informations aupr\u00e8s de ses fournisseurs.<\/p>\n<p>&nbsp;<br \/>\nFacturation et paiement<\/p>\n<p>Apr\u00e8s l&rsquo;intervention, MrFix envoie une facture claire au nom de l&rsquo;expert, avec un lien pour payer par iDeal ou carte bancaire (jusqu&rsquo;\u00e0 1\u00a0000\u00a0\u20ac, sous 24\u00a0h, le traitement prenant plus de 7\u00a0jours ouvr\u00e9s). Vous pouvez \u00e9galement effectuer un virement bancaire (sous 7\u00a0jours, voir l&rsquo;IBAN en bas de page). Si vous le souhaitez, nous pouvons aussi d\u00e9biter votre compte automatiquement apr\u00e8s facturation. Les devis n\u00e9cessitent souvent un acompte, et nous facturons les autres interventions imm\u00e9diatement apr\u00e8s chaque journ\u00e9e de travail. Conseil\u00a0: Ne payez jamais un bricoleur en esp\u00e8ces\u00a0!<\/p>\n<p>Annulation d&rsquo;une intervention<\/p>\n<p>Le client et l&rsquo;expert peuvent annuler une intervention gratuitement. Cependant, si le client confirme une intervention puis l&rsquo;annule ou la reporte moins de 24\u00a0heures avant le d\u00e9but pr\u00e9vu, il doit \u00e0 l&rsquo;expert le tarif d&rsquo;une heure de travail. Il est souvent difficile pour l&rsquo;expert de combler efficacement le cr\u00e9neau horaire vacant dans son agenda \u00e0 si court terme. Il en va de m\u00eame si l&rsquo;expert arrive pendant le cr\u00e9neau horaire d&rsquo;une heure convenu, mais que le client est dans l&rsquo;impossibilit\u00e9 ou refuse de le recevoir.<\/p>\n<p>Si l&rsquo;expert souhaite reporter un rendez-vous, il doit \u00e9galement en informer le client au moins 24 heures \u00e0 l&rsquo;avance. En g\u00e9n\u00e9ral, cela ne pose pas de probl\u00e8me, mais si le client refuse, l&rsquo;expert est tenu d&rsquo;honorer le rendez-vous. En cas d&rsquo;absence, MrFix adresse un avertissement \u00e0 l&rsquo;expert (deux avertissements entra\u00eenent la cessation de toute collaboration avec cet expert). Plus important encore, MrFix met tout en \u0153uvre pour trouver un autre expert dans les plus brefs d\u00e9lais\u00a0!<\/p>\n<h2>TVA r\u00e9duite sur les travaux de peinture et plus encore\u00a0!<\/h2>\n<p>Saviez-vous que l&rsquo;administration fiscale n\u00e9erlandaise contribue \u00e0 maintenir des prix abordables pour les types de travaux suivants en appliquant un taux de TVA r\u00e9duit de 9\u00a0% (au lieu de 21\u00a0%)\u00a0? <\/p>\n<ul>\n<ul>\n<li><a href=\"https:\/\/mrfix.centum-test.site\/fr\/peintre\/\">Peinture<\/a> (voir aussi <a href=\"https:\/\/www.besolvingdienst.nl\/wps\/wcm\/connect\/bldcontentnl\/belessnessdienst\/zakelijk\/btw\/tarieven_en_vrijstellingen\/diensten_9_btw\/werkzaamheden_aan_woningen\/schilderen\" target=\"_blank\" rel=\"noopener\">les r\u00e8gles, malheureusement en n\u00e9erlandais uniquement<\/a>)<\/li>\n<li><a href=\"\/fr\/painter\/plasterer\">Travail de pl\u00e2tre<\/a> (voir aussi <a href=\"https:\/\/www.besolvingdienst.nl\/wps\/wcm\/connect\/bldcontentnl\/belessnessdienst\/zakelijk\/btw\/tarieven_en_vrijstellingen\/diensten_9_btw\/werkzaamheden_aan_woningen\/stukadoren\" target=\"_blank\" rel=\"noopener\">les r\u00e8gles)<\/a><\/li>\n<li><a href=\"\/en\/painter\/wallpaperer\">Paperhanging<\/a> (voir aussi <a href=\"https:\/\/www.besolvingdienst.nl\/wps\/wcm\/connect\/bldcontentnl\/belessnessdienst\/zakelijk\/btw\/tarieven_en_vrijstellingen\/diensten_9_btw\/werkzaamheden_aan_woningen\/behangen\" target=\"_blank\" rel=\"noopener\">les r\u00e8gles)<\/a><\/li>\n<li><a href=\"\/fr\/handyman\/refurbishment\/\">Travaux d&rsquo;isolation de la maison<\/a> (voir aussi <a href=\"https:\/\/www.besolvingdienst.nl\/wps\/wcm\/connect\/bldcontentnl\/besolvingdienst\/zakelijk\/btw\/tarieven_en_vrijstellingen\/diensten_9_btw\/werkzaamheden_aan_woningen\/isoleren_van_woningen\" target=\"_blank\" rel=\"noopener\">les r\u00e8gles)<\/a><\/li>\n<li><a href=\"\/en\/specialist-handyman\/professional-cleaner\/\">Nettoyage<\/a> (voir aussi <a href=\"https:\/\/www.besolvingdienst.nl\/wps\/wcm\/connect\/bldcontentnl\/belessnessdienst\/zakelijk\/btw\/tarieven_en_vrijstellingen\/diensten_9_btw\/werkzaamheden_aan_woningen\/schoonmaken_in_woningen\" target=\"_blank\" rel=\"noopener\">les r\u00e8gles)<\/a><\/li>\n<\/ul>\n<\/ul>\n<p>Veuillez noter\u00a0: ceci s&rsquo;applique uniquement aux maisons de plus de 2\u00a0ans et concerne la main-d&rsquo;\u0153uvre et les mat\u00e9riaux (\u00e0 l&rsquo;exception du papier peint).<\/p>\n<h2>Un excellent rapport qualit\u00e9-prix\u00a0: nos conseils\u00a0!<\/h2>\n<p>Comment vous assurer que vos travaux seront bien r\u00e9alis\u00e9s \u00e0 un prix raisonnable\u00a0?<\/p>\n<ul>\n<li><strong>Demandez votre intervention au plus t\u00f4t.<\/strong> MrFix peut g\u00e9n\u00e9ralement vous d\u00e9p\u00eacher un expert sous 24\u00a0heures, notamment gr\u00e2ce \u00e0 la majoration de 50\u00a0% pour intervention urgente qui incite l&rsquo;expert \u00e0 modifier son planning et \u00e0 donner la priorit\u00e9 \u00e0 votre projet. M\u00eame sans majoration, il est conseill\u00e9 de faire votre demande le plus t\u00f4t possible\u00a0: vous aurez ainsi acc\u00e8s \u00e0 un plus grand nombre d&rsquo;experts, et de meilleure qualit\u00e9. Par exemple, nos meilleurs peintres sont g\u00e9n\u00e9ralement r\u00e9serv\u00e9s environ 12\u00a0mois \u00e0 l&rsquo;avance.<\/li>\n<li><strong>Bien se pr\u00e9parer\u00a0:<\/strong>\n<ul>\n<li>Si possible, r\u00e9fl\u00e9chissez \u00e0 l&rsquo;avance aux mat\u00e9riaux dont vous avez besoin et si vous souhaitez que l&rsquo;expert vous les fournisse. La qualit\u00e9 de la peinture, en particulier, varie tellement que le m\u00eame peintre offre une garantie de 3 ans sur ses travaux si le client fournit la peinture qu&rsquo;il a en stock ou qu&rsquo;il ach\u00e8te dans n&rsquo;importe quel magasin de bricolage, mais une garantie de 10 ans s&rsquo;il fournit de la peinture professionnelle. Si l&rsquo;expert fournit le mat\u00e9riel, il est plus efficace qu&rsquo;il aille le chercher en se rendant sur le chantier plut\u00f4t que de faire des allers-retours chez le fournisseur apr\u00e8s son arriv\u00e9e (et l&rsquo;expert facture ce temps de trajet \u00e0 MrFix).\n<p>Si possible, r\u00e9fl\u00e9chissez \u00e0 l&rsquo;avance au type d&rsquo;expert dont vous avez besoin. Un \u00e9lectricien qualifi\u00e9 peut bien s\u00fbr installer votre lampe, mais si le c\u00e2blage est d\u00e9j\u00e0 en place, la plupart des bricoleurs polyvalents peuvent \u00e9galement s&rsquo;en charger\u00a0: leurs tarifs de r\u00e9paration \u00e0 domicile sont nettement inf\u00e9rieurs.<\/p>\n<p>Veuillez d\u00e9crire clairement sur le formulaire de demande\u00a0: a) le probl\u00e8me rencontr\u00e9 et b) les interventions de l&rsquo;expert (y compris ce que vous souhaitez faire vous-m\u00eame). Si possible, ajoutez une photo (ou un plan, ou un relev\u00e9 topographique) et, dans la section \u00ab\u00a0DESCRIPTION D\u00c9TAILL\u00c9E DES TRAVAUX\u00a0\u00bb, indiquez la marque, le mod\u00e8le, la couleur, le num\u00e9ro et les dimensions. Et saisissez correctement vos coordonn\u00e9es. Les rendez-vous \u00e9chouent souvent \u00e0 cause d&rsquo;erreurs courantes\u00a0: il arrive que le num\u00e9ro de la maison (ou de l&rsquo;\u00e9tage) soit manquant ou que le nom de la rue soit mal orthographi\u00e9.<\/p>\n<p>Choisissez si vous souhaitez un devis (prix fixe) ou une estimation (prix indicatif). Comme la diff\u00e9rence entre ces deux options n&rsquo;est pas claire pour la plupart des clients, ou qu&rsquo;ils ne s&rsquo;en soucient pas, le formulaire de demande ne comporte qu&rsquo;un seul bouton\u00a0: \u00ab\u00a0Demander un devis\u00a0\u00bb. La plupart des interventions co\u00fbtant moins de 500\u00a0\u20ac par jour, nous consid\u00e9rons qu&rsquo;une estimation suffit. Nous envoyons ensuite un e-mail expliquant qu&rsquo;un devis n\u00e9cessite g\u00e9n\u00e9ralement une visite \u00e0 l&rsquo;h\u00f4pital, ce qui engendre des frais et du temps\u00a0: certains clients pr\u00e9f\u00e8rent cette option car l&rsquo;expert peut \u00e9galement les conseiller. Voir \u00e9galement ci-dessus.<\/li>\n<\/ul>\n<li><strong>Pendant l&rsquo;intervention\u00a0:<\/strong> Exigez que l&rsquo;expert vous envoie une photo \u00ab\u00a0Avant\u00a0\u00bb par messagerie instantan\u00e9e au d\u00e9but de l&rsquo;intervention et une photo \u00ab\u00a0Apr\u00e8s\u00a0\u00bb une fois celle-ci termin\u00e9e. Cela permet de constater l&rsquo;\u00e9tat des lieux juste avant et juste apr\u00e8s l&rsquo;intervention, au cas o\u00f9 l&rsquo;expert n&rsquo;aurait pas r\u00e9alis\u00e9 le travail exactement comme vous l&rsquo;aviez demand\u00e9 ou aurait caus\u00e9 des dommages, par exemple.<\/li>\n<li><strong>Apr\u00e8s l&rsquo;intervention\u00a0:<\/strong> V\u00e9rifiez imm\u00e9diatement que tout est en ordre. MrFix met tout en \u0153uvre pour s\u00e9lectionner pour vous des experts qui r\u00e9alisent toujours un travail impeccable, mais malheureusement, ce sont des \u00eatres humains et ils ne r\u00e9pondent pas toujours aux attentes des clients (eux aussi humains). S&rsquo;\u00e9nerver ne sert \u00e0 rien, mais trouver une solution \u00e9quitable est la solution.\n<p>Si vous constatez que l&rsquo;expert n&rsquo;a pas effectu\u00e9 le travail exactement comme vous l&rsquo;aviez demand\u00e9, veuillez les r\u00e9p\u00e9ter bri\u00e8vement et r\u00e9sumer les points \u00e0 am\u00e9liorer, puis les partager via le chat. MrFix prend connaissance de ces informations et s&rsquo;assure que l&rsquo;expert y rem\u00e9die au plus vite. Il est utile d&rsquo;indiquer imm\u00e9diatement vos disponibilit\u00e9s. Il est inutile de dire que vous ne souhaitez plus jamais faire appel \u00e0 un expert, car chacun d&rsquo;eux offre une garantie minimale de 3 mois. Cela signifie g\u00e9n\u00e9ralement que la main-d&rsquo;\u0153uvre de la visite de suivi est gratuite (seuls les frais de mat\u00e9riel et de stationnement sont \u00e0 la charge de l&rsquo;expert).<\/p>\n<p>Il en va de m\u00eame si l&rsquo;expert endommage vos biens. Partagez une br\u00e8ve description factuelle des dommages, accompagn\u00e9e de quelques photos, via le chat, et indiquez comment et quand vous souhaitez que l&rsquo;expert y rem\u00e9die. L&rsquo;expert poss\u00e8de une assurance responsabilit\u00e9 civile et est souvent en mesure de r\u00e9parer lui-m\u00eame les d\u00e9g\u00e2ts\u00a0; il est donc d\u00e9conseill\u00e9 de faire appel \u00e0 un tiers trop rapidement.<\/p>\n","protected":false},"excerpt":{"rendered":"<p>Tarifs et paiement pour les r\u00e9parations \u00e0 domicile\u00a0: un excellent rapport qualit\u00e9-prix MrFix s&rsquo;engage \u00e0 vous offrir des prix justes. Nous vous expliquons ici comment nous pouvons vous aider \u00e0 obtenir un excellent rapport qualit\u00e9-prix. Consultez la Aide pour toute question sur d&rsquo;autres sujets. Tarifs raisonnables pour les r\u00e9parations \u00e0 domicile MrFix a n\u00e9goci\u00e9 des [&hellip;]<\/p>\n","protected":false},"author":2,"featured_media":0,"parent":0,"menu_order":0,"comment_status":"closed","ping_status":"closed","template":"pages\/help-mix-for-rate.php","meta":{"_acf_changed":false,"inline_featured_image":false,"footnotes":""},"class_list":["post-59596","page","type-page","status-publish","hentry"],"acf":[],"yoast_head":"<!-- This site is optimized with the Yoast SEO plugin v27.5 - https:\/\/yoast.com\/product\/yoast-seo-wordpress\/ -->\n<title>Tarifs MrFix - MrFix<\/title>\n<meta name=\"description\" content=\"Book your expert via our app: Clients.MrFix.nl. MrFix is transparent about and\" \/>\n<meta name=\"robots\" content=\"index, follow, max-snippet:-1, max-image-preview:large, max-video-preview:-1\" \/>\n<link rel=\"canonical\" href=\"https:\/\/mrfix.nl\/fr\/tarifs\/\" \/>\n<meta property=\"og:locale\" content=\"fr_FR\" \/>\n<meta property=\"og:type\" content=\"article\" \/>\n<meta property=\"og:title\" content=\"Tarifs MrFix - MrFix\" \/>\n<meta property=\"og:description\" content=\"Book your expert via our app: Clients.MrFix.nl. MrFix is transparent about and\" \/>\n<meta property=\"og:url\" content=\"https:\/\/mrfix.nl\/fr\/tarifs\/\" \/>\n<meta property=\"og:site_name\" content=\"MrFix\" \/>\n<meta property=\"article:publisher\" content=\"https:\/\/www.facebook.com\/MrFix.Nederland\" \/>\n<meta property=\"article:modified_time\" content=\"2026-04-11T18:30:42+00:00\" \/>\n<meta name=\"twitter:card\" content=\"summary_large_image\" \/>\n<meta name=\"twitter:site\" content=\"@MrFixNL\" \/>\n<meta name=\"twitter:label1\" content=\"Dur\u00e9e de lecture estim\u00e9e\" \/>\n\t<meta name=\"twitter:data1\" content=\"9 minutes\" \/>\n<script type=\"application\/ld+json\" class=\"yoast-schema-graph\">{\"@context\":\"https:\\\/\\\/schema.org\",\"@graph\":[{\"@type\":\"WebPage\",\"@id\":\"https:\\\/\\\/mrfix.nl\\\/fr\\\/tarifs\\\/\",\"url\":\"https:\\\/\\\/mrfix.nl\\\/fr\\\/tarifs\\\/\",\"name\":\"Tarifs MrFix - MrFix\",\"isPartOf\":{\"@id\":\"https:\\\/\\\/mrfix.nl\\\/fr\\\/#website\"},\"datePublished\":\"2023-07-06T09:09:58+00:00\",\"dateModified\":\"2026-04-11T18:30:42+00:00\",\"description\":\"Book your expert via our app: Clients.MrFix.nl. MrFix is transparent about and\",\"breadcrumb\":{\"@id\":\"https:\\\/\\\/mrfix.nl\\\/fr\\\/tarifs\\\/#breadcrumb\"},\"inLanguage\":\"fr-FR\",\"potentialAction\":[{\"@type\":\"ReadAction\",\"target\":[\"https:\\\/\\\/mrfix.nl\\\/fr\\\/tarifs\\\/\"]}]},{\"@type\":\"BreadcrumbList\",\"@id\":\"https:\\\/\\\/mrfix.nl\\\/fr\\\/tarifs\\\/#breadcrumb\",\"itemListElement\":[{\"@type\":\"ListItem\",\"position\":1,\"name\":\"Page d'accueil\",\"item\":\"https:\\\/\\\/mrfix.nl\\\/fr\\\/\"},{\"@type\":\"ListItem\",\"position\":2,\"name\":\"Tarifs MrFix\"}]},{\"@type\":\"WebSite\",\"@id\":\"https:\\\/\\\/mrfix.nl\\\/fr\\\/#website\",\"url\":\"https:\\\/\\\/mrfix.nl\\\/fr\\\/\",\"name\":\"MrFix building repair service\",\"description\":\"Hand-picked experts\",\"publisher\":{\"@id\":\"https:\\\/\\\/mrfix.nl\\\/fr\\\/#organization\"},\"alternateName\":\"MrFix\",\"potentialAction\":[{\"@type\":\"SearchAction\",\"target\":{\"@type\":\"EntryPoint\",\"urlTemplate\":\"https:\\\/\\\/mrfix.nl\\\/fr\\\/?s={search_term_string}\"},\"query-input\":{\"@type\":\"PropertyValueSpecification\",\"valueRequired\":true,\"valueName\":\"search_term_string\"}}],\"inLanguage\":\"fr-FR\"},{\"@type\":\"Organization\",\"@id\":\"https:\\\/\\\/mrfix.nl\\\/fr\\\/#organization\",\"name\":\"Klusbedrijf MrFix.nl BV\",\"alternateName\":\"MrFix\",\"url\":\"https:\\\/\\\/mrfix.nl\\\/fr\\\/\",\"logo\":{\"@type\":\"ImageObject\",\"inLanguage\":\"fr-FR\",\"@id\":\"https:\\\/\\\/mrfix.nl\\\/fr\\\/#\\\/schema\\\/logo\\\/image\\\/\",\"url\":\"https:\\\/\\\/mrfix.nl\\\/wp-content\\\/uploads\\\/2026\\\/04\\\/MrFix-master_SQ_WhiteOnBlack_EN.jpg\",\"contentUrl\":\"https:\\\/\\\/mrfix.nl\\\/wp-content\\\/uploads\\\/2026\\\/04\\\/MrFix-master_SQ_WhiteOnBlack_EN.jpg\",\"width\":800,\"height\":800,\"caption\":\"Klusbedrijf MrFix.nl BV\"},\"image\":{\"@id\":\"https:\\\/\\\/mrfix.nl\\\/fr\\\/#\\\/schema\\\/logo\\\/image\\\/\"},\"sameAs\":[\"https:\\\/\\\/www.facebook.com\\\/MrFix.Nederland\",\"https:\\\/\\\/x.com\\\/MrFixNL\",\"https:\\\/\\\/www.linkedin.com\\\/company\\\/10360262\\\/\",\"https:\\\/\\\/www.instagram.com\\\/mrfix.nl\\\/\"]}]}<\/script>\n<!-- \/ Yoast SEO plugin. -->","yoast_head_json":{"title":"Tarifs MrFix - MrFix","description":"Book your expert via our app: Clients.MrFix.nl. MrFix is transparent about and","robots":{"index":"index","follow":"follow","max-snippet":"max-snippet:-1","max-image-preview":"max-image-preview:large","max-video-preview":"max-video-preview:-1"},"canonical":"https:\/\/mrfix.nl\/fr\/tarifs\/","og_locale":"fr_FR","og_type":"article","og_title":"Tarifs MrFix - MrFix","og_description":"Book your expert via our app: Clients.MrFix.nl. MrFix is transparent about and","og_url":"https:\/\/mrfix.nl\/fr\/tarifs\/","og_site_name":"MrFix","article_publisher":"https:\/\/www.facebook.com\/MrFix.Nederland","article_modified_time":"2026-04-11T18:30:42+00:00","twitter_card":"summary_large_image","twitter_site":"@MrFixNL","twitter_misc":{"Dur\u00e9e de lecture estim\u00e9e":"9 minutes"},"schema":{"@context":"https:\/\/schema.org","@graph":[{"@type":"WebPage","@id":"https:\/\/mrfix.nl\/fr\/tarifs\/","url":"https:\/\/mrfix.nl\/fr\/tarifs\/","name":"Tarifs MrFix - MrFix","isPartOf":{"@id":"https:\/\/mrfix.nl\/fr\/#website"},"datePublished":"2023-07-06T09:09:58+00:00","dateModified":"2026-04-11T18:30:42+00:00","description":"Book your expert via our app: Clients.MrFix.nl. MrFix is transparent about and","breadcrumb":{"@id":"https:\/\/mrfix.nl\/fr\/tarifs\/#breadcrumb"},"inLanguage":"fr-FR","potentialAction":[{"@type":"ReadAction","target":["https:\/\/mrfix.nl\/fr\/tarifs\/"]}]},{"@type":"BreadcrumbList","@id":"https:\/\/mrfix.nl\/fr\/tarifs\/#breadcrumb","itemListElement":[{"@type":"ListItem","position":1,"name":"Page d'accueil","item":"https:\/\/mrfix.nl\/fr\/"},{"@type":"ListItem","position":2,"name":"Tarifs MrFix"}]},{"@type":"WebSite","@id":"https:\/\/mrfix.nl\/fr\/#website","url":"https:\/\/mrfix.nl\/fr\/","name":"MrFix building repair service","description":"Hand-picked experts","publisher":{"@id":"https:\/\/mrfix.nl\/fr\/#organization"},"alternateName":"MrFix","potentialAction":[{"@type":"SearchAction","target":{"@type":"EntryPoint","urlTemplate":"https:\/\/mrfix.nl\/fr\/?s={search_term_string}"},"query-input":{"@type":"PropertyValueSpecification","valueRequired":true,"valueName":"search_term_string"}}],"inLanguage":"fr-FR"},{"@type":"Organization","@id":"https:\/\/mrfix.nl\/fr\/#organization","name":"Klusbedrijf MrFix.nl BV","alternateName":"MrFix","url":"https:\/\/mrfix.nl\/fr\/","logo":{"@type":"ImageObject","inLanguage":"fr-FR","@id":"https:\/\/mrfix.nl\/fr\/#\/schema\/logo\/image\/","url":"https:\/\/mrfix.nl\/wp-content\/uploads\/2026\/04\/MrFix-master_SQ_WhiteOnBlack_EN.jpg","contentUrl":"https:\/\/mrfix.nl\/wp-content\/uploads\/2026\/04\/MrFix-master_SQ_WhiteOnBlack_EN.jpg","width":800,"height":800,"caption":"Klusbedrijf MrFix.nl BV"},"image":{"@id":"https:\/\/mrfix.nl\/fr\/#\/schema\/logo\/image\/"},"sameAs":["https:\/\/www.facebook.com\/MrFix.Nederland","https:\/\/x.com\/MrFixNL","https:\/\/www.linkedin.com\/company\/10360262\/","https:\/\/www.instagram.com\/mrfix.nl\/"]}]}},"_links":{"self":[{"href":"https:\/\/mrfix.nl\/fr\/wp-json\/wp\/v2\/pages\/59596","targetHints":{"allow":["GET"]}}],"collection":[{"href":"https:\/\/mrfix.nl\/fr\/wp-json\/wp\/v2\/pages"}],"about":[{"href":"https:\/\/mrfix.nl\/fr\/wp-json\/wp\/v2\/types\/page"}],"author":[{"embeddable":true,"href":"https:\/\/mrfix.nl\/fr\/wp-json\/wp\/v2\/users\/2"}],"replies":[{"embeddable":true,"href":"https:\/\/mrfix.nl\/fr\/wp-json\/wp\/v2\/comments?post=59596"}],"version-history":[{"count":4,"href":"https:\/\/mrfix.nl\/fr\/wp-json\/wp\/v2\/pages\/59596\/revisions"}],"predecessor-version":[{"id":59600,"href":"https:\/\/mrfix.nl\/fr\/wp-json\/wp\/v2\/pages\/59596\/revisions\/59600"}],"wp:attachment":[{"href":"https:\/\/mrfix.nl\/fr\/wp-json\/wp\/v2\/media?parent=59596"}],"curies":[{"name":"wp","href":"https:\/\/api.w.org\/{rel}","templated":true}]}}