{"id":59458,"date":"2024-03-19T15:41:31","date_gmt":"2024-03-19T15:41:31","guid":{"rendered":"https:\/\/mrfix.nl\/?page_id=59458"},"modified":"2026-04-04T15:06:10","modified_gmt":"2026-04-04T15:06:10","slug":"partenaires","status":"publish","type":"page","link":"https:\/\/mrfix.nl\/fr\/partenaires\/","title":{"rendered":"Les partenaires de la famille MrFix"},"content":{"rendered":"<p>MrFix travaille depuis des ann\u00e9es avec des experts, des fournisseurs de produits et services de haute qualit\u00e9 ainsi que des gestionnaires d&rsquo;appartements de luxe qui souhaitent offrir \u00e0 leurs locataires la s\u00e9curit\u00e9 et la commodit\u00e9 d&rsquo;un service de bricoleur rapide et fiable.<br \/>\n&nbsp;<\/p>\n<h2>Des professionnels fiables<\/h2>\n<p>&nbsp;<br \/>\nDepuis 2010, MrFix a construit une solide famille de professionnels tr\u00e8s diversifi\u00e9s :<\/p>\n<ul>\n<li>des <a href=\"https:\/\/mrfix.nl\/fr\/peintre\/\">peintres<\/a> aux techniciens en chauffage central<\/li>\n<li>du <a href=\"https:\/\/mrfix.nl\/fr\/bricoleur\/\">bricoleur polyvalent<\/a> Rishie \u00e0 La Haye au <a href=\"https:\/\/mrfix.nl\/fr\/plombier\/\">plombier<\/a> Ton \u00e0 Overijssel et du <a href=\"https:\/\/mrfix.nl\/fr\/nettoyeur-professionnel\/\">nettoyeur professionnel<\/a> Abdellah \u00e0 Zaandijk au <a href=\"https:\/\/mrfix.nl\/fr\/bricoleur\/\">bricoleur polyvalent<\/a> Rudi \u00e0 Eindhoven.\n<li>De couvreur Eugen de Roumanie \u00e0 <a href=\"https:\/\/mrfix.nl\/fr\/bricoleur\/\">bricoleur polyvalent<\/a> Saar d&rsquo;Isra\u00ebl et <a href=\"https:\/\/mrfix.nl\/fr\/electricien\/\">\u00e9lectricien<\/a> Abdel des Pays-Bas<\/li>\n<li>Des muscles de la jeune \u00e9quipe de d\u00e9m\u00e9nageur Aivars aux cellules grises du <a href=\"https:\/\/mrfix.nl\/fr\/informaticien\/\">sp\u00e9cialiste des r\u00e9seaux<\/a> exp\u00e9riment\u00e9 Bart<\/li>\n<\/ul>\n<p>&nbsp;<br \/>\nLa diversit\u00e9 de nos professionnels rend la gamme de services particuli\u00e8rement large : nos professionnels accomplissent vraiment bien tous les travaux de la maison (et du bureau, du magasin et du restaurant) et du jardin. Installation et d\u00e9montage, entretien pr\u00e9ventif et r\u00e9paration, embellissement et contr\u00f4le&#8230; nous avons vraiment un professionnel pour tout travail de soin de b\u00e2timent.<br \/>\n&nbsp;<br \/>\nCette diversit\u00e9 est <a href=\"\/fr\/sur-mrfix\/\">une caract\u00e9ristique importante de MrFix<\/a> et augmente \u00e9galement la qualit\u00e9 moyenne des emplois. Nous sommes heureux d&rsquo;aider le Client \u00e0 trouver un <a href=\"https:\/\/mrfix.nl\/fr\/bricoleur\/\">touche-\u00e0-tout<\/a> capable d&rsquo;effectuer divers travaux relativement simples en une seule visite. Mais si t&rsquo;as besoin d&rsquo;un v\u00e9ritable sp\u00e9cialiste de l&rsquo;\u00e9tanch\u00e9it\u00e9 \u00e0 l&rsquo;humidit\u00e9, par exemple, tu peux m\u00eame choisir parmi des sp\u00e9cialistes qui s&rsquo;attaquent aux remont\u00e9es d&rsquo;humidit\u00e9 (comme Jaap) ou ceux qui s&rsquo;attaquent aux pr\u00e9cipitations (comme Andr\u00e9). Ils donnent de bien meilleurs r\u00e9sultats en moins de temps qu&rsquo;un professionnel qui fait quelque chose \u00ab \u00e0 c\u00f4t\u00e9 \u00bb et doit trouver comment le faire \u00e0 chaque \u00e9tape du processus&#8230;<br \/>\n&nbsp;<br \/>\nEs-tu un professionnel qualifi\u00e9 \u00e0 la recherche de chantiers ? Tiens-tu tes rendez-vous et satisfies-tu tes clients ? Alors nous avons des emplois pour toi. <a href=\"\/fr\/viens-fixer\/\">Ici<\/a>tu peux d\u00e9couvrir notre m\u00e9thode de travail et t&rsquo;inscrire. Attention : nous ne travaillons <em>pas<\/em> avec des professionnels qui pr\u00e9tendent pouvoir tout faire, car personne ne peut tout faire bien. Notre approche est simple : pr\u00e9pare-toi minutieusement, fais le travail correctement du premier coup et assure-toi que le client est enti\u00e8rement satisfait !<\/p>\n","protected":false},"excerpt":{"rendered":"<p>MrFix travaille depuis des ann\u00e9es avec des experts, des fournisseurs de produits et services de haute qualit\u00e9 ainsi que des gestionnaires d&rsquo;appartements de luxe qui souhaitent offrir \u00e0 leurs locataires la s\u00e9curit\u00e9 et la commodit\u00e9 d&rsquo;un service de bricoleur rapide et fiable. &nbsp; Des professionnels fiables &nbsp; Depuis 2010, MrFix a construit une solide famille [&hellip;]<\/p>\n","protected":false},"author":4,"featured_media":0,"parent":0,"menu_order":0,"comment_status":"closed","ping_status":"closed","template":"pages\/partners-page.php","meta":{"_acf_changed":false,"inline_featured_image":false,"footnotes":""},"class_list":["post-59458","page","type-page","status-publish","hentry"],"acf":[],"yoast_head":"<!-- This site is optimized with the Yoast SEO plugin v27.5 - https:\/\/yoast.com\/product\/yoast-seo-wordpress\/ -->\n<title>Les partenaires de la famille MrFix - MrFix<\/title>\n<meta name=\"description\" content=\"Book your expert via our app: Clients.MrFix.nl. MrFix is transparent about and\" \/>\n<meta name=\"robots\" content=\"index, follow, max-snippet:-1, max-image-preview:large, max-video-preview:-1\" \/>\n<link rel=\"canonical\" href=\"https:\/\/mrfix.nl\/fr\/partenaires\/\" \/>\n<meta property=\"og:locale\" content=\"fr_FR\" \/>\n<meta property=\"og:type\" content=\"article\" \/>\n<meta property=\"og:title\" content=\"Les partenaires de la famille MrFix - MrFix\" \/>\n<meta property=\"og:description\" content=\"Book your expert via our app: Clients.MrFix.nl. MrFix is transparent about and\" \/>\n<meta property=\"og:url\" content=\"https:\/\/mrfix.nl\/fr\/partenaires\/\" \/>\n<meta property=\"og:site_name\" content=\"MrFix\" \/>\n<meta property=\"article:publisher\" content=\"https:\/\/www.facebook.com\/MrFix.Nederland\" \/>\n<meta property=\"article:modified_time\" content=\"2026-04-04T15:06:10+00:00\" \/>\n<meta name=\"twitter:card\" content=\"summary_large_image\" \/>\n<meta name=\"twitter:site\" content=\"@MrFixNL\" \/>\n<meta name=\"twitter:label1\" content=\"Dur\u00e9e de lecture estim\u00e9e\" \/>\n\t<meta name=\"twitter:data1\" content=\"2 minutes\" \/>\n<script type=\"application\/ld+json\" class=\"yoast-schema-graph\">{\"@context\":\"https:\\\/\\\/schema.org\",\"@graph\":[{\"@type\":\"WebPage\",\"@id\":\"https:\\\/\\\/mrfix.nl\\\/fr\\\/partenaires\\\/\",\"url\":\"https:\\\/\\\/mrfix.nl\\\/fr\\\/partenaires\\\/\",\"name\":\"Les partenaires de la famille MrFix - MrFix\",\"isPartOf\":{\"@id\":\"https:\\\/\\\/mrfix.nl\\\/fr\\\/#website\"},\"datePublished\":\"2024-03-19T15:41:31+00:00\",\"dateModified\":\"2026-04-04T15:06:10+00:00\",\"description\":\"Book your expert via our app: Clients.MrFix.nl. MrFix is transparent about and\",\"breadcrumb\":{\"@id\":\"https:\\\/\\\/mrfix.nl\\\/fr\\\/partenaires\\\/#breadcrumb\"},\"inLanguage\":\"fr-FR\",\"potentialAction\":[{\"@type\":\"ReadAction\",\"target\":[\"https:\\\/\\\/mrfix.nl\\\/fr\\\/partenaires\\\/\"]}]},{\"@type\":\"BreadcrumbList\",\"@id\":\"https:\\\/\\\/mrfix.nl\\\/fr\\\/partenaires\\\/#breadcrumb\",\"itemListElement\":[{\"@type\":\"ListItem\",\"position\":1,\"name\":\"Page d'accueil\",\"item\":\"https:\\\/\\\/mrfix.nl\\\/fr\\\/\"},{\"@type\":\"ListItem\",\"position\":2,\"name\":\"Les partenaires de la famille MrFix\"}]},{\"@type\":\"WebSite\",\"@id\":\"https:\\\/\\\/mrfix.nl\\\/fr\\\/#website\",\"url\":\"https:\\\/\\\/mrfix.nl\\\/fr\\\/\",\"name\":\"MrFix building repair service\",\"description\":\"Hand-picked experts\",\"publisher\":{\"@id\":\"https:\\\/\\\/mrfix.nl\\\/fr\\\/#organization\"},\"alternateName\":\"MrFix\",\"potentialAction\":[{\"@type\":\"SearchAction\",\"target\":{\"@type\":\"EntryPoint\",\"urlTemplate\":\"https:\\\/\\\/mrfix.nl\\\/fr\\\/?s={search_term_string}\"},\"query-input\":{\"@type\":\"PropertyValueSpecification\",\"valueRequired\":true,\"valueName\":\"search_term_string\"}}],\"inLanguage\":\"fr-FR\"},{\"@type\":\"Organization\",\"@id\":\"https:\\\/\\\/mrfix.nl\\\/fr\\\/#organization\",\"name\":\"Klusbedrijf MrFix.nl BV\",\"alternateName\":\"MrFix\",\"url\":\"https:\\\/\\\/mrfix.nl\\\/fr\\\/\",\"logo\":{\"@type\":\"ImageObject\",\"inLanguage\":\"fr-FR\",\"@id\":\"https:\\\/\\\/mrfix.nl\\\/fr\\\/#\\\/schema\\\/logo\\\/image\\\/\",\"url\":\"https:\\\/\\\/mrfix.nl\\\/wp-content\\\/uploads\\\/2026\\\/04\\\/MrFix-master_SQ_WhiteOnBlack_EN.jpg\",\"contentUrl\":\"https:\\\/\\\/mrfix.nl\\\/wp-content\\\/uploads\\\/2026\\\/04\\\/MrFix-master_SQ_WhiteOnBlack_EN.jpg\",\"width\":800,\"height\":800,\"caption\":\"Klusbedrijf MrFix.nl BV\"},\"image\":{\"@id\":\"https:\\\/\\\/mrfix.nl\\\/fr\\\/#\\\/schema\\\/logo\\\/image\\\/\"},\"sameAs\":[\"https:\\\/\\\/www.facebook.com\\\/MrFix.Nederland\",\"https:\\\/\\\/x.com\\\/MrFixNL\",\"https:\\\/\\\/www.linkedin.com\\\/company\\\/10360262\\\/\",\"https:\\\/\\\/www.instagram.com\\\/mrfix.nl\\\/\"]}]}<\/script>\n<!-- \/ Yoast SEO plugin. -->","yoast_head_json":{"title":"Les partenaires de la famille MrFix - MrFix","description":"Book your expert via our app: Clients.MrFix.nl. MrFix is transparent about and","robots":{"index":"index","follow":"follow","max-snippet":"max-snippet:-1","max-image-preview":"max-image-preview:large","max-video-preview":"max-video-preview:-1"},"canonical":"https:\/\/mrfix.nl\/fr\/partenaires\/","og_locale":"fr_FR","og_type":"article","og_title":"Les partenaires de la famille MrFix - MrFix","og_description":"Book your expert via our app: Clients.MrFix.nl. MrFix is transparent about and","og_url":"https:\/\/mrfix.nl\/fr\/partenaires\/","og_site_name":"MrFix","article_publisher":"https:\/\/www.facebook.com\/MrFix.Nederland","article_modified_time":"2026-04-04T15:06:10+00:00","twitter_card":"summary_large_image","twitter_site":"@MrFixNL","twitter_misc":{"Dur\u00e9e de lecture estim\u00e9e":"2 minutes"},"schema":{"@context":"https:\/\/schema.org","@graph":[{"@type":"WebPage","@id":"https:\/\/mrfix.nl\/fr\/partenaires\/","url":"https:\/\/mrfix.nl\/fr\/partenaires\/","name":"Les partenaires de la famille MrFix - MrFix","isPartOf":{"@id":"https:\/\/mrfix.nl\/fr\/#website"},"datePublished":"2024-03-19T15:41:31+00:00","dateModified":"2026-04-04T15:06:10+00:00","description":"Book your expert via our app: Clients.MrFix.nl. MrFix is transparent about and","breadcrumb":{"@id":"https:\/\/mrfix.nl\/fr\/partenaires\/#breadcrumb"},"inLanguage":"fr-FR","potentialAction":[{"@type":"ReadAction","target":["https:\/\/mrfix.nl\/fr\/partenaires\/"]}]},{"@type":"BreadcrumbList","@id":"https:\/\/mrfix.nl\/fr\/partenaires\/#breadcrumb","itemListElement":[{"@type":"ListItem","position":1,"name":"Page d'accueil","item":"https:\/\/mrfix.nl\/fr\/"},{"@type":"ListItem","position":2,"name":"Les partenaires de la famille MrFix"}]},{"@type":"WebSite","@id":"https:\/\/mrfix.nl\/fr\/#website","url":"https:\/\/mrfix.nl\/fr\/","name":"MrFix building repair service","description":"Hand-picked experts","publisher":{"@id":"https:\/\/mrfix.nl\/fr\/#organization"},"alternateName":"MrFix","potentialAction":[{"@type":"SearchAction","target":{"@type":"EntryPoint","urlTemplate":"https:\/\/mrfix.nl\/fr\/?s={search_term_string}"},"query-input":{"@type":"PropertyValueSpecification","valueRequired":true,"valueName":"search_term_string"}}],"inLanguage":"fr-FR"},{"@type":"Organization","@id":"https:\/\/mrfix.nl\/fr\/#organization","name":"Klusbedrijf MrFix.nl BV","alternateName":"MrFix","url":"https:\/\/mrfix.nl\/fr\/","logo":{"@type":"ImageObject","inLanguage":"fr-FR","@id":"https:\/\/mrfix.nl\/fr\/#\/schema\/logo\/image\/","url":"https:\/\/mrfix.nl\/wp-content\/uploads\/2026\/04\/MrFix-master_SQ_WhiteOnBlack_EN.jpg","contentUrl":"https:\/\/mrfix.nl\/wp-content\/uploads\/2026\/04\/MrFix-master_SQ_WhiteOnBlack_EN.jpg","width":800,"height":800,"caption":"Klusbedrijf MrFix.nl BV"},"image":{"@id":"https:\/\/mrfix.nl\/fr\/#\/schema\/logo\/image\/"},"sameAs":["https:\/\/www.facebook.com\/MrFix.Nederland","https:\/\/x.com\/MrFixNL","https:\/\/www.linkedin.com\/company\/10360262\/","https:\/\/www.instagram.com\/mrfix.nl\/"]}]}},"_links":{"self":[{"href":"https:\/\/mrfix.nl\/fr\/wp-json\/wp\/v2\/pages\/59458","targetHints":{"allow":["GET"]}}],"collection":[{"href":"https:\/\/mrfix.nl\/fr\/wp-json\/wp\/v2\/pages"}],"about":[{"href":"https:\/\/mrfix.nl\/fr\/wp-json\/wp\/v2\/types\/page"}],"author":[{"embeddable":true,"href":"https:\/\/mrfix.nl\/fr\/wp-json\/wp\/v2\/users\/4"}],"replies":[{"embeddable":true,"href":"https:\/\/mrfix.nl\/fr\/wp-json\/wp\/v2\/comments?post=59458"}],"version-history":[{"count":1,"href":"https:\/\/mrfix.nl\/fr\/wp-json\/wp\/v2\/pages\/59458\/revisions"}],"predecessor-version":[{"id":59459,"href":"https:\/\/mrfix.nl\/fr\/wp-json\/wp\/v2\/pages\/59458\/revisions\/59459"}],"wp:attachment":[{"href":"https:\/\/mrfix.nl\/fr\/wp-json\/wp\/v2\/media?parent=59458"}],"curies":[{"name":"wp","href":"https:\/\/api.w.org\/{rel}","templated":true}]}}