{"id":59419,"date":"2023-06-30T11:17:44","date_gmt":"2023-06-30T11:17:44","guid":{"rendered":"https:\/\/mrfix.centum-test.site\/?page_id=59419"},"modified":"2026-04-11T15:53:08","modified_gmt":"2026-04-11T15:53:08","slug":"entreprises-clientes","status":"publish","type":"page","link":"https:\/\/mrfix.nl\/fr\/entreprises-clientes\/","title":{"rendered":"Entreprises Clientes"},"content":{"rendered":"<h2>Assistance accessoire ou continue<\/h2>\n<h3>Prestations accessoires<\/h3>\n<p>&nbsp;<br \/>\nSouvent, les entreprises Clientes utilisent MrFix en premier lorsque leur \u00e9quipe de maintenance interne ne suffit pas :<\/p>\n<ul>\n<li>Le chantier n\u00e9cessite des comp\u00e9tences sp\u00e9cialis\u00e9es qui manquent \u00e0 ton \u00e9quipe<\/li>\n<li>Les membres de ton \u00e9quipe sont occup\u00e9s sur d&rsquo;autres t\u00e2ches<\/li>\n<li>Le membre requis de l&rsquo;\u00e9quipe est malade<\/li>\n<li>Le membre de l&rsquo;\u00e9quipe est en vacances (en Hollande, \u00e7a arrive souvent pendant les vacances de No\u00ebl et de P\u00e2ques et surtout pendant ce qu&rsquo;on appelle \u00ab\u00a0<a href=\"https:\/\/nl.wikipedia.org\/wiki\/Bouwvakvakantie\" rel=\"noopener\" target=\"_blank\">Bouwvak<\/a>&lsquo;, les traditionnelles 3 semaines de vacances des constructeurs au milieu de l&rsquo;\u00e9t\u00e9<\/li>\n<\/ul>\n<p>&nbsp;<\/p>\n<h3>Support continu<\/h3>\n<p>&nbsp;<br \/>\nCependant, tu pr\u00e9f\u00e9reras peut-\u00eatre faire appel \u00e0 nos experts de mani\u00e8re plus permanente. Par exemple, un de nos experts effectue chaque lundi des r\u00e9parations r\u00e9guli\u00e8res dans les chambres d\u2019un h\u00f4tel d\u2019Amsterdam. Et le g\u00e9rant d&rsquo;un immeuble de luxe a utilis\u00e9 MrFix pour trouver un touche-\u00e0-tout qui travaille depuis la conciergerie deux jours par semaine et effectue toutes les petites r\u00e9parations dans plus de 60 appartements. Si tu veux discuter des options, appele le +31 20 6750333 et demande Michiel.<br \/>\n&nbsp;<br \/>\nMrFix est heureux de t&rsquo;aider soit de mani\u00e8re occasionnelle soit \u00e0 plus long terme : il te suffit de <a href=\"\/en\/\">demander ton chantier ici<\/a> ou d&rsquo;appeler MrFix au +31 20 6750333 (lun-ven 9:00-13:00h et 14:00-19:00h, sam-dim 13:00-17:00h). Notre <a href=\"https:\/\/mrfix.centum-test.site\/fr\/aide\/\">page Aide<\/a> comprend une section destin\u00e9e aux entreprises Clientes.<\/p>\n<h2>Entreprises Clientes<\/h2>\n<p>MrFix a n\u00e9goci\u00e9 des tarifs \u00e9quitables avec les experts. Nous expliquons ici comment nous pouvons t&rsquo;aider \u00e0 obtenir un bon rapport qualit\u00e9-prix. Note que les entreprises Clientes peuvent normalement compenser la taxe sur la valeur ajout\u00e9e (TVA) sur les factures de MrFix par la TVA qu&rsquo;elles facturent sur leurs propres factures. Elles ne paient donc effectivement pas de TVA, ce qui vaut pour les soci\u00e9t\u00e9s n\u00e9erlandaises, mais pas pour les VvE (Verenigingen van Eigenaren = associations de propri\u00e9taires d&rsquo;appartements), qui ne peuvent pas compenser la TVA.<br \/>\n&nbsp;<\/p>\n<h2>Nos tarifs horaires pour les travaux de maintenance et de r\u00e9paration :<\/h2>\n<ul>\n<li>Pertiennent aux inspections pour les chantiers de devis et \u00e0 l&rsquo;ex\u00e9cution de petits travaux ne n\u00e9cessitant pas de devis<\/li>\n<li>Varient de 41,28 \u20ac \u00e0 95,04 \u20ac HT TVA (45 \u20ac \u00e0 115 \u20ac TVA incluse) par heure en fonction de la complexit\u00e9 et de la raret\u00e9 de comp\u00e9tences :\n<ul>\n<li><a href=\"\/fr\/nettoyeur-professsionel\/\">Nettoyeur professionnel<\/a> 41,28 \u20ac HT TVA (45 \u20ac TTC)<\/li>\n<li><a href=\"https:\/\/mrfix.centum-test.site\/fr\/bricoleur\/\">Bricoleur polyvalent<\/a> (y compris entrepreneur en b\u00e2timent) 45,45 \u20ac ou <a href=\"https:\/\/mrfix.centum-test.site\/fr\/peintre\/\">Peintre<\/a> 50,46 \u20ac (tous deux 55 \u20ac TVA incluse)<\/li >\n<li><a href=\"https:\/\/mrfix.centum-test.site\/fr\/jardinier\/\">Jardinier<\/a> 45,45 \u20ac (55 \u20ac TVA incluse)<\/li >\n<li>Carreleur ou Ma\u00e7on 53,72 \u20ac (65 TTC . TVA)<\/li>\n<li>Pl\u00e2trier ou Croque-papier<\/a> 64,22 \u20ac (70 \u20ac TVA incluse)<\/li>\n<li>Menuisier 57,85 \u20ac (70 \u20ac TVA incluse)<\/li >\n<li><a href=\"https:\/\/mrfix.centum-test.site\/fr\/serrurier\/\">Serrurier<\/a> ou Vitrier 61,98 \u20ac ( \u20ac TVA incluse)<\/li>\n<li><a href=\"https:\/\/mrfix.centum-test.site\/fr\/electricien\/\">\u00c9lectricien<\/a> ou <a href=\"https:\/\/mrfix.centum-test.site\/fr\/informaticien\/\">Expert en informatique<\/a> 70,25 \u20ac ([ acf field=\u00a0\u00bbERATE\u00a0\u00bb post_id=\u00a0\u00bboptions\u00a0\u00bb] \u20ac TVA incluse)<\/li>\n<li><a href=\"https:\/\/mrfix.centum-test.site\/fr\/plombier\/\">Plombier<\/a> 78,51 \u20ac (95 \u20ac TTC). \u00c0 noter : un Installateur en chauffage central, Couvreur ou Sp\u00e9cialiste anti-humidit\u00e9 sont 86,78 \u20ac \/ (105 \u20ac TVA incluse )<\/li>\n<li> <a href=\"https:\/\/mrfix.centum-test.site\/fr\/depanneur-electromenager\/\">D\u00e9panneur \u00e9lectrom\u00e9nager<\/a>, Sp\u00e9cialiste de la climatisation ou Tapissier de meubles 95,04 \u20ac (115 \u20ac TTC)<\/li>\n<\/ul>\n<\/li>\n<li>Sont \u00e9quitables \u00e0 deux \u00e9gards :\n<ul>\n<li>Ils permettent \u00e0 l&rsquo;expert de gagner sa vie \u00e9quitablement. Tu trouveras peut-\u00eatre des tarifs de r\u00e9paration \u00e0 domicile plus bas ailleurs, mais ils provoquent des comportements que nos Clients n&rsquo;acceptent pas : facturer plus d&rsquo;heures que celles travaill\u00e9es, pr\u00e9lever des suppl\u00e9ments pour les frais de d\u00e9placement, etc., ou rogner sur la qualit\u00e9.<\/li>\n<li>Ils sont aussi clairs (voir ci-dessous) et \u00ab tout compris \u00bb que possible : ils incluent la TVA et les frais d&rsquo;intervention. Seuls les \u00e9ventuels frais de mat\u00e9riel et de stationnement sont en sus : nous pouvons souvent \u00e9viter ces derniers en faisant utiliser \u00e0 l&rsquo;expert la place de parking du Client ou en venant \u00e0 v\u00e9lo (comme le font plusieurs de nos experts \u00e0 Amsterdam). Le minimum est de 1 heure par homme et au-del\u00e0 on arrondit \u00e0 la demi-heure la plus proche<\/li>\n<li>Il y a un suppl\u00e9ment de 50 % pour les travaux qui <em>doivent<\/em> commencer le soir (\u00e0 partir de 18h), le week-end, les jours f\u00e9ri\u00e9s ou en urgence (dans les 24 heures). Ces suppl\u00e9ments ne se cumulent <em>pas<\/em> (il n&rsquo;y a donc jamais de suppl\u00e9ment de 100 % ou de 150 %) et si le travail peut \u00e9galement \u00eatre effectu\u00e9 un jour de semaine pendant la journ\u00e9e, il n&rsquo;y a <strong>pas de suppl\u00e9ment<\/strong > si l&rsquo;expert choisit de le faire le soir ou le week-end<\/li>\n<li>Il n&rsquo;y a donc <strong>aucun autre suppl\u00e9ment<\/strong> comme les services concurrents imposent pour le \u00ab\u00a0service\u00a0\u00bb, les co\u00fbts d&rsquo;intervention, les risques ou les b\u00e9n\u00e9fices<\/li>\n<\/ul>\n<\/li>\n<\/ul>\n<p>Consulte la <a href=\"https:\/\/mrfix.centum-test.site\/en\/rates\/\">la page Tarifs <\/a>pour toute question sur les tarifs et les prix.<\/p>\n","protected":false},"excerpt":{"rendered":"<p>Assistance accessoire ou continue Prestations accessoires &nbsp; Souvent, les entreprises Clientes utilisent MrFix en premier lorsque leur \u00e9quipe de maintenance interne ne suffit pas : Le chantier n\u00e9cessite des comp\u00e9tences sp\u00e9cialis\u00e9es qui manquent \u00e0 ton \u00e9quipe Les membres de ton \u00e9quipe sont occup\u00e9s sur d&rsquo;autres t\u00e2ches Le membre requis de l&rsquo;\u00e9quipe est malade Le membre [&hellip;]<\/p>\n","protected":false},"author":2,"featured_media":990,"parent":0,"menu_order":0,"comment_status":"closed","ping_status":"closed","template":"pages\/corporate-customers.php","meta":{"_acf_changed":false,"inline_featured_image":false,"footnotes":""},"class_list":["post-59419","page","type-page","status-publish","has-post-thumbnail","hentry"],"acf":[],"yoast_head":"<!-- This site is optimized with the Yoast SEO plugin v27.5 - https:\/\/yoast.com\/product\/yoast-seo-wordpress\/ -->\n<title>Entreprises Clientes - MrFix<\/title>\n<meta name=\"description\" content=\"Book your expert via our app: Clients.MrFix.nl. MrFix is transparent about and\" \/>\n<meta name=\"robots\" content=\"index, follow, max-snippet:-1, max-image-preview:large, max-video-preview:-1\" \/>\n<link rel=\"canonical\" href=\"https:\/\/mrfix.nl\/fr\/entreprises-clientes\/\" \/>\n<meta property=\"og:locale\" content=\"fr_FR\" \/>\n<meta property=\"og:type\" content=\"article\" \/>\n<meta property=\"og:title\" content=\"Entreprises Clientes - MrFix\" \/>\n<meta property=\"og:description\" content=\"Book your expert via our app: Clients.MrFix.nl. MrFix is transparent about and\" \/>\n<meta property=\"og:url\" content=\"https:\/\/mrfix.nl\/fr\/entreprises-clientes\/\" \/>\n<meta property=\"og:site_name\" content=\"MrFix\" \/>\n<meta property=\"article:publisher\" content=\"https:\/\/www.facebook.com\/MrFix.Nederland\" \/>\n<meta property=\"article:modified_time\" content=\"2026-04-11T15:53:08+00:00\" \/>\n<meta property=\"og:image\" content=\"https:\/\/mrfix.nl\/wp-content\/uploads\/2023\/06\/corporate-top.png\" \/>\n\t<meta property=\"og:image:width\" content=\"1008\" \/>\n\t<meta property=\"og:image:height\" content=\"400\" \/>\n\t<meta property=\"og:image:type\" content=\"image\/png\" \/>\n<meta name=\"twitter:card\" content=\"summary_large_image\" \/>\n<meta name=\"twitter:site\" content=\"@MrFixNL\" \/>\n<meta name=\"twitter:label1\" content=\"Dur\u00e9e de lecture estim\u00e9e\" \/>\n\t<meta name=\"twitter:data1\" content=\"4 minutes\" \/>\n<script type=\"application\/ld+json\" class=\"yoast-schema-graph\">{\"@context\":\"https:\\\/\\\/schema.org\",\"@graph\":[{\"@type\":\"WebPage\",\"@id\":\"https:\\\/\\\/mrfix.nl\\\/fr\\\/entreprises-clientes\\\/\",\"url\":\"https:\\\/\\\/mrfix.nl\\\/fr\\\/entreprises-clientes\\\/\",\"name\":\"Entreprises Clientes - MrFix\",\"isPartOf\":{\"@id\":\"https:\\\/\\\/mrfix.nl\\\/fr\\\/#website\"},\"primaryImageOfPage\":{\"@id\":\"https:\\\/\\\/mrfix.nl\\\/fr\\\/entreprises-clientes\\\/#primaryimage\"},\"image\":{\"@id\":\"https:\\\/\\\/mrfix.nl\\\/fr\\\/entreprises-clientes\\\/#primaryimage\"},\"thumbnailUrl\":\"https:\\\/\\\/mrfix.nl\\\/wp-content\\\/uploads\\\/2023\\\/06\\\/corporate-top.png\",\"datePublished\":\"2023-06-30T11:17:44+00:00\",\"dateModified\":\"2026-04-11T15:53:08+00:00\",\"description\":\"Book your expert via our app: Clients.MrFix.nl. MrFix is transparent about and\",\"breadcrumb\":{\"@id\":\"https:\\\/\\\/mrfix.nl\\\/fr\\\/entreprises-clientes\\\/#breadcrumb\"},\"inLanguage\":\"fr-FR\",\"potentialAction\":[{\"@type\":\"ReadAction\",\"target\":[\"https:\\\/\\\/mrfix.nl\\\/fr\\\/entreprises-clientes\\\/\"]}]},{\"@type\":\"ImageObject\",\"inLanguage\":\"fr-FR\",\"@id\":\"https:\\\/\\\/mrfix.nl\\\/fr\\\/entreprises-clientes\\\/#primaryimage\",\"url\":\"https:\\\/\\\/mrfix.nl\\\/wp-content\\\/uploads\\\/2023\\\/06\\\/corporate-top.png\",\"contentUrl\":\"https:\\\/\\\/mrfix.nl\\\/wp-content\\\/uploads\\\/2023\\\/06\\\/corporate-top.png\",\"width\":1008,\"height\":400},{\"@type\":\"BreadcrumbList\",\"@id\":\"https:\\\/\\\/mrfix.nl\\\/fr\\\/entreprises-clientes\\\/#breadcrumb\",\"itemListElement\":[{\"@type\":\"ListItem\",\"position\":1,\"name\":\"Page d'accueil\",\"item\":\"https:\\\/\\\/mrfix.nl\\\/fr\\\/\"},{\"@type\":\"ListItem\",\"position\":2,\"name\":\"Entreprises Clientes\"}]},{\"@type\":\"WebSite\",\"@id\":\"https:\\\/\\\/mrfix.nl\\\/fr\\\/#website\",\"url\":\"https:\\\/\\\/mrfix.nl\\\/fr\\\/\",\"name\":\"MrFix building repair service\",\"description\":\"Hand-picked experts\",\"publisher\":{\"@id\":\"https:\\\/\\\/mrfix.nl\\\/fr\\\/#organization\"},\"alternateName\":\"MrFix\",\"potentialAction\":[{\"@type\":\"SearchAction\",\"target\":{\"@type\":\"EntryPoint\",\"urlTemplate\":\"https:\\\/\\\/mrfix.nl\\\/fr\\\/?s={search_term_string}\"},\"query-input\":{\"@type\":\"PropertyValueSpecification\",\"valueRequired\":true,\"valueName\":\"search_term_string\"}}],\"inLanguage\":\"fr-FR\"},{\"@type\":\"Organization\",\"@id\":\"https:\\\/\\\/mrfix.nl\\\/fr\\\/#organization\",\"name\":\"Klusbedrijf MrFix.nl BV\",\"alternateName\":\"MrFix\",\"url\":\"https:\\\/\\\/mrfix.nl\\\/fr\\\/\",\"logo\":{\"@type\":\"ImageObject\",\"inLanguage\":\"fr-FR\",\"@id\":\"https:\\\/\\\/mrfix.nl\\\/fr\\\/#\\\/schema\\\/logo\\\/image\\\/\",\"url\":\"https:\\\/\\\/mrfix.nl\\\/wp-content\\\/uploads\\\/2026\\\/04\\\/MrFix-master_SQ_WhiteOnBlack_EN.jpg\",\"contentUrl\":\"https:\\\/\\\/mrfix.nl\\\/wp-content\\\/uploads\\\/2026\\\/04\\\/MrFix-master_SQ_WhiteOnBlack_EN.jpg\",\"width\":800,\"height\":800,\"caption\":\"Klusbedrijf MrFix.nl BV\"},\"image\":{\"@id\":\"https:\\\/\\\/mrfix.nl\\\/fr\\\/#\\\/schema\\\/logo\\\/image\\\/\"},\"sameAs\":[\"https:\\\/\\\/www.facebook.com\\\/MrFix.Nederland\",\"https:\\\/\\\/x.com\\\/MrFixNL\",\"https:\\\/\\\/www.linkedin.com\\\/company\\\/10360262\\\/\",\"https:\\\/\\\/www.instagram.com\\\/mrfix.nl\\\/\"]}]}<\/script>\n<!-- \/ Yoast SEO plugin. -->","yoast_head_json":{"title":"Entreprises Clientes - MrFix","description":"Book your expert via our app: Clients.MrFix.nl. MrFix is transparent about and","robots":{"index":"index","follow":"follow","max-snippet":"max-snippet:-1","max-image-preview":"max-image-preview:large","max-video-preview":"max-video-preview:-1"},"canonical":"https:\/\/mrfix.nl\/fr\/entreprises-clientes\/","og_locale":"fr_FR","og_type":"article","og_title":"Entreprises Clientes - MrFix","og_description":"Book your expert via our app: Clients.MrFix.nl. MrFix is transparent about and","og_url":"https:\/\/mrfix.nl\/fr\/entreprises-clientes\/","og_site_name":"MrFix","article_publisher":"https:\/\/www.facebook.com\/MrFix.Nederland","article_modified_time":"2026-04-11T15:53:08+00:00","og_image":[{"width":1008,"height":400,"url":"https:\/\/mrfix.nl\/wp-content\/uploads\/2023\/06\/corporate-top.png","type":"image\/png"}],"twitter_card":"summary_large_image","twitter_site":"@MrFixNL","twitter_misc":{"Dur\u00e9e de lecture estim\u00e9e":"4 minutes"},"schema":{"@context":"https:\/\/schema.org","@graph":[{"@type":"WebPage","@id":"https:\/\/mrfix.nl\/fr\/entreprises-clientes\/","url":"https:\/\/mrfix.nl\/fr\/entreprises-clientes\/","name":"Entreprises Clientes - MrFix","isPartOf":{"@id":"https:\/\/mrfix.nl\/fr\/#website"},"primaryImageOfPage":{"@id":"https:\/\/mrfix.nl\/fr\/entreprises-clientes\/#primaryimage"},"image":{"@id":"https:\/\/mrfix.nl\/fr\/entreprises-clientes\/#primaryimage"},"thumbnailUrl":"https:\/\/mrfix.nl\/wp-content\/uploads\/2023\/06\/corporate-top.png","datePublished":"2023-06-30T11:17:44+00:00","dateModified":"2026-04-11T15:53:08+00:00","description":"Book your expert via our app: Clients.MrFix.nl. MrFix is transparent about and","breadcrumb":{"@id":"https:\/\/mrfix.nl\/fr\/entreprises-clientes\/#breadcrumb"},"inLanguage":"fr-FR","potentialAction":[{"@type":"ReadAction","target":["https:\/\/mrfix.nl\/fr\/entreprises-clientes\/"]}]},{"@type":"ImageObject","inLanguage":"fr-FR","@id":"https:\/\/mrfix.nl\/fr\/entreprises-clientes\/#primaryimage","url":"https:\/\/mrfix.nl\/wp-content\/uploads\/2023\/06\/corporate-top.png","contentUrl":"https:\/\/mrfix.nl\/wp-content\/uploads\/2023\/06\/corporate-top.png","width":1008,"height":400},{"@type":"BreadcrumbList","@id":"https:\/\/mrfix.nl\/fr\/entreprises-clientes\/#breadcrumb","itemListElement":[{"@type":"ListItem","position":1,"name":"Page d'accueil","item":"https:\/\/mrfix.nl\/fr\/"},{"@type":"ListItem","position":2,"name":"Entreprises Clientes"}]},{"@type":"WebSite","@id":"https:\/\/mrfix.nl\/fr\/#website","url":"https:\/\/mrfix.nl\/fr\/","name":"MrFix building repair service","description":"Hand-picked experts","publisher":{"@id":"https:\/\/mrfix.nl\/fr\/#organization"},"alternateName":"MrFix","potentialAction":[{"@type":"SearchAction","target":{"@type":"EntryPoint","urlTemplate":"https:\/\/mrfix.nl\/fr\/?s={search_term_string}"},"query-input":{"@type":"PropertyValueSpecification","valueRequired":true,"valueName":"search_term_string"}}],"inLanguage":"fr-FR"},{"@type":"Organization","@id":"https:\/\/mrfix.nl\/fr\/#organization","name":"Klusbedrijf MrFix.nl BV","alternateName":"MrFix","url":"https:\/\/mrfix.nl\/fr\/","logo":{"@type":"ImageObject","inLanguage":"fr-FR","@id":"https:\/\/mrfix.nl\/fr\/#\/schema\/logo\/image\/","url":"https:\/\/mrfix.nl\/wp-content\/uploads\/2026\/04\/MrFix-master_SQ_WhiteOnBlack_EN.jpg","contentUrl":"https:\/\/mrfix.nl\/wp-content\/uploads\/2026\/04\/MrFix-master_SQ_WhiteOnBlack_EN.jpg","width":800,"height":800,"caption":"Klusbedrijf MrFix.nl BV"},"image":{"@id":"https:\/\/mrfix.nl\/fr\/#\/schema\/logo\/image\/"},"sameAs":["https:\/\/www.facebook.com\/MrFix.Nederland","https:\/\/x.com\/MrFixNL","https:\/\/www.linkedin.com\/company\/10360262\/","https:\/\/www.instagram.com\/mrfix.nl\/"]}]}},"_links":{"self":[{"href":"https:\/\/mrfix.nl\/fr\/wp-json\/wp\/v2\/pages\/59419","targetHints":{"allow":["GET"]}}],"collection":[{"href":"https:\/\/mrfix.nl\/fr\/wp-json\/wp\/v2\/pages"}],"about":[{"href":"https:\/\/mrfix.nl\/fr\/wp-json\/wp\/v2\/types\/page"}],"author":[{"embeddable":true,"href":"https:\/\/mrfix.nl\/fr\/wp-json\/wp\/v2\/users\/2"}],"replies":[{"embeddable":true,"href":"https:\/\/mrfix.nl\/fr\/wp-json\/wp\/v2\/comments?post=59419"}],"version-history":[{"count":9,"href":"https:\/\/mrfix.nl\/fr\/wp-json\/wp\/v2\/pages\/59419\/revisions"}],"predecessor-version":[{"id":59578,"href":"https:\/\/mrfix.nl\/fr\/wp-json\/wp\/v2\/pages\/59419\/revisions\/59578"}],"wp:featuredmedia":[{"embeddable":true,"href":"https:\/\/mrfix.nl\/fr\/wp-json\/wp\/v2\/media\/990"}],"wp:attachment":[{"href":"https:\/\/mrfix.nl\/fr\/wp-json\/wp\/v2\/media?parent=59419"}],"curies":[{"name":"wp","href":"https:\/\/api.w.org\/{rel}","templated":true}]}}