{"id":59354,"date":"2024-02-20T09:58:33","date_gmt":"2024-02-20T09:58:33","guid":{"rendered":"https:\/\/mrfix.centum-test.site\/klusgarantie-wat-eist-mrfix-dat-de-vakman-biedt\/"},"modified":"2026-04-04T15:07:03","modified_gmt":"2026-04-04T15:07:03","slug":"garantie","status":"publish","type":"page","link":"https:\/\/mrfix.nl\/fr\/garantie\/","title":{"rendered":"Garantie de r\u00e9paration de b\u00e2timents : qu&rsquo;est-ce que MrFix exige de l&rsquo;expert ?"},"content":{"rendered":"<p>La r\u00e9paration et l&rsquo;entretien des b\u00e2timents ne paraissent pas si complexes, mais sans MrFix, beaucoup de choses tournent mal, m\u00eame dans les chantiers les plus simples. Nous entendons les histoires les plus folles, d&rsquo;un escalier mont\u00e9 \u00e0 l&rsquo;envers jusqu&rsquo;\u00e0 un carreleur qui a d&rsquo;abord vol\u00e9 de la bi\u00e8re dans le frigo du Client puis s&rsquo;est martel\u00e9 le pouce (on a vu le sang sur le mur) !<br \/>\n&nbsp;<br \/>\nMrFix existe pour pr\u00e9venir de tels probl\u00e8mes gr\u00e2ce \u00e0 une communication claire et une technologie intelligente. Et si quelque chose va mal, nous veillons \u00e0 ce que l\u2019expert y rem\u00e9die dans un d\u00e9lai raisonnable.<br \/>\n&nbsp;<\/p>\n<h2>Alors, comment MrFix d\u00e9finit-il un chantier correct ?<\/h2>\n<p>&nbsp;<br \/>\nAvant de vous parler de la garantie de r\u00e9paration de b\u00e2timents, pr\u00e9cisons d\u2019abord clairement quel est le but du chantier :<\/p>\n<ol>\n<li>Avant le chantier, le client partage tous les souhaits et informations pertinents (photos !) avec l&rsquo;expert, par exemple si l&rsquo;expert doit fournir le mat\u00e9riel et si oui, quel mat\u00e9riel exactement<\/li>\n<li>L&rsquo;expert demande au Client toute information compl\u00e9mentaire avant le chantier et conseille le Client sur des solutions alternatives s&rsquo;il le souhaite<\/li>\n<li>L&rsquo;expert commence dans le cr\u00e9neau horaire convenu d&rsquo;une heure avec le mat\u00e9riel et les outils requis<\/li>\n<li>Si possible, l&rsquo;expert fait le travail correctement du premier coup. Cela signifie aussi : en toute s\u00e9curit\u00e9<\/li>\n<li>L&rsquo;expert range &#038; nettoie si le Client le souhaite<\/li>\n<li>MrFix facture les co\u00fbts corrects de main d&rsquo;\u0153uvre, de mat\u00e9riel et de stationnement au nom de l&rsquo;expert, sans frais d&rsquo;intervention, frais de service ou autres frais suppl\u00e9mentaires cach\u00e9s<\/li>\n<\/ol>\n<p>&nbsp;<\/p>\n<h2>\u00c0 quels types de probl\u00e8mes la garantie de r\u00e9paration de b\u00e2timents s&rsquo;applique-t-elle ?<\/h2>\n<p>&nbsp;<br \/>\nLes garanties ne portent pas sur des probl\u00e8mes tels que des rendez-vous manqu\u00e9s, des dommages caus\u00e9s par l&rsquo;expert ou un travail que l&rsquo;expert ne fait pas de la fa\u00e7on que le Client souhaite (l&rsquo;expert d\u00e9cide comment il effectue le chantier). MrFix aide \u00e0 pr\u00e9venir (et si n\u00e9cessaire \u00e0 r\u00e9soudre) de tels probl\u00e8mes, mais ils ne sont normalement pas couverts par la garantie de l&rsquo;entrepreneur.<br \/>\n&nbsp;<br \/>\nNous exigeons que l&rsquo;expert offre au Client une garantie minimum de 3 mois sur sa prestation. Si le travail est d&rsquo;abord r\u00e9alis\u00e9 \u00e0 la satisfaction du Client mais provoque ensuite des probl\u00e8mes que le Client juge inacceptables, MrFix demande \u00e0 l&rsquo;entrepreneur de rem\u00e9dier \u00e0 ces probl\u00e8mes sous sa garantie pendant au moins 3 mois apr\u00e8s l&rsquo;ex\u00e9cution. Cela signifie:<\/p>\n<ul>\n<li>Si possible, il r\u00e9sout le probl\u00e8me lui-m\u00eame ou le fait r\u00e9soudre par un tiers sans facturer de frais de main d&rsquo;\u0153uvre, ni de mat\u00e9riel ni de stationnement.<\/li>\n<li>Si le probl\u00e8me est d\u00fb au mat\u00e9riel fourni par l&rsquo;expert, celui-ci invoque la garantie constructeur au nom du Client<\/li>\n<\/ul>\n<p>&nbsp;<\/p>\n<h2>Et dans quels cas le chantier est-il inacceptable ?<\/h2>\n<p>&nbsp;<br \/>\nIl n&rsquo;est pas facile de d\u00e9finir les probl\u00e8mes que l&rsquo;expert doit r\u00e9soudre, mais dans la plupart des cas, c&rsquo;est \u00e9vident pour un client raisonnable et un expert raisonnable. Sinon, MrFix peut vous aider \u00e0 faire la m\u00e9diation. Nous faisons preuve de bon sens pour ce faire. Trois exemples :<\/p>\n<ul>\n<li>Si un expert accroche un t\u00e9l\u00e9viseur, une lampe ou un tableau et l&rsquo;objet tombe un mois plus tard, il doit offrir une garantie en le raccrochant fermement (et le client peut s\u00e9par\u00e9ment tenir l&rsquo;expert responsable de tout dommage caus\u00e9 \u00e0 l&rsquo;objet et\/ ou le sol)<\/li>\n<li>En revanche, des toilettes ou un lavabo peuvent se boucher \u00e0 nouveau m\u00eame une semaine apr\u00e8s un travail de d\u00e9bouchage. Les causes peuvent \u00eatre multiples et un blocage peut n\u00e9cessiter plusieurs visites, m\u00e9thodes et types d\u2019\u00e9quipements. Normalement, la garantie ne s&rsquo;applique pas<\/li>\n<li>Si la peinture se d\u00e9colle du mur ou du plafond peu de temps apr\u00e8s une intervention, cela devrait \u00e9galement \u00eatre couvert par la garantie. La plupart des peintres offrent en effet une garantie de 3 \u00e0 10 ans sur leur travail, selon la qualit\u00e9 de la peinture, entre autres.<\/li>\n<\/ul>\n<p>&nbsp;<br \/>\nEn fin de compte, l&rsquo;entrepreneur reste responsable de la couverture de sa garantie, mais MrFix accompagne le Client et l&rsquo;expert dans la r\u00e9solution de tout litige. Jusqu&rsquo;\u00e0 pr\u00e9sent, nos clients et experts ont toujours trouv\u00e9 une solution (parfois avec notre aide) en \u00e9tant justes et en faisant preuve de bon sens. Si un expert refuse d&rsquo;honorer sa garantie, nous accompagnerons le client en lui fournissant des preuves et des informations pertinentes dans toute action en justice. Et si nous pensons que le client a raison, nous cesserons de coop\u00e9rer avec l&rsquo;expert concern\u00e9.<\/p>\n","protected":false},"excerpt":{"rendered":"<p>La r\u00e9paration et l&rsquo;entretien des b\u00e2timents ne paraissent pas si complexes, mais sans MrFix, beaucoup de choses tournent mal, m\u00eame dans les chantiers les plus simples. Nous entendons les histoires les plus folles, d&rsquo;un escalier mont\u00e9 \u00e0 l&rsquo;envers jusqu&rsquo;\u00e0 un carreleur qui a d&rsquo;abord vol\u00e9 de la bi\u00e8re dans le frigo du Client puis s&rsquo;est [&hellip;]<\/p>\n","protected":false},"author":1,"featured_media":0,"parent":0,"menu_order":0,"comment_status":"closed","ping_status":"closed","template":"","meta":{"_acf_changed":false,"inline_featured_image":false,"footnotes":""},"class_list":["post-59354","page","type-page","status-publish","hentry"],"acf":[],"yoast_head":"<!-- This site is optimized with the Yoast SEO plugin v27.5 - https:\/\/yoast.com\/product\/yoast-seo-wordpress\/ -->\n<title>Garantie de r\u00e9paration de b\u00e2timents : qu&#039;est-ce que MrFix exige de l&#039;expert ? - MrFix<\/title>\n<meta name=\"description\" content=\"Book your expert via our app: Clients.MrFix.nl. MrFix is transparent about and\" \/>\n<meta name=\"robots\" content=\"index, follow, max-snippet:-1, max-image-preview:large, max-video-preview:-1\" \/>\n<link rel=\"canonical\" href=\"https:\/\/mrfix.nl\/fr\/garantie\/\" \/>\n<meta property=\"og:locale\" content=\"fr_FR\" \/>\n<meta property=\"og:type\" content=\"article\" \/>\n<meta property=\"og:title\" content=\"Garantie de r\u00e9paration de b\u00e2timents : qu&#039;est-ce que MrFix exige de l&#039;expert ? - MrFix\" \/>\n<meta property=\"og:description\" content=\"Book your expert via our app: Clients.MrFix.nl. MrFix is transparent about and\" \/>\n<meta property=\"og:url\" content=\"https:\/\/mrfix.nl\/fr\/garantie\/\" \/>\n<meta property=\"og:site_name\" content=\"MrFix\" \/>\n<meta property=\"article:publisher\" content=\"https:\/\/www.facebook.com\/MrFix.Nederland\" \/>\n<meta property=\"article:modified_time\" content=\"2026-04-04T15:07:03+00:00\" \/>\n<meta name=\"twitter:card\" content=\"summary_large_image\" \/>\n<meta name=\"twitter:site\" content=\"@MrFixNL\" \/>\n<meta name=\"twitter:label1\" content=\"Dur\u00e9e de lecture estim\u00e9e\" \/>\n\t<meta name=\"twitter:data1\" content=\"4 minutes\" \/>\n<script type=\"application\/ld+json\" class=\"yoast-schema-graph\">{\"@context\":\"https:\\\/\\\/schema.org\",\"@graph\":[{\"@type\":\"WebPage\",\"@id\":\"https:\\\/\\\/mrfix.nl\\\/fr\\\/garantie\\\/\",\"url\":\"https:\\\/\\\/mrfix.nl\\\/fr\\\/garantie\\\/\",\"name\":\"Garantie de r\u00e9paration de b\u00e2timents : qu'est-ce que MrFix exige de l'expert ? - MrFix\",\"isPartOf\":{\"@id\":\"https:\\\/\\\/mrfix.nl\\\/fr\\\/#website\"},\"datePublished\":\"2024-02-20T09:58:33+00:00\",\"dateModified\":\"2026-04-04T15:07:03+00:00\",\"description\":\"Book your expert via our app: Clients.MrFix.nl. MrFix is transparent about and\",\"breadcrumb\":{\"@id\":\"https:\\\/\\\/mrfix.nl\\\/fr\\\/garantie\\\/#breadcrumb\"},\"inLanguage\":\"fr-FR\",\"potentialAction\":[{\"@type\":\"ReadAction\",\"target\":[\"https:\\\/\\\/mrfix.nl\\\/fr\\\/garantie\\\/\"]}]},{\"@type\":\"BreadcrumbList\",\"@id\":\"https:\\\/\\\/mrfix.nl\\\/fr\\\/garantie\\\/#breadcrumb\",\"itemListElement\":[{\"@type\":\"ListItem\",\"position\":1,\"name\":\"Page d'accueil\",\"item\":\"https:\\\/\\\/mrfix.nl\\\/fr\\\/\"},{\"@type\":\"ListItem\",\"position\":2,\"name\":\"Garantie de r\u00e9paration de b\u00e2timents : qu&#8217;est-ce que MrFix exige de l&#8217;expert ?\"}]},{\"@type\":\"WebSite\",\"@id\":\"https:\\\/\\\/mrfix.nl\\\/fr\\\/#website\",\"url\":\"https:\\\/\\\/mrfix.nl\\\/fr\\\/\",\"name\":\"MrFix building repair service\",\"description\":\"Hand-picked experts\",\"publisher\":{\"@id\":\"https:\\\/\\\/mrfix.nl\\\/fr\\\/#organization\"},\"alternateName\":\"MrFix\",\"potentialAction\":[{\"@type\":\"SearchAction\",\"target\":{\"@type\":\"EntryPoint\",\"urlTemplate\":\"https:\\\/\\\/mrfix.nl\\\/fr\\\/?s={search_term_string}\"},\"query-input\":{\"@type\":\"PropertyValueSpecification\",\"valueRequired\":true,\"valueName\":\"search_term_string\"}}],\"inLanguage\":\"fr-FR\"},{\"@type\":\"Organization\",\"@id\":\"https:\\\/\\\/mrfix.nl\\\/fr\\\/#organization\",\"name\":\"Klusbedrijf MrFix.nl BV\",\"alternateName\":\"MrFix\",\"url\":\"https:\\\/\\\/mrfix.nl\\\/fr\\\/\",\"logo\":{\"@type\":\"ImageObject\",\"inLanguage\":\"fr-FR\",\"@id\":\"https:\\\/\\\/mrfix.nl\\\/fr\\\/#\\\/schema\\\/logo\\\/image\\\/\",\"url\":\"https:\\\/\\\/mrfix.nl\\\/wp-content\\\/uploads\\\/2026\\\/04\\\/MrFix-master_SQ_WhiteOnBlack_EN.jpg\",\"contentUrl\":\"https:\\\/\\\/mrfix.nl\\\/wp-content\\\/uploads\\\/2026\\\/04\\\/MrFix-master_SQ_WhiteOnBlack_EN.jpg\",\"width\":800,\"height\":800,\"caption\":\"Klusbedrijf MrFix.nl BV\"},\"image\":{\"@id\":\"https:\\\/\\\/mrfix.nl\\\/fr\\\/#\\\/schema\\\/logo\\\/image\\\/\"},\"sameAs\":[\"https:\\\/\\\/www.facebook.com\\\/MrFix.Nederland\",\"https:\\\/\\\/x.com\\\/MrFixNL\",\"https:\\\/\\\/www.linkedin.com\\\/company\\\/10360262\\\/\",\"https:\\\/\\\/www.instagram.com\\\/mrfix.nl\\\/\"]}]}<\/script>\n<!-- \/ Yoast SEO plugin. -->","yoast_head_json":{"title":"Garantie de r\u00e9paration de b\u00e2timents : qu'est-ce que MrFix exige de l'expert ? - MrFix","description":"Book your expert via our app: Clients.MrFix.nl. MrFix is transparent about and","robots":{"index":"index","follow":"follow","max-snippet":"max-snippet:-1","max-image-preview":"max-image-preview:large","max-video-preview":"max-video-preview:-1"},"canonical":"https:\/\/mrfix.nl\/fr\/garantie\/","og_locale":"fr_FR","og_type":"article","og_title":"Garantie de r\u00e9paration de b\u00e2timents : qu'est-ce que MrFix exige de l'expert ? - MrFix","og_description":"Book your expert via our app: Clients.MrFix.nl. MrFix is transparent about and","og_url":"https:\/\/mrfix.nl\/fr\/garantie\/","og_site_name":"MrFix","article_publisher":"https:\/\/www.facebook.com\/MrFix.Nederland","article_modified_time":"2026-04-04T15:07:03+00:00","twitter_card":"summary_large_image","twitter_site":"@MrFixNL","twitter_misc":{"Dur\u00e9e de lecture estim\u00e9e":"4 minutes"},"schema":{"@context":"https:\/\/schema.org","@graph":[{"@type":"WebPage","@id":"https:\/\/mrfix.nl\/fr\/garantie\/","url":"https:\/\/mrfix.nl\/fr\/garantie\/","name":"Garantie de r\u00e9paration de b\u00e2timents : qu'est-ce que MrFix exige de l'expert ? - MrFix","isPartOf":{"@id":"https:\/\/mrfix.nl\/fr\/#website"},"datePublished":"2024-02-20T09:58:33+00:00","dateModified":"2026-04-04T15:07:03+00:00","description":"Book your expert via our app: Clients.MrFix.nl. MrFix is transparent about and","breadcrumb":{"@id":"https:\/\/mrfix.nl\/fr\/garantie\/#breadcrumb"},"inLanguage":"fr-FR","potentialAction":[{"@type":"ReadAction","target":["https:\/\/mrfix.nl\/fr\/garantie\/"]}]},{"@type":"BreadcrumbList","@id":"https:\/\/mrfix.nl\/fr\/garantie\/#breadcrumb","itemListElement":[{"@type":"ListItem","position":1,"name":"Page d'accueil","item":"https:\/\/mrfix.nl\/fr\/"},{"@type":"ListItem","position":2,"name":"Garantie de r\u00e9paration de b\u00e2timents : qu&#8217;est-ce que MrFix exige de l&#8217;expert ?"}]},{"@type":"WebSite","@id":"https:\/\/mrfix.nl\/fr\/#website","url":"https:\/\/mrfix.nl\/fr\/","name":"MrFix building repair service","description":"Hand-picked experts","publisher":{"@id":"https:\/\/mrfix.nl\/fr\/#organization"},"alternateName":"MrFix","potentialAction":[{"@type":"SearchAction","target":{"@type":"EntryPoint","urlTemplate":"https:\/\/mrfix.nl\/fr\/?s={search_term_string}"},"query-input":{"@type":"PropertyValueSpecification","valueRequired":true,"valueName":"search_term_string"}}],"inLanguage":"fr-FR"},{"@type":"Organization","@id":"https:\/\/mrfix.nl\/fr\/#organization","name":"Klusbedrijf MrFix.nl BV","alternateName":"MrFix","url":"https:\/\/mrfix.nl\/fr\/","logo":{"@type":"ImageObject","inLanguage":"fr-FR","@id":"https:\/\/mrfix.nl\/fr\/#\/schema\/logo\/image\/","url":"https:\/\/mrfix.nl\/wp-content\/uploads\/2026\/04\/MrFix-master_SQ_WhiteOnBlack_EN.jpg","contentUrl":"https:\/\/mrfix.nl\/wp-content\/uploads\/2026\/04\/MrFix-master_SQ_WhiteOnBlack_EN.jpg","width":800,"height":800,"caption":"Klusbedrijf MrFix.nl BV"},"image":{"@id":"https:\/\/mrfix.nl\/fr\/#\/schema\/logo\/image\/"},"sameAs":["https:\/\/www.facebook.com\/MrFix.Nederland","https:\/\/x.com\/MrFixNL","https:\/\/www.linkedin.com\/company\/10360262\/","https:\/\/www.instagram.com\/mrfix.nl\/"]}]}},"_links":{"self":[{"href":"https:\/\/mrfix.nl\/fr\/wp-json\/wp\/v2\/pages\/59354","targetHints":{"allow":["GET"]}}],"collection":[{"href":"https:\/\/mrfix.nl\/fr\/wp-json\/wp\/v2\/pages"}],"about":[{"href":"https:\/\/mrfix.nl\/fr\/wp-json\/wp\/v2\/types\/page"}],"author":[{"embeddable":true,"href":"https:\/\/mrfix.nl\/fr\/wp-json\/wp\/v2\/users\/1"}],"replies":[{"embeddable":true,"href":"https:\/\/mrfix.nl\/fr\/wp-json\/wp\/v2\/comments?post=59354"}],"version-history":[{"count":9,"href":"https:\/\/mrfix.nl\/fr\/wp-json\/wp\/v2\/pages\/59354\/revisions"}],"predecessor-version":[{"id":59363,"href":"https:\/\/mrfix.nl\/fr\/wp-json\/wp\/v2\/pages\/59354\/revisions\/59363"}],"wp:attachment":[{"href":"https:\/\/mrfix.nl\/fr\/wp-json\/wp\/v2\/media?parent=59354"}],"curies":[{"name":"wp","href":"https:\/\/api.w.org\/{rel}","templated":true}]}}