{"id":5051,"date":"2024-05-30T08:30:49","date_gmt":"2024-05-30T08:30:49","guid":{"rendered":"https:\/\/mrfix.centum-test.site\/computer-expert\/"},"modified":"2024-05-30T08:30:53","modified_gmt":"2024-05-30T08:30:53","slug":"informaticien","status":"publish","type":"page","link":"https:\/\/mrfix.nl\/fr\/informaticien\/","title":{"rendered":"Informaticien"},"content":{"rendered":"<ul>\n<li>Estimation ou devis gratuit<\/li>\n<li>300+ experts pr\u00e9s\u00e9lectionn\u00e9s<\/li>\n<li>Contact direct 24h\/24 et 7j\/7 via <a href=\"https:\/\/client.mrfix.nl\/\" target=\"_blank\" rel=\"noopener\">notre application<\/a><\/li>\n<\/ul>\n","protected":false},"excerpt":{"rendered":"<p>Estimation ou devis gratuit + experts pr\u00e9s\u00e9lectionn\u00e9s Contact direct 24h\/24 et 7j\/7 via notre application<\/p>\n","protected":false},"author":1,"featured_media":59214,"parent":0,"menu_order":0,"comment_status":"closed","ping_status":"open","template":"pages\/expert-type-template.php","meta":{"_acf_changed":false,"inline_featured_image":false,"footnotes":""},"class_list":["post-5051","page","type-page","status-publish","has-post-thumbnail","hentry"],"acf":[],"yoast_head":"<!-- This site is optimized with the Yoast SEO plugin v27.5 - https:\/\/yoast.com\/product\/yoast-seo-wordpress\/ -->\n<title>Informaticien - MrFix<\/title>\n<meta name=\"description\" content=\"Informaticien services : r\u00e9servez votre expert agr\u00e9\u00e9 en 1 heure. Professionnels de confiance pour un travail r\u00e9ussi du 1er coup.\" \/>\n<meta name=\"robots\" content=\"index, follow, max-snippet:-1, max-image-preview:large, max-video-preview:-1\" \/>\n<link rel=\"canonical\" href=\"https:\/\/mrfix.nl\/fr\/informaticien\/\" \/>\n<meta property=\"og:locale\" content=\"fr_FR\" \/>\n<meta property=\"og:type\" content=\"article\" \/>\n<meta property=\"og:title\" content=\"Informaticien - MrFix\" \/>\n<meta property=\"og:description\" content=\"Informaticien services : r\u00e9servez votre expert agr\u00e9\u00e9 en 1 heure. Professionnels de confiance pour un travail r\u00e9ussi du 1er coup.\" \/>\n<meta property=\"og:url\" content=\"https:\/\/mrfix.nl\/fr\/informaticien\/\" \/>\n<meta property=\"og:site_name\" content=\"MrFix\" \/>\n<meta property=\"article:publisher\" content=\"https:\/\/www.facebook.com\/MrFix.Nederland\" \/>\n<meta property=\"article:modified_time\" content=\"2024-05-30T08:30:53+00:00\" \/>\n<meta property=\"og:image\" content=\"https:\/\/mrfix.nl\/wp-content\/uploads\/2024\/05\/VPcjVYCfGxeu7zmhHl5DM8-v4I5s9-HUFg5CMah4On8.jpg\" \/>\n\t<meta property=\"og:image:width\" content=\"1\" \/>\n\t<meta property=\"og:image:height\" content=\"1\" \/>\n\t<meta property=\"og:image:type\" content=\"image\/jpeg\" \/>\n<meta name=\"twitter:card\" content=\"summary_large_image\" \/>\n<meta name=\"twitter:site\" content=\"@MrFixNL\" \/>\n<script type=\"application\/ld+json\" class=\"yoast-schema-graph\">{\"@context\":\"https:\\\/\\\/schema.org\",\"@graph\":[{\"@type\":\"WebPage\",\"@id\":\"https:\\\/\\\/mrfix.nl\\\/fr\\\/informaticien\\\/\",\"url\":\"https:\\\/\\\/mrfix.nl\\\/fr\\\/informaticien\\\/\",\"name\":\"Informaticien - MrFix\",\"isPartOf\":{\"@id\":\"https:\\\/\\\/mrfix.nl\\\/fr\\\/#website\"},\"primaryImageOfPage\":{\"@id\":\"https:\\\/\\\/mrfix.nl\\\/fr\\\/informaticien\\\/#primaryimage\"},\"image\":{\"@id\":\"https:\\\/\\\/mrfix.nl\\\/fr\\\/informaticien\\\/#primaryimage\"},\"thumbnailUrl\":\"https:\\\/\\\/mrfix.nl\\\/wp-content\\\/uploads\\\/2024\\\/05\\\/VPcjVYCfGxeu7zmhHl5DM8-v4I5s9-HUFg5CMah4On8.jpg\",\"datePublished\":\"2024-05-30T08:30:49+00:00\",\"dateModified\":\"2024-05-30T08:30:53+00:00\",\"description\":\"Informaticien services : r\u00e9servez votre expert agr\u00e9\u00e9 en 1 heure. Professionnels de confiance pour un travail r\u00e9ussi du 1er coup.\",\"breadcrumb\":{\"@id\":\"https:\\\/\\\/mrfix.nl\\\/fr\\\/informaticien\\\/#breadcrumb\"},\"inLanguage\":\"fr-FR\",\"potentialAction\":[{\"@type\":\"ReadAction\",\"target\":[\"https:\\\/\\\/mrfix.nl\\\/fr\\\/informaticien\\\/\"]}]},{\"@type\":\"ImageObject\",\"inLanguage\":\"fr-FR\",\"@id\":\"https:\\\/\\\/mrfix.nl\\\/fr\\\/informaticien\\\/#primaryimage\",\"url\":\"https:\\\/\\\/mrfix.nl\\\/wp-content\\\/uploads\\\/2024\\\/05\\\/VPcjVYCfGxeu7zmhHl5DM8-v4I5s9-HUFg5CMah4On8.jpg\",\"contentUrl\":\"https:\\\/\\\/mrfix.nl\\\/wp-content\\\/uploads\\\/2024\\\/05\\\/VPcjVYCfGxeu7zmhHl5DM8-v4I5s9-HUFg5CMah4On8.jpg\"},{\"@type\":\"BreadcrumbList\",\"@id\":\"https:\\\/\\\/mrfix.nl\\\/fr\\\/informaticien\\\/#breadcrumb\",\"itemListElement\":[{\"@type\":\"ListItem\",\"position\":1,\"name\":\"Page d'accueil\",\"item\":\"https:\\\/\\\/mrfix.nl\\\/fr\\\/\"},{\"@type\":\"ListItem\",\"position\":2,\"name\":\"Informaticien\"}]},{\"@type\":\"WebSite\",\"@id\":\"https:\\\/\\\/mrfix.nl\\\/fr\\\/#website\",\"url\":\"https:\\\/\\\/mrfix.nl\\\/fr\\\/\",\"name\":\"MrFix building repair service\",\"description\":\"Hand-picked experts\",\"publisher\":{\"@id\":\"https:\\\/\\\/mrfix.nl\\\/fr\\\/#organization\"},\"alternateName\":\"MrFix\",\"potentialAction\":[{\"@type\":\"SearchAction\",\"target\":{\"@type\":\"EntryPoint\",\"urlTemplate\":\"https:\\\/\\\/mrfix.nl\\\/fr\\\/?s={search_term_string}\"},\"query-input\":{\"@type\":\"PropertyValueSpecification\",\"valueRequired\":true,\"valueName\":\"search_term_string\"}}],\"inLanguage\":\"fr-FR\"},{\"@type\":\"Organization\",\"@id\":\"https:\\\/\\\/mrfix.nl\\\/fr\\\/#organization\",\"name\":\"Klusbedrijf MrFix.nl BV\",\"alternateName\":\"MrFix\",\"url\":\"https:\\\/\\\/mrfix.nl\\\/fr\\\/\",\"logo\":{\"@type\":\"ImageObject\",\"inLanguage\":\"fr-FR\",\"@id\":\"https:\\\/\\\/mrfix.nl\\\/fr\\\/#\\\/schema\\\/logo\\\/image\\\/\",\"url\":\"https:\\\/\\\/mrfix.nl\\\/wp-content\\\/uploads\\\/2026\\\/04\\\/MrFix-master_SQ_WhiteOnBlack_EN.jpg\",\"contentUrl\":\"https:\\\/\\\/mrfix.nl\\\/wp-content\\\/uploads\\\/2026\\\/04\\\/MrFix-master_SQ_WhiteOnBlack_EN.jpg\",\"width\":800,\"height\":800,\"caption\":\"Klusbedrijf MrFix.nl BV\"},\"image\":{\"@id\":\"https:\\\/\\\/mrfix.nl\\\/fr\\\/#\\\/schema\\\/logo\\\/image\\\/\"},\"sameAs\":[\"https:\\\/\\\/www.facebook.com\\\/MrFix.Nederland\",\"https:\\\/\\\/x.com\\\/MrFixNL\",\"https:\\\/\\\/www.linkedin.com\\\/company\\\/10360262\\\/\",\"https:\\\/\\\/www.instagram.com\\\/mrfix.nl\\\/\"]}]}<\/script>\n<!-- \/ Yoast SEO plugin. -->","yoast_head_json":{"title":"Informaticien - MrFix","description":"Informaticien services : r\u00e9servez votre expert agr\u00e9\u00e9 en 1 heure. Professionnels de confiance pour un travail r\u00e9ussi du 1er coup.","robots":{"index":"index","follow":"follow","max-snippet":"max-snippet:-1","max-image-preview":"max-image-preview:large","max-video-preview":"max-video-preview:-1"},"canonical":"https:\/\/mrfix.nl\/fr\/informaticien\/","og_locale":"fr_FR","og_type":"article","og_title":"Informaticien - MrFix","og_description":"Informaticien services : r\u00e9servez votre expert agr\u00e9\u00e9 en 1 heure. Professionnels de confiance pour un travail r\u00e9ussi du 1er coup.","og_url":"https:\/\/mrfix.nl\/fr\/informaticien\/","og_site_name":"MrFix","article_publisher":"https:\/\/www.facebook.com\/MrFix.Nederland","article_modified_time":"2024-05-30T08:30:53+00:00","og_image":[{"url":"https:\/\/mrfix.nl\/wp-content\/uploads\/2024\/05\/VPcjVYCfGxeu7zmhHl5DM8-v4I5s9-HUFg5CMah4On8.jpg","width":1,"height":1,"type":"image\/jpeg"}],"twitter_card":"summary_large_image","twitter_site":"@MrFixNL","schema":{"@context":"https:\/\/schema.org","@graph":[{"@type":"WebPage","@id":"https:\/\/mrfix.nl\/fr\/informaticien\/","url":"https:\/\/mrfix.nl\/fr\/informaticien\/","name":"Informaticien - MrFix","isPartOf":{"@id":"https:\/\/mrfix.nl\/fr\/#website"},"primaryImageOfPage":{"@id":"https:\/\/mrfix.nl\/fr\/informaticien\/#primaryimage"},"image":{"@id":"https:\/\/mrfix.nl\/fr\/informaticien\/#primaryimage"},"thumbnailUrl":"https:\/\/mrfix.nl\/wp-content\/uploads\/2024\/05\/VPcjVYCfGxeu7zmhHl5DM8-v4I5s9-HUFg5CMah4On8.jpg","datePublished":"2024-05-30T08:30:49+00:00","dateModified":"2024-05-30T08:30:53+00:00","description":"Informaticien services : r\u00e9servez votre expert agr\u00e9\u00e9 en 1 heure. Professionnels de confiance pour un travail r\u00e9ussi du 1er coup.","breadcrumb":{"@id":"https:\/\/mrfix.nl\/fr\/informaticien\/#breadcrumb"},"inLanguage":"fr-FR","potentialAction":[{"@type":"ReadAction","target":["https:\/\/mrfix.nl\/fr\/informaticien\/"]}]},{"@type":"ImageObject","inLanguage":"fr-FR","@id":"https:\/\/mrfix.nl\/fr\/informaticien\/#primaryimage","url":"https:\/\/mrfix.nl\/wp-content\/uploads\/2024\/05\/VPcjVYCfGxeu7zmhHl5DM8-v4I5s9-HUFg5CMah4On8.jpg","contentUrl":"https:\/\/mrfix.nl\/wp-content\/uploads\/2024\/05\/VPcjVYCfGxeu7zmhHl5DM8-v4I5s9-HUFg5CMah4On8.jpg"},{"@type":"BreadcrumbList","@id":"https:\/\/mrfix.nl\/fr\/informaticien\/#breadcrumb","itemListElement":[{"@type":"ListItem","position":1,"name":"Page d'accueil","item":"https:\/\/mrfix.nl\/fr\/"},{"@type":"ListItem","position":2,"name":"Informaticien"}]},{"@type":"WebSite","@id":"https:\/\/mrfix.nl\/fr\/#website","url":"https:\/\/mrfix.nl\/fr\/","name":"MrFix building repair service","description":"Hand-picked experts","publisher":{"@id":"https:\/\/mrfix.nl\/fr\/#organization"},"alternateName":"MrFix","potentialAction":[{"@type":"SearchAction","target":{"@type":"EntryPoint","urlTemplate":"https:\/\/mrfix.nl\/fr\/?s={search_term_string}"},"query-input":{"@type":"PropertyValueSpecification","valueRequired":true,"valueName":"search_term_string"}}],"inLanguage":"fr-FR"},{"@type":"Organization","@id":"https:\/\/mrfix.nl\/fr\/#organization","name":"Klusbedrijf MrFix.nl BV","alternateName":"MrFix","url":"https:\/\/mrfix.nl\/fr\/","logo":{"@type":"ImageObject","inLanguage":"fr-FR","@id":"https:\/\/mrfix.nl\/fr\/#\/schema\/logo\/image\/","url":"https:\/\/mrfix.nl\/wp-content\/uploads\/2026\/04\/MrFix-master_SQ_WhiteOnBlack_EN.jpg","contentUrl":"https:\/\/mrfix.nl\/wp-content\/uploads\/2026\/04\/MrFix-master_SQ_WhiteOnBlack_EN.jpg","width":800,"height":800,"caption":"Klusbedrijf MrFix.nl BV"},"image":{"@id":"https:\/\/mrfix.nl\/fr\/#\/schema\/logo\/image\/"},"sameAs":["https:\/\/www.facebook.com\/MrFix.Nederland","https:\/\/x.com\/MrFixNL","https:\/\/www.linkedin.com\/company\/10360262\/","https:\/\/www.instagram.com\/mrfix.nl\/"]}]}},"_links":{"self":[{"href":"https:\/\/mrfix.nl\/fr\/wp-json\/wp\/v2\/pages\/5051","targetHints":{"allow":["GET"]}}],"collection":[{"href":"https:\/\/mrfix.nl\/fr\/wp-json\/wp\/v2\/pages"}],"about":[{"href":"https:\/\/mrfix.nl\/fr\/wp-json\/wp\/v2\/types\/page"}],"author":[{"embeddable":true,"href":"https:\/\/mrfix.nl\/fr\/wp-json\/wp\/v2\/users\/1"}],"replies":[{"embeddable":true,"href":"https:\/\/mrfix.nl\/fr\/wp-json\/wp\/v2\/comments?post=5051"}],"version-history":[{"count":3,"href":"https:\/\/mrfix.nl\/fr\/wp-json\/wp\/v2\/pages\/5051\/revisions"}],"predecessor-version":[{"id":6806,"href":"https:\/\/mrfix.nl\/fr\/wp-json\/wp\/v2\/pages\/5051\/revisions\/6806"}],"wp:featuredmedia":[{"embeddable":true,"href":"https:\/\/mrfix.nl\/fr\/wp-json\/wp\/v2\/media\/59214"}],"wp:attachment":[{"href":"https:\/\/mrfix.nl\/fr\/wp-json\/wp\/v2\/media?parent=5051"}],"curies":[{"name":"wp","href":"https:\/\/api.w.org\/{rel}","templated":true}]}}