{"id":4972,"date":"2024-05-30T08:30:20","date_gmt":"2024-05-30T08:30:20","guid":{"rendered":"https:\/\/mrfix.nl\/elektricien\/"},"modified":"2024-05-30T08:30:24","modified_gmt":"2024-05-30T08:30:24","slug":"electricien","status":"publish","type":"page","link":"https:\/\/mrfix.nl\/fr\/electricien\/","title":{"rendered":"\u00c9lectricien"},"content":{"rendered":"<ul>\n<li>Estimation ou devis gratuit<\/li>\n<li>300+ experts pr\u00e9s\u00e9lectionn\u00e9s<\/li>\n<li>Contact direct 24h\/24 et 7j\/7 via <a href=\"https:\/\/client.mrfix.nl\/\" target=\"_blank\" rel=\"noopener\">notre application<\/a><\/li>\n<\/ul>\n","protected":false},"excerpt":{"rendered":"<p>Estimation ou devis gratuit + experts pr\u00e9s\u00e9lectionn\u00e9s Contact direct 24h\/24 et 7j\/7 via notre application<\/p>\n","protected":false},"author":4,"featured_media":59111,"parent":0,"menu_order":0,"comment_status":"closed","ping_status":"open","template":"pages\/expert-type-template.php","meta":{"_acf_changed":false,"inline_featured_image":false,"footnotes":""},"class_list":["post-4972","page","type-page","status-publish","has-post-thumbnail","hentry"],"acf":[],"yoast_head":"<!-- This site is optimized with the Yoast SEO plugin v27.5 - https:\/\/yoast.com\/product\/yoast-seo-wordpress\/ -->\n<title>\u00c9lectricien - MrFix<\/title>\n<meta name=\"description\" content=\"\u00c9lectricien services : r\u00e9servez votre expert pr\u00e9s\u00e9lectionn\u00e9 en 1 heure. Professionnels de confiance pour un travail r\u00e9ussi d\u00e8s la 1\u00e8re fois.\" \/>\n<meta name=\"robots\" content=\"index, follow, max-snippet:-1, max-image-preview:large, max-video-preview:-1\" \/>\n<link rel=\"canonical\" href=\"https:\/\/mrfix.nl\/fr\/electricien\/\" \/>\n<meta property=\"og:locale\" content=\"fr_FR\" \/>\n<meta property=\"og:type\" content=\"article\" \/>\n<meta property=\"og:title\" content=\"\u00c9lectricien - MrFix\" \/>\n<meta property=\"og:description\" content=\"\u00c9lectricien services : r\u00e9servez votre expert pr\u00e9s\u00e9lectionn\u00e9 en 1 heure. Professionnels de confiance pour un travail r\u00e9ussi d\u00e8s la 1\u00e8re fois.\" \/>\n<meta property=\"og:url\" content=\"https:\/\/mrfix.nl\/fr\/electricien\/\" \/>\n<meta property=\"og:site_name\" content=\"MrFix\" \/>\n<meta property=\"article:publisher\" content=\"https:\/\/www.facebook.com\/MrFix.Nederland\" \/>\n<meta property=\"article:modified_time\" content=\"2024-05-30T08:30:24+00:00\" \/>\n<meta property=\"og:image\" content=\"https:\/\/mrfix.nl\/wp-content\/uploads\/2024\/05\/gxUq8P7RJnz8SyAAxoZoHwoyUL7s5jtns_ZaABCHTu8.jpg\" \/>\n\t<meta property=\"og:image:width\" content=\"1\" \/>\n\t<meta property=\"og:image:height\" content=\"1\" \/>\n\t<meta property=\"og:image:type\" content=\"image\/jpeg\" \/>\n<meta name=\"twitter:card\" content=\"summary_large_image\" \/>\n<meta name=\"twitter:site\" content=\"@MrFixNL\" \/>\n<script type=\"application\/ld+json\" class=\"yoast-schema-graph\">{\"@context\":\"https:\\\/\\\/schema.org\",\"@graph\":[{\"@type\":\"WebPage\",\"@id\":\"https:\\\/\\\/mrfix.nl\\\/fr\\\/electricien\\\/\",\"url\":\"https:\\\/\\\/mrfix.nl\\\/fr\\\/electricien\\\/\",\"name\":\"\u00c9lectricien - MrFix\",\"isPartOf\":{\"@id\":\"https:\\\/\\\/mrfix.nl\\\/fr\\\/#website\"},\"primaryImageOfPage\":{\"@id\":\"https:\\\/\\\/mrfix.nl\\\/fr\\\/electricien\\\/#primaryimage\"},\"image\":{\"@id\":\"https:\\\/\\\/mrfix.nl\\\/fr\\\/electricien\\\/#primaryimage\"},\"thumbnailUrl\":\"https:\\\/\\\/mrfix.nl\\\/wp-content\\\/uploads\\\/2024\\\/05\\\/gxUq8P7RJnz8SyAAxoZoHwoyUL7s5jtns_ZaABCHTu8.jpg\",\"datePublished\":\"2024-05-30T08:30:20+00:00\",\"dateModified\":\"2024-05-30T08:30:24+00:00\",\"description\":\"\u00c9lectricien services : r\u00e9servez votre expert pr\u00e9s\u00e9lectionn\u00e9 en 1 heure. Professionnels de confiance pour un travail r\u00e9ussi d\u00e8s la 1\u00e8re fois.\",\"breadcrumb\":{\"@id\":\"https:\\\/\\\/mrfix.nl\\\/fr\\\/electricien\\\/#breadcrumb\"},\"inLanguage\":\"fr-FR\",\"potentialAction\":[{\"@type\":\"ReadAction\",\"target\":[\"https:\\\/\\\/mrfix.nl\\\/fr\\\/electricien\\\/\"]}]},{\"@type\":\"ImageObject\",\"inLanguage\":\"fr-FR\",\"@id\":\"https:\\\/\\\/mrfix.nl\\\/fr\\\/electricien\\\/#primaryimage\",\"url\":\"https:\\\/\\\/mrfix.nl\\\/wp-content\\\/uploads\\\/2024\\\/05\\\/gxUq8P7RJnz8SyAAxoZoHwoyUL7s5jtns_ZaABCHTu8.jpg\",\"contentUrl\":\"https:\\\/\\\/mrfix.nl\\\/wp-content\\\/uploads\\\/2024\\\/05\\\/gxUq8P7RJnz8SyAAxoZoHwoyUL7s5jtns_ZaABCHTu8.jpg\"},{\"@type\":\"BreadcrumbList\",\"@id\":\"https:\\\/\\\/mrfix.nl\\\/fr\\\/electricien\\\/#breadcrumb\",\"itemListElement\":[{\"@type\":\"ListItem\",\"position\":1,\"name\":\"Page d'accueil\",\"item\":\"https:\\\/\\\/mrfix.nl\\\/fr\\\/\"},{\"@type\":\"ListItem\",\"position\":2,\"name\":\"\u00c9lectricien\"}]},{\"@type\":\"WebSite\",\"@id\":\"https:\\\/\\\/mrfix.nl\\\/fr\\\/#website\",\"url\":\"https:\\\/\\\/mrfix.nl\\\/fr\\\/\",\"name\":\"MrFix building repair service\",\"description\":\"Hand-picked experts\",\"publisher\":{\"@id\":\"https:\\\/\\\/mrfix.nl\\\/fr\\\/#organization\"},\"alternateName\":\"MrFix\",\"potentialAction\":[{\"@type\":\"SearchAction\",\"target\":{\"@type\":\"EntryPoint\",\"urlTemplate\":\"https:\\\/\\\/mrfix.nl\\\/fr\\\/?s={search_term_string}\"},\"query-input\":{\"@type\":\"PropertyValueSpecification\",\"valueRequired\":true,\"valueName\":\"search_term_string\"}}],\"inLanguage\":\"fr-FR\"},{\"@type\":\"Organization\",\"@id\":\"https:\\\/\\\/mrfix.nl\\\/fr\\\/#organization\",\"name\":\"Klusbedrijf MrFix.nl BV\",\"alternateName\":\"MrFix\",\"url\":\"https:\\\/\\\/mrfix.nl\\\/fr\\\/\",\"logo\":{\"@type\":\"ImageObject\",\"inLanguage\":\"fr-FR\",\"@id\":\"https:\\\/\\\/mrfix.nl\\\/fr\\\/#\\\/schema\\\/logo\\\/image\\\/\",\"url\":\"https:\\\/\\\/mrfix.nl\\\/wp-content\\\/uploads\\\/2026\\\/04\\\/MrFix-master_SQ_WhiteOnBlack_EN.jpg\",\"contentUrl\":\"https:\\\/\\\/mrfix.nl\\\/wp-content\\\/uploads\\\/2026\\\/04\\\/MrFix-master_SQ_WhiteOnBlack_EN.jpg\",\"width\":800,\"height\":800,\"caption\":\"Klusbedrijf MrFix.nl BV\"},\"image\":{\"@id\":\"https:\\\/\\\/mrfix.nl\\\/fr\\\/#\\\/schema\\\/logo\\\/image\\\/\"},\"sameAs\":[\"https:\\\/\\\/www.facebook.com\\\/MrFix.Nederland\",\"https:\\\/\\\/x.com\\\/MrFixNL\",\"https:\\\/\\\/www.linkedin.com\\\/company\\\/10360262\\\/\",\"https:\\\/\\\/www.instagram.com\\\/mrfix.nl\\\/\"]}]}<\/script>\n<!-- \/ Yoast SEO plugin. -->","yoast_head_json":{"title":"\u00c9lectricien - MrFix","description":"\u00c9lectricien services : r\u00e9servez votre expert pr\u00e9s\u00e9lectionn\u00e9 en 1 heure. Professionnels de confiance pour un travail r\u00e9ussi d\u00e8s la 1\u00e8re fois.","robots":{"index":"index","follow":"follow","max-snippet":"max-snippet:-1","max-image-preview":"max-image-preview:large","max-video-preview":"max-video-preview:-1"},"canonical":"https:\/\/mrfix.nl\/fr\/electricien\/","og_locale":"fr_FR","og_type":"article","og_title":"\u00c9lectricien - MrFix","og_description":"\u00c9lectricien services : r\u00e9servez votre expert pr\u00e9s\u00e9lectionn\u00e9 en 1 heure. Professionnels de confiance pour un travail r\u00e9ussi d\u00e8s la 1\u00e8re fois.","og_url":"https:\/\/mrfix.nl\/fr\/electricien\/","og_site_name":"MrFix","article_publisher":"https:\/\/www.facebook.com\/MrFix.Nederland","article_modified_time":"2024-05-30T08:30:24+00:00","og_image":[{"url":"https:\/\/mrfix.nl\/wp-content\/uploads\/2024\/05\/gxUq8P7RJnz8SyAAxoZoHwoyUL7s5jtns_ZaABCHTu8.jpg","width":1,"height":1,"type":"image\/jpeg"}],"twitter_card":"summary_large_image","twitter_site":"@MrFixNL","schema":{"@context":"https:\/\/schema.org","@graph":[{"@type":"WebPage","@id":"https:\/\/mrfix.nl\/fr\/electricien\/","url":"https:\/\/mrfix.nl\/fr\/electricien\/","name":"\u00c9lectricien - MrFix","isPartOf":{"@id":"https:\/\/mrfix.nl\/fr\/#website"},"primaryImageOfPage":{"@id":"https:\/\/mrfix.nl\/fr\/electricien\/#primaryimage"},"image":{"@id":"https:\/\/mrfix.nl\/fr\/electricien\/#primaryimage"},"thumbnailUrl":"https:\/\/mrfix.nl\/wp-content\/uploads\/2024\/05\/gxUq8P7RJnz8SyAAxoZoHwoyUL7s5jtns_ZaABCHTu8.jpg","datePublished":"2024-05-30T08:30:20+00:00","dateModified":"2024-05-30T08:30:24+00:00","description":"\u00c9lectricien services : r\u00e9servez votre expert pr\u00e9s\u00e9lectionn\u00e9 en 1 heure. Professionnels de confiance pour un travail r\u00e9ussi d\u00e8s la 1\u00e8re fois.","breadcrumb":{"@id":"https:\/\/mrfix.nl\/fr\/electricien\/#breadcrumb"},"inLanguage":"fr-FR","potentialAction":[{"@type":"ReadAction","target":["https:\/\/mrfix.nl\/fr\/electricien\/"]}]},{"@type":"ImageObject","inLanguage":"fr-FR","@id":"https:\/\/mrfix.nl\/fr\/electricien\/#primaryimage","url":"https:\/\/mrfix.nl\/wp-content\/uploads\/2024\/05\/gxUq8P7RJnz8SyAAxoZoHwoyUL7s5jtns_ZaABCHTu8.jpg","contentUrl":"https:\/\/mrfix.nl\/wp-content\/uploads\/2024\/05\/gxUq8P7RJnz8SyAAxoZoHwoyUL7s5jtns_ZaABCHTu8.jpg"},{"@type":"BreadcrumbList","@id":"https:\/\/mrfix.nl\/fr\/electricien\/#breadcrumb","itemListElement":[{"@type":"ListItem","position":1,"name":"Page d'accueil","item":"https:\/\/mrfix.nl\/fr\/"},{"@type":"ListItem","position":2,"name":"\u00c9lectricien"}]},{"@type":"WebSite","@id":"https:\/\/mrfix.nl\/fr\/#website","url":"https:\/\/mrfix.nl\/fr\/","name":"MrFix building repair service","description":"Hand-picked experts","publisher":{"@id":"https:\/\/mrfix.nl\/fr\/#organization"},"alternateName":"MrFix","potentialAction":[{"@type":"SearchAction","target":{"@type":"EntryPoint","urlTemplate":"https:\/\/mrfix.nl\/fr\/?s={search_term_string}"},"query-input":{"@type":"PropertyValueSpecification","valueRequired":true,"valueName":"search_term_string"}}],"inLanguage":"fr-FR"},{"@type":"Organization","@id":"https:\/\/mrfix.nl\/fr\/#organization","name":"Klusbedrijf MrFix.nl BV","alternateName":"MrFix","url":"https:\/\/mrfix.nl\/fr\/","logo":{"@type":"ImageObject","inLanguage":"fr-FR","@id":"https:\/\/mrfix.nl\/fr\/#\/schema\/logo\/image\/","url":"https:\/\/mrfix.nl\/wp-content\/uploads\/2026\/04\/MrFix-master_SQ_WhiteOnBlack_EN.jpg","contentUrl":"https:\/\/mrfix.nl\/wp-content\/uploads\/2026\/04\/MrFix-master_SQ_WhiteOnBlack_EN.jpg","width":800,"height":800,"caption":"Klusbedrijf MrFix.nl BV"},"image":{"@id":"https:\/\/mrfix.nl\/fr\/#\/schema\/logo\/image\/"},"sameAs":["https:\/\/www.facebook.com\/MrFix.Nederland","https:\/\/x.com\/MrFixNL","https:\/\/www.linkedin.com\/company\/10360262\/","https:\/\/www.instagram.com\/mrfix.nl\/"]}]}},"_links":{"self":[{"href":"https:\/\/mrfix.nl\/fr\/wp-json\/wp\/v2\/pages\/4972","targetHints":{"allow":["GET"]}}],"collection":[{"href":"https:\/\/mrfix.nl\/fr\/wp-json\/wp\/v2\/pages"}],"about":[{"href":"https:\/\/mrfix.nl\/fr\/wp-json\/wp\/v2\/types\/page"}],"author":[{"embeddable":true,"href":"https:\/\/mrfix.nl\/fr\/wp-json\/wp\/v2\/users\/4"}],"replies":[{"embeddable":true,"href":"https:\/\/mrfix.nl\/fr\/wp-json\/wp\/v2\/comments?post=4972"}],"version-history":[{"count":3,"href":"https:\/\/mrfix.nl\/fr\/wp-json\/wp\/v2\/pages\/4972\/revisions"}],"predecessor-version":[{"id":6686,"href":"https:\/\/mrfix.nl\/fr\/wp-json\/wp\/v2\/pages\/4972\/revisions\/6686"}],"wp:featuredmedia":[{"embeddable":true,"href":"https:\/\/mrfix.nl\/fr\/wp-json\/wp\/v2\/media\/59111"}],"wp:attachment":[{"href":"https:\/\/mrfix.nl\/fr\/wp-json\/wp\/v2\/media?parent=4972"}],"curies":[{"name":"wp","href":"https:\/\/api.w.org\/{rel}","templated":true}]}}