{"id":2137,"date":"2023-06-14T10:08:56","date_gmt":"2023-06-14T10:08:56","guid":{"rendered":"http:\/\/mrfix.centum-test.site\/privacy-tatement\/"},"modified":"2026-04-04T15:16:04","modified_gmt":"2026-04-04T15:16:04","slug":"declaration-confidentialite","status":"publish","type":"page","link":"https:\/\/mrfix.nl\/fr\/declaration-confidentialite\/","title":{"rendered":"D\u00e9claration de confidentialit\u00e9 &#8211; Klusbedrijf MrFix.nl BV (ci-apr\u00e8s \u00ab MrFix \u00bb)"},"content":{"rendered":"<p><strong>Il s&rsquo;agit d&rsquo;une traduction automatique de notre d\u00e9claration de confidentialit\u00e9 pour votre commodit\u00e9. En cas de divergence ou de doute, le texte original n\u00e9erlandais pr\u00e9vaut :<\/strong><br \/>\n&nbsp;<br \/>\n&nbsp;<br \/>\n<strong>Applicabilit\u00e9<\/strong><br \/>\n&nbsp;<br \/>\nCette d\u00e9claration de confidentialit\u00e9 s&rsquo;applique \u00e0 toutes les informations sensibles ou donn\u00e9es personnelles sensibles que vous nous fournissez, par exemple via un formulaire d&rsquo;inscription, un formulaire de contact ou des demandes d&#8217;emploi que vous soumettez via notre application mobile, notre site Web <a href=\"\/\">https : \/\/MrFix.nl <\/a> ou d&rsquo;une autre mani\u00e8re. Nous attachons une grande importance \u00e0 la vie priv\u00e9e de nos Clients et apportons donc le plus grand soin au traitement et \u00e0 la protection des donn\u00e9es personnelles. Nous traitons les donn\u00e9es conform\u00e9ment aux conditions fix\u00e9es par le R\u00e8glement G\u00e9n\u00e9ral sur la Protection des Donn\u00e9es (RGPD). MrFix est responsable au sens du RGPD du traitement de vos donn\u00e9es personnelles. Cela signifie que nous sommes les seuls \u00e0 d\u00e9terminer quelles donn\u00e9es personnelles sont trait\u00e9es, dans quel but et de quelle mani\u00e8re. Nous sommes responsables de garantir que vos donn\u00e9es personnelles sont trait\u00e9es correctement et soigneusement conform\u00e9ment au RGPD. Dans cette d\u00e9claration de confidentialit\u00e9, nous expliquons quelles donn\u00e9es nous traitons et \u00e0 quelles fins elles sont utilis\u00e9es.<br \/>\n&nbsp;<br \/>\n<strong>Aper\u00e7u des donn\u00e9es personnelles<\/strong><br \/>\n&nbsp;<br \/>\nVous trouverez ci-dessous un aper\u00e7u des donn\u00e9es personnelles que nous traitons. Pour chaque Client :<\/p>\n<ul>\n<li>Nom et pr\u00e9nom<\/li>\n<li>Adresse<\/li>\n<li>Num\u00e9ro(s) de t\u00e9l\u00e9phone<\/li>\n<li>Adresse e-mail<\/li>\n<li>R\u00e9sum\u00e9 de votre demande d&#8217;emploi, y compris les \u00e9ventuels fichiers (photo) et votre disponibilit\u00e9<\/li>\n<\/ul>\n<p>Et dans certains cas \u00e9galement :<\/p>\n<ul>\n<li>Adresse IP du visiteur du site Web<\/li>\n<li>Num\u00e9ro de compte bancaire<\/li>\n<li>Sexe<\/li>\n<li>Date de naissance<\/li>\n<\/ul>\n<p><strong>Objectifs et principes du traitement des donn\u00e9es personnelles<\/strong><br \/>\n&nbsp;<br \/>\nEn acceptant cette d\u00e9claration de confidentialit\u00e9, vous autorisez explicitement (au sens de l&rsquo;article 6, paragraphe 1, point a) du RGPD) le traitement de vos donn\u00e9es personnelles aux fins mentionn\u00e9es ci-dessous. Vous pouvez retirer ce consentement \u00e0 tout moment. Cependant, si vous ne nous fournissez pas certaines informations ou si nous ne les faisons pas traiter, nous ne serons peut-\u00eatre pas en mesure de vous servir correctement.<br \/>\n&nbsp;<br \/>\nSi vous ne nous avez pas donn\u00e9 votre consentement explicite pour traiter vos donn\u00e9es personnelles ou si vous avez retir\u00e9 ce consentement, le traitement de vos donn\u00e9es personnelles peut \u00eatre fond\u00e9 sur l&rsquo;article 6, paragraphe 1, points b), c) et\/ou f) du le RGPD s&rsquo;applique. Dans ce cas, le traitement de vos donn\u00e9es personnelles peut avoir lieu sans votre consentement, \u00e0 condition que cela soit n\u00e9cessaire \u00e0 l&rsquo;ex\u00e9cution d&rsquo;un accord auquel vous \u00eates ou deviendrez partie, ou n\u00e9cessaire \u00e0 la repr\u00e9sentation des int\u00e9r\u00eats l\u00e9gitimes de MrFix. Par ailleurs, nous pouvons \u00eatre soumis \u00e0 une obligation l\u00e9gale de traiter vos donn\u00e9es personnelles.<br \/>\n&nbsp;<br \/>\nNous traitons vos donn\u00e9es personnelles aux fins suivantes :<\/p>\n<ul>\n<li>Pour vous offrir la possibilit\u00e9 de cr\u00e9er un compte<\/li>\n<li>Pour trouver un professionnel adapt\u00e9 \u00e0 votre demande d&#8217;emploi<\/li>\n<li>Pour pouvoir communiquer avec vous (via application mobile, e-mail, t\u00e9l\u00e9phone, WhatsApp ou SMS) concernant l&rsquo;ex\u00e9cution de votre demande d&#8217;emploi, que nous prenons en charge<\/li>\n<li>Pour g\u00e9rer votre paiement, \u00e9ventuellement avec des partenaires avec lesquels MrFix a un accord de coop\u00e9ration<\/li>\n<li>Pour pouvoir traiter plus rapidement vos demandes d&#8217;emploi ult\u00e9rieures<\/li>\n<li>Pour mieux adapter le service \u00e0 vos besoins<\/li>\n<li>\u00c9valuer et am\u00e9liorer la qualit\u00e9 de nos services<\/li>\n<li>Pour envoyer notre newsletter et\/ou des conseils de bricoleur<\/li>\n<li>Pour vous informer des modifications apport\u00e9es \u00e0 nos services et \u00e0 nos r\u00e9glementations<\/li>\n<\/ul>\n<p>Nous ne stockons pas vos donn\u00e9es personnelles plus longtemps que n\u00e9cessaire pour atteindre ces objectifs.<br \/>\n&nbsp;<br \/>\n<strong>Mise \u00e0 disposition de tiers<\/strong><br \/>\n&nbsp;<br \/>\nNous pouvons partager vos donn\u00e9es personnelles avec des tiers si cela est compatible avec les finalit\u00e9s mentionn\u00e9es ci-dessus. Fournir le r\u00e9sum\u00e9 de votre m\u00e9tier ainsi que l&rsquo;adresse d&rsquo;exportation et votre disponibilit\u00e9 aux professionnels est essentiel pour trouver le bon professionnel qui dessert votre r\u00e9gion et qui est disponible. De plus, MrFix partage des donn\u00e9es avec des partenaires commerciaux avec lesquels MrFix a un accord de coop\u00e9ration. Il s&rsquo;agit de mieux adapter le service aux besoins des clients et d&rsquo;\u00e9valuer et d&rsquo;am\u00e9liorer la qualit\u00e9 du service. Enfin, la mise \u00e0 disposition de tiers peut \u00eatre n\u00e9cessaire pour l&rsquo;ex\u00e9cution d&rsquo;un accord entre vous et nous, pour la repr\u00e9sentation d&rsquo;un de nos int\u00e9r\u00eats l\u00e9gitimes, ou pour respecter toute obligation l\u00e9gale \u00e0 laquelle nous sommes soumis. Nous exigeons que les professionnels adh\u00e8rent \u00e0 cette d\u00e9claration de confidentialit\u00e9. Nous concluons un accord de traitement avec toute autre soci\u00e9t\u00e9 qui traite vos donn\u00e9es en notre nom afin de garantir le m\u00eame niveau de s\u00e9curit\u00e9 et de confidentialit\u00e9 de vos donn\u00e9es. Nous restons responsables de ce traitement. En dehors des situations ci-dessus, nous ne transmettons vos donn\u00e9es personnelles \u00e0 d&rsquo;autres tiers qu&rsquo;avec votre consentement \u00e9crit ou verbal.<br \/>\n&nbsp;<br \/>\n<strong>\u00c0 des fins commerciales<\/strong><br \/>\n&nbsp;<br \/>\nNous pouvons utiliser vos donn\u00e9es personnelles \u00e0 des fins commerciales, par exemple pour vous fournir de plus amples informations sur nos services ou sur des produits ou services pertinents provenant d&rsquo;organisations soigneusement s\u00e9lectionn\u00e9es. Dans ce cas, vous ne serez inform\u00e9 qu&rsquo;\u00e0 l&rsquo;adresse e-mail que vous avez enregistr\u00e9e. Si vous ne souhaitez pas recevoir d&rsquo;informations sur des produits ou services pertinents, vous pouvez facilement l&rsquo;indiquer en cliquant sur \u00ab se d\u00e9sabonner \u00bb dans l&rsquo;e-mail re\u00e7u.<br \/>\n&nbsp;<br \/>\nNous utilisons \u00e9galement vos donn\u00e9es personnelles \u00e0 des fins d&rsquo;\u00e9tudes de march\u00e9 et d&rsquo;optimisation de nos services. Dans ce contexte, vos donn\u00e9es personnelles seront anonymis\u00e9es et ne pourront donc plus \u00eatre retrac\u00e9es jusqu&rsquo;\u00e0 vous.<br \/>\n&nbsp;<br \/>\nVos donn\u00e9es ne seront ni vendues ni partag\u00e9es avec des tiers \u00e0 des fins commerciales, sauf si vous y consentez express\u00e9ment.<br \/>\n&nbsp;<br \/>\n<strong>Prise de d\u00e9cision automatis\u00e9e<\/strong><br \/>\n&nbsp;<br \/>\nNous prenons des d\u00e9cisions bas\u00e9es sur un traitement automatis\u00e9 sur des sujets pouvant avoir des cons\u00e9quences pour les personnes. Il s&rsquo;agit de d\u00e9cisions prises par des programmes ou des syst\u00e8mes informatiques, sans l&rsquo;intervention d&rsquo;un \u00eatre humain (par exemple un de nos employ\u00e9s). Nous utilisons pour cela les syst\u00e8mes informatiques suivants :<\/p>\n<ul>\n<li>Podio avec le module Globiflow (tous deux d\u00e9tenus par <a href=\"https:\/\/www.citrix.com\/about\/legal\/privacy\/\" rel=\"noopener\" target=\"_blank\">Citrix Systems Inc<\/ a>) de relier votre demande d&#8217;emploi \u00e0 un professionnel sur la base de votre r\u00e9sum\u00e9 et des donn\u00e9es dont nous disposons sur les domaines et les r\u00e9gions d&rsquo;activit\u00e9 des professionnels.<\/li>\n<li>Application PIM (gestion des informations personnelles) <a href=\"https:\/\/www.google.com\/intl\/nl_nl\/policies\/privacy\/?fg=1\" rel=\"noopener\" target=\"_blank\"> Google <\/a>Contacts<\/li>\n<li>CMS (syst\u00e8me de gestion de contenu) <a href=\"https:\/\/automattic.com\/privacy\/\" rel=\"noopener\" target=\"_blank\">WordPress<\/a><\/li>\n<li>D\u00e9veloppeurs Web <a href=\"https:\/\/www.centum-d.com\/en\/privacy-policy\/\" rel=\"noopener\" target=\"_blank\">Centum-D<\/a> et <a href=\"https:\/\/go2people-websites.nl\/service-level-agreement-go2people-websites\/\" rel=\"noopener\" target=\"_blank\"> Go2People<\/a><\/li>\n<li>H\u00e9bergeurs Web <a href=\"https:\/\/aws.amazon.com\/privacy\/\" rel=\"noopener\" target=\"_blank\">AWS<\/a>, <a href=\"https:\/\/www .hetzner.com\/legal\/privacy-policy\/\" rel=\"noopener\" target=\"_blank\">Hetzner<\/a> et <a href=\"https:\/\/www.cloudvps.com\/sites\/default\/files\/ documents \/CloudVPS_SLA_Classic_VPS_EN_v1.pdf\" rel=\"noopener\" target=\"_blank\">CloudVPS<\/a><\/li>\n<li>Connecteur d&rsquo;application <a href=\"https:\/\/zapier.com\/privacy\/\" rel=\"noopener\" target=\"_blank\">Zapier<\/a><\/li>\n<li>Prestataire de services de paiement <a href=\"https:\/\/www.mollie.com\/privacy\" rel=\"noopener\" target=\"_blank\">Mollie<\/a><\/li>\n<li>Services de messagerie <a href=\"https:\/\/www.twilio.com\/en-us\/legal\/privacy\" rel=\"noopener\" target=\"_blank\">Twilio<\/a>, <a href=\"https:\/\/www.tyntec.com\/data-privacy-statement\/\" rel=\"noopener\" target=\"_blank\">Tyntec<\/a> et <a href=\"https:\/\/www.textmagic.com\/privacy -policy\/\" rel=\"noopener\" target=\"_blank\">TextMagic<\/a><\/li>\n<li>Programmes de messagerie <a href=\"https:\/\/www.mailjet.com\/legal\/privacy-policy\/\" rel=\"noopener\" target=\"_blank\">Mailjet<\/a> et <a href=\"https:\/\/www.mailgun.com\/legal\/privacy-policy\/\" rel=\"noopener\" target=\"_blank\">Mailgun<\/a><\/li>\n<\/ul>\n<p><strong>Cookies<\/strong><br \/>\n&nbsp;<br \/>\nUn cookie est un petit fichier texte stock\u00e9 sur votre ordinateur, tablette ou smartphone lors de votre premi\u00e8re visite sur ce site Internet. Vous pouvez vous d\u00e9sinscrire de ces cookies en param\u00e9trant votre navigateur internet pour qu&rsquo;il ne stocke plus de cookies. De plus, vous pouvez \u00e9galement supprimer toutes les informations pr\u00e9c\u00e9demment stock\u00e9es via les param\u00e8tres de votre navigateur.<br \/>\n&nbsp;<br \/>\nNous utilisons les cookies suivants :<\/p>\n<ul>\n<li>Cookies fonctionnels : ce sont des cookies n\u00e9cessaires au fonctionnement technique du site Web et \u00e0 votre facilit\u00e9 d&rsquo;utilisation. Ils veillent au bon fonctionnement du site Internet et m\u00e9morisent par exemple vos pr\u00e9f\u00e9rences. Nous pouvons \u00e9galement optimiser notre site Web avec cela. Il s&rsquo;agit de cookies analytiques qui ne portent pas atteinte \u00e0 votre vie priv\u00e9e et pour lesquels nous n&rsquo;exigeons pas votre autorisation pr\u00e9alable.<\/li>\n<li>Cookies de suivi : nous pla\u00e7ons des cookies qui suivent votre comportement de navigation afin de pouvoir proposer du contenu et des publicit\u00e9s personnalis\u00e9s. Lors de votre premi\u00e8re visite sur notre site Internet, nous vous avons d\u00e9j\u00e0 inform\u00e9 de ces cookies et vous avons demand\u00e9 l&rsquo;autorisation de les placer. Vous pouvez vous d\u00e9sinscrire des cookies en param\u00e9trant votre navigateur internet pour qu&rsquo;il ne stocke plus de cookies. De plus, vous pouvez \u00e9galement supprimer toutes les informations pr\u00e9c\u00e9demment stock\u00e9es via les param\u00e8tres de votre navigateur.<\/li>\n<li>Google Analytics et Ads : des cookies de la soci\u00e9t\u00e9 am\u00e9ricaine Google sont plac\u00e9s sur ce site Web dans le cadre des services \u00ab\u00a0Analytics\u00a0\u00bb et \u00ab\u00a0Ads\u00a0\u00bb. MrFix utilise ces services pour rendre les textes de nos publicit\u00e9s Ads aussi pertinents que possible et pour recevoir des rapports sur la fa\u00e7on dont le site Web est utilis\u00e9 et pour mesurer sa qualit\u00e9 et son efficacit\u00e9. Nous utilisons Google Analytics et Ads de la mani\u00e8re prescrite par l&rsquo;autorit\u00e9 n\u00e9erlandaise de protection des donn\u00e9es afin de b\u00e9n\u00e9ficier de l&rsquo;exception de la loi sur les cookies, ce qui signifie que nous n&rsquo;avons pas besoin de votre autorisation pr\u00e9alable pour utiliser Google Analytics ou Ads.<\/li>\n<li>Facebook (pixel et partage), LinkedIn (partage) et Twitter (partage) : des cookies des soci\u00e9t\u00e9s am\u00e9ricaines Facebook, LinkedIn et Twitter sont d\u00e9pos\u00e9s sur ce site Internet, principalement pour permettre au visiteur de partager nos contenus sur leurs plateformes respectives. MrFix utilise ces services pour recevoir des rapports sur le contenu partag\u00e9 sur notre site Web et pour mesurer la qualit\u00e9 et l&rsquo;efficacit\u00e9 de ce contenu. Nous utilisons Facebook, LinkedIn et Twitter de la mani\u00e8re prescrite par l&rsquo;autorit\u00e9 n\u00e9erlandaise de protection des donn\u00e9es afin de b\u00e9n\u00e9ficier de l&rsquo;exception de la loi sur les cookies, ce qui signifie que nous n&rsquo;avons pas besoin de votre autorisation pr\u00e9alable pour utiliser Facebook, LinkedIn et Twitter.<\/li >\n<\/ul>\n<p><strong>Afficher, corriger ou supprimer<\/strong><br \/>\n&nbsp;<br \/>\nVous avez le droit de consulter, de rectifier ou de supprimer vos donn\u00e9es personnelles. Vous avez \u00e9galement le droit de retirer votre consentement au traitement des donn\u00e9es ou de vous opposer au traitement de vos donn\u00e9es personnelles. Vous avez le droit \u00e0 la portabilit\u00e9 de vos donn\u00e9es (\u00ab portabilit\u00e9 des donn\u00e9es \u00bb) si nous disposons de donn\u00e9es personnelles num\u00e9riques que nous traitons avec votre consentement ou que nous traitons pour ex\u00e9cuter un accord que nous avons conclu avec vous. Cela signifie que vous pouvez nous demander d&rsquo;envoyer les donn\u00e9es personnelles num\u00e9riques que nous stockons \u00e0 votre sujet dans un fichier informatique lisible \u00e0 vous ou \u00e0 une autre organisation mentionn\u00e9e par vous.<br \/>\n&nbsp;<br \/>\nVous pouvez envoyer une demande d&rsquo;acc\u00e8s, de rectification, de suppression, de transfert de donn\u00e9es de vos donn\u00e9es personnelles ou de retrait de votre consentement ou une objection au traitement de vos donn\u00e9es personnelles \u00e0 <a href=\"mailto:security@mrfix.nl\">security@ mrfix.nl <\/a>. Afin de garantir que la demande d&rsquo;acc\u00e8s a bien \u00e9t\u00e9 effectu\u00e9e par vous, nous vous demandons de joindre \u00e0 la demande une copie de votre justificatif d&rsquo;identit\u00e9. Faites en noir sur cette copie votre photo d&rsquo;identit\u00e9, votre MRZ (zone lisible par machine, la bande avec les num\u00e9ros au bas du passeport), votre num\u00e9ro de passeport et votre num\u00e9ro de service citoyen (BSN). Il s&rsquo;agit de prot\u00e9ger votre vie priv\u00e9e. Nous r\u00e9pondrons normalement \u00e0 votre demande dans un d\u00e9lai de 24 heures, mais en tout cas dans un d\u00e9lai de 4 semaines.<br \/>\n&nbsp;<br \/>\nNous tenons \u00e9galement \u00e0 souligner que vous avez la possibilit\u00e9 de d\u00e9poser une plainte aupr\u00e8s de l&rsquo;autorit\u00e9 de contr\u00f4le nationale, l&rsquo;autorit\u00e9 n\u00e9erlandaise de protection des donn\u00e9es.<br \/>\n&nbsp;<br \/>\n<strong>Contact<\/strong><br \/>\n&nbsp;<br \/>\nNous prenons la protection de vos donn\u00e9es au s\u00e9rieux et prenons les mesures appropri\u00e9es pour emp\u00eacher toute utilisation abusive, perte, acc\u00e8s non autoris\u00e9, divulgation ind\u00e9sirable et modification non autoris\u00e9e. Si vous avez l&rsquo;impression que vos donn\u00e9es ne sont pas correctement s\u00e9curis\u00e9es ou s&rsquo;il existe des indications d&rsquo;utilisation abusive, veuillez contacter imm\u00e9diatement notre directeur Michiel via <a href=\"mailto:security@mrfix.nl\">security@mrfix.nl<\/ a>. Vous pouvez contacter cette adresse pour tous probl\u00e8mes et questions dans le domaine de la confidentialit\u00e9 et de la s\u00e9curit\u00e9.<br \/>\n&nbsp;<br \/>\nBricoleur MrFix.nl BV<br \/>\nRue Weesper 98-A<br \/>\n1112AP Diemen<br \/>\nles Pays-Bas<br \/>\n&nbsp;<br \/>\nConfidentialit\u00e9 et s\u00e9curit\u00e9 : <a href=\"mailto:security@mrfix.nl\">security@mrfix.nl<\/a><br \/>\nAutres questions : <a href=\"mailto:info@mrfix.nl\">info@mrfix.nl<\/a><br \/>\n&nbsp;<br \/>\n+31-20-6750333<br \/>\n&nbsp;<br \/>\n&nbsp;<br \/>\nDiemen, mars 2024<\/p>\n","protected":false},"excerpt":{"rendered":"<p>Il s&rsquo;agit d&rsquo;une traduction automatique de notre d\u00e9claration de confidentialit\u00e9 pour votre commodit\u00e9. En cas de divergence ou de doute, le texte original n\u00e9erlandais pr\u00e9vaut : &nbsp; &nbsp; Applicabilit\u00e9 &nbsp; Cette d\u00e9claration de confidentialit\u00e9 s&rsquo;applique \u00e0 toutes les informations sensibles ou donn\u00e9es personnelles sensibles que vous nous fournissez, par exemple via un formulaire d&rsquo;inscription, un [&hellip;]<\/p>\n","protected":false},"author":1,"featured_media":0,"parent":0,"menu_order":0,"comment_status":"closed","ping_status":"open","template":"","meta":{"_acf_changed":false,"inline_featured_image":false,"footnotes":""},"class_list":["post-2137","page","type-page","status-publish","hentry"],"acf":[],"yoast_head":"<!-- This site is optimized with the Yoast SEO plugin v27.5 - https:\/\/yoast.com\/product\/yoast-seo-wordpress\/ -->\n<title>D\u00e9claration de confidentialit\u00e9 - Klusbedrijf MrFix.nl BV (ci-apr\u00e8s \u00ab MrFix \u00bb) - MrFix<\/title>\n<meta name=\"description\" content=\"Book your expert via our app: Clients.MrFix.nl. MrFix is transparent about and\" \/>\n<meta name=\"robots\" content=\"index, follow, max-snippet:-1, max-image-preview:large, max-video-preview:-1\" \/>\n<link rel=\"canonical\" href=\"https:\/\/mrfix.nl\/fr\/declaration-confidentialite\/\" \/>\n<meta property=\"og:locale\" content=\"fr_FR\" \/>\n<meta property=\"og:type\" content=\"article\" \/>\n<meta property=\"og:title\" content=\"D\u00e9claration de confidentialit\u00e9 - Klusbedrijf MrFix.nl BV (ci-apr\u00e8s \u00ab MrFix \u00bb) - MrFix\" \/>\n<meta property=\"og:description\" content=\"Book your expert via our app: Clients.MrFix.nl. MrFix is transparent about and\" \/>\n<meta property=\"og:url\" content=\"https:\/\/mrfix.nl\/fr\/declaration-confidentialite\/\" \/>\n<meta property=\"og:site_name\" content=\"MrFix\" \/>\n<meta property=\"article:publisher\" content=\"https:\/\/www.facebook.com\/MrFix.Nederland\" \/>\n<meta property=\"article:modified_time\" content=\"2026-04-04T15:16:04+00:00\" \/>\n<meta name=\"twitter:card\" content=\"summary_large_image\" \/>\n<meta name=\"twitter:site\" content=\"@MrFixNL\" \/>\n<meta name=\"twitter:label1\" content=\"Dur\u00e9e de lecture estim\u00e9e\" \/>\n\t<meta name=\"twitter:data1\" content=\"8 minutes\" \/>\n<script type=\"application\/ld+json\" class=\"yoast-schema-graph\">{\"@context\":\"https:\\\/\\\/schema.org\",\"@graph\":[{\"@type\":\"WebPage\",\"@id\":\"https:\\\/\\\/mrfix.nl\\\/fr\\\/declaration-confidentialite\\\/\",\"url\":\"https:\\\/\\\/mrfix.nl\\\/fr\\\/declaration-confidentialite\\\/\",\"name\":\"D\u00e9claration de confidentialit\u00e9 - Klusbedrijf MrFix.nl BV (ci-apr\u00e8s \u00ab MrFix \u00bb) - MrFix\",\"isPartOf\":{\"@id\":\"https:\\\/\\\/mrfix.nl\\\/fr\\\/#website\"},\"datePublished\":\"2023-06-14T10:08:56+00:00\",\"dateModified\":\"2026-04-04T15:16:04+00:00\",\"description\":\"Book your expert via our app: Clients.MrFix.nl. MrFix is transparent about and\",\"breadcrumb\":{\"@id\":\"https:\\\/\\\/mrfix.nl\\\/fr\\\/declaration-confidentialite\\\/#breadcrumb\"},\"inLanguage\":\"fr-FR\",\"potentialAction\":[{\"@type\":\"ReadAction\",\"target\":[\"https:\\\/\\\/mrfix.nl\\\/fr\\\/declaration-confidentialite\\\/\"]}]},{\"@type\":\"BreadcrumbList\",\"@id\":\"https:\\\/\\\/mrfix.nl\\\/fr\\\/declaration-confidentialite\\\/#breadcrumb\",\"itemListElement\":[{\"@type\":\"ListItem\",\"position\":1,\"name\":\"Page d'accueil\",\"item\":\"https:\\\/\\\/mrfix.nl\\\/fr\\\/\"},{\"@type\":\"ListItem\",\"position\":2,\"name\":\"D\u00e9claration de confidentialit\u00e9 &#8211; Klusbedrijf MrFix.nl BV (ci-apr\u00e8s \u00ab MrFix \u00bb)\"}]},{\"@type\":\"WebSite\",\"@id\":\"https:\\\/\\\/mrfix.nl\\\/fr\\\/#website\",\"url\":\"https:\\\/\\\/mrfix.nl\\\/fr\\\/\",\"name\":\"MrFix building repair service\",\"description\":\"Hand-picked experts\",\"publisher\":{\"@id\":\"https:\\\/\\\/mrfix.nl\\\/fr\\\/#organization\"},\"alternateName\":\"MrFix\",\"potentialAction\":[{\"@type\":\"SearchAction\",\"target\":{\"@type\":\"EntryPoint\",\"urlTemplate\":\"https:\\\/\\\/mrfix.nl\\\/fr\\\/?s={search_term_string}\"},\"query-input\":{\"@type\":\"PropertyValueSpecification\",\"valueRequired\":true,\"valueName\":\"search_term_string\"}}],\"inLanguage\":\"fr-FR\"},{\"@type\":\"Organization\",\"@id\":\"https:\\\/\\\/mrfix.nl\\\/fr\\\/#organization\",\"name\":\"Klusbedrijf MrFix.nl BV\",\"alternateName\":\"MrFix\",\"url\":\"https:\\\/\\\/mrfix.nl\\\/fr\\\/\",\"logo\":{\"@type\":\"ImageObject\",\"inLanguage\":\"fr-FR\",\"@id\":\"https:\\\/\\\/mrfix.nl\\\/fr\\\/#\\\/schema\\\/logo\\\/image\\\/\",\"url\":\"https:\\\/\\\/mrfix.nl\\\/wp-content\\\/uploads\\\/2026\\\/04\\\/MrFix-master_SQ_WhiteOnBlack_EN.jpg\",\"contentUrl\":\"https:\\\/\\\/mrfix.nl\\\/wp-content\\\/uploads\\\/2026\\\/04\\\/MrFix-master_SQ_WhiteOnBlack_EN.jpg\",\"width\":800,\"height\":800,\"caption\":\"Klusbedrijf MrFix.nl BV\"},\"image\":{\"@id\":\"https:\\\/\\\/mrfix.nl\\\/fr\\\/#\\\/schema\\\/logo\\\/image\\\/\"},\"sameAs\":[\"https:\\\/\\\/www.facebook.com\\\/MrFix.Nederland\",\"https:\\\/\\\/x.com\\\/MrFixNL\",\"https:\\\/\\\/www.linkedin.com\\\/company\\\/10360262\\\/\",\"https:\\\/\\\/www.instagram.com\\\/mrfix.nl\\\/\"]}]}<\/script>\n<!-- \/ Yoast SEO plugin. -->","yoast_head_json":{"title":"D\u00e9claration de confidentialit\u00e9 - Klusbedrijf MrFix.nl BV (ci-apr\u00e8s \u00ab MrFix \u00bb) - MrFix","description":"Book your expert via our app: Clients.MrFix.nl. MrFix is transparent about and","robots":{"index":"index","follow":"follow","max-snippet":"max-snippet:-1","max-image-preview":"max-image-preview:large","max-video-preview":"max-video-preview:-1"},"canonical":"https:\/\/mrfix.nl\/fr\/declaration-confidentialite\/","og_locale":"fr_FR","og_type":"article","og_title":"D\u00e9claration de confidentialit\u00e9 - Klusbedrijf MrFix.nl BV (ci-apr\u00e8s \u00ab MrFix \u00bb) - MrFix","og_description":"Book your expert via our app: Clients.MrFix.nl. MrFix is transparent about and","og_url":"https:\/\/mrfix.nl\/fr\/declaration-confidentialite\/","og_site_name":"MrFix","article_publisher":"https:\/\/www.facebook.com\/MrFix.Nederland","article_modified_time":"2026-04-04T15:16:04+00:00","twitter_card":"summary_large_image","twitter_site":"@MrFixNL","twitter_misc":{"Dur\u00e9e de lecture estim\u00e9e":"8 minutes"},"schema":{"@context":"https:\/\/schema.org","@graph":[{"@type":"WebPage","@id":"https:\/\/mrfix.nl\/fr\/declaration-confidentialite\/","url":"https:\/\/mrfix.nl\/fr\/declaration-confidentialite\/","name":"D\u00e9claration de confidentialit\u00e9 - Klusbedrijf MrFix.nl BV (ci-apr\u00e8s \u00ab MrFix \u00bb) - MrFix","isPartOf":{"@id":"https:\/\/mrfix.nl\/fr\/#website"},"datePublished":"2023-06-14T10:08:56+00:00","dateModified":"2026-04-04T15:16:04+00:00","description":"Book your expert via our app: Clients.MrFix.nl. MrFix is transparent about and","breadcrumb":{"@id":"https:\/\/mrfix.nl\/fr\/declaration-confidentialite\/#breadcrumb"},"inLanguage":"fr-FR","potentialAction":[{"@type":"ReadAction","target":["https:\/\/mrfix.nl\/fr\/declaration-confidentialite\/"]}]},{"@type":"BreadcrumbList","@id":"https:\/\/mrfix.nl\/fr\/declaration-confidentialite\/#breadcrumb","itemListElement":[{"@type":"ListItem","position":1,"name":"Page d'accueil","item":"https:\/\/mrfix.nl\/fr\/"},{"@type":"ListItem","position":2,"name":"D\u00e9claration de confidentialit\u00e9 &#8211; Klusbedrijf MrFix.nl BV (ci-apr\u00e8s \u00ab MrFix \u00bb)"}]},{"@type":"WebSite","@id":"https:\/\/mrfix.nl\/fr\/#website","url":"https:\/\/mrfix.nl\/fr\/","name":"MrFix building repair service","description":"Hand-picked experts","publisher":{"@id":"https:\/\/mrfix.nl\/fr\/#organization"},"alternateName":"MrFix","potentialAction":[{"@type":"SearchAction","target":{"@type":"EntryPoint","urlTemplate":"https:\/\/mrfix.nl\/fr\/?s={search_term_string}"},"query-input":{"@type":"PropertyValueSpecification","valueRequired":true,"valueName":"search_term_string"}}],"inLanguage":"fr-FR"},{"@type":"Organization","@id":"https:\/\/mrfix.nl\/fr\/#organization","name":"Klusbedrijf MrFix.nl BV","alternateName":"MrFix","url":"https:\/\/mrfix.nl\/fr\/","logo":{"@type":"ImageObject","inLanguage":"fr-FR","@id":"https:\/\/mrfix.nl\/fr\/#\/schema\/logo\/image\/","url":"https:\/\/mrfix.nl\/wp-content\/uploads\/2026\/04\/MrFix-master_SQ_WhiteOnBlack_EN.jpg","contentUrl":"https:\/\/mrfix.nl\/wp-content\/uploads\/2026\/04\/MrFix-master_SQ_WhiteOnBlack_EN.jpg","width":800,"height":800,"caption":"Klusbedrijf MrFix.nl BV"},"image":{"@id":"https:\/\/mrfix.nl\/fr\/#\/schema\/logo\/image\/"},"sameAs":["https:\/\/www.facebook.com\/MrFix.Nederland","https:\/\/x.com\/MrFixNL","https:\/\/www.linkedin.com\/company\/10360262\/","https:\/\/www.instagram.com\/mrfix.nl\/"]}]}},"_links":{"self":[{"href":"https:\/\/mrfix.nl\/fr\/wp-json\/wp\/v2\/pages\/2137","targetHints":{"allow":["GET"]}}],"collection":[{"href":"https:\/\/mrfix.nl\/fr\/wp-json\/wp\/v2\/pages"}],"about":[{"href":"https:\/\/mrfix.nl\/fr\/wp-json\/wp\/v2\/types\/page"}],"author":[{"embeddable":true,"href":"https:\/\/mrfix.nl\/fr\/wp-json\/wp\/v2\/users\/1"}],"replies":[{"embeddable":true,"href":"https:\/\/mrfix.nl\/fr\/wp-json\/wp\/v2\/comments?post=2137"}],"version-history":[{"count":6,"href":"https:\/\/mrfix.nl\/fr\/wp-json\/wp\/v2\/pages\/2137\/revisions"}],"predecessor-version":[{"id":59396,"href":"https:\/\/mrfix.nl\/fr\/wp-json\/wp\/v2\/pages\/2137\/revisions\/59396"}],"wp:attachment":[{"href":"https:\/\/mrfix.nl\/fr\/wp-json\/wp\/v2\/media?parent=2137"}],"curies":[{"name":"wp","href":"https:\/\/api.w.org\/{rel}","templated":true}]}}