{"id":10561,"date":"2024-05-06T08:32:20","date_gmt":"2024-05-06T08:32:20","guid":{"rendered":"https:\/\/mrfix.centum-test.site\/la-haye\/"},"modified":"2026-04-30T00:11:59","modified_gmt":"2026-04-30T00:11:59","slug":"la-haye","status":"publish","type":"page","link":"https:\/\/mrfix.nl\/fr\/la-haye\/","title":{"rendered":"R\u00e9parer ta maison \u00e0 La Haye"},"content":{"rendered":"<ul>\n<li>Estimation ou devis gratuit<\/li>\n<li>300+ experts pr\u00e9s\u00e9lectionn\u00e9s<\/li>\n<li>Contact direct 24h\/24 et 7j\/7 via <a href=\"https:\/\/client.mrfix.nl\/\" target=\"_blank\" rel=\"noopener\">notre application<\/a><\/li>\n<\/ul>\n","protected":false},"excerpt":{"rendered":"<p>Estimation ou devis gratuit + experts pr\u00e9s\u00e9lectionn\u00e9s Contact direct 24h\/24 et 7j\/7 via notre application<\/p>\n","protected":false},"author":1,"featured_media":10547,"parent":0,"menu_order":0,"comment_status":"closed","ping_status":"open","template":"pages\/city.php","meta":{"_acf_changed":false,"inline_featured_image":false,"footnotes":""},"class_list":["post-10561","page","type-page","status-publish","has-post-thumbnail","hentry"],"acf":[],"yoast_head":"<!-- This site is optimized with the Yoast SEO plugin v27.5 - https:\/\/yoast.com\/product\/yoast-seo-wordpress\/ -->\n<title>R\u00e9parer ta maison \u00e0 La Haye - MrFix<\/title>\n<meta name=\"description\" content=\"R\u00e9servez votre expert pr\u00e9-s\u00e9lectionn\u00e9 \u00e0 La Haye sur Client.MrFix.nl. Rendez-vous en 1 heure et travail r\u00e9ussi du 1er coup garanti.\" \/>\n<meta name=\"robots\" content=\"index, follow, max-snippet:-1, max-image-preview:large, max-video-preview:-1\" \/>\n<link rel=\"canonical\" href=\"https:\/\/mrfix.nl\/fr\/la-haye\/\" \/>\n<meta property=\"og:locale\" content=\"fr_FR\" \/>\n<meta property=\"og:type\" content=\"article\" \/>\n<meta property=\"og:title\" content=\"R\u00e9parer ta maison \u00e0 La Haye - MrFix\" \/>\n<meta property=\"og:description\" content=\"R\u00e9servez votre expert pr\u00e9-s\u00e9lectionn\u00e9 \u00e0 La Haye sur Client.MrFix.nl. Rendez-vous en 1 heure et travail r\u00e9ussi du 1er coup garanti.\" \/>\n<meta property=\"og:url\" content=\"https:\/\/mrfix.nl\/fr\/la-haye\/\" \/>\n<meta property=\"og:site_name\" content=\"MrFix\" \/>\n<meta property=\"article:publisher\" content=\"https:\/\/www.facebook.com\/MrFix.Nederland\" \/>\n<meta property=\"article:modified_time\" content=\"2026-04-30T00:11:59+00:00\" \/>\n<meta property=\"og:image\" content=\"https:\/\/mrfix.nl\/wp-content\/uploads\/2024\/05\/tEI8qfkGpErjffWku3V1mtxdB854ekyaq3JKc0n1Guw.jpg\" \/>\n\t<meta property=\"og:image:width\" content=\"1\" \/>\n\t<meta property=\"og:image:height\" content=\"1\" \/>\n\t<meta property=\"og:image:type\" content=\"image\/jpeg\" \/>\n<meta name=\"twitter:card\" content=\"summary_large_image\" \/>\n<meta name=\"twitter:site\" content=\"@MrFixNL\" \/>\n<meta name=\"twitter:label1\" content=\"Dur\u00e9e de lecture estim\u00e9e\" \/>\n\t<meta name=\"twitter:data1\" content=\"1 minute\" \/>\n<script type=\"application\/ld+json\" class=\"yoast-schema-graph\">{\"@context\":\"https:\\\/\\\/schema.org\",\"@graph\":[{\"@type\":\"WebPage\",\"@id\":\"https:\\\/\\\/mrfix.nl\\\/fr\\\/la-haye\\\/\",\"url\":\"https:\\\/\\\/mrfix.nl\\\/fr\\\/la-haye\\\/\",\"name\":\"R\u00e9parer ta maison \u00e0 La Haye - MrFix\",\"isPartOf\":{\"@id\":\"https:\\\/\\\/mrfix.nl\\\/fr\\\/#website\"},\"primaryImageOfPage\":{\"@id\":\"https:\\\/\\\/mrfix.nl\\\/fr\\\/la-haye\\\/#primaryimage\"},\"image\":{\"@id\":\"https:\\\/\\\/mrfix.nl\\\/fr\\\/la-haye\\\/#primaryimage\"},\"thumbnailUrl\":\"https:\\\/\\\/mrfix.nl\\\/wp-content\\\/uploads\\\/2024\\\/05\\\/tEI8qfkGpErjffWku3V1mtxdB854ekyaq3JKc0n1Guw.jpg\",\"datePublished\":\"2024-05-06T08:32:20+00:00\",\"dateModified\":\"2026-04-30T00:11:59+00:00\",\"description\":\"R\u00e9servez votre expert pr\u00e9-s\u00e9lectionn\u00e9 \u00e0 La Haye sur Client.MrFix.nl. Rendez-vous en 1 heure et travail r\u00e9ussi du 1er coup garanti.\",\"breadcrumb\":{\"@id\":\"https:\\\/\\\/mrfix.nl\\\/fr\\\/la-haye\\\/#breadcrumb\"},\"inLanguage\":\"fr-FR\",\"potentialAction\":[{\"@type\":\"ReadAction\",\"target\":[\"https:\\\/\\\/mrfix.nl\\\/fr\\\/la-haye\\\/\"]}]},{\"@type\":\"ImageObject\",\"inLanguage\":\"fr-FR\",\"@id\":\"https:\\\/\\\/mrfix.nl\\\/fr\\\/la-haye\\\/#primaryimage\",\"url\":\"https:\\\/\\\/mrfix.nl\\\/wp-content\\\/uploads\\\/2024\\\/05\\\/tEI8qfkGpErjffWku3V1mtxdB854ekyaq3JKc0n1Guw.jpg\",\"contentUrl\":\"https:\\\/\\\/mrfix.nl\\\/wp-content\\\/uploads\\\/2024\\\/05\\\/tEI8qfkGpErjffWku3V1mtxdB854ekyaq3JKc0n1Guw.jpg\"},{\"@type\":\"BreadcrumbList\",\"@id\":\"https:\\\/\\\/mrfix.nl\\\/fr\\\/la-haye\\\/#breadcrumb\",\"itemListElement\":[{\"@type\":\"ListItem\",\"position\":1,\"name\":\"Page d'accueil\",\"item\":\"https:\\\/\\\/mrfix.nl\\\/fr\\\/\"},{\"@type\":\"ListItem\",\"position\":2,\"name\":\"R\u00e9parer ta maison \u00e0 La Haye\"}]},{\"@type\":\"WebSite\",\"@id\":\"https:\\\/\\\/mrfix.nl\\\/fr\\\/#website\",\"url\":\"https:\\\/\\\/mrfix.nl\\\/fr\\\/\",\"name\":\"MrFix building repair service\",\"description\":\"Hand-picked experts\",\"publisher\":{\"@id\":\"https:\\\/\\\/mrfix.nl\\\/fr\\\/#organization\"},\"alternateName\":\"MrFix\",\"potentialAction\":[{\"@type\":\"SearchAction\",\"target\":{\"@type\":\"EntryPoint\",\"urlTemplate\":\"https:\\\/\\\/mrfix.nl\\\/fr\\\/?s={search_term_string}\"},\"query-input\":{\"@type\":\"PropertyValueSpecification\",\"valueRequired\":true,\"valueName\":\"search_term_string\"}}],\"inLanguage\":\"fr-FR\"},{\"@type\":\"Organization\",\"@id\":\"https:\\\/\\\/mrfix.nl\\\/fr\\\/#organization\",\"name\":\"Klusbedrijf MrFix.nl BV\",\"alternateName\":\"MrFix\",\"url\":\"https:\\\/\\\/mrfix.nl\\\/fr\\\/\",\"logo\":{\"@type\":\"ImageObject\",\"inLanguage\":\"fr-FR\",\"@id\":\"https:\\\/\\\/mrfix.nl\\\/fr\\\/#\\\/schema\\\/logo\\\/image\\\/\",\"url\":\"https:\\\/\\\/mrfix.nl\\\/wp-content\\\/uploads\\\/2026\\\/04\\\/MrFix-master_SQ_WhiteOnBlack_EN.jpg\",\"contentUrl\":\"https:\\\/\\\/mrfix.nl\\\/wp-content\\\/uploads\\\/2026\\\/04\\\/MrFix-master_SQ_WhiteOnBlack_EN.jpg\",\"width\":800,\"height\":800,\"caption\":\"Klusbedrijf MrFix.nl BV\"},\"image\":{\"@id\":\"https:\\\/\\\/mrfix.nl\\\/fr\\\/#\\\/schema\\\/logo\\\/image\\\/\"},\"sameAs\":[\"https:\\\/\\\/www.facebook.com\\\/MrFix.Nederland\",\"https:\\\/\\\/x.com\\\/MrFixNL\",\"https:\\\/\\\/www.linkedin.com\\\/company\\\/10360262\\\/\",\"https:\\\/\\\/www.instagram.com\\\/mrfix.nl\\\/\"]}]}<\/script>\n<!-- \/ Yoast SEO plugin. -->","yoast_head_json":{"title":"R\u00e9parer ta maison \u00e0 La Haye - MrFix","description":"R\u00e9servez votre expert pr\u00e9-s\u00e9lectionn\u00e9 \u00e0 La Haye sur Client.MrFix.nl. Rendez-vous en 1 heure et travail r\u00e9ussi du 1er coup garanti.","robots":{"index":"index","follow":"follow","max-snippet":"max-snippet:-1","max-image-preview":"max-image-preview:large","max-video-preview":"max-video-preview:-1"},"canonical":"https:\/\/mrfix.nl\/fr\/la-haye\/","og_locale":"fr_FR","og_type":"article","og_title":"R\u00e9parer ta maison \u00e0 La Haye - MrFix","og_description":"R\u00e9servez votre expert pr\u00e9-s\u00e9lectionn\u00e9 \u00e0 La Haye sur Client.MrFix.nl. Rendez-vous en 1 heure et travail r\u00e9ussi du 1er coup garanti.","og_url":"https:\/\/mrfix.nl\/fr\/la-haye\/","og_site_name":"MrFix","article_publisher":"https:\/\/www.facebook.com\/MrFix.Nederland","article_modified_time":"2026-04-30T00:11:59+00:00","og_image":[{"url":"https:\/\/mrfix.nl\/wp-content\/uploads\/2024\/05\/tEI8qfkGpErjffWku3V1mtxdB854ekyaq3JKc0n1Guw.jpg","width":1,"height":1,"type":"image\/jpeg"}],"twitter_card":"summary_large_image","twitter_site":"@MrFixNL","twitter_misc":{"Dur\u00e9e de lecture estim\u00e9e":"1 minute"},"schema":{"@context":"https:\/\/schema.org","@graph":[{"@type":"WebPage","@id":"https:\/\/mrfix.nl\/fr\/la-haye\/","url":"https:\/\/mrfix.nl\/fr\/la-haye\/","name":"R\u00e9parer ta maison \u00e0 La Haye - MrFix","isPartOf":{"@id":"https:\/\/mrfix.nl\/fr\/#website"},"primaryImageOfPage":{"@id":"https:\/\/mrfix.nl\/fr\/la-haye\/#primaryimage"},"image":{"@id":"https:\/\/mrfix.nl\/fr\/la-haye\/#primaryimage"},"thumbnailUrl":"https:\/\/mrfix.nl\/wp-content\/uploads\/2024\/05\/tEI8qfkGpErjffWku3V1mtxdB854ekyaq3JKc0n1Guw.jpg","datePublished":"2024-05-06T08:32:20+00:00","dateModified":"2026-04-30T00:11:59+00:00","description":"R\u00e9servez votre expert pr\u00e9-s\u00e9lectionn\u00e9 \u00e0 La Haye sur Client.MrFix.nl. Rendez-vous en 1 heure et travail r\u00e9ussi du 1er coup garanti.","breadcrumb":{"@id":"https:\/\/mrfix.nl\/fr\/la-haye\/#breadcrumb"},"inLanguage":"fr-FR","potentialAction":[{"@type":"ReadAction","target":["https:\/\/mrfix.nl\/fr\/la-haye\/"]}]},{"@type":"ImageObject","inLanguage":"fr-FR","@id":"https:\/\/mrfix.nl\/fr\/la-haye\/#primaryimage","url":"https:\/\/mrfix.nl\/wp-content\/uploads\/2024\/05\/tEI8qfkGpErjffWku3V1mtxdB854ekyaq3JKc0n1Guw.jpg","contentUrl":"https:\/\/mrfix.nl\/wp-content\/uploads\/2024\/05\/tEI8qfkGpErjffWku3V1mtxdB854ekyaq3JKc0n1Guw.jpg"},{"@type":"BreadcrumbList","@id":"https:\/\/mrfix.nl\/fr\/la-haye\/#breadcrumb","itemListElement":[{"@type":"ListItem","position":1,"name":"Page d'accueil","item":"https:\/\/mrfix.nl\/fr\/"},{"@type":"ListItem","position":2,"name":"R\u00e9parer ta maison \u00e0 La Haye"}]},{"@type":"WebSite","@id":"https:\/\/mrfix.nl\/fr\/#website","url":"https:\/\/mrfix.nl\/fr\/","name":"MrFix building repair service","description":"Hand-picked experts","publisher":{"@id":"https:\/\/mrfix.nl\/fr\/#organization"},"alternateName":"MrFix","potentialAction":[{"@type":"SearchAction","target":{"@type":"EntryPoint","urlTemplate":"https:\/\/mrfix.nl\/fr\/?s={search_term_string}"},"query-input":{"@type":"PropertyValueSpecification","valueRequired":true,"valueName":"search_term_string"}}],"inLanguage":"fr-FR"},{"@type":"Organization","@id":"https:\/\/mrfix.nl\/fr\/#organization","name":"Klusbedrijf MrFix.nl BV","alternateName":"MrFix","url":"https:\/\/mrfix.nl\/fr\/","logo":{"@type":"ImageObject","inLanguage":"fr-FR","@id":"https:\/\/mrfix.nl\/fr\/#\/schema\/logo\/image\/","url":"https:\/\/mrfix.nl\/wp-content\/uploads\/2026\/04\/MrFix-master_SQ_WhiteOnBlack_EN.jpg","contentUrl":"https:\/\/mrfix.nl\/wp-content\/uploads\/2026\/04\/MrFix-master_SQ_WhiteOnBlack_EN.jpg","width":800,"height":800,"caption":"Klusbedrijf MrFix.nl BV"},"image":{"@id":"https:\/\/mrfix.nl\/fr\/#\/schema\/logo\/image\/"},"sameAs":["https:\/\/www.facebook.com\/MrFix.Nederland","https:\/\/x.com\/MrFixNL","https:\/\/www.linkedin.com\/company\/10360262\/","https:\/\/www.instagram.com\/mrfix.nl\/"]}]}},"_links":{"self":[{"href":"https:\/\/mrfix.nl\/fr\/wp-json\/wp\/v2\/pages\/10561","targetHints":{"allow":["GET"]}}],"collection":[{"href":"https:\/\/mrfix.nl\/fr\/wp-json\/wp\/v2\/pages"}],"about":[{"href":"https:\/\/mrfix.nl\/fr\/wp-json\/wp\/v2\/types\/page"}],"author":[{"embeddable":true,"href":"https:\/\/mrfix.nl\/fr\/wp-json\/wp\/v2\/users\/1"}],"replies":[{"embeddable":true,"href":"https:\/\/mrfix.nl\/fr\/wp-json\/wp\/v2\/comments?post=10561"}],"version-history":[{"count":1,"href":"https:\/\/mrfix.nl\/fr\/wp-json\/wp\/v2\/pages\/10561\/revisions"}],"predecessor-version":[{"id":60025,"href":"https:\/\/mrfix.nl\/fr\/wp-json\/wp\/v2\/pages\/10561\/revisions\/60025"}],"wp:featuredmedia":[{"embeddable":true,"href":"https:\/\/mrfix.nl\/fr\/wp-json\/wp\/v2\/media\/10547"}],"wp:attachment":[{"href":"https:\/\/mrfix.nl\/fr\/wp-json\/wp\/v2\/media?parent=10561"}],"curies":[{"name":"wp","href":"https:\/\/api.w.org\/{rel}","templated":true}]}}