{"id":59601,"date":"2023-07-06T09:09:58","date_gmt":"2023-07-06T09:09:58","guid":{"rendered":"https:\/\/mrfix.centum-test.site\/?page_id=59601"},"modified":"2026-04-11T18:44:06","modified_gmt":"2026-04-11T18:44:06","slug":"tarifas-mrfix","status":"publish","type":"page","link":"https:\/\/mrfix.nl\/es\/tarifas-mrfix\/","title":{"rendered":"Tarifas MrFix"},"content":{"rendered":"<h2 class=\"wp-block-heading\">Tarifas y pago de reparaciones del hogar: una excelente relaci\u00f3n calidad-precio<\/h2>\n<p>MrFix se distingue por sus tarifas justas. Aqu\u00ed le explicamos c\u00f3mo podemos ayudarle a obtener una excelente relaci\u00f3n calidad-precio. Consulte <a href=\"https:\/\/mrfix.centum-test.site\/es\/ayuda\/\">Ayuda<\/a> para preguntas sobre otros temas.<\/p>\n<p>&nbsp;<\/p>\n<h2 class=\"wp-block-heading\">Tarifas razonables de reparaci\u00f3n del hogar<\/h2>\n<p>MrFix ha negociado tarifas para reparaciones y mejoras de edificio en nombre de los Clientes con los expertos correspondientes que:<\/p>\n<ul>\n<li>Se aplican a las inspecciones para trabajos con presupuesto y a la ejecuci\u00f3n de trabajos menores que no requieren presupuesto<\/li>\n<li>Tarifas desde \u20ac45 hasta \u20ac115 por hora-hombre, seg\u00fan la complejidad y la escasez de habilidades:\n<ul>\n<li><a href=\"https:\/\/mrfix.centum-test.site\/es\/limpiador-profesional\/\">Limpiador profesional<\/a> \u20ac45<\/li>\n<li>Pintor (IVA reducido, ver m\u00e1s abajo) o <a href=\"https:\/\/mrfix.centum-test.site\/es\/manitas\/\">Manitas general<\/a> (incl. <a href=\"https:\/\/mrfix.centum-test.site\/en\/refurbishment\/\">Contratista de construcci\u00f3n<\/a>) \u20ac55<\/li>\n<li><a href=\"https:\/\/mrfix.centum-test.site\/es\/jardinero\/\">Jardinero<\/a> \u20ac55<\/li>\n<li><a href=\"https:\/\/mrfix.centum-test.site\/en\/plasterer\/\">Yesero<\/a> o <a href=\"https:\/\/mrfix.centum-test.site\/en\/wallpaperer\/\">Pintor de paredes<\/a> \u20ac70 (ambos con IVA reducido, ver m\u00e1s abajo)<\/li>\n<li><a href=\"https:\/\/mrfix.centum-test.site\/en\/tiling\/\">Alicatador<\/a> o <a href=\"https:\/\/mrfix.centum-test.site\/en\/masonry\/\">Alba\u00f1il<\/a> \u20ac\n<li><a href=\"https:\/\/mrfix.centum-test.site\/en\/carpenter\/\">Carpintero<\/a> \u20ac70<\/li>\n<li><a href=\"https:\/\/mrfix.centum-test.site\/es\/cerrajero\/\">Cerrajero<\/a> o <a href=\"https:\/\/mrfix.centum-test.site\/en\/glazier\/\">Cristalero<\/a> \u20ac75<\/li>\n<li><a href=\"https:\/\/mrfix.centum-test.site\/es\/electricista\/\">Electricista<\/a> o <a href=\"https:\/\/mrfix.centum-test.site\/es\/tecnico-informatico\/\">Experto en inform\u00e1tica<\/a> \u20ac85<\/li>\n<li><a \n\n<li><a href=\"https:\/\/mrfix.centum-test.site\/es\/fontanero\/\">Fontanero<\/a> \u20ac95 (nota: un <a href=\"\/en\/central-heating-thermostat\/\">Instalador de calefacci\u00f3n central<\/a>, un <a href=\"https:\/\/mrfix.centum-test.site\/en\/roofing-work\/\">Techador<\/a> o un <a href=\"https:\/\/mrfix.centum-test.site\/en\/damp-protection\/\">Especialista en impermeabilizaci\u00f3n<\/a> son \u20ac105)<\/li>\n<p> Tapicero de muebles<\/li>\n<\/ul>\n<li>Son justos en dos aspectos:<\/li>\n<ul>\n<li>Permiten al profesional ganarse la vida dignamente. Puede que encuentre tarifas m\u00e1s bajas para reparaciones del hogar en otros lugares, pero estos provocan comportamientos que nuestros clientes no aceptan: facturar m\u00e1s horas de las trabajadas, cobrar recargos por gastos de desplazamiento, etc., o escatimar en calidad.<\/li>\n<li>Son lo m\u00e1s claros posible (ver m\u00e1s abajo) y con todo incluido: IVA y gastos de desplazamiento incluidos. Solo los costes de materiales (por supuesto) y los de aparcamiento son adicionales: a menudo podemos evitar estos \u00faltimos haciendo que el profesional utilice la plaza de aparcamiento del cliente o venga en bicicleta (como hacen varios de nuestros profesionales en \u00c1msterdam). El m\u00ednimo es de 1 hora por persona y, por encima de eso, redondeamos a la media hora m\u00e1s cercana.<\/li>\n<\/ul>\n<p>Se aplica un recargo del 50 % para los trabajos que deben comenzar por la tarde (a partir de las 18:00), los fines de semana, los d\u00edas festivos o con urgencia (en menos de 24 horas). Estos recargos no son acumulables (por lo que nunca hay un recargo del 100 % ni del 150 %) y, si el trabajo tambi\u00e9n se puede realizar durante el d\u00eda, no hay recargo si el t\u00e9cnico decide hacerlo por la tarde o durante el fin de semana.<\/p>\n<p>Por lo tanto, no hay otros recargos, como los de servicios de la competencia o los de manitas por \u00abservicio\u00bb, gastos de desplazamiento, riesgo o beneficio.<\/p>\n<p>\u00bfQu\u00e9 horas se consideran tiempo de trabajo?<br \/>\nNo: Tiempo de desplazamiento al trabajo o de regreso, descansos (para comer, fumar, llamar)<\/p>\n<p>S\u00ed: Tiempo de preparaci\u00f3n (asesoramiento, selecci\u00f3n, pedido, compra\/alquiler o recogida de materiales, herramientas y equipos, cubrir suelos o muebles), visitas de inspecci\u00f3n, ejecuci\u00f3n y mantenimiento posterior (ordenar, limpiar, eliminar residuos, devolver herramientas\/equipos)<\/p>\n<p>Presupuesto vs. Estimaci\u00f3n<br \/>\n\u00bfDesea saber de antemano cu\u00e1nto costar\u00e1 el trabajo (aproximadamente)? \u200b\u200bHaga clic en \u00abPrimero, un presupuesto\u00bb en la esquina inferior derecha del formulario de solicitud. Le enviaremos por correo electr\u00f3nico un <a href=\"https:\/\/mrfix.centum-test.site\/en\/blog\/whats-wiser-a-quote-or-an-estimate\/\">presupuesto vinculante<\/a> con un precio fijo en nombre del experto, si el trabajo requiere m\u00e1s de un d\u00eda de trabajo \/ ~500 \u20ac y usted ha proporcionado suficiente informaci\u00f3n. En la mayor\u00eda de los casos, esto requiere una visita de inspecci\u00f3n pagada por parte del experto: consulte m\u00e1s abajo. Para trabajos de menos de un d\u00eda de trabajo \/ ~500 \u20ac, solicitamos al experto una estimaci\u00f3n de las horas, junto con la tarifa horaria fija que le dar\u00e1 una buena idea del costo. Consulte <a href=\"https:\/\/mrfix.centum-test.site\/en\/blog\/whats-wiser-a-quote-or-an-estimate\/\">aqu\u00ed<\/a> para obtener m\u00e1s informaci\u00f3n.<\/p>\n<p>&nbsp; <\/p>\n<h2>Visita de inspecci\u00f3n<\/h2>\n<p>Nuestros clientes y expertos prefieren no dedicar tiempo a las visitas de inspecci\u00f3n. Por eso, MrFix facilita la comunicaci\u00f3n para que puedan hacerse preguntas con antelaci\u00f3n (preferiblemente por chat) y compartir fotos y dem\u00e1s. A veces, el cliente solicita asesoramiento o el experto necesita realizar mediciones precisas, por lo que se requiere una visita de inspecci\u00f3n. En ese caso, facturamos la visita como si fuera la ejecuci\u00f3n del trabajo: normalmente, basta con un m\u00ednimo de 1 hora de trabajo por persona. Para trabajos de m\u00e1s de ~500 \u20ac\/d\u00eda, el experto ofrece esa hora de inspecci\u00f3n como descuento si usted acepta el <a href=\"https:\/\/mrfix.centum-test.site\/en\/blog\/whats-wiser-a-quote-or-an-estimate\/\">presupuesto<\/a> (se descontar\u00e1 de la factura final). Le enviaremos el presupuesto del experto por correo electr\u00f3nico en un plazo de 72 horas desde la visita de inspecci\u00f3n, salvo que haya un retraso en la obtenci\u00f3n de informaci\u00f3n de los proveedores del experto.<\/p>\n<p>&nbsp; <\/p>\n<h2>Facturaci\u00f3n y pago<\/h2>\n<p>Tras finalizar el trabajo, MrFix env\u00eda una factura clara en nombre del profesional con un enlace para pagar mediante iDeal o tarjeta de cr\u00e9dito (hasta 1000 \u20ac, en un plazo de 24 horas, ya que el procesamiento tarda m\u00e1s de 7 d\u00edas h\u00e1biles). Tambi\u00e9n puede realizar una transferencia bancaria a nuestra cuenta (en un plazo de 7 d\u00edas; consulte el IBAN al final de la p\u00e1gina web). Si lo desea, podemos cargar el importe autom\u00e1ticamente en su cuenta tras la facturaci\u00f3n. Los trabajos con presupuesto suelen requerir un anticipo, mientras que los dem\u00e1s trabajos se facturan inmediatamente despu\u00e9s de cada jornada laboral. Consejo: <strong>\u00a1Nunca<\/strong> pague en efectivo a un manitas!<\/p>\n<h2>Cancelaci\u00f3n de un trabajo<\/h2>\n<p>Tanto el cliente como el profesional pueden cancelar un trabajo sin coste alguno. Sin embargo, si el cliente confirma un trabajo y luego lo cancela o reprograma con menos de <strong>24 horas<\/strong> de antelaci\u00f3n a la fecha prevista, deber\u00e1 abonar al profesional la tarifa correspondiente a una hora. El experto a menudo no puede cubrir el hueco en su agenda de forma productiva con tan poca antelaci\u00f3n. Lo mismo ocurre si el experto llega durante la franja horaria confirmada de 1 hora, pero el cliente no puede o no quiere dejarle entrar.<\/p>\n<p>Si el experto quiere cambiar una cita, debe avisar al cliente con al menos 24 horas de antelaci\u00f3n. Normalmente no hay problema, pero si el cliente se niega, el experto debe mantener la cita. Si el experto no se presenta, MrFix le env\u00eda una advertencia (dos advertencias implican que MrFix dejar\u00e1 de trabajar con \u00e9l). Y lo que es m\u00e1s importante, \u00a1MrFix hace todo lo posible por encontrar otro experto lo antes posible!<\/p>\n<h2>\u00a1Tasa reducida de IVA en trabajos de pintura y m\u00e1s!<\/h2>\n<p>\u00bfSab\u00eda que la administraci\u00f3n tributaria neerlandesa ayuda a que los siguientes tipos de trabajos sean m\u00e1s asequibles aplicando la <strong>tasa reducida de IVA del 9%<\/strong> (en lugar del 21%)?<\/p>\n<ul>\n<ul>\n<li><a href=\"https:\/\/mrfix.centum-test.site\/es\/pintor\/\">Pintura<\/a> (ver tambi\u00e9n <a href=\"https:\/\/www.belastingdienst.nl\/wps\/wcm\/connect\/bldcontentnl\/belastingdienst\/zakelijk\/btw\/tarieven_en_vrijstellingen\/diensten_9_btw\/werkzaamheden_aan_woningen\/schilderen\" target=\"_blank\" rel=\"noopener\">las reglas, lamentablemente solo en holand\u00e9s<\/a>)<\/li>\n<li><a href=\"\/es\/pintor\/yesero\">Yeser\u00eda<\/a> (ver tambi\u00e9n <a href=\"https:\/\/www.belastingdienst.nl\/wps\/wcm\/connect\/bldcontentnl\/belastingdienst\/zakelijk\/btw\/tarieven_en_vrijstellingen\/diensten_9_btw\/werkzaamheden_aan_woningen\/stukadoren\" target=\"_blank\" rel=\"noopener\">las reglas)<\/a><\/li>\n<li><a href=\"\/en\/painter\/wallpaperer\">Papel colgante<\/a> (ver tambi\u00e9n <a href=\"https:\/\/www.belastingdienst.nl\/wps\/wcm\/connect\/bldcontentnl\/belastingdienst\/zakelijk\/btw\/tarieven_en_vrijstellingen\/diensten_9_btw\/werkzaamheden_aan_woningen\/behangen\" target=\"_blank\" rel=\"noopener\">las reglas)<\/a><\/li>\n<li><a href=\"\/en\/handyman\/refurbishment\/\">Trabajos de aislamiento de viviendas<\/a> (ver tambi\u00e9n <a href=\"https:\/\/www.belastingdienst.nl\/wps\/wcm\/connect\/bldcontentnl\/belastingdienst\/zakelijk\/btw\/tarieven_en_vrijstellingen\/diensten_9_btw\/werkzaamheden_aan_woningen\/isoleren_van_woningen\" target=\"_blank\" rel=\"noopener\">las reglas)<\/a><\/li>\n<li><a href=\"\/es\/manitas-especialistas\/limpiador-profesional\/\">Limpieza<\/a> (ver tambi\u00e9n <a href=\"https:\/\/www.belastingdienst.nl\/wps\/wcm\/connect\/bldcontentnl\/belastingdienst\/zakelijk\/btw\/tarieven_en_vrijstellingen\/diensten_9_btw\/werkzaamheden_aan_woningen\/schoonmaken_in_woningen\" target=\"_blank\" rel=\"noopener\">las reglas)<\/a><\/li>\n<\/ul>\n<\/ul>\n<p>Nota: esto solo se aplica a viviendas con m\u00e1s de 2 a\u00f1os de antig\u00fcedad y cubre tanto la mano de obra como los materiales (excepto el papel pintado).<\/p>\n<h2>Excelente relaci\u00f3n calidad-precio: \u00a1consejos!<\/h2>\n<p>\u00bfC\u00f3mo asegurarse de que su trabajo se realice correctamente a un precio razonable?<\/p>\n<ul>\n<li><strong>Solicite su trabajo lo antes posible.<\/strong> MrFix suele asignar un experto en 24 horas, entre otras cosas, porque el recargo por urgencia del 50 % incentiva al experto a modificar su agenda y priorizar su trabajo. Incluso sin recargo por urgencia, es recomendable solicitar su trabajo con la mayor antelaci\u00f3n posible: as\u00ed podr\u00e1 acceder a m\u00e1s y mejores expertos. Por ejemplo, nuestros mejores pintores suelen tener la agenda completa con unos 12 meses de antelaci\u00f3n.<\/li>\n<li><strong>Prep\u00e1rese bien:<\/strong>\n<ul>\n<li>Si es posible, considere con antelaci\u00f3n qu\u00e9 materiales necesita y si desea que el experto se los entregue.<\/li>\n<p> La calidad de la pintura, en particular, var\u00eda tanto que el mismo pintor ofrece una garant\u00eda de 3 a\u00f1os en su trabajo si el cliente proporciona pintura que le haya sobrado o la compre en cualquier tienda de bricolaje, pero ofrece 10 a\u00f1os si suministra pintura profesional. Si el experto suministra el material, es m\u00e1s eficiente que lo recoja de camino al trabajo en lugar de ir y venir al proveedor despu\u00e9s de su llegada (y el experto factura a MrFix ese tiempo de desplazamiento).<\/p>\n<p>Si es posible, piense con antelaci\u00f3n qu\u00e9 tipo de experto necesita. Un electricista cualificado puede, por supuesto, colgar su l\u00e1mpara, pero si el cableado est\u00e1 presente, la mayor\u00eda de los manitas tambi\u00e9n pueden hacerlo: su tarifa de reparaci\u00f3n del hogar es considerablemente m\u00e1s baja.<\/p>\n<p>Pincha en el formulario de solicitud cu\u00e1l es el problema y qu\u00e9 debe hacer el experto. Si es posible, a\u00f1ada una foto (o plano, o estudio). Y escribe correctamente tus datos de contacto. Las citas a menudo se pierden debido a errores extra\u00f1os: a veces falta el n\u00famero de la casa (o piso) o el nombre de la calle est\u00e1 mal escrito.<\/p>\n<p>Elija si desea un presupuesto (precio fijo) o una estimaci\u00f3n (precio indicativo). Como la diferencia entre estas dos opciones no est\u00e1 clara para la mayor\u00eda de los clientes o simplemente no les importa, solo hay un bot\u00f3n: \u00abPrimero, un presupuesto\u00bb en el formulario de solicitud. Y dado que la mayor\u00eda de los trabajos cuestan menos de ~500 \u20ac por d\u00eda, asumimos que un presupuesto es suficiente. En ese caso, les enviamos un correo electr\u00f3nico explicando que un presupuesto generalmente requiere una visita al hospital, lo cual implica tiempo y dinero. Algunos clientes prefieren esta opci\u00f3n porque el experto tambi\u00e9n puede asesorarlos. V\u00e9ase tambi\u00e9n lo anterior.<\/p>\n<p>Durante el trabajo: Pide que el experto comparta la foto del \u00abAntes\u00bb por chat al inicio del trabajo y una foto del \u00abDespu\u00e9s\u00bb al finalizar. Esto permite establecer la situaci\u00f3n inmediatamente antes y despu\u00e9s del trabajo, en caso de que el experto no lo haya realizado exactamente seg\u00fan sus instrucciones o haya causado alg\u00fan da\u00f1o, por ejemplo.<\/p>\n<p>Despu\u00e9s del trabajo: Compruebe inmediatamente que todo est\u00e9 en orden. MrFix se esfuerza al m\u00e1ximo por seleccionar expertos que siempre realizan su trabajo a la perfecci\u00f3n, pero lamentablemente son personas y no siempre cumplen con las expectativas de los clientes (que tambi\u00e9n son personas). Enojarte no ayuda, pero llegar a un acuerdo justo s\u00ed.<\/p>\n<p>Si el experto no ha realizado el trabajo exactamente seg\u00fan tus instrucciones, rep\u00edtelas brevemente, resume las deficiencias y comp\u00e1rtelas por chat. MrFix las leer\u00e1 y se asegurar\u00e1 de que el experto lo solucione lo antes posible. Es \u00fatil que indiques de inmediato las fechas y horas en las que est\u00e1 disponible. No sirve de nada decir que no quieres volver a ver a un experto, ya que todos ofrecen una garant\u00eda m\u00ednima de 3 meses. Esto normalmente significa que no cobran la mano de obra de la visita de seguimiento (solo los materiales y el estacionamiento).<\/p>\n<p>Lo mismo se aplica si el experto causa da\u00f1os a tus pertenencias. Comparte una breve descripci\u00f3n de los da\u00f1os con algunas fotos por chat e indica c\u00f3mo y cu\u00e1ndo quieres que el experto los repare. El experto cuenta con seguro de responsabilidad civil y, a menudo, puede reparar los da\u00f1os \u00e9l mismo, as\u00ed que no recurra a un tercero demasiado pronto.<\/p>\n","protected":false},"excerpt":{"rendered":"<p>Tarifas y pago de reparaciones del hogar: una excelente relaci\u00f3n calidad-precio MrFix se distingue por sus tarifas justas. Aqu\u00ed le explicamos c\u00f3mo podemos ayudarle a obtener una excelente relaci\u00f3n calidad-precio. Consulte Ayuda para preguntas sobre otros temas. &nbsp; Tarifas razonables de reparaci\u00f3n del hogar MrFix ha negociado tarifas para reparaciones y mejoras de edificio en [&hellip;]<\/p>\n","protected":false},"author":2,"featured_media":0,"parent":0,"menu_order":0,"comment_status":"closed","ping_status":"closed","template":"pages\/help-mix-for-rate.php","meta":{"_acf_changed":false,"inline_featured_image":false,"footnotes":""},"class_list":["post-59601","page","type-page","status-publish","hentry"],"acf":[],"yoast_head":"<!-- This site is optimized with the Yoast SEO plugin v27.5 - https:\/\/yoast.com\/product\/yoast-seo-wordpress\/ -->\n<title>Tarifas MrFix - MrFix<\/title>\n<meta name=\"description\" content=\"Book your expert via our app: Clients.MrFix.nl. MrFix is transparent about and\" \/>\n<meta name=\"robots\" content=\"index, follow, max-snippet:-1, max-image-preview:large, max-video-preview:-1\" \/>\n<link rel=\"canonical\" href=\"https:\/\/mrfix.nl\/es\/tarifas-mrfix\/\" \/>\n<meta property=\"og:locale\" content=\"es_ES\" \/>\n<meta property=\"og:type\" content=\"article\" \/>\n<meta property=\"og:title\" content=\"Tarifas MrFix - MrFix\" \/>\n<meta property=\"og:description\" content=\"Book your expert via our app: Clients.MrFix.nl. MrFix is transparent about and\" \/>\n<meta property=\"og:url\" content=\"https:\/\/mrfix.nl\/es\/tarifas-mrfix\/\" \/>\n<meta property=\"og:site_name\" content=\"MrFix\" \/>\n<meta property=\"article:publisher\" content=\"https:\/\/www.facebook.com\/MrFix.Nederland\" \/>\n<meta property=\"article:modified_time\" content=\"2026-04-11T18:44:06+00:00\" \/>\n<meta name=\"twitter:card\" content=\"summary_large_image\" \/>\n<meta name=\"twitter:site\" content=\"@MrFixNL\" \/>\n<meta name=\"twitter:label1\" content=\"Tiempo de lectura\" \/>\n\t<meta name=\"twitter:data1\" content=\"9 minuto\" \/>\n<script type=\"application\/ld+json\" class=\"yoast-schema-graph\">{\"@context\":\"https:\\\/\\\/schema.org\",\"@graph\":[{\"@type\":\"WebPage\",\"@id\":\"https:\\\/\\\/mrfix.nl\\\/es\\\/tarifas-mrfix\\\/\",\"url\":\"https:\\\/\\\/mrfix.nl\\\/es\\\/tarifas-mrfix\\\/\",\"name\":\"Tarifas MrFix - MrFix\",\"isPartOf\":{\"@id\":\"https:\\\/\\\/mrfix.nl\\\/es\\\/#website\"},\"datePublished\":\"2023-07-06T09:09:58+00:00\",\"dateModified\":\"2026-04-11T18:44:06+00:00\",\"description\":\"Book your expert via our app: Clients.MrFix.nl. MrFix is transparent about and\",\"breadcrumb\":{\"@id\":\"https:\\\/\\\/mrfix.nl\\\/es\\\/tarifas-mrfix\\\/#breadcrumb\"},\"inLanguage\":\"es\",\"potentialAction\":[{\"@type\":\"ReadAction\",\"target\":[\"https:\\\/\\\/mrfix.nl\\\/es\\\/tarifas-mrfix\\\/\"]}]},{\"@type\":\"BreadcrumbList\",\"@id\":\"https:\\\/\\\/mrfix.nl\\\/es\\\/tarifas-mrfix\\\/#breadcrumb\",\"itemListElement\":[{\"@type\":\"ListItem\",\"position\":1,\"name\":\"P\u00e1gina de inicio\",\"item\":\"https:\\\/\\\/mrfix.nl\\\/es\\\/\"},{\"@type\":\"ListItem\",\"position\":2,\"name\":\"Tarifas MrFix\"}]},{\"@type\":\"WebSite\",\"@id\":\"https:\\\/\\\/mrfix.nl\\\/es\\\/#website\",\"url\":\"https:\\\/\\\/mrfix.nl\\\/es\\\/\",\"name\":\"MrFix building repair service\",\"description\":\"Hand-picked experts\",\"publisher\":{\"@id\":\"https:\\\/\\\/mrfix.nl\\\/es\\\/#organization\"},\"alternateName\":\"MrFix\",\"potentialAction\":[{\"@type\":\"SearchAction\",\"target\":{\"@type\":\"EntryPoint\",\"urlTemplate\":\"https:\\\/\\\/mrfix.nl\\\/es\\\/?s={search_term_string}\"},\"query-input\":{\"@type\":\"PropertyValueSpecification\",\"valueRequired\":true,\"valueName\":\"search_term_string\"}}],\"inLanguage\":\"es\"},{\"@type\":\"Organization\",\"@id\":\"https:\\\/\\\/mrfix.nl\\\/es\\\/#organization\",\"name\":\"Klusbedrijf MrFix.nl BV\",\"alternateName\":\"MrFix\",\"url\":\"https:\\\/\\\/mrfix.nl\\\/es\\\/\",\"logo\":{\"@type\":\"ImageObject\",\"inLanguage\":\"es\",\"@id\":\"https:\\\/\\\/mrfix.nl\\\/es\\\/#\\\/schema\\\/logo\\\/image\\\/\",\"url\":\"https:\\\/\\\/mrfix.nl\\\/wp-content\\\/uploads\\\/2026\\\/04\\\/MrFix-master_SQ_WhiteOnBlack_EN.jpg\",\"contentUrl\":\"https:\\\/\\\/mrfix.nl\\\/wp-content\\\/uploads\\\/2026\\\/04\\\/MrFix-master_SQ_WhiteOnBlack_EN.jpg\",\"width\":800,\"height\":800,\"caption\":\"Klusbedrijf MrFix.nl BV\"},\"image\":{\"@id\":\"https:\\\/\\\/mrfix.nl\\\/es\\\/#\\\/schema\\\/logo\\\/image\\\/\"},\"sameAs\":[\"https:\\\/\\\/www.facebook.com\\\/MrFix.Nederland\",\"https:\\\/\\\/x.com\\\/MrFixNL\",\"https:\\\/\\\/www.linkedin.com\\\/company\\\/10360262\\\/\",\"https:\\\/\\\/www.instagram.com\\\/mrfix.nl\\\/\"]}]}<\/script>\n<!-- \/ Yoast SEO plugin. -->","yoast_head_json":{"title":"Tarifas MrFix - MrFix","description":"Book your expert via our app: Clients.MrFix.nl. MrFix is transparent about and","robots":{"index":"index","follow":"follow","max-snippet":"max-snippet:-1","max-image-preview":"max-image-preview:large","max-video-preview":"max-video-preview:-1"},"canonical":"https:\/\/mrfix.nl\/es\/tarifas-mrfix\/","og_locale":"es_ES","og_type":"article","og_title":"Tarifas MrFix - MrFix","og_description":"Book your expert via our app: Clients.MrFix.nl. MrFix is transparent about and","og_url":"https:\/\/mrfix.nl\/es\/tarifas-mrfix\/","og_site_name":"MrFix","article_publisher":"https:\/\/www.facebook.com\/MrFix.Nederland","article_modified_time":"2026-04-11T18:44:06+00:00","twitter_card":"summary_large_image","twitter_site":"@MrFixNL","twitter_misc":{"Tiempo de lectura":"9 minuto"},"schema":{"@context":"https:\/\/schema.org","@graph":[{"@type":"WebPage","@id":"https:\/\/mrfix.nl\/es\/tarifas-mrfix\/","url":"https:\/\/mrfix.nl\/es\/tarifas-mrfix\/","name":"Tarifas MrFix - MrFix","isPartOf":{"@id":"https:\/\/mrfix.nl\/es\/#website"},"datePublished":"2023-07-06T09:09:58+00:00","dateModified":"2026-04-11T18:44:06+00:00","description":"Book your expert via our app: Clients.MrFix.nl. MrFix is transparent about and","breadcrumb":{"@id":"https:\/\/mrfix.nl\/es\/tarifas-mrfix\/#breadcrumb"},"inLanguage":"es","potentialAction":[{"@type":"ReadAction","target":["https:\/\/mrfix.nl\/es\/tarifas-mrfix\/"]}]},{"@type":"BreadcrumbList","@id":"https:\/\/mrfix.nl\/es\/tarifas-mrfix\/#breadcrumb","itemListElement":[{"@type":"ListItem","position":1,"name":"P\u00e1gina de inicio","item":"https:\/\/mrfix.nl\/es\/"},{"@type":"ListItem","position":2,"name":"Tarifas MrFix"}]},{"@type":"WebSite","@id":"https:\/\/mrfix.nl\/es\/#website","url":"https:\/\/mrfix.nl\/es\/","name":"MrFix building repair service","description":"Hand-picked experts","publisher":{"@id":"https:\/\/mrfix.nl\/es\/#organization"},"alternateName":"MrFix","potentialAction":[{"@type":"SearchAction","target":{"@type":"EntryPoint","urlTemplate":"https:\/\/mrfix.nl\/es\/?s={search_term_string}"},"query-input":{"@type":"PropertyValueSpecification","valueRequired":true,"valueName":"search_term_string"}}],"inLanguage":"es"},{"@type":"Organization","@id":"https:\/\/mrfix.nl\/es\/#organization","name":"Klusbedrijf MrFix.nl BV","alternateName":"MrFix","url":"https:\/\/mrfix.nl\/es\/","logo":{"@type":"ImageObject","inLanguage":"es","@id":"https:\/\/mrfix.nl\/es\/#\/schema\/logo\/image\/","url":"https:\/\/mrfix.nl\/wp-content\/uploads\/2026\/04\/MrFix-master_SQ_WhiteOnBlack_EN.jpg","contentUrl":"https:\/\/mrfix.nl\/wp-content\/uploads\/2026\/04\/MrFix-master_SQ_WhiteOnBlack_EN.jpg","width":800,"height":800,"caption":"Klusbedrijf MrFix.nl BV"},"image":{"@id":"https:\/\/mrfix.nl\/es\/#\/schema\/logo\/image\/"},"sameAs":["https:\/\/www.facebook.com\/MrFix.Nederland","https:\/\/x.com\/MrFixNL","https:\/\/www.linkedin.com\/company\/10360262\/","https:\/\/www.instagram.com\/mrfix.nl\/"]}]}},"_links":{"self":[{"href":"https:\/\/mrfix.nl\/es\/wp-json\/wp\/v2\/pages\/59601","targetHints":{"allow":["GET"]}}],"collection":[{"href":"https:\/\/mrfix.nl\/es\/wp-json\/wp\/v2\/pages"}],"about":[{"href":"https:\/\/mrfix.nl\/es\/wp-json\/wp\/v2\/types\/page"}],"author":[{"embeddable":true,"href":"https:\/\/mrfix.nl\/es\/wp-json\/wp\/v2\/users\/2"}],"replies":[{"embeddable":true,"href":"https:\/\/mrfix.nl\/es\/wp-json\/wp\/v2\/comments?post=59601"}],"version-history":[{"count":6,"href":"https:\/\/mrfix.nl\/es\/wp-json\/wp\/v2\/pages\/59601\/revisions"}],"predecessor-version":[{"id":59603,"href":"https:\/\/mrfix.nl\/es\/wp-json\/wp\/v2\/pages\/59601\/revisions\/59603"}],"wp:attachment":[{"href":"https:\/\/mrfix.nl\/es\/wp-json\/wp\/v2\/media?parent=59601"}],"curies":[{"name":"wp","href":"https:\/\/api.w.org\/{rel}","templated":true}]}}