{"id":59462,"date":"2024-03-19T15:41:31","date_gmt":"2024-03-19T15:41:31","guid":{"rendered":"https:\/\/mrfix.nl\/?page_id=59462"},"modified":"2026-04-04T15:30:20","modified_gmt":"2026-04-04T15:30:20","slug":"socios","status":"publish","type":"page","link":"https:\/\/mrfix.nl\/es\/socios\/","title":{"rendered":"Los socios de la familia MrFix"},"content":{"rendered":"<p>MrFix lleva a\u00f1os trabajando con expertos, proveedores de productos y proveedores de servicios de alta calidad, as\u00ed como gestores de viviendas de lujo que quieren ofrecer a sus inquilinos la seguridad y comodidad de un servicio de mantenimiento r\u00e1pido y fiable.<br \/>\n&nbsp;<\/p>\n<h2>Profesionales confiables<\/h2>\n<p>&nbsp;<br \/>\nDesde 2010, MrFix ha creado una s\u00f3lida familia de profesionales muy diversos:<\/p>\n<ul>\n<li>de <a href=\"https:\/\/mrfix.nl\/es\/pintor\/\">pintores<\/a> a t\u00e9cnicos de calefacci\u00f3n central<\/li>\n<li>del <a href=\"https:\/\/mrfix.nl\/es\/manitas\/\">manitas integral<\/a> Rishie en La Haya al <a href=\"https:\/\/mrfix.nl\/es\/fontanero\/\">fontanero<\/a> Ton en Overijssel y de Del <a href=\"https:\/\/mrfix.nl\/es\/limpiador-profesional\/\">limpiador profesional<\/a> Abdellah en Zaandijk al <a href=\"https:\/\/mrfix.nl\/es\/manitas\/\">manitas integral<\/a> Rudi en Eindhoven.\n<li>Desde el techador Eugen de Ruman\u00eda hasta el <a href=\"https:\/\/mrfix.nl\/es\/manitas\/\">manitas polifac\u00e9tico<\/a> Saar de Israel y <a href=\"https:\/\/mrfix.nl\/es\/electricista\/\">electricista<\/a> Abdel de Holanda<\/li>\n<li>Desde el m\u00fasculo del joven equipo de mudanza de Aivars hasta las c\u00e9lulas grises del experimentado <a href=\"\/es\/informatico\/\"> especialista en redes<\/a>Bart<\/li>\n<\/ul>\n<p>&nbsp;<br \/>\nLa diversidad de nuestros profesionales hace que la gama de servicios sea especialmente amplia: nuestros profesionales hacen realmente bien todos los trabajos en el hogar (y la oficina, la tienda y el restaurante) y el jard\u00edn. Instalaci\u00f3n y desmontaje, mantenimiento preventivo y reparaci\u00f3n, embellecimiento y revisi\u00f3n\u2026 realmente tenemos un profesional para literalmente todos los trabajos de cuidado de edificios.<br \/>\n&nbsp;<br \/>\nEsta diversidad es <a href=\"\/es\/sobre-mrfix\/\">una caracter\u00edstica importante de MrFix<\/a> y tambi\u00e9n aumenta la calidad media de los trabajos. Nos complace ayudar al Cliente a encontrar un <a href=\"https:\/\/mrfix.nl\/es\/manitas\/\">experto en todos los oficios<\/a> que pueda completar varios trabajos relativamente simples en una sola visita. Pero si necesitas un verdadero especialista en impermeabilizaci\u00f3n, por ejemplo, puedes elegir incluso entre especialistas que se ocupan de la humedad ascendente<\/a> (como Jaap) o aquellos que abordan las precipitaciones<\/a> (como Andr\u00e9). Ofrecen resultados mucho mejores en menos tiempo que un profesional que hace algo \u00abal margen\u00bb y tiene que descubrir c\u00f3mo hacerlo en cada paso del camino&#8230;<br \/>\n&nbsp;<br \/>\n\u00bfEres un profesional cualificado que busca trabajos ocasionales? \u00bfLlegas a tiempo y satisfaces a sus clientes? Entonces tenemos trabajos para ti. <a href=\"\/ven-fixear\/\">Aqu\u00ed<\/a>puedes leer sobre nuestro m\u00e9todo de trabajo y registrarte. Ten en cuenta: <em>no<\/em> trabajamos con profesionales que dicen que pueden hacerlo todo, porque nadie puede hacerlo todo bien. Nuestro enfoque es simple: prep\u00e1rate minuciosamente, haz bien el trabajo a la primera y asegura de que el Cliente quede completamente satisfecho.<\/p>\n","protected":false},"excerpt":{"rendered":"<p>MrFix lleva a\u00f1os trabajando con expertos, proveedores de productos y proveedores de servicios de alta calidad, as\u00ed como gestores de viviendas de lujo que quieren ofrecer a sus inquilinos la seguridad y comodidad de un servicio de mantenimiento r\u00e1pido y fiable. &nbsp; Profesionales confiables &nbsp; Desde 2010, MrFix ha creado una s\u00f3lida familia de profesionales [&hellip;]<\/p>\n","protected":false},"author":4,"featured_media":0,"parent":0,"menu_order":0,"comment_status":"closed","ping_status":"closed","template":"pages\/partners-page.php","meta":{"_acf_changed":false,"inline_featured_image":false,"footnotes":""},"class_list":["post-59462","page","type-page","status-publish","hentry"],"acf":[],"yoast_head":"<!-- This site is optimized with the Yoast SEO plugin v27.5 - https:\/\/yoast.com\/product\/yoast-seo-wordpress\/ -->\n<title>Los socios de la familia MrFix - MrFix<\/title>\n<meta name=\"description\" content=\"Book your expert via our app: Clients.MrFix.nl. MrFix is transparent about and\" \/>\n<meta name=\"robots\" content=\"index, follow, max-snippet:-1, max-image-preview:large, max-video-preview:-1\" \/>\n<link rel=\"canonical\" href=\"https:\/\/mrfix.nl\/es\/socios\/\" \/>\n<meta property=\"og:locale\" content=\"es_ES\" \/>\n<meta property=\"og:type\" content=\"article\" \/>\n<meta property=\"og:title\" content=\"Los socios de la familia MrFix - MrFix\" \/>\n<meta property=\"og:description\" content=\"Book your expert via our app: Clients.MrFix.nl. MrFix is transparent about and\" \/>\n<meta property=\"og:url\" content=\"https:\/\/mrfix.nl\/es\/socios\/\" \/>\n<meta property=\"og:site_name\" content=\"MrFix\" \/>\n<meta property=\"article:publisher\" content=\"https:\/\/www.facebook.com\/MrFix.Nederland\" \/>\n<meta property=\"article:modified_time\" content=\"2026-04-04T15:30:20+00:00\" \/>\n<meta name=\"twitter:card\" content=\"summary_large_image\" \/>\n<meta name=\"twitter:site\" content=\"@MrFixNL\" \/>\n<meta name=\"twitter:label1\" content=\"Tiempo de lectura\" \/>\n\t<meta name=\"twitter:data1\" content=\"2 minuto\" \/>\n<script type=\"application\/ld+json\" class=\"yoast-schema-graph\">{\"@context\":\"https:\\\/\\\/schema.org\",\"@graph\":[{\"@type\":\"WebPage\",\"@id\":\"https:\\\/\\\/mrfix.nl\\\/es\\\/socios\\\/\",\"url\":\"https:\\\/\\\/mrfix.nl\\\/es\\\/socios\\\/\",\"name\":\"Los socios de la familia MrFix - MrFix\",\"isPartOf\":{\"@id\":\"https:\\\/\\\/mrfix.nl\\\/es\\\/#website\"},\"datePublished\":\"2024-03-19T15:41:31+00:00\",\"dateModified\":\"2026-04-04T15:30:20+00:00\",\"description\":\"Book your expert via our app: Clients.MrFix.nl. MrFix is transparent about and\",\"breadcrumb\":{\"@id\":\"https:\\\/\\\/mrfix.nl\\\/es\\\/socios\\\/#breadcrumb\"},\"inLanguage\":\"es\",\"potentialAction\":[{\"@type\":\"ReadAction\",\"target\":[\"https:\\\/\\\/mrfix.nl\\\/es\\\/socios\\\/\"]}]},{\"@type\":\"BreadcrumbList\",\"@id\":\"https:\\\/\\\/mrfix.nl\\\/es\\\/socios\\\/#breadcrumb\",\"itemListElement\":[{\"@type\":\"ListItem\",\"position\":1,\"name\":\"P\u00e1gina de inicio\",\"item\":\"https:\\\/\\\/mrfix.nl\\\/es\\\/\"},{\"@type\":\"ListItem\",\"position\":2,\"name\":\"Los socios de la familia MrFix\"}]},{\"@type\":\"WebSite\",\"@id\":\"https:\\\/\\\/mrfix.nl\\\/es\\\/#website\",\"url\":\"https:\\\/\\\/mrfix.nl\\\/es\\\/\",\"name\":\"MrFix building repair service\",\"description\":\"Hand-picked experts\",\"publisher\":{\"@id\":\"https:\\\/\\\/mrfix.nl\\\/es\\\/#organization\"},\"alternateName\":\"MrFix\",\"potentialAction\":[{\"@type\":\"SearchAction\",\"target\":{\"@type\":\"EntryPoint\",\"urlTemplate\":\"https:\\\/\\\/mrfix.nl\\\/es\\\/?s={search_term_string}\"},\"query-input\":{\"@type\":\"PropertyValueSpecification\",\"valueRequired\":true,\"valueName\":\"search_term_string\"}}],\"inLanguage\":\"es\"},{\"@type\":\"Organization\",\"@id\":\"https:\\\/\\\/mrfix.nl\\\/es\\\/#organization\",\"name\":\"Klusbedrijf MrFix.nl BV\",\"alternateName\":\"MrFix\",\"url\":\"https:\\\/\\\/mrfix.nl\\\/es\\\/\",\"logo\":{\"@type\":\"ImageObject\",\"inLanguage\":\"es\",\"@id\":\"https:\\\/\\\/mrfix.nl\\\/es\\\/#\\\/schema\\\/logo\\\/image\\\/\",\"url\":\"https:\\\/\\\/mrfix.nl\\\/wp-content\\\/uploads\\\/2026\\\/04\\\/MrFix-master_SQ_WhiteOnBlack_EN.jpg\",\"contentUrl\":\"https:\\\/\\\/mrfix.nl\\\/wp-content\\\/uploads\\\/2026\\\/04\\\/MrFix-master_SQ_WhiteOnBlack_EN.jpg\",\"width\":800,\"height\":800,\"caption\":\"Klusbedrijf MrFix.nl BV\"},\"image\":{\"@id\":\"https:\\\/\\\/mrfix.nl\\\/es\\\/#\\\/schema\\\/logo\\\/image\\\/\"},\"sameAs\":[\"https:\\\/\\\/www.facebook.com\\\/MrFix.Nederland\",\"https:\\\/\\\/x.com\\\/MrFixNL\",\"https:\\\/\\\/www.linkedin.com\\\/company\\\/10360262\\\/\",\"https:\\\/\\\/www.instagram.com\\\/mrfix.nl\\\/\"]}]}<\/script>\n<!-- \/ Yoast SEO plugin. -->","yoast_head_json":{"title":"Los socios de la familia MrFix - MrFix","description":"Book your expert via our app: Clients.MrFix.nl. MrFix is transparent about and","robots":{"index":"index","follow":"follow","max-snippet":"max-snippet:-1","max-image-preview":"max-image-preview:large","max-video-preview":"max-video-preview:-1"},"canonical":"https:\/\/mrfix.nl\/es\/socios\/","og_locale":"es_ES","og_type":"article","og_title":"Los socios de la familia MrFix - MrFix","og_description":"Book your expert via our app: Clients.MrFix.nl. MrFix is transparent about and","og_url":"https:\/\/mrfix.nl\/es\/socios\/","og_site_name":"MrFix","article_publisher":"https:\/\/www.facebook.com\/MrFix.Nederland","article_modified_time":"2026-04-04T15:30:20+00:00","twitter_card":"summary_large_image","twitter_site":"@MrFixNL","twitter_misc":{"Tiempo de lectura":"2 minuto"},"schema":{"@context":"https:\/\/schema.org","@graph":[{"@type":"WebPage","@id":"https:\/\/mrfix.nl\/es\/socios\/","url":"https:\/\/mrfix.nl\/es\/socios\/","name":"Los socios de la familia MrFix - MrFix","isPartOf":{"@id":"https:\/\/mrfix.nl\/es\/#website"},"datePublished":"2024-03-19T15:41:31+00:00","dateModified":"2026-04-04T15:30:20+00:00","description":"Book your expert via our app: Clients.MrFix.nl. MrFix is transparent about and","breadcrumb":{"@id":"https:\/\/mrfix.nl\/es\/socios\/#breadcrumb"},"inLanguage":"es","potentialAction":[{"@type":"ReadAction","target":["https:\/\/mrfix.nl\/es\/socios\/"]}]},{"@type":"BreadcrumbList","@id":"https:\/\/mrfix.nl\/es\/socios\/#breadcrumb","itemListElement":[{"@type":"ListItem","position":1,"name":"P\u00e1gina de inicio","item":"https:\/\/mrfix.nl\/es\/"},{"@type":"ListItem","position":2,"name":"Los socios de la familia MrFix"}]},{"@type":"WebSite","@id":"https:\/\/mrfix.nl\/es\/#website","url":"https:\/\/mrfix.nl\/es\/","name":"MrFix building repair service","description":"Hand-picked experts","publisher":{"@id":"https:\/\/mrfix.nl\/es\/#organization"},"alternateName":"MrFix","potentialAction":[{"@type":"SearchAction","target":{"@type":"EntryPoint","urlTemplate":"https:\/\/mrfix.nl\/es\/?s={search_term_string}"},"query-input":{"@type":"PropertyValueSpecification","valueRequired":true,"valueName":"search_term_string"}}],"inLanguage":"es"},{"@type":"Organization","@id":"https:\/\/mrfix.nl\/es\/#organization","name":"Klusbedrijf MrFix.nl BV","alternateName":"MrFix","url":"https:\/\/mrfix.nl\/es\/","logo":{"@type":"ImageObject","inLanguage":"es","@id":"https:\/\/mrfix.nl\/es\/#\/schema\/logo\/image\/","url":"https:\/\/mrfix.nl\/wp-content\/uploads\/2026\/04\/MrFix-master_SQ_WhiteOnBlack_EN.jpg","contentUrl":"https:\/\/mrfix.nl\/wp-content\/uploads\/2026\/04\/MrFix-master_SQ_WhiteOnBlack_EN.jpg","width":800,"height":800,"caption":"Klusbedrijf MrFix.nl BV"},"image":{"@id":"https:\/\/mrfix.nl\/es\/#\/schema\/logo\/image\/"},"sameAs":["https:\/\/www.facebook.com\/MrFix.Nederland","https:\/\/x.com\/MrFixNL","https:\/\/www.linkedin.com\/company\/10360262\/","https:\/\/www.instagram.com\/mrfix.nl\/"]}]}},"_links":{"self":[{"href":"https:\/\/mrfix.nl\/es\/wp-json\/wp\/v2\/pages\/59462","targetHints":{"allow":["GET"]}}],"collection":[{"href":"https:\/\/mrfix.nl\/es\/wp-json\/wp\/v2\/pages"}],"about":[{"href":"https:\/\/mrfix.nl\/es\/wp-json\/wp\/v2\/types\/page"}],"author":[{"embeddable":true,"href":"https:\/\/mrfix.nl\/es\/wp-json\/wp\/v2\/users\/4"}],"replies":[{"embeddable":true,"href":"https:\/\/mrfix.nl\/es\/wp-json\/wp\/v2\/comments?post=59462"}],"version-history":[{"count":2,"href":"https:\/\/mrfix.nl\/es\/wp-json\/wp\/v2\/pages\/59462\/revisions"}],"predecessor-version":[{"id":59510,"href":"https:\/\/mrfix.nl\/es\/wp-json\/wp\/v2\/pages\/59462\/revisions\/59510"}],"wp:attachment":[{"href":"https:\/\/mrfix.nl\/es\/wp-json\/wp\/v2\/media?parent=59462"}],"curies":[{"name":"wp","href":"https:\/\/api.w.org\/{rel}","templated":true}]}}