{"id":59428,"date":"2023-06-30T11:17:44","date_gmt":"2023-06-30T11:17:44","guid":{"rendered":"https:\/\/mrfix.centum-test.site\/?page_id=59428"},"modified":"2026-04-11T15:54:04","modified_gmt":"2026-04-11T15:54:04","slug":"clientes-corporativos","status":"publish","type":"page","link":"https:\/\/mrfix.nl\/es\/clientes-corporativos\/","title":{"rendered":"Clientes corporativos"},"content":{"rendered":"<h2>Apoyo incidental \/ Apoyo continuo<\/h2>\n<h3>Servicios incidentales<\/h3>\n<p>&nbsp;<br \/>\nA menudo, los Clientes corporativos utilizan MrFix primero cuando su equipo de mantenimiento interno se queda corto:<\/p>\n<ul>\n<li>El trabajo requiere habilidades especializadas de las que carece tu equipo<\/li>\n<li>Los miembros de tu equipo est\u00e1n ocupados en otros trabajos<\/li>\n<li>El miembro del equipo requerido est\u00e1 enfermo<\/li>\n<li>El miembro del equipo est\u00e1 de vacaciones (en Holanda eso sucede mucho durante las vacaciones de Navidad y Semana Santa y especialmente durante el llamado &#8216;<a href=\"https:\/\/nl.wikipedia.org\/wiki\/Bouwvakvakantie\" rel=\"noopener\" target=\"_blank\">Bouwvak<\/a>&#8216;, las tradicionales tres semanas de vacaciones de los constructores a mediados del verano<\/li>\n<\/ul>\n<p>&nbsp;<\/p>\n<h3>Soporte continuo<\/h3>\n<p>&nbsp;<br \/>\nSin embargo, es posible que prefieres utilizar nuestros contratistas de forma m\u00e1s permanente. Por ejemplo, uno de nuestros expertos realiza reparaciones peri\u00f3dicas en las habitaciones de un hotel de \u00c1msterdam todos los lunes. Y el gerente de un bloque de apartamentos de lujo ha utilizado MrFix para encontrar un experto en todo que trabaje en la porter\u00eda dos d\u00edas a la semana y haga todas las peque\u00f1as reparaciones en los m\u00e1s de 60 apartamentos. Si deseas analizar las opciones, llama al +31 20 6750333 y pregunta por Michiel.<br \/>\n&nbsp;<br \/>\nMrFix estar\u00e1 encantado de ayudarte tanto de forma incidental como a largo plazo: simplemente <a href=\"\/en\/\">solicita tu trabajo aqu\u00ed<\/a> o llama a MrFix al +31 20 6750333 ([OPEN\u00bb]). Nuestra <a href=\"https:\/\/mrfix.centum-test.site\/es\/ayuda\/\">p\u00e1gina de ayuda<\/a> incluye una secci\u00f3n para Clientes corporativos.<\/p>\n<h2>Clientes corporativos<\/h2>\n<p>MrFix ha negociado tarifas justas con los contratistas. Aqu\u00ed explicamos c\u00f3mo podemos ayudarte a obtener una buena relaci\u00f3n calidad-precio. Ten en cuenta que los clientes corporativos normalmente pueden compensar el impuesto sobre el valor a\u00f1adido (IVA) en las facturas de MrFix con el IVA que cobran en sus propias facturas. Esto se aplica a las sociedades holandesas, pero no a las VvEs (Verenigingen van Eigenaren = asociaciones de propietarios de apartamentos), que no pueden compensar el IVA.<br \/>\n&nbsp;<\/p>\n<h2>Nuestras tarifas por hora para trabajos de mantenimiento y reparaci\u00f3n:<\/h2>\n<ul>\n<li>Valen para las inspecciones de obras de cotizaci\u00f3n y a la ejecuci\u00f3n de trabajos m\u00e1s peque\u00f1os que no requieren cotizaci\u00f3n<\/li>\n<li>Var\u00edan de 41,28 \u20ac a 95,04 \u20ac sin IVA (45 \u20ac a 115 \u20ac con IVA) por hora en funci\u00f3n de la complejidad y la escasez de habilidades:\n<ul>\n<li><a href=\"https:\/\/mrfix.centum-test.site\/es\/limpiador-profesional\/\">Limpiador profesional<\/a> 41,28 \u20ac sin IVA. IVA (45 \u20ac incl.)<\/li>\n<li><a href=\"https:\/\/mrfix.centum-test.site\/es\/manitas\/\">Manitas integral<\/a> (incl. contratista de obras) 45,45 \u20ac o <a href=\"https:\/\/mrfix.centum-test.site\/es\/pintor\/\">Pintor<\/a> 50,46 \u20ac (ambos 55 \u20ac IVA incluido)<\/li >\n<li><a href=\"https:\/\/mrfix.centum-test.site\/es\/jardinero\/\">Jardinero<\/a> 45,45 \u20ac (55 \u20ac IVA incluido)<\/li >\n<li>Alicatador o Alba\u00f1il 53,72 \u20ac (65 \u20ac incl. IVA)<\/li>\n<li>Yesero o Colgador de papel 64,22 \u20ac ( \u20ac IVA incluido)<\/li>\n<li>Carpintero 57,85 \u20ac (70 \u20ac IVA incluido)<\/li >\n<li><a href=\"https:\/\/mrfix.centum-test.site\/es\/cerrajero\/\">Cerrajero<\/a> o Vidriero 61,98 \u20ac ( \u20ac IVA incluido)<\/li>\n<li><a href=\"https:\/\/mrfix.centum-test.site\/es\/electricista\/\">Electricista<\/a> o <a href=\"\/es\/informatico\/\">Experto en inform\u00e1tica<\/a> 70,25 \u20ac (85 \u20ac IVA incluido)<\/li>\n<li><a href=\"https:\/\/mrfix.centum-test.site\/es\/fontanero\/\">Fontanero<\/a> 78,51 \u20ac (95 \u20ac IVA incluido). Nota: un instalador de calefacci\u00f3n central, techador o especialista en impermeabilizaci\u00f3n<\/a> cuestan 86,78 \u20ac \/ (105 \u20ac IVA incluido )<\/li>\n<li><a href=\"https:\/\/mrfix.centum-test.site\/es\/mecanico-electrodomesticos\/\">Experto en electrodom\u00e9sticos<\/a>, Especialista en aire acondicionado o tapicero de muebles<\/a> 95,04 \u20ac (115 \u20ac IVA incluido)<\/li>\n<\/ul>\n<\/li>\n<li>Son justos en ambos aspectos:\n<ul>\n<li>Permiten al experto ganarse la vida de forma justa. Es posible que encuentres tarifas de reparaci\u00f3n de viviendas m\u00e1s bajas en otros lugares, pero provocan comportamientos que nuestros Clientes no aceptan: facturar m\u00e1s horas de las trabajadas, cobrar recargos por gastos de viaje, etc., o tomar atajos en t\u00e9rminos de calidad.<\/li>\n<li>Son lo m\u00e1s claros (ver m\u00e1s abajo) y completos posible: incluyen el IVA y los cargos por llamadas. S\u00f3lo los costes de material y los costes de aparcamiento son adicionales: a menudo podemos evitar \u00e9stos \u00faltimos haciendo que el experto utilice una plaza de aparcamiento del Cliente o venga en bicicleta (como hacen varios de nuestros expertos en \u00c1msterdam). El m\u00ednimo es 1 hora por hombre y por encima redondeamos a la media hora m\u00e1s cercana<\/li>\n<li>Hay un recargo del 50% para los trabajos que <em>deben<\/em> comenzar a partir de las 18 horas, los fines de semana, d\u00edas festivos o con urgencia (dentro de las 24 horas). Estos recargos <em>no<\/em> son acumulables (por lo que nunca hay un recargo del 100% o 150%) y si el trabajo tambi\u00e9n se puede realizar en un d\u00eda laborable durante el d\u00eda, <strong>no hay recargo<\/strong > si el experto decide hacerlo por la tarde o durante el fin de semana<\/li>\n<li>Por lo tanto, no hay <strong>otros recargos<\/strong> como cargan nuestros competidores por &#8216;servicio&#8217;, transporte, riesgo o ganancias<\/li>\n<\/ul>\n<\/li>\n<\/ul>\n<p>Consulta <a href=\"\/es\/tarifas\/\">la p\u00e1gina Tarifas <\/a>si tienes preguntas sobre tarifas y precios.<\/p>\n","protected":false},"excerpt":{"rendered":"<p>Apoyo incidental \/ Apoyo continuo Servicios incidentales &nbsp; A menudo, los Clientes corporativos utilizan MrFix primero cuando su equipo de mantenimiento interno se queda corto: El trabajo requiere habilidades especializadas de las que carece tu equipo Los miembros de tu equipo est\u00e1n ocupados en otros trabajos El miembro del equipo requerido est\u00e1 enfermo El miembro [&hellip;]<\/p>\n","protected":false},"author":2,"featured_media":992,"parent":0,"menu_order":0,"comment_status":"closed","ping_status":"closed","template":"pages\/corporate-customers.php","meta":{"_acf_changed":false,"inline_featured_image":false,"footnotes":""},"class_list":["post-59428","page","type-page","status-publish","has-post-thumbnail","hentry"],"acf":[],"yoast_head":"<!-- This site is optimized with the Yoast SEO plugin v27.5 - https:\/\/yoast.com\/product\/yoast-seo-wordpress\/ -->\n<title>Clientes corporativos - MrFix<\/title>\n<meta name=\"description\" content=\"Book your expert via our app: Clients.MrFix.nl. MrFix is transparent about and\" \/>\n<meta name=\"robots\" content=\"index, follow, max-snippet:-1, max-image-preview:large, max-video-preview:-1\" \/>\n<link rel=\"canonical\" href=\"https:\/\/mrfix.nl\/es\/clientes-corporativos\/\" \/>\n<meta property=\"og:locale\" content=\"es_ES\" \/>\n<meta property=\"og:type\" content=\"article\" \/>\n<meta property=\"og:title\" content=\"Clientes corporativos - MrFix\" \/>\n<meta property=\"og:description\" content=\"Book your expert via our app: Clients.MrFix.nl. MrFix is transparent about and\" \/>\n<meta property=\"og:url\" content=\"https:\/\/mrfix.nl\/es\/clientes-corporativos\/\" \/>\n<meta property=\"og:site_name\" content=\"MrFix\" \/>\n<meta property=\"article:publisher\" content=\"https:\/\/www.facebook.com\/MrFix.Nederland\" \/>\n<meta property=\"article:modified_time\" content=\"2026-04-11T15:54:04+00:00\" \/>\n<meta property=\"og:image\" content=\"https:\/\/mrfix.nl\/wp-content\/uploads\/2023\/06\/corporate-top.png\" \/>\n\t<meta property=\"og:image:width\" content=\"1008\" \/>\n\t<meta property=\"og:image:height\" content=\"400\" \/>\n\t<meta property=\"og:image:type\" content=\"image\/png\" \/>\n<meta name=\"twitter:card\" content=\"summary_large_image\" \/>\n<meta name=\"twitter:site\" content=\"@MrFixNL\" \/>\n<meta name=\"twitter:label1\" content=\"Tiempo de lectura\" \/>\n\t<meta name=\"twitter:data1\" content=\"4 minuto\" \/>\n<script type=\"application\/ld+json\" class=\"yoast-schema-graph\">{\"@context\":\"https:\\\/\\\/schema.org\",\"@graph\":[{\"@type\":\"WebPage\",\"@id\":\"https:\\\/\\\/mrfix.nl\\\/es\\\/clientes-corporativos\\\/\",\"url\":\"https:\\\/\\\/mrfix.nl\\\/es\\\/clientes-corporativos\\\/\",\"name\":\"Clientes corporativos - MrFix\",\"isPartOf\":{\"@id\":\"https:\\\/\\\/mrfix.nl\\\/es\\\/#website\"},\"primaryImageOfPage\":{\"@id\":\"https:\\\/\\\/mrfix.nl\\\/es\\\/clientes-corporativos\\\/#primaryimage\"},\"image\":{\"@id\":\"https:\\\/\\\/mrfix.nl\\\/es\\\/clientes-corporativos\\\/#primaryimage\"},\"thumbnailUrl\":\"https:\\\/\\\/mrfix.nl\\\/wp-content\\\/uploads\\\/2023\\\/06\\\/corporate-top.png\",\"datePublished\":\"2023-06-30T11:17:44+00:00\",\"dateModified\":\"2026-04-11T15:54:04+00:00\",\"description\":\"Book your expert via our app: Clients.MrFix.nl. MrFix is transparent about and\",\"breadcrumb\":{\"@id\":\"https:\\\/\\\/mrfix.nl\\\/es\\\/clientes-corporativos\\\/#breadcrumb\"},\"inLanguage\":\"es\",\"potentialAction\":[{\"@type\":\"ReadAction\",\"target\":[\"https:\\\/\\\/mrfix.nl\\\/es\\\/clientes-corporativos\\\/\"]}]},{\"@type\":\"ImageObject\",\"inLanguage\":\"es\",\"@id\":\"https:\\\/\\\/mrfix.nl\\\/es\\\/clientes-corporativos\\\/#primaryimage\",\"url\":\"https:\\\/\\\/mrfix.nl\\\/wp-content\\\/uploads\\\/2023\\\/06\\\/corporate-top.png\",\"contentUrl\":\"https:\\\/\\\/mrfix.nl\\\/wp-content\\\/uploads\\\/2023\\\/06\\\/corporate-top.png\",\"width\":1008,\"height\":400},{\"@type\":\"BreadcrumbList\",\"@id\":\"https:\\\/\\\/mrfix.nl\\\/es\\\/clientes-corporativos\\\/#breadcrumb\",\"itemListElement\":[{\"@type\":\"ListItem\",\"position\":1,\"name\":\"P\u00e1gina de inicio\",\"item\":\"https:\\\/\\\/mrfix.nl\\\/es\\\/\"},{\"@type\":\"ListItem\",\"position\":2,\"name\":\"Clientes corporativos\"}]},{\"@type\":\"WebSite\",\"@id\":\"https:\\\/\\\/mrfix.nl\\\/es\\\/#website\",\"url\":\"https:\\\/\\\/mrfix.nl\\\/es\\\/\",\"name\":\"MrFix building repair service\",\"description\":\"Hand-picked experts\",\"publisher\":{\"@id\":\"https:\\\/\\\/mrfix.nl\\\/es\\\/#organization\"},\"alternateName\":\"MrFix\",\"potentialAction\":[{\"@type\":\"SearchAction\",\"target\":{\"@type\":\"EntryPoint\",\"urlTemplate\":\"https:\\\/\\\/mrfix.nl\\\/es\\\/?s={search_term_string}\"},\"query-input\":{\"@type\":\"PropertyValueSpecification\",\"valueRequired\":true,\"valueName\":\"search_term_string\"}}],\"inLanguage\":\"es\"},{\"@type\":\"Organization\",\"@id\":\"https:\\\/\\\/mrfix.nl\\\/es\\\/#organization\",\"name\":\"Klusbedrijf MrFix.nl BV\",\"alternateName\":\"MrFix\",\"url\":\"https:\\\/\\\/mrfix.nl\\\/es\\\/\",\"logo\":{\"@type\":\"ImageObject\",\"inLanguage\":\"es\",\"@id\":\"https:\\\/\\\/mrfix.nl\\\/es\\\/#\\\/schema\\\/logo\\\/image\\\/\",\"url\":\"https:\\\/\\\/mrfix.nl\\\/wp-content\\\/uploads\\\/2026\\\/04\\\/MrFix-master_SQ_WhiteOnBlack_EN.jpg\",\"contentUrl\":\"https:\\\/\\\/mrfix.nl\\\/wp-content\\\/uploads\\\/2026\\\/04\\\/MrFix-master_SQ_WhiteOnBlack_EN.jpg\",\"width\":800,\"height\":800,\"caption\":\"Klusbedrijf MrFix.nl BV\"},\"image\":{\"@id\":\"https:\\\/\\\/mrfix.nl\\\/es\\\/#\\\/schema\\\/logo\\\/image\\\/\"},\"sameAs\":[\"https:\\\/\\\/www.facebook.com\\\/MrFix.Nederland\",\"https:\\\/\\\/x.com\\\/MrFixNL\",\"https:\\\/\\\/www.linkedin.com\\\/company\\\/10360262\\\/\",\"https:\\\/\\\/www.instagram.com\\\/mrfix.nl\\\/\"]}]}<\/script>\n<!-- \/ Yoast SEO plugin. -->","yoast_head_json":{"title":"Clientes corporativos - MrFix","description":"Book your expert via our app: Clients.MrFix.nl. MrFix is transparent about and","robots":{"index":"index","follow":"follow","max-snippet":"max-snippet:-1","max-image-preview":"max-image-preview:large","max-video-preview":"max-video-preview:-1"},"canonical":"https:\/\/mrfix.nl\/es\/clientes-corporativos\/","og_locale":"es_ES","og_type":"article","og_title":"Clientes corporativos - MrFix","og_description":"Book your expert via our app: Clients.MrFix.nl. MrFix is transparent about and","og_url":"https:\/\/mrfix.nl\/es\/clientes-corporativos\/","og_site_name":"MrFix","article_publisher":"https:\/\/www.facebook.com\/MrFix.Nederland","article_modified_time":"2026-04-11T15:54:04+00:00","og_image":[{"width":1008,"height":400,"url":"https:\/\/mrfix.nl\/wp-content\/uploads\/2023\/06\/corporate-top.png","type":"image\/png"}],"twitter_card":"summary_large_image","twitter_site":"@MrFixNL","twitter_misc":{"Tiempo de lectura":"4 minuto"},"schema":{"@context":"https:\/\/schema.org","@graph":[{"@type":"WebPage","@id":"https:\/\/mrfix.nl\/es\/clientes-corporativos\/","url":"https:\/\/mrfix.nl\/es\/clientes-corporativos\/","name":"Clientes corporativos - MrFix","isPartOf":{"@id":"https:\/\/mrfix.nl\/es\/#website"},"primaryImageOfPage":{"@id":"https:\/\/mrfix.nl\/es\/clientes-corporativos\/#primaryimage"},"image":{"@id":"https:\/\/mrfix.nl\/es\/clientes-corporativos\/#primaryimage"},"thumbnailUrl":"https:\/\/mrfix.nl\/wp-content\/uploads\/2023\/06\/corporate-top.png","datePublished":"2023-06-30T11:17:44+00:00","dateModified":"2026-04-11T15:54:04+00:00","description":"Book your expert via our app: Clients.MrFix.nl. MrFix is transparent about and","breadcrumb":{"@id":"https:\/\/mrfix.nl\/es\/clientes-corporativos\/#breadcrumb"},"inLanguage":"es","potentialAction":[{"@type":"ReadAction","target":["https:\/\/mrfix.nl\/es\/clientes-corporativos\/"]}]},{"@type":"ImageObject","inLanguage":"es","@id":"https:\/\/mrfix.nl\/es\/clientes-corporativos\/#primaryimage","url":"https:\/\/mrfix.nl\/wp-content\/uploads\/2023\/06\/corporate-top.png","contentUrl":"https:\/\/mrfix.nl\/wp-content\/uploads\/2023\/06\/corporate-top.png","width":1008,"height":400},{"@type":"BreadcrumbList","@id":"https:\/\/mrfix.nl\/es\/clientes-corporativos\/#breadcrumb","itemListElement":[{"@type":"ListItem","position":1,"name":"P\u00e1gina de inicio","item":"https:\/\/mrfix.nl\/es\/"},{"@type":"ListItem","position":2,"name":"Clientes corporativos"}]},{"@type":"WebSite","@id":"https:\/\/mrfix.nl\/es\/#website","url":"https:\/\/mrfix.nl\/es\/","name":"MrFix building repair service","description":"Hand-picked experts","publisher":{"@id":"https:\/\/mrfix.nl\/es\/#organization"},"alternateName":"MrFix","potentialAction":[{"@type":"SearchAction","target":{"@type":"EntryPoint","urlTemplate":"https:\/\/mrfix.nl\/es\/?s={search_term_string}"},"query-input":{"@type":"PropertyValueSpecification","valueRequired":true,"valueName":"search_term_string"}}],"inLanguage":"es"},{"@type":"Organization","@id":"https:\/\/mrfix.nl\/es\/#organization","name":"Klusbedrijf MrFix.nl BV","alternateName":"MrFix","url":"https:\/\/mrfix.nl\/es\/","logo":{"@type":"ImageObject","inLanguage":"es","@id":"https:\/\/mrfix.nl\/es\/#\/schema\/logo\/image\/","url":"https:\/\/mrfix.nl\/wp-content\/uploads\/2026\/04\/MrFix-master_SQ_WhiteOnBlack_EN.jpg","contentUrl":"https:\/\/mrfix.nl\/wp-content\/uploads\/2026\/04\/MrFix-master_SQ_WhiteOnBlack_EN.jpg","width":800,"height":800,"caption":"Klusbedrijf MrFix.nl BV"},"image":{"@id":"https:\/\/mrfix.nl\/es\/#\/schema\/logo\/image\/"},"sameAs":["https:\/\/www.facebook.com\/MrFix.Nederland","https:\/\/x.com\/MrFixNL","https:\/\/www.linkedin.com\/company\/10360262\/","https:\/\/www.instagram.com\/mrfix.nl\/"]}]}},"_links":{"self":[{"href":"https:\/\/mrfix.nl\/es\/wp-json\/wp\/v2\/pages\/59428","targetHints":{"allow":["GET"]}}],"collection":[{"href":"https:\/\/mrfix.nl\/es\/wp-json\/wp\/v2\/pages"}],"about":[{"href":"https:\/\/mrfix.nl\/es\/wp-json\/wp\/v2\/types\/page"}],"author":[{"embeddable":true,"href":"https:\/\/mrfix.nl\/es\/wp-json\/wp\/v2\/users\/2"}],"replies":[{"embeddable":true,"href":"https:\/\/mrfix.nl\/es\/wp-json\/wp\/v2\/comments?post=59428"}],"version-history":[{"count":7,"href":"https:\/\/mrfix.nl\/es\/wp-json\/wp\/v2\/pages\/59428\/revisions"}],"predecessor-version":[{"id":59580,"href":"https:\/\/mrfix.nl\/es\/wp-json\/wp\/v2\/pages\/59428\/revisions\/59580"}],"wp:featuredmedia":[{"embeddable":true,"href":"https:\/\/mrfix.nl\/es\/wp-json\/wp\/v2\/media\/992"}],"wp:attachment":[{"href":"https:\/\/mrfix.nl\/es\/wp-json\/wp\/v2\/media?parent=59428"}],"curies":[{"name":"wp","href":"https:\/\/api.w.org\/{rel}","templated":true}]}}