{"id":59366,"date":"2024-02-20T09:58:33","date_gmt":"2024-02-20T09:58:33","guid":{"rendered":"https:\/\/mrfix.centum-test.site\/?page_id=59366"},"modified":"2026-04-04T15:30:58","modified_gmt":"2026-04-04T15:30:58","slug":"garantia","status":"publish","type":"page","link":"https:\/\/mrfix.nl\/es\/garantia\/","title":{"rendered":"Garant\u00eda de reparaci\u00f3n de edificios: \u00bfqu\u00e9 exige MrFix que ofrezca el experto?"},"content":{"rendered":"<p>La reparaci\u00f3n y el mantenimiento de edificios no parecen tan complejos, pero sin MrFix muchas cosas salen mal incluso en los trabajos m\u00e1s simples. Escuchamos las historias m\u00e1s locas, desde una escalera montada al rev\u00e9s hasta un alicatador que primero rob\u00f3 cerveza del refrigerador del Cliente y luego se golpe\u00f3 el pulgar (\u00a1hemos visto la sangre en la pared)!<br \/>\n&nbsp;<br \/>\nMrFix existe para prevenir este tipo de problemas mediante una comunicaci\u00f3n clara y tecnolog\u00eda inteligente. Y si algo sale mal, nos aseguramos de que el contratista lo solucione en un plazo de tiempo razonable.<br \/>\n&nbsp;<\/p>\n<h2>Entonces, \u00bfc\u00f3mo define MrFix una obra adecuada?<\/h2>\n<p>&nbsp;<br \/>\nAntes de hablar de la garant\u00eda de reparaci\u00f3n de edificios, primero conviene tener claro cu\u00e1l es el objetivo de la obra:<\/p>\n<ol>\n<li>Antes de la obra, el Cliente comparte todos los deseos e informaci\u00f3n relevantes (\u00a1fotos!) con el experto, por ejemplo, si el experto debe proporcionar el material y, de ser as\u00ed, qu\u00e9 material exactamente<\/li>\n<li>El experto solicita al Cliente informaci\u00f3n adicional antes de la obra y aconseja al Cliente sobre soluciones alternativas si lo desea<\/li>\n<li>El experto comienza dentro del horario acordado de 1 hora con el material y las herramientas necesarios<\/li>\n<li>Si es posible, el contratista hace bien el trabajo la primera vez. Eso tambi\u00e9n significa: de forma segura<\/li>\n<li>El experto ordena y limpia si el Cliente lo desea<\/li>\n<li>MrFix factura los costos correctos de mano de obra, material y estacionamiento en nombre del experto sin cargos por desplazamiento, tarifas de servicio u otros costos adicionales ocultos<\/li>\n<\/ol>\n<p>&nbsp;<\/p>\n<h2>\u00bfA qu\u00e9 tipo de problemas se aplica la garant\u00eda de reparaci\u00f3n de edificios?<\/h2>\n<p>&nbsp;<br \/>\nLas garant\u00edas no se refieren a problemas como citas perdidas, da\u00f1os causados por el experto o un trabajo que el experto no hace exactamente como el Cliente quiere (el experto decide como se ejecuta la obra). MrFix ayuda a prevenir (y si es necesario a resolver) estos problemas, pero normalmente no est\u00e1n cubiertos por la garant\u00eda del contratista.<br \/>\n&nbsp;<br \/>\nRequerimos que el experto ofrezca al Cliente un m\u00ednimo de 3 meses de garant\u00eda sobre su mano de obra. Si el trabajo se completa primero a satisfacci\u00f3n del Cliente pero luego causa problemas que el Cliente considera inaceptables, MrFix exige que el contratista rectifique estos problemas bajo su garant\u00eda durante al menos 3 meses despu\u00e9s de la ejecuci\u00f3n. Eso significa:<\/p>\n<ul>\n<li>Si es posible, \u00e9l mismo resuelve el problema o hace que lo resuelva un tercero sin cobrar costos de mano de obra, solo cualquier costo de material y estacionamiento<\/li>\n<li>Si el problema se debe a materiales suministrados por el experto, \u00e9ste invoca la garant\u00eda del fabricante en nombre del Cliente<\/li>\n<\/ul>\n<p>&nbsp;<\/p>\n<h2>\u00bfY en qu\u00e9 casos la obra es inaceptable?<\/h2>\n<p>&nbsp;<br \/>\nNo es f\u00e1cil definir qu\u00e9 problemas debe resolver el experto, pero en la mayor\u00eda de los casos est\u00e1 claro para un Cliente y un contratista razonables. Si no, MrFix puede ayudar a mediar. Usamos el sentido com\u00fan al hacerlo. Tres ejemplos:<\/p>\n<ul>\n<li>Si un experto cuelga un televisor, una l\u00e1mpara o un cuadro y el objeto se cae un mes despu\u00e9s, debe ofrecer una garant\u00eda volvi\u00e9ndolo a colgar firmemente (y el Cliente puede responsabilizar al experto por separado de cualquier da\u00f1o al objeto y\/o el suelo)<\/li>\n<li>Por otro lado, un inodoro o un lavabo pueden volver a obstruirse incluso una semana despu\u00e9s de un trabajo de desobstrucci\u00f3n. Puede haber m\u00faltiples causas y un bloqueo puede requerir m\u00faltiples visitas, m\u00e9todos y tipos de equipos. Normalmente la garant\u00eda no aplica<\/li>\n<li>Si la pintura se desprende de la pared o el techo poco despu\u00e9s de un trabajo, eso tambi\u00e9n deber\u00eda estar cubierto por la garant\u00eda. De hecho, la mayor\u00eda de los pintores ofrecen una garant\u00eda de 3 a 10 a\u00f1os sobre su trabajo, dependiendo de la calidad de la pintura, entre otras cosas<\/li>\n<\/ul>\n<p>&nbsp;<br \/>\nEn \u00faltima instancia, el contratista sigue siendo responsable de la cobertura de su garant\u00eda, pero MrFix apoya al Cliente y es experto en la resoluci\u00f3n de cualquier disputa. Hasta ahora, nuestros Clientes y expertos siempre han encontrado una soluci\u00f3n (a veces con nuestra ayuda) siendo justos y aplicando el sentido com\u00fan. Si un contratista alguna vez se negara a cumplir su garant\u00eda, apoyaremos al Cliente con pruebas e informaci\u00f3n relevante en cualquier acci\u00f3n legal. Y cuando creamos que el Cliente tiene raz\u00f3n, dejaremos de cooperar con el contratista correspondiente.<\/p>\n","protected":false},"excerpt":{"rendered":"<p>La reparaci\u00f3n y el mantenimiento de edificios no parecen tan complejos, pero sin MrFix muchas cosas salen mal incluso en los trabajos m\u00e1s simples. Escuchamos las historias m\u00e1s locas, desde una escalera montada al rev\u00e9s hasta un alicatador que primero rob\u00f3 cerveza del refrigerador del Cliente y luego se golpe\u00f3 el pulgar (\u00a1hemos visto la [&hellip;]<\/p>\n","protected":false},"author":2,"featured_media":0,"parent":0,"menu_order":0,"comment_status":"closed","ping_status":"closed","template":"","meta":{"_acf_changed":false,"inline_featured_image":false,"footnotes":""},"class_list":["post-59366","page","type-page","status-publish","hentry"],"acf":[],"yoast_head":"<!-- This site is optimized with the Yoast SEO plugin v27.5 - https:\/\/yoast.com\/product\/yoast-seo-wordpress\/ -->\n<title>Garant\u00eda de reparaci\u00f3n de edificios: \u00bfqu\u00e9 exige MrFix que ofrezca el experto? - MrFix<\/title>\n<meta name=\"description\" content=\"Book your expert via our app: Clients.MrFix.nl. MrFix is transparent about and\" \/>\n<meta name=\"robots\" content=\"index, follow, max-snippet:-1, max-image-preview:large, max-video-preview:-1\" \/>\n<link rel=\"canonical\" href=\"https:\/\/mrfix.nl\/es\/garantia\/\" \/>\n<meta property=\"og:locale\" content=\"es_ES\" \/>\n<meta property=\"og:type\" content=\"article\" \/>\n<meta property=\"og:title\" content=\"Garant\u00eda de reparaci\u00f3n de edificios: \u00bfqu\u00e9 exige MrFix que ofrezca el experto? - MrFix\" \/>\n<meta property=\"og:description\" content=\"Book your expert via our app: Clients.MrFix.nl. MrFix is transparent about and\" \/>\n<meta property=\"og:url\" content=\"https:\/\/mrfix.nl\/es\/garantia\/\" \/>\n<meta property=\"og:site_name\" content=\"MrFix\" \/>\n<meta property=\"article:publisher\" content=\"https:\/\/www.facebook.com\/MrFix.Nederland\" \/>\n<meta property=\"article:modified_time\" content=\"2026-04-04T15:30:58+00:00\" \/>\n<meta name=\"twitter:card\" content=\"summary_large_image\" \/>\n<meta name=\"twitter:site\" content=\"@MrFixNL\" \/>\n<meta name=\"twitter:label1\" content=\"Tiempo de lectura\" \/>\n\t<meta name=\"twitter:data1\" content=\"4 minuto\" \/>\n<script type=\"application\/ld+json\" class=\"yoast-schema-graph\">{\"@context\":\"https:\\\/\\\/schema.org\",\"@graph\":[{\"@type\":\"WebPage\",\"@id\":\"https:\\\/\\\/mrfix.nl\\\/es\\\/garantia\\\/\",\"url\":\"https:\\\/\\\/mrfix.nl\\\/es\\\/garantia\\\/\",\"name\":\"Garant\u00eda de reparaci\u00f3n de edificios: \u00bfqu\u00e9 exige MrFix que ofrezca el experto? - MrFix\",\"isPartOf\":{\"@id\":\"https:\\\/\\\/mrfix.nl\\\/es\\\/#website\"},\"datePublished\":\"2024-02-20T09:58:33+00:00\",\"dateModified\":\"2026-04-04T15:30:58+00:00\",\"description\":\"Book your expert via our app: Clients.MrFix.nl. MrFix is transparent about and\",\"breadcrumb\":{\"@id\":\"https:\\\/\\\/mrfix.nl\\\/es\\\/garantia\\\/#breadcrumb\"},\"inLanguage\":\"es\",\"potentialAction\":[{\"@type\":\"ReadAction\",\"target\":[\"https:\\\/\\\/mrfix.nl\\\/es\\\/garantia\\\/\"]}]},{\"@type\":\"BreadcrumbList\",\"@id\":\"https:\\\/\\\/mrfix.nl\\\/es\\\/garantia\\\/#breadcrumb\",\"itemListElement\":[{\"@type\":\"ListItem\",\"position\":1,\"name\":\"P\u00e1gina de inicio\",\"item\":\"https:\\\/\\\/mrfix.nl\\\/es\\\/\"},{\"@type\":\"ListItem\",\"position\":2,\"name\":\"Garant\u00eda de reparaci\u00f3n de edificios: \u00bfqu\u00e9 exige MrFix que ofrezca el experto?\"}]},{\"@type\":\"WebSite\",\"@id\":\"https:\\\/\\\/mrfix.nl\\\/es\\\/#website\",\"url\":\"https:\\\/\\\/mrfix.nl\\\/es\\\/\",\"name\":\"MrFix building repair service\",\"description\":\"Hand-picked experts\",\"publisher\":{\"@id\":\"https:\\\/\\\/mrfix.nl\\\/es\\\/#organization\"},\"alternateName\":\"MrFix\",\"potentialAction\":[{\"@type\":\"SearchAction\",\"target\":{\"@type\":\"EntryPoint\",\"urlTemplate\":\"https:\\\/\\\/mrfix.nl\\\/es\\\/?s={search_term_string}\"},\"query-input\":{\"@type\":\"PropertyValueSpecification\",\"valueRequired\":true,\"valueName\":\"search_term_string\"}}],\"inLanguage\":\"es\"},{\"@type\":\"Organization\",\"@id\":\"https:\\\/\\\/mrfix.nl\\\/es\\\/#organization\",\"name\":\"Klusbedrijf MrFix.nl BV\",\"alternateName\":\"MrFix\",\"url\":\"https:\\\/\\\/mrfix.nl\\\/es\\\/\",\"logo\":{\"@type\":\"ImageObject\",\"inLanguage\":\"es\",\"@id\":\"https:\\\/\\\/mrfix.nl\\\/es\\\/#\\\/schema\\\/logo\\\/image\\\/\",\"url\":\"https:\\\/\\\/mrfix.nl\\\/wp-content\\\/uploads\\\/2026\\\/04\\\/MrFix-master_SQ_WhiteOnBlack_EN.jpg\",\"contentUrl\":\"https:\\\/\\\/mrfix.nl\\\/wp-content\\\/uploads\\\/2026\\\/04\\\/MrFix-master_SQ_WhiteOnBlack_EN.jpg\",\"width\":800,\"height\":800,\"caption\":\"Klusbedrijf MrFix.nl BV\"},\"image\":{\"@id\":\"https:\\\/\\\/mrfix.nl\\\/es\\\/#\\\/schema\\\/logo\\\/image\\\/\"},\"sameAs\":[\"https:\\\/\\\/www.facebook.com\\\/MrFix.Nederland\",\"https:\\\/\\\/x.com\\\/MrFixNL\",\"https:\\\/\\\/www.linkedin.com\\\/company\\\/10360262\\\/\",\"https:\\\/\\\/www.instagram.com\\\/mrfix.nl\\\/\"]}]}<\/script>\n<!-- \/ Yoast SEO plugin. -->","yoast_head_json":{"title":"Garant\u00eda de reparaci\u00f3n de edificios: \u00bfqu\u00e9 exige MrFix que ofrezca el experto? - MrFix","description":"Book your expert via our app: Clients.MrFix.nl. MrFix is transparent about and","robots":{"index":"index","follow":"follow","max-snippet":"max-snippet:-1","max-image-preview":"max-image-preview:large","max-video-preview":"max-video-preview:-1"},"canonical":"https:\/\/mrfix.nl\/es\/garantia\/","og_locale":"es_ES","og_type":"article","og_title":"Garant\u00eda de reparaci\u00f3n de edificios: \u00bfqu\u00e9 exige MrFix que ofrezca el experto? - MrFix","og_description":"Book your expert via our app: Clients.MrFix.nl. MrFix is transparent about and","og_url":"https:\/\/mrfix.nl\/es\/garantia\/","og_site_name":"MrFix","article_publisher":"https:\/\/www.facebook.com\/MrFix.Nederland","article_modified_time":"2026-04-04T15:30:58+00:00","twitter_card":"summary_large_image","twitter_site":"@MrFixNL","twitter_misc":{"Tiempo de lectura":"4 minuto"},"schema":{"@context":"https:\/\/schema.org","@graph":[{"@type":"WebPage","@id":"https:\/\/mrfix.nl\/es\/garantia\/","url":"https:\/\/mrfix.nl\/es\/garantia\/","name":"Garant\u00eda de reparaci\u00f3n de edificios: \u00bfqu\u00e9 exige MrFix que ofrezca el experto? - MrFix","isPartOf":{"@id":"https:\/\/mrfix.nl\/es\/#website"},"datePublished":"2024-02-20T09:58:33+00:00","dateModified":"2026-04-04T15:30:58+00:00","description":"Book your expert via our app: Clients.MrFix.nl. MrFix is transparent about and","breadcrumb":{"@id":"https:\/\/mrfix.nl\/es\/garantia\/#breadcrumb"},"inLanguage":"es","potentialAction":[{"@type":"ReadAction","target":["https:\/\/mrfix.nl\/es\/garantia\/"]}]},{"@type":"BreadcrumbList","@id":"https:\/\/mrfix.nl\/es\/garantia\/#breadcrumb","itemListElement":[{"@type":"ListItem","position":1,"name":"P\u00e1gina de inicio","item":"https:\/\/mrfix.nl\/es\/"},{"@type":"ListItem","position":2,"name":"Garant\u00eda de reparaci\u00f3n de edificios: \u00bfqu\u00e9 exige MrFix que ofrezca el experto?"}]},{"@type":"WebSite","@id":"https:\/\/mrfix.nl\/es\/#website","url":"https:\/\/mrfix.nl\/es\/","name":"MrFix building repair service","description":"Hand-picked experts","publisher":{"@id":"https:\/\/mrfix.nl\/es\/#organization"},"alternateName":"MrFix","potentialAction":[{"@type":"SearchAction","target":{"@type":"EntryPoint","urlTemplate":"https:\/\/mrfix.nl\/es\/?s={search_term_string}"},"query-input":{"@type":"PropertyValueSpecification","valueRequired":true,"valueName":"search_term_string"}}],"inLanguage":"es"},{"@type":"Organization","@id":"https:\/\/mrfix.nl\/es\/#organization","name":"Klusbedrijf MrFix.nl BV","alternateName":"MrFix","url":"https:\/\/mrfix.nl\/es\/","logo":{"@type":"ImageObject","inLanguage":"es","@id":"https:\/\/mrfix.nl\/es\/#\/schema\/logo\/image\/","url":"https:\/\/mrfix.nl\/wp-content\/uploads\/2026\/04\/MrFix-master_SQ_WhiteOnBlack_EN.jpg","contentUrl":"https:\/\/mrfix.nl\/wp-content\/uploads\/2026\/04\/MrFix-master_SQ_WhiteOnBlack_EN.jpg","width":800,"height":800,"caption":"Klusbedrijf MrFix.nl BV"},"image":{"@id":"https:\/\/mrfix.nl\/es\/#\/schema\/logo\/image\/"},"sameAs":["https:\/\/www.facebook.com\/MrFix.Nederland","https:\/\/x.com\/MrFixNL","https:\/\/www.linkedin.com\/company\/10360262\/","https:\/\/www.instagram.com\/mrfix.nl\/"]}]}},"_links":{"self":[{"href":"https:\/\/mrfix.nl\/es\/wp-json\/wp\/v2\/pages\/59366","targetHints":{"allow":["GET"]}}],"collection":[{"href":"https:\/\/mrfix.nl\/es\/wp-json\/wp\/v2\/pages"}],"about":[{"href":"https:\/\/mrfix.nl\/es\/wp-json\/wp\/v2\/types\/page"}],"author":[{"embeddable":true,"href":"https:\/\/mrfix.nl\/es\/wp-json\/wp\/v2\/users\/2"}],"replies":[{"embeddable":true,"href":"https:\/\/mrfix.nl\/es\/wp-json\/wp\/v2\/comments?post=59366"}],"version-history":[{"count":1,"href":"https:\/\/mrfix.nl\/es\/wp-json\/wp\/v2\/pages\/59366\/revisions"}],"predecessor-version":[{"id":59367,"href":"https:\/\/mrfix.nl\/es\/wp-json\/wp\/v2\/pages\/59366\/revisions\/59367"}],"wp:attachment":[{"href":"https:\/\/mrfix.nl\/es\/wp-json\/wp\/v2\/media?parent=59366"}],"curies":[{"name":"wp","href":"https:\/\/api.w.org\/{rel}","templated":true}]}}