{"id":5029,"date":"2024-05-30T08:30:37","date_gmt":"2024-05-30T08:30:37","guid":{"rendered":"https:\/\/mrfix.centum-test.site\/witgoedmonteur\/"},"modified":"2026-04-11T15:35:56","modified_gmt":"2026-04-11T15:35:56","slug":"tecnico-electrodomesticos","status":"publish","type":"page","link":"https:\/\/mrfix.nl\/es\/tecnico-electrodomesticos\/","title":{"rendered":"T\u00e9cnico electrodom\u00e9sticos"},"content":{"rendered":"<ul>\n<li>Estimaci\u00f3n o cotizaci\u00f3n gratuita<\/li>\n<li>300+ expertos preseleccionados<\/li>\n<li>Contacto directo 24\/7 a trav\u00e9s de <a href=\"https:\/\/client.mrfix.nl\/\" target=\"_blank\" rel=\"noopener\">nuestra aplicaci\u00f3n<\/a><\/li>\n<\/ul>\n","protected":false},"excerpt":{"rendered":"<p>Estimaci\u00f3n o cotizaci\u00f3n gratuita + expertos preseleccionados Contacto directo 24\/7 a trav\u00e9s de nuestra aplicaci\u00f3n<\/p>\n","protected":false},"author":1,"featured_media":59172,"parent":0,"menu_order":0,"comment_status":"closed","ping_status":"open","template":"pages\/expert-type-template.php","meta":{"_acf_changed":false,"inline_featured_image":false,"footnotes":""},"class_list":["post-5029","page","type-page","status-publish","has-post-thumbnail","hentry"],"acf":[],"yoast_head":"<!-- This site is optimized with the Yoast SEO plugin v27.5 - https:\/\/yoast.com\/product\/yoast-seo-wordpress\/ -->\n<title>T\u00e9cnico electrodom\u00e9sticos - MrFix<\/title>\n<meta name=\"description\" content=\"T\u00e9cnico electrodom\u00e9sticos servicios con expertos preseleccionados. Reserva en 1 hora y garantizamos que el trabajo se haga bien a la 1\u00aa vez. \u00a1Confiable!\" \/>\n<meta name=\"robots\" content=\"index, follow, max-snippet:-1, max-image-preview:large, max-video-preview:-1\" \/>\n<link rel=\"canonical\" href=\"https:\/\/mrfix.nl\/es\/tecnico-electrodomesticos\/\" \/>\n<meta property=\"og:locale\" content=\"es_ES\" \/>\n<meta property=\"og:type\" content=\"article\" \/>\n<meta property=\"og:title\" content=\"T\u00e9cnico electrodom\u00e9sticos - MrFix\" \/>\n<meta property=\"og:description\" content=\"T\u00e9cnico electrodom\u00e9sticos servicios con expertos preseleccionados. Reserva en 1 hora y garantizamos que el trabajo se haga bien a la 1\u00aa vez. \u00a1Confiable!\" \/>\n<meta property=\"og:url\" content=\"https:\/\/mrfix.nl\/es\/tecnico-electrodomesticos\/\" \/>\n<meta property=\"og:site_name\" content=\"MrFix\" \/>\n<meta property=\"article:publisher\" content=\"https:\/\/www.facebook.com\/MrFix.Nederland\" \/>\n<meta property=\"article:modified_time\" content=\"2026-04-11T15:35:56+00:00\" \/>\n<meta property=\"og:image\" content=\"https:\/\/mrfix.nl\/wp-content\/uploads\/2024\/05\/BtKr0WTEqnfLcV2YdUhx__Lq0qZuL6NwEho_7oxHQeo.jpg\" \/>\n\t<meta property=\"og:image:width\" content=\"1\" \/>\n\t<meta property=\"og:image:height\" content=\"1\" \/>\n\t<meta property=\"og:image:type\" content=\"image\/jpeg\" \/>\n<meta name=\"twitter:card\" content=\"summary_large_image\" \/>\n<meta name=\"twitter:site\" content=\"@MrFixNL\" \/>\n<meta name=\"twitter:label1\" content=\"Tiempo de lectura\" \/>\n\t<meta name=\"twitter:data1\" content=\"1 minuto\" \/>\n<script type=\"application\/ld+json\" class=\"yoast-schema-graph\">{\"@context\":\"https:\\\/\\\/schema.org\",\"@graph\":[{\"@type\":\"WebPage\",\"@id\":\"https:\\\/\\\/mrfix.nl\\\/es\\\/tecnico-electrodomesticos\\\/\",\"url\":\"https:\\\/\\\/mrfix.nl\\\/es\\\/tecnico-electrodomesticos\\\/\",\"name\":\"T\u00e9cnico electrodom\u00e9sticos - MrFix\",\"isPartOf\":{\"@id\":\"https:\\\/\\\/mrfix.nl\\\/es\\\/#website\"},\"primaryImageOfPage\":{\"@id\":\"https:\\\/\\\/mrfix.nl\\\/es\\\/tecnico-electrodomesticos\\\/#primaryimage\"},\"image\":{\"@id\":\"https:\\\/\\\/mrfix.nl\\\/es\\\/tecnico-electrodomesticos\\\/#primaryimage\"},\"thumbnailUrl\":\"https:\\\/\\\/mrfix.nl\\\/wp-content\\\/uploads\\\/2024\\\/05\\\/BtKr0WTEqnfLcV2YdUhx__Lq0qZuL6NwEho_7oxHQeo.jpg\",\"datePublished\":\"2024-05-30T08:30:37+00:00\",\"dateModified\":\"2026-04-11T15:35:56+00:00\",\"description\":\"T\u00e9cnico electrodom\u00e9sticos servicios con expertos preseleccionados. Reserva en 1 hora y garantizamos que el trabajo se haga bien a la 1\u00aa vez. \u00a1Confiable!\",\"breadcrumb\":{\"@id\":\"https:\\\/\\\/mrfix.nl\\\/es\\\/tecnico-electrodomesticos\\\/#breadcrumb\"},\"inLanguage\":\"es\",\"potentialAction\":[{\"@type\":\"ReadAction\",\"target\":[\"https:\\\/\\\/mrfix.nl\\\/es\\\/tecnico-electrodomesticos\\\/\"]}]},{\"@type\":\"ImageObject\",\"inLanguage\":\"es\",\"@id\":\"https:\\\/\\\/mrfix.nl\\\/es\\\/tecnico-electrodomesticos\\\/#primaryimage\",\"url\":\"https:\\\/\\\/mrfix.nl\\\/wp-content\\\/uploads\\\/2024\\\/05\\\/BtKr0WTEqnfLcV2YdUhx__Lq0qZuL6NwEho_7oxHQeo.jpg\",\"contentUrl\":\"https:\\\/\\\/mrfix.nl\\\/wp-content\\\/uploads\\\/2024\\\/05\\\/BtKr0WTEqnfLcV2YdUhx__Lq0qZuL6NwEho_7oxHQeo.jpg\"},{\"@type\":\"BreadcrumbList\",\"@id\":\"https:\\\/\\\/mrfix.nl\\\/es\\\/tecnico-electrodomesticos\\\/#breadcrumb\",\"itemListElement\":[{\"@type\":\"ListItem\",\"position\":1,\"name\":\"P\u00e1gina de inicio\",\"item\":\"https:\\\/\\\/mrfix.nl\\\/es\\\/\"},{\"@type\":\"ListItem\",\"position\":2,\"name\":\"T\u00e9cnico electrodom\u00e9sticos\"}]},{\"@type\":\"WebSite\",\"@id\":\"https:\\\/\\\/mrfix.nl\\\/es\\\/#website\",\"url\":\"https:\\\/\\\/mrfix.nl\\\/es\\\/\",\"name\":\"MrFix building repair service\",\"description\":\"Hand-picked experts\",\"publisher\":{\"@id\":\"https:\\\/\\\/mrfix.nl\\\/es\\\/#organization\"},\"alternateName\":\"MrFix\",\"potentialAction\":[{\"@type\":\"SearchAction\",\"target\":{\"@type\":\"EntryPoint\",\"urlTemplate\":\"https:\\\/\\\/mrfix.nl\\\/es\\\/?s={search_term_string}\"},\"query-input\":{\"@type\":\"PropertyValueSpecification\",\"valueRequired\":true,\"valueName\":\"search_term_string\"}}],\"inLanguage\":\"es\"},{\"@type\":\"Organization\",\"@id\":\"https:\\\/\\\/mrfix.nl\\\/es\\\/#organization\",\"name\":\"Klusbedrijf MrFix.nl BV\",\"alternateName\":\"MrFix\",\"url\":\"https:\\\/\\\/mrfix.nl\\\/es\\\/\",\"logo\":{\"@type\":\"ImageObject\",\"inLanguage\":\"es\",\"@id\":\"https:\\\/\\\/mrfix.nl\\\/es\\\/#\\\/schema\\\/logo\\\/image\\\/\",\"url\":\"https:\\\/\\\/mrfix.nl\\\/wp-content\\\/uploads\\\/2026\\\/04\\\/MrFix-master_SQ_WhiteOnBlack_EN.jpg\",\"contentUrl\":\"https:\\\/\\\/mrfix.nl\\\/wp-content\\\/uploads\\\/2026\\\/04\\\/MrFix-master_SQ_WhiteOnBlack_EN.jpg\",\"width\":800,\"height\":800,\"caption\":\"Klusbedrijf MrFix.nl BV\"},\"image\":{\"@id\":\"https:\\\/\\\/mrfix.nl\\\/es\\\/#\\\/schema\\\/logo\\\/image\\\/\"},\"sameAs\":[\"https:\\\/\\\/www.facebook.com\\\/MrFix.Nederland\",\"https:\\\/\\\/x.com\\\/MrFixNL\",\"https:\\\/\\\/www.linkedin.com\\\/company\\\/10360262\\\/\",\"https:\\\/\\\/www.instagram.com\\\/mrfix.nl\\\/\"]}]}<\/script>\n<!-- \/ Yoast SEO plugin. -->","yoast_head_json":{"title":"T\u00e9cnico electrodom\u00e9sticos - MrFix","description":"T\u00e9cnico electrodom\u00e9sticos servicios con expertos preseleccionados. Reserva en 1 hora y garantizamos que el trabajo se haga bien a la 1\u00aa vez. \u00a1Confiable!","robots":{"index":"index","follow":"follow","max-snippet":"max-snippet:-1","max-image-preview":"max-image-preview:large","max-video-preview":"max-video-preview:-1"},"canonical":"https:\/\/mrfix.nl\/es\/tecnico-electrodomesticos\/","og_locale":"es_ES","og_type":"article","og_title":"T\u00e9cnico electrodom\u00e9sticos - MrFix","og_description":"T\u00e9cnico electrodom\u00e9sticos servicios con expertos preseleccionados. Reserva en 1 hora y garantizamos que el trabajo se haga bien a la 1\u00aa vez. \u00a1Confiable!","og_url":"https:\/\/mrfix.nl\/es\/tecnico-electrodomesticos\/","og_site_name":"MrFix","article_publisher":"https:\/\/www.facebook.com\/MrFix.Nederland","article_modified_time":"2026-04-11T15:35:56+00:00","og_image":[{"url":"https:\/\/mrfix.nl\/wp-content\/uploads\/2024\/05\/BtKr0WTEqnfLcV2YdUhx__Lq0qZuL6NwEho_7oxHQeo.jpg","width":1,"height":1,"type":"image\/jpeg"}],"twitter_card":"summary_large_image","twitter_site":"@MrFixNL","twitter_misc":{"Tiempo de lectura":"1 minuto"},"schema":{"@context":"https:\/\/schema.org","@graph":[{"@type":"WebPage","@id":"https:\/\/mrfix.nl\/es\/tecnico-electrodomesticos\/","url":"https:\/\/mrfix.nl\/es\/tecnico-electrodomesticos\/","name":"T\u00e9cnico electrodom\u00e9sticos - MrFix","isPartOf":{"@id":"https:\/\/mrfix.nl\/es\/#website"},"primaryImageOfPage":{"@id":"https:\/\/mrfix.nl\/es\/tecnico-electrodomesticos\/#primaryimage"},"image":{"@id":"https:\/\/mrfix.nl\/es\/tecnico-electrodomesticos\/#primaryimage"},"thumbnailUrl":"https:\/\/mrfix.nl\/wp-content\/uploads\/2024\/05\/BtKr0WTEqnfLcV2YdUhx__Lq0qZuL6NwEho_7oxHQeo.jpg","datePublished":"2024-05-30T08:30:37+00:00","dateModified":"2026-04-11T15:35:56+00:00","description":"T\u00e9cnico electrodom\u00e9sticos servicios con expertos preseleccionados. Reserva en 1 hora y garantizamos que el trabajo se haga bien a la 1\u00aa vez. \u00a1Confiable!","breadcrumb":{"@id":"https:\/\/mrfix.nl\/es\/tecnico-electrodomesticos\/#breadcrumb"},"inLanguage":"es","potentialAction":[{"@type":"ReadAction","target":["https:\/\/mrfix.nl\/es\/tecnico-electrodomesticos\/"]}]},{"@type":"ImageObject","inLanguage":"es","@id":"https:\/\/mrfix.nl\/es\/tecnico-electrodomesticos\/#primaryimage","url":"https:\/\/mrfix.nl\/wp-content\/uploads\/2024\/05\/BtKr0WTEqnfLcV2YdUhx__Lq0qZuL6NwEho_7oxHQeo.jpg","contentUrl":"https:\/\/mrfix.nl\/wp-content\/uploads\/2024\/05\/BtKr0WTEqnfLcV2YdUhx__Lq0qZuL6NwEho_7oxHQeo.jpg"},{"@type":"BreadcrumbList","@id":"https:\/\/mrfix.nl\/es\/tecnico-electrodomesticos\/#breadcrumb","itemListElement":[{"@type":"ListItem","position":1,"name":"P\u00e1gina de inicio","item":"https:\/\/mrfix.nl\/es\/"},{"@type":"ListItem","position":2,"name":"T\u00e9cnico electrodom\u00e9sticos"}]},{"@type":"WebSite","@id":"https:\/\/mrfix.nl\/es\/#website","url":"https:\/\/mrfix.nl\/es\/","name":"MrFix building repair service","description":"Hand-picked experts","publisher":{"@id":"https:\/\/mrfix.nl\/es\/#organization"},"alternateName":"MrFix","potentialAction":[{"@type":"SearchAction","target":{"@type":"EntryPoint","urlTemplate":"https:\/\/mrfix.nl\/es\/?s={search_term_string}"},"query-input":{"@type":"PropertyValueSpecification","valueRequired":true,"valueName":"search_term_string"}}],"inLanguage":"es"},{"@type":"Organization","@id":"https:\/\/mrfix.nl\/es\/#organization","name":"Klusbedrijf MrFix.nl BV","alternateName":"MrFix","url":"https:\/\/mrfix.nl\/es\/","logo":{"@type":"ImageObject","inLanguage":"es","@id":"https:\/\/mrfix.nl\/es\/#\/schema\/logo\/image\/","url":"https:\/\/mrfix.nl\/wp-content\/uploads\/2026\/04\/MrFix-master_SQ_WhiteOnBlack_EN.jpg","contentUrl":"https:\/\/mrfix.nl\/wp-content\/uploads\/2026\/04\/MrFix-master_SQ_WhiteOnBlack_EN.jpg","width":800,"height":800,"caption":"Klusbedrijf MrFix.nl BV"},"image":{"@id":"https:\/\/mrfix.nl\/es\/#\/schema\/logo\/image\/"},"sameAs":["https:\/\/www.facebook.com\/MrFix.Nederland","https:\/\/x.com\/MrFixNL","https:\/\/www.linkedin.com\/company\/10360262\/","https:\/\/www.instagram.com\/mrfix.nl\/"]}]}},"_links":{"self":[{"href":"https:\/\/mrfix.nl\/es\/wp-json\/wp\/v2\/pages\/5029","targetHints":{"allow":["GET"]}}],"collection":[{"href":"https:\/\/mrfix.nl\/es\/wp-json\/wp\/v2\/pages"}],"about":[{"href":"https:\/\/mrfix.nl\/es\/wp-json\/wp\/v2\/types\/page"}],"author":[{"embeddable":true,"href":"https:\/\/mrfix.nl\/es\/wp-json\/wp\/v2\/users\/1"}],"replies":[{"embeddable":true,"href":"https:\/\/mrfix.nl\/es\/wp-json\/wp\/v2\/comments?post=5029"}],"version-history":[{"count":8,"href":"https:\/\/mrfix.nl\/es\/wp-json\/wp\/v2\/pages\/5029\/revisions"}],"predecessor-version":[{"id":59571,"href":"https:\/\/mrfix.nl\/es\/wp-json\/wp\/v2\/pages\/5029\/revisions\/59571"}],"wp:featuredmedia":[{"embeddable":true,"href":"https:\/\/mrfix.nl\/es\/wp-json\/wp\/v2\/media\/59172"}],"wp:attachment":[{"href":"https:\/\/mrfix.nl\/es\/wp-json\/wp\/v2\/media?parent=5029"}],"curies":[{"name":"wp","href":"https:\/\/api.w.org\/{rel}","templated":true}]}}