{"id":2139,"date":"2023-06-14T10:08:56","date_gmt":"2023-06-14T10:08:56","guid":{"rendered":"http:\/\/mrfix.centum-test.site\/privacy-tatement\/"},"modified":"2024-05-30T21:25:23","modified_gmt":"2024-05-30T21:25:23","slug":"privacy-statement","status":"publish","type":"page","link":"https:\/\/mrfix.nl\/es\/privacy-statement\/","title":{"rendered":"Declaraci\u00f3n de privacidad &#8211; Klusbedrijf MrFix.nl BV (en adelante \u00abMrFix\u00bb)"},"content":{"rendered":"<p><strong>Esta es una traducci\u00f3n autom\u00e1tica de nuestra Declaraci\u00f3n de Privacidad para su comodidad. En caso de cualquier discrepancia o duda, prevalecer\u00e1 el texto original holand\u00e9s:<\/strong><br \/>\n&nbsp;<br \/>\n&nbsp;<br \/>\n<strong>Aplicabilidad<\/strong><br \/>\n&nbsp;<br \/>\nEsta Declaraci\u00f3n de Privacidad se aplica a toda la informaci\u00f3n o datos personales sensibles a la privacidad que usted nos proporciona, por ejemplo, a trav\u00e9s de un formulario de registro, un formulario de contacto o solicitudes de trabajo que realiza a trav\u00e9s de nuestra aplicaci\u00f3n m\u00f3vil, sitio web <a href=\"\/\">https: \/\/MrFix.nl <\/a> o de otra manera. Damos gran importancia a la privacidad de nuestros Clientes y por lo tanto ejercemos el m\u00e1ximo cuidado en el manejo y protecci\u00f3n de los datos personales. Procesamos datos de acuerdo con las condiciones establecidas en el Reglamento General de Protecci\u00f3n de Datos (GDPR). MrFix es responsable en el sentido del RGPD del tratamiento de sus datos personales. Esto significa que s\u00f3lo nosotros determinamos qu\u00e9 datos personales se procesan, con qu\u00e9 finalidad y de qu\u00e9 manera. Somos responsables de garantizar que sus datos personales se procesen de manera adecuada y cuidadosa de acuerdo con el RGPD. En esta Declaraci\u00f3n de Privacidad explicamos qu\u00e9 datos procesamos y con qu\u00e9 fines se utilizan.<br \/>\n&nbsp;<br \/>\n<strong>Resumen de datos personales<\/strong><br \/>\n&nbsp;<br \/>\nA continuaci\u00f3n encontrar\u00e1 una descripci\u00f3n general de los datos personales que procesamos. Para cada Cliente:<\/p>\n<ul>\n<li>Nombre y apellido<\/li>\n<li>Direcci\u00f3n<\/li>\n<li>N\u00famero(s) de tel\u00e9fono<\/li>\n<li>Direcci\u00f3n de correo electr\u00f3nico<\/li>\n<li>Resumen de su solicitud de trabajo, incluidos los archivos (fotogr\u00e1ficos) y su disponibilidad<\/li>\n<\/ul>\n<p>Y en determinados casos tambi\u00e9n:<\/p>\n<ul>\n<li>Direcci\u00f3n IP del visitante del sitio web<\/li>\n<li>N\u00famero de cuenta bancaria<\/li>\n<li>G\u00e9nero<\/li>\n<li>Fecha de nacimiento<\/li>\n<\/ul>\n<p><strong>Finalidad y principios del tratamiento de datos personales<\/strong><br \/>\n&nbsp;<br \/>\nAl aceptar esta Declaraci\u00f3n de privacidad, otorga permiso expl\u00edcito (en el sentido del art\u00edculo 6(1)(a) del RGPD) para el procesamiento de sus datos personales para los fines mencionados a continuaci\u00f3n. Puede retirar este consentimiento en cualquier momento. Sin embargo, si no nos proporciona cierta informaci\u00f3n o no la procesamos, es posible que no podamos brindarle un servicio adecuado.<br \/>\n&nbsp;<br \/>\nSi no nos ha dado su consentimiento expl\u00edcito para procesar sus datos personales o si ha retirado este consentimiento, el procesamiento de sus datos personales puede basarse en el Art\u00edculo 6(1)(b), (c) y\/o (f) de se aplica el RGPD. En ese caso, el procesamiento de sus datos personales puede tener lugar sin su consentimiento, siempre que sea necesario para la ejecuci\u00f3n de un acuerdo del que usted es o ser\u00e1 parte, o necesario para la representaci\u00f3n de los intereses leg\u00edtimos de MrFix. Adem\u00e1s, podemos estar sujetos a la obligaci\u00f3n legal de procesar sus datos personales.<br \/>\n&nbsp;<br \/>\nProcesamos sus datos personales para las siguientes finalidades:<\/p>\n<ul>\n<li>Para ofrecerle la oportunidad de crear una cuenta<\/li>\n<li>Para encontrar un profesional adecuado a su solicitud de empleo<\/li>\n<li>Poder comunicarnos con usted (a trav\u00e9s de aplicaci\u00f3n m\u00f3vil, correo electr\u00f3nico, tel\u00e9fono, WhatsApp o SMS) con respecto a la ejecuci\u00f3n de su solicitud de empleo, lo cual apoyamos<\/li>\n<li>Para gestionar su pago, posiblemente con socios con los que MrFix tenga un acuerdo de cooperaci\u00f3n<\/li>\n<li>Para poder procesar sus solicitudes de trabajo posteriores m\u00e1s r\u00e1pido<\/li>\n<li>Para adaptar mejor el servicio a sus necesidades<\/li>\n<li>Evaluar y mejorar la calidad de nuestros servicios<\/li>\n<li>Para enviar nuestra newsletter y\/o consejos de mantenimiento<\/li>\n<li>Para informarle sobre cambios en nuestros servicios y regulaciones<\/li>\n<\/ul>\n<p>No almacenamos sus datos personales durante m\u00e1s tiempo del necesario para lograr estos objetivos.<br \/>\n&nbsp;<br \/>\n<strong>Provisi\u00f3n a terceros<\/strong><br \/>\n&nbsp;<br \/>\nPodemos compartir sus datos personales con terceros si esto es compatible con los fines mencionados anteriormente. Proporcionar el resumen de su trabajo, as\u00ed como la direcci\u00f3n de exportaci\u00f3n y su disponibilidad a los profesionales es esencial para encontrar al profesional adecuado que atienda su regi\u00f3n y est\u00e9 disponible. Adem\u00e1s, MrFix comparte datos con socios comerciales con los que MrFix tiene un acuerdo de cooperaci\u00f3n. Esto es para adaptar mejor el servicio a las necesidades de los Clientes y evaluar y mejorar la calidad del servicio. Finalmente, la provisi\u00f3n a terceros puede ser necesaria para la ejecuci\u00f3n de un acuerdo entre usted y nosotros, para la representaci\u00f3n de un inter\u00e9s leg\u00edtimo nuestro o para cumplir con cualquier obligaci\u00f3n legal a la que estemos sujetos. Requerimos que los profesionales se adhieran a esta Declaraci\u00f3n de Privacidad. Celebramos un acuerdo de procesamiento con otras empresas que procesan sus datos en nuestro nombre para garantizar el mismo nivel de seguridad y confidencialidad de sus datos. Seguimos siendo responsables de este procesamiento. Aparte de las situaciones anteriores, s\u00f3lo proporcionamos sus datos personales a otros terceros con su consentimiento escrito o verbal.<br \/>\n&nbsp;<br \/>\n<strong>Fines comerciales<\/strong><br \/>\n&nbsp;<br \/>\nPodemos utilizar sus datos personales con fines comerciales, por ejemplo, para brindarle m\u00e1s informaci\u00f3n sobre nuestros servicios o productos o servicios relevantes de organizaciones cuidadosamente seleccionadas. En ese caso, s\u00f3lo se le informar\u00e1 a la direcci\u00f3n de correo electr\u00f3nico que registr\u00f3. Si no desea recibir informaci\u00f3n sobre productos o servicios relevantes, puede indicarlo f\u00e1cilmente haciendo clic en \u00abcancelar suscripci\u00f3n\u00bb en el correo electr\u00f3nico recibido.<br \/>\n&nbsp;<br \/>\nTambi\u00e9n utilizamos sus datos personales para estudios de mercado y la optimizaci\u00f3n de nuestros servicios. En este contexto, sus datos personales se anonimizar\u00e1n y, por lo tanto, ya no podr\u00e1n identificarse con usted.<br \/>\n&nbsp;<br \/>\nTus datos no ser\u00e1n vendidos ni compartidos con terceros con fines comerciales, salvo que t\u00fa lo consientas expresamente.<br \/>\n&nbsp;<br \/>\n<strong>Toma de decisiones automatizada<\/strong><br \/>\n&nbsp;<br \/>\nTomamos decisiones basadas en tratamientos automatizados sobre asuntos que pueden tener consecuencias para las personas. Se trata de decisiones que se toman mediante programas o sistemas inform\u00e1ticos, sin que intervenga un ser humano (por ejemplo, un empleado nuestro). Para ello utilizamos los siguientes sistemas inform\u00e1ticos:<\/p>\n<ul>\n<li>Podio con el m\u00f3dulo Globiflow (ambos propiedad de <a href=\"https:\/\/www.citrix.com\/about\/legal\/privacy\/\" rel=\"noopener\" target=\"_blank\">Citrix Systems Inc<\/ a>) para vincular su solicitud de empleo con un profesional en funci\u00f3n de su resumen y los datos que conocemos sobre los campos de los profesionales y las regiones de trabajo.<\/li>\n<li>Aplicaci\u00f3n PIM (gesti\u00f3n de informaci\u00f3n personal) <a href=\"https:\/\/www.google.com\/intl\/nl_nl\/policies\/privacy\/?fg=1\" rel=\"noopener\" target=\"_blank\"> Google <\/a>Contactos<\/li>\n<li>CMS (sistema de gesti\u00f3n de contenidos) <a href=\"https:\/\/automattic.com\/privacy\/\" rel=\"noopener\" target=\"_blank\">WordPress<\/a><\/li>\n<li>Desarrolladores web <a href=\"https:\/\/www.centum-d.com\/en\/privacy-policy\/\" rel=\"noopener\" target=\"_blank\">Centum-D<\/a> y <a href=\"https:\/\/go2people-websites.nl\/service-level-agreement-go2people-websites\/\" rel=\"noopener\" target=\"_blank\"> Go2People<\/a><\/li>\n<li>Hospedadores web <a href=\"https:\/\/aws.amazon.com\/privacy\/\" rel=\"noopener\" target=\"_blank\">AWS<\/a>, <a href=\"https:\/\/www . hetzner.com\/legal\/privacy-policy\/\" rel=\"noopener\" target=\"_blank\">Hetzner<\/a> en <a href=\"https:\/\/www.cloudvps.com\/sites\/default\/files\/ documentos \/CloudVPS_SLA_Classic_VPS_EN_v1.pdf\" rel=\"noopener\" target=\"_blank\">CloudVPS<\/a><\/li>\n<li>Conector de aplicaci\u00f3n <a href=\"https:\/\/zapier.com\/privacy\/\" rel=\"noopener\" target=\"_blank\">Zapier<\/a><\/li>\n<li>Proveedor de servicios de pago <a href=\"https:\/\/www.mollie.com\/privacy\" rel=\"noopener\" target=\"_blank\">Mollie<\/a><\/li>\n<li>Servicios de mensajer\u00eda <a href=\"https:\/\/www.twilio.com\/en-us\/legal\/privacy\" rel=\"noopener\" target=\"_blank\">Twilio<\/a>, <a href=\"https:\/\/www.tyntec.com\/data-privacy-statement\/\" rel=\"noopener\" target=\"_blank\">Tyntec<\/a> y <a href=\"https:\/\/www.textmagic.com\/privacy -policy\/\" rel=\"noopener\" target=\"_blank\">TextMagic<\/a><\/li>\n<li>Programas de correo <a href=\"https:\/\/www.mailjet.com\/legal\/privacy-policy\/\" rel=\"noopener\" target=\"_blank\">Mailjet<\/a> y <a href=\"https:\/\/www.mailgun.com\/legal\/privacy-policy\/\" rel=\"noopener\" target=\"_blank\">Mailgun<\/a><\/li>\n<\/ul>\n<p><strong>Cookies<\/strong><br \/>\n&nbsp;<br \/>\nUna cookie es un peque\u00f1o archivo de texto que se almacena en su computadora, tableta o tel\u00e9fono inteligente cuando visita este sitio web por primera vez. Puede darse de baja de estas cookies configurando su navegador de Internet para que ya no almacene cookies. Adem\u00e1s, tambi\u00e9n puede eliminar toda la informaci\u00f3n previamente almacenada a trav\u00e9s de la configuraci\u00f3n de su navegador.<br \/>\n&nbsp;<br \/>\nUtilizamos las siguientes cookies:<\/p>\n<ul>\n<li>Cookies funcionales: son cookies necesarias para el funcionamiento t\u00e9cnico del sitio web y su facilidad de uso. Garantizan que el sitio web funcione correctamente y, por ejemplo, recuerdan su configuraci\u00f3n de preferencias. Tambi\u00e9n podemos optimizar nuestro sitio web con esto. Se trata de cookies anal\u00edticas que no infringen su privacidad para las cuales no requerimos su permiso previo.<\/li>\n<li>Cookies de seguimiento: colocamos cookies que rastrean su comportamiento de navegaci\u00f3n para que podamos ofrecer contenido y anuncios personalizados. En su primera visita a nuestro sitio web, ya le informamos sobre estas cookies y le pedimos permiso para colocarlas. Puede darse de baja de las cookies configurando su navegador de Internet para que ya no almacene cookies. Adem\u00e1s, tambi\u00e9n puede eliminar toda la informaci\u00f3n previamente almacenada a trav\u00e9s de la configuraci\u00f3n de su navegador.<\/li>\n<li>Google Analytics y Ads: Las cookies de la empresa estadounidense Google se colocan en este sitio web como parte de los servicios de \u201cAnalytics\u201d y \u201cAds\u201d. MrFix utiliza estos servicios para hacer que los textos de nuestros anuncios publicitarios sean lo m\u00e1s relevantes posible y para recibir informes sobre c\u00f3mo se utiliza el sitio web y medir su calidad y eficacia. Usamos Google Analytics y Ads de la manera prescrita por la Autoridad Holandesa de Protecci\u00f3n de Datos para estar bajo la excepci\u00f3n de la ley de cookies, lo que significa que no necesitamos su permiso previo para usar Google Analytics o Ads.<\/li>\n<li>Facebook (pixel y compartir), LinkedIn (compartir) y Twitter (compartir): las cookies de las empresas estadounidenses Facebook, LinkedIn y Twitter se colocan en este sitio web, principalmente para permitir al visitante compartir nuestro contenido en sus respectivas plataformas. MrFix utiliza estos servicios para recibir informes sobre qu\u00e9 contenido se comparte en nuestro sitio web y para medir la calidad y eficacia de este contenido. Usamos Facebook, LinkedIn y Twitter de la manera prescrita por la Autoridad Holandesa de Protecci\u00f3n de Datos para estar bajo la excepci\u00f3n de la ley de cookies, lo que significa que no necesitamos su permiso previo para usar Facebook, LinkedIn y Twitter<\/li >\n<\/ul>\n<p><strong>Ver, corregir o eliminar<\/strong><br \/>\n&nbsp;<br \/>\nTiene derecho a ver, corregir o eliminar sus datos personales. Tambi\u00e9n tiene derecho a retirar su consentimiento al procesamiento de datos o a oponerse al procesamiento de sus datos personales. Tiene derecho a la portabilidad de sus datos (\u00abportabilidad de datos\u00bb) si tenemos datos personales digitales que procesamos con su consentimiento o procesamos para ejecutar un acuerdo que hemos celebrado con usted. Esto significa que puede enviarnos una solicitud para que le enviemos los datos personales digitales que almacenamos sobre usted en un archivo inform\u00e1tico legible a usted o a otra organizaci\u00f3n mencionada por usted.<br \/>\n&nbsp;<br \/>\nPuede enviar una solicitud de acceso, correcci\u00f3n, eliminaci\u00f3n, transferencia de sus datos personales o retirada de su consentimiento o una oposici\u00f3n al procesamiento de sus datos personales a <a href=\"mailto:security@mrfix.nl\">security@ mrfix.nl <\/a>. Para garantizar que usted haya realizado la solicitud de acceso, le solicitamos que adjunte una copia de su prueba de identidad con la solicitud. Haga que su foto de pasaporte, MRZ (zona legible por m\u00e1quina, la franja con n\u00fameros en la parte inferior del pasaporte), n\u00famero de pasaporte y N\u00famero de servicio al ciudadano (BSN) sean negros en esta copia. Esto es para proteger su privacidad. Normalmente responderemos a su solicitud en un plazo de 24 horas, pero en cualquier caso en un plazo de 4 semanas.<br \/>\n&nbsp;<br \/>\nTambi\u00e9n nos gustar\u00eda se\u00f1alar que tiene la opci\u00f3n de presentar una queja ante la autoridad supervisora \u200b\u200bnacional, la Autoridad Holandesa de Protecci\u00f3n de Datos.<br \/>\n&nbsp;<br \/>\n<strong>Contacto<\/strong><br \/>\n&nbsp;<br \/>\nNos tomamos en serio la protecci\u00f3n de sus datos y tomamos las medidas adecuadas para evitar el uso indebido, la p\u00e9rdida, el acceso no autorizado, la divulgaci\u00f3n no deseada y la modificaci\u00f3n no autorizada. Si tiene la impresi\u00f3n de que sus datos no est\u00e1n protegidos adecuadamente o hay indicios de uso indebido, comun\u00edquese inmediatamente con nuestro director Michiel a trav\u00e9s de <a href=\"mailto:security@mrfix.nl\">security@mrfix.nl<\/ a>. Puede ponerse en contacto con esta direcci\u00f3n para todos los problemas y preguntas en el campo de la privacidad y la seguridad.<br \/>\n&nbsp;<br \/>\nManitas MrFix.nl BV<br \/>\nWeesperstraat 98-A<br \/>\n1112AP Diemen<br \/>\nLos pa\u00edses bajos<br \/>\n&nbsp;<br \/>\nPrivacidad y seguridad: <a href=\"mailto:security@mrfix.nl\">security@mrfix.nl<\/a><br \/>\nOtros asuntos: <a href=\"mailto:info@mrfix.nl\">info@mrfix.nl<\/a><br \/>\n&nbsp;<br \/>\n+31-20-6750333<br \/>\n&nbsp;<br \/>\n&nbsp;<br \/>\nDiemen, marzo de 2024<\/p>\n","protected":false},"excerpt":{"rendered":"<p>Esta es una traducci\u00f3n autom\u00e1tica de nuestra Declaraci\u00f3n de Privacidad para su comodidad. En caso de cualquier discrepancia o duda, prevalecer\u00e1 el texto original holand\u00e9s: &nbsp; &nbsp; Aplicabilidad &nbsp; Esta Declaraci\u00f3n de Privacidad se aplica a toda la informaci\u00f3n o datos personales sensibles a la privacidad que usted nos proporciona, por ejemplo, a trav\u00e9s de [&hellip;]<\/p>\n","protected":false},"author":1,"featured_media":0,"parent":0,"menu_order":0,"comment_status":"closed","ping_status":"open","template":"","meta":{"_acf_changed":false,"inline_featured_image":false,"footnotes":""},"class_list":["post-2139","page","type-page","status-publish","hentry"],"acf":[],"yoast_head":"<!-- This site is optimized with the Yoast SEO plugin v27.5 - https:\/\/yoast.com\/product\/yoast-seo-wordpress\/ -->\n<title>Declaraci\u00f3n de privacidad - Klusbedrijf MrFix.nl BV (en adelante &quot;MrFix&quot;) - MrFix<\/title>\n<meta name=\"description\" content=\"Book your expert via our app: Clients.MrFix.nl. MrFix is transparent about and\" \/>\n<meta name=\"robots\" content=\"index, follow, max-snippet:-1, max-image-preview:large, max-video-preview:-1\" \/>\n<link rel=\"canonical\" href=\"https:\/\/mrfix.nl\/es\/privacy-statement\/\" \/>\n<meta property=\"og:locale\" content=\"es_ES\" \/>\n<meta property=\"og:type\" content=\"article\" \/>\n<meta property=\"og:title\" content=\"Declaraci\u00f3n de privacidad - Klusbedrijf MrFix.nl BV (en adelante &quot;MrFix&quot;) - MrFix\" \/>\n<meta property=\"og:description\" content=\"Book your expert via our app: Clients.MrFix.nl. MrFix is transparent about and\" \/>\n<meta property=\"og:url\" content=\"https:\/\/mrfix.nl\/es\/privacy-statement\/\" \/>\n<meta property=\"og:site_name\" content=\"MrFix\" \/>\n<meta property=\"article:publisher\" content=\"https:\/\/www.facebook.com\/MrFix.Nederland\" \/>\n<meta property=\"article:modified_time\" content=\"2024-05-30T21:25:23+00:00\" \/>\n<meta name=\"twitter:card\" content=\"summary_large_image\" \/>\n<meta name=\"twitter:site\" content=\"@MrFixNL\" \/>\n<meta name=\"twitter:label1\" content=\"Tiempo de lectura\" \/>\n\t<meta name=\"twitter:data1\" content=\"9 minuto\" \/>\n<script type=\"application\/ld+json\" class=\"yoast-schema-graph\">{\"@context\":\"https:\\\/\\\/schema.org\",\"@graph\":[{\"@type\":\"WebPage\",\"@id\":\"https:\\\/\\\/mrfix.nl\\\/es\\\/privacy-statement\\\/\",\"url\":\"https:\\\/\\\/mrfix.nl\\\/es\\\/privacy-statement\\\/\",\"name\":\"Declaraci\u00f3n de privacidad - Klusbedrijf MrFix.nl BV (en adelante \\\"MrFix\\\") - MrFix\",\"isPartOf\":{\"@id\":\"https:\\\/\\\/mrfix.nl\\\/es\\\/#website\"},\"datePublished\":\"2023-06-14T10:08:56+00:00\",\"dateModified\":\"2024-05-30T21:25:23+00:00\",\"description\":\"Book your expert via our app: Clients.MrFix.nl. MrFix is transparent about and\",\"breadcrumb\":{\"@id\":\"https:\\\/\\\/mrfix.nl\\\/es\\\/privacy-statement\\\/#breadcrumb\"},\"inLanguage\":\"es\",\"potentialAction\":[{\"@type\":\"ReadAction\",\"target\":[\"https:\\\/\\\/mrfix.nl\\\/es\\\/privacy-statement\\\/\"]}]},{\"@type\":\"BreadcrumbList\",\"@id\":\"https:\\\/\\\/mrfix.nl\\\/es\\\/privacy-statement\\\/#breadcrumb\",\"itemListElement\":[{\"@type\":\"ListItem\",\"position\":1,\"name\":\"P\u00e1gina de inicio\",\"item\":\"https:\\\/\\\/mrfix.nl\\\/es\\\/\"},{\"@type\":\"ListItem\",\"position\":2,\"name\":\"Declaraci\u00f3n de privacidad &#8211; Klusbedrijf MrFix.nl BV (en adelante &#8220;MrFix&#8221;)\"}]},{\"@type\":\"WebSite\",\"@id\":\"https:\\\/\\\/mrfix.nl\\\/es\\\/#website\",\"url\":\"https:\\\/\\\/mrfix.nl\\\/es\\\/\",\"name\":\"MrFix building repair service\",\"description\":\"Hand-picked experts\",\"publisher\":{\"@id\":\"https:\\\/\\\/mrfix.nl\\\/es\\\/#organization\"},\"alternateName\":\"MrFix\",\"potentialAction\":[{\"@type\":\"SearchAction\",\"target\":{\"@type\":\"EntryPoint\",\"urlTemplate\":\"https:\\\/\\\/mrfix.nl\\\/es\\\/?s={search_term_string}\"},\"query-input\":{\"@type\":\"PropertyValueSpecification\",\"valueRequired\":true,\"valueName\":\"search_term_string\"}}],\"inLanguage\":\"es\"},{\"@type\":\"Organization\",\"@id\":\"https:\\\/\\\/mrfix.nl\\\/es\\\/#organization\",\"name\":\"Klusbedrijf MrFix.nl BV\",\"alternateName\":\"MrFix\",\"url\":\"https:\\\/\\\/mrfix.nl\\\/es\\\/\",\"logo\":{\"@type\":\"ImageObject\",\"inLanguage\":\"es\",\"@id\":\"https:\\\/\\\/mrfix.nl\\\/es\\\/#\\\/schema\\\/logo\\\/image\\\/\",\"url\":\"https:\\\/\\\/mrfix.nl\\\/wp-content\\\/uploads\\\/2026\\\/04\\\/MrFix-master_SQ_WhiteOnBlack_EN.jpg\",\"contentUrl\":\"https:\\\/\\\/mrfix.nl\\\/wp-content\\\/uploads\\\/2026\\\/04\\\/MrFix-master_SQ_WhiteOnBlack_EN.jpg\",\"width\":800,\"height\":800,\"caption\":\"Klusbedrijf MrFix.nl BV\"},\"image\":{\"@id\":\"https:\\\/\\\/mrfix.nl\\\/es\\\/#\\\/schema\\\/logo\\\/image\\\/\"},\"sameAs\":[\"https:\\\/\\\/www.facebook.com\\\/MrFix.Nederland\",\"https:\\\/\\\/x.com\\\/MrFixNL\",\"https:\\\/\\\/www.linkedin.com\\\/company\\\/10360262\\\/\",\"https:\\\/\\\/www.instagram.com\\\/mrfix.nl\\\/\"]}]}<\/script>\n<!-- \/ Yoast SEO plugin. -->","yoast_head_json":{"title":"Declaraci\u00f3n de privacidad - Klusbedrijf MrFix.nl BV (en adelante \"MrFix\") - MrFix","description":"Book your expert via our app: Clients.MrFix.nl. MrFix is transparent about and","robots":{"index":"index","follow":"follow","max-snippet":"max-snippet:-1","max-image-preview":"max-image-preview:large","max-video-preview":"max-video-preview:-1"},"canonical":"https:\/\/mrfix.nl\/es\/privacy-statement\/","og_locale":"es_ES","og_type":"article","og_title":"Declaraci\u00f3n de privacidad - Klusbedrijf MrFix.nl BV (en adelante \"MrFix\") - MrFix","og_description":"Book your expert via our app: Clients.MrFix.nl. MrFix is transparent about and","og_url":"https:\/\/mrfix.nl\/es\/privacy-statement\/","og_site_name":"MrFix","article_publisher":"https:\/\/www.facebook.com\/MrFix.Nederland","article_modified_time":"2024-05-30T21:25:23+00:00","twitter_card":"summary_large_image","twitter_site":"@MrFixNL","twitter_misc":{"Tiempo de lectura":"9 minuto"},"schema":{"@context":"https:\/\/schema.org","@graph":[{"@type":"WebPage","@id":"https:\/\/mrfix.nl\/es\/privacy-statement\/","url":"https:\/\/mrfix.nl\/es\/privacy-statement\/","name":"Declaraci\u00f3n de privacidad - Klusbedrijf MrFix.nl BV (en adelante \"MrFix\") - MrFix","isPartOf":{"@id":"https:\/\/mrfix.nl\/es\/#website"},"datePublished":"2023-06-14T10:08:56+00:00","dateModified":"2024-05-30T21:25:23+00:00","description":"Book your expert via our app: Clients.MrFix.nl. MrFix is transparent about and","breadcrumb":{"@id":"https:\/\/mrfix.nl\/es\/privacy-statement\/#breadcrumb"},"inLanguage":"es","potentialAction":[{"@type":"ReadAction","target":["https:\/\/mrfix.nl\/es\/privacy-statement\/"]}]},{"@type":"BreadcrumbList","@id":"https:\/\/mrfix.nl\/es\/privacy-statement\/#breadcrumb","itemListElement":[{"@type":"ListItem","position":1,"name":"P\u00e1gina de inicio","item":"https:\/\/mrfix.nl\/es\/"},{"@type":"ListItem","position":2,"name":"Declaraci\u00f3n de privacidad &#8211; Klusbedrijf MrFix.nl BV (en adelante &#8220;MrFix&#8221;)"}]},{"@type":"WebSite","@id":"https:\/\/mrfix.nl\/es\/#website","url":"https:\/\/mrfix.nl\/es\/","name":"MrFix building repair service","description":"Hand-picked experts","publisher":{"@id":"https:\/\/mrfix.nl\/es\/#organization"},"alternateName":"MrFix","potentialAction":[{"@type":"SearchAction","target":{"@type":"EntryPoint","urlTemplate":"https:\/\/mrfix.nl\/es\/?s={search_term_string}"},"query-input":{"@type":"PropertyValueSpecification","valueRequired":true,"valueName":"search_term_string"}}],"inLanguage":"es"},{"@type":"Organization","@id":"https:\/\/mrfix.nl\/es\/#organization","name":"Klusbedrijf MrFix.nl BV","alternateName":"MrFix","url":"https:\/\/mrfix.nl\/es\/","logo":{"@type":"ImageObject","inLanguage":"es","@id":"https:\/\/mrfix.nl\/es\/#\/schema\/logo\/image\/","url":"https:\/\/mrfix.nl\/wp-content\/uploads\/2026\/04\/MrFix-master_SQ_WhiteOnBlack_EN.jpg","contentUrl":"https:\/\/mrfix.nl\/wp-content\/uploads\/2026\/04\/MrFix-master_SQ_WhiteOnBlack_EN.jpg","width":800,"height":800,"caption":"Klusbedrijf MrFix.nl BV"},"image":{"@id":"https:\/\/mrfix.nl\/es\/#\/schema\/logo\/image\/"},"sameAs":["https:\/\/www.facebook.com\/MrFix.Nederland","https:\/\/x.com\/MrFixNL","https:\/\/www.linkedin.com\/company\/10360262\/","https:\/\/www.instagram.com\/mrfix.nl\/"]}]}},"_links":{"self":[{"href":"https:\/\/mrfix.nl\/es\/wp-json\/wp\/v2\/pages\/2139","targetHints":{"allow":["GET"]}}],"collection":[{"href":"https:\/\/mrfix.nl\/es\/wp-json\/wp\/v2\/pages"}],"about":[{"href":"https:\/\/mrfix.nl\/es\/wp-json\/wp\/v2\/types\/page"}],"author":[{"embeddable":true,"href":"https:\/\/mrfix.nl\/es\/wp-json\/wp\/v2\/users\/1"}],"replies":[{"embeddable":true,"href":"https:\/\/mrfix.nl\/es\/wp-json\/wp\/v2\/comments?post=2139"}],"version-history":[{"count":5,"href":"https:\/\/mrfix.nl\/es\/wp-json\/wp\/v2\/pages\/2139\/revisions"}],"predecessor-version":[{"id":59399,"href":"https:\/\/mrfix.nl\/es\/wp-json\/wp\/v2\/pages\/2139\/revisions\/59399"}],"wp:attachment":[{"href":"https:\/\/mrfix.nl\/es\/wp-json\/wp\/v2\/media?parent=2139"}],"curies":[{"name":"wp","href":"https:\/\/api.w.org\/{rel}","templated":true}]}}