{"id":59460,"date":"2024-03-19T15:41:31","date_gmt":"2024-03-19T15:41:31","guid":{"rendered":"https:\/\/mrfix.nl\/?page_id=59460"},"modified":"2026-04-04T15:20:48","modified_gmt":"2026-04-04T15:20:48","slug":"partner","status":"publish","type":"page","link":"https:\/\/mrfix.nl\/de\/partner\/","title":{"rendered":"Die Partner der MrFix-Familie"},"content":{"rendered":"<p>MrFix arbeitet seit Jahren mit Fachleuten, Anbietern hochwertiger Produkte und Dienstleistungen sowie Verwaltern von Luxusimmobilien zusammen, die ihren Mietern die Sicherheit und den Komfort eines schnellen und zuverl\u00e4ssigen Handwerkerservices bieten m\u00f6chten.<br \/>\n&nbsp;<\/p>\n<h2>Zuverl\u00e4ssige Profis<\/h2>\n<p>&nbsp;<br \/>\nSeit 2010 hat MrFix eine starke Familie aus sehr unterschiedlichen Fachleuten aufgebaut:<\/p>\n<ul>\n<li>vom <a href=\"https:\/\/mrfix.nl\/de\/maler\/\">Maler<\/a> bis zum Zentralheizungstechniker<\/li>\n<li>vom <a href=\"https:\/\/mrfix.nl\/de\/handwerker\/\">Allround-Handwerker<\/a> Rishie in Den Haag bis zum <a href=\"https:\/\/mrfix.nl\/de\/klempner\/\">Klempner<\/a> Ton in Overijssel und vom <a href=\"https:\/\/mrfix.nl\/de\/reinigungskraft\/\">Reinigungskraft<\/a> Abdellah in Zaandijk bis zum <a href=\"https:\/\/mrfix.nl\/de\/handwerker\/\">Allround-Handwerker<\/a> Rudi in Eindhoven.\n<li>Vom Dachdecker Eugen aus Rum\u00e4nien zum <a href=\"https:\/\/mrfix.nl\/de\/handwerker\/\">Allround-Handwerker<\/a> Saar aus Israel und < ein href=\"\/de\/elektriker\/\">Elektriker<\/a> Abdel aus den Niederlanden<\/li>\n<li>Von den Muskeln im jungen Team des M\u00f6belpackers Aivars bis hin zu den grauen Zellen der erfahrenen <a href=\"https:\/\/mrfix.nl\/de\/computerfachmann\/\"> Netzwerkspezialist<\/a>Bart<\/li>\n<\/ul>\n<p>&nbsp;<br \/>\nDurch die Vielfalt unserer Fachkr\u00e4fte ist das Leistungsspektrum besonders breit gef\u00e4chert: Unsere Handwerker erledigen wirklich jede Arbeit im Haushalt (sowie im B\u00fcro, Laden und Restaurant) und im Garten gut. Ein- und Ausbau, vorbeugende Wartung und Reparatur, Versch\u00f6nerung und Kontrolle &#8230; wir haben wirklich f\u00fcr alle Arte von Geb\u00e4udepflege einen Profi.<br \/>\n&nbsp;<br \/>\nDiese Vielfalt ist <a href=\"\/de\/uber-mrfix\/\">ein wichtiges Merkmal von MrFix<\/a> und erh\u00f6ht zudem die durchschnittliche Qualit\u00e4t der Auftr\u00e4ge. Wir helfen dem Kunden gerne dabei, einen <a href=\"https:\/\/mrfix.nl\/de\/handwerker\/\">Allround-Allesk\u00f6nner<\/a> zu finden, der verschiedene, relativ einfache Auftr\u00e4ge in einem einzigen Besuch erledigen kann. Wenn du jedoch beispielsweise einen echten Spezialisten f\u00fcr den Feuchtigkeitsschutz ben\u00f6tigst, kannst du sogar zwischen Spezialisten w\u00e4hlen, die sich mit aufsteigender Feuchtigkeit befassen (z. B. Jaap), oder solchen, die nur Niederschlag bek\u00e4mpfen (wie Andr\u00e9). Sie liefern viel bessere Ergebnisse in k\u00fcrzerer Zeit als ein Profi, der etwas \u201enebenbei\u201c macht und bei jedem Schritt herausfinden muss, wie er es machen soll &#8230;<br \/>\n&nbsp;<br \/>\nBist du ein erfahrener Fachmann auf der Suche nach Auftr\u00e4ge? Haltest du deine Vereinbarungen ein und stellst du deine Kunden zufrieden? Dann haben wir Auftr\u00e4ge f\u00fcr dich. <a href=\"\/de\/komm-fixen\/\">Hier<\/a>kannst du dich \u00fcber unsere Arbeitsweise informieren und dich anmelden. Bitte beachte: Wir arbeiten <em>nicht<\/em> mit Profis zusammen, die behaupten, sie k\u00f6nnten alles, denn niemand kann alles gut. Unser Ansatz ist einfach: Bereit dich gr\u00fcndlich vor, mach die Arbeit gleich beim ersten Mal richtig und stell dich sicher, dass der Kunde rundum zufrieden ist!<\/p>\n","protected":false},"excerpt":{"rendered":"<p>MrFix arbeitet seit Jahren mit Fachleuten, Anbietern hochwertiger Produkte und Dienstleistungen sowie Verwaltern von Luxusimmobilien zusammen, die ihren Mietern die Sicherheit und den Komfort eines schnellen und zuverl\u00e4ssigen Handwerkerservices bieten m\u00f6chten. &nbsp; Zuverl\u00e4ssige Profis &nbsp; Seit 2010 hat MrFix eine starke Familie aus sehr unterschiedlichen Fachleuten aufgebaut: vom Maler bis zum Zentralheizungstechniker vom Allround-Handwerker Rishie [&hellip;]<\/p>\n","protected":false},"author":4,"featured_media":0,"parent":0,"menu_order":0,"comment_status":"closed","ping_status":"closed","template":"pages\/partners-page.php","meta":{"_acf_changed":false,"inline_featured_image":false,"footnotes":""},"class_list":["post-59460","page","type-page","status-publish","hentry"],"acf":[],"yoast_head":"<!-- This site is optimized with the Yoast SEO plugin v27.5 - https:\/\/yoast.com\/product\/yoast-seo-wordpress\/ -->\n<title>Die Partner der MrFix-Familie - MrFix<\/title>\n<meta name=\"description\" content=\"Book your expert via our app: Clients.MrFix.nl. MrFix is transparent about and\" \/>\n<meta name=\"robots\" content=\"index, follow, max-snippet:-1, max-image-preview:large, max-video-preview:-1\" \/>\n<link rel=\"canonical\" href=\"https:\/\/mrfix.nl\/de\/partner\/\" \/>\n<meta property=\"og:locale\" content=\"de_DE\" \/>\n<meta property=\"og:type\" content=\"article\" \/>\n<meta property=\"og:title\" content=\"Die Partner der MrFix-Familie - MrFix\" \/>\n<meta property=\"og:description\" content=\"Book your expert via our app: Clients.MrFix.nl. MrFix is transparent about and\" \/>\n<meta property=\"og:url\" content=\"https:\/\/mrfix.nl\/de\/partner\/\" \/>\n<meta property=\"og:site_name\" content=\"MrFix\" \/>\n<meta property=\"article:publisher\" content=\"https:\/\/www.facebook.com\/MrFix.Nederland\" \/>\n<meta property=\"article:modified_time\" content=\"2026-04-04T15:20:48+00:00\" \/>\n<meta name=\"twitter:card\" content=\"summary_large_image\" \/>\n<meta name=\"twitter:site\" content=\"@MrFixNL\" \/>\n<meta name=\"twitter:label1\" content=\"Gesch\u00e4tzte Lesezeit\" \/>\n\t<meta name=\"twitter:data1\" content=\"2\u00a0Minute\" \/>\n<script type=\"application\/ld+json\" class=\"yoast-schema-graph\">{\"@context\":\"https:\\\/\\\/schema.org\",\"@graph\":[{\"@type\":\"WebPage\",\"@id\":\"https:\\\/\\\/mrfix.nl\\\/de\\\/partner\\\/\",\"url\":\"https:\\\/\\\/mrfix.nl\\\/de\\\/partner\\\/\",\"name\":\"Die Partner der MrFix-Familie - MrFix\",\"isPartOf\":{\"@id\":\"https:\\\/\\\/mrfix.nl\\\/de\\\/#website\"},\"datePublished\":\"2024-03-19T15:41:31+00:00\",\"dateModified\":\"2026-04-04T15:20:48+00:00\",\"description\":\"Book your expert via our app: Clients.MrFix.nl. MrFix is transparent about and\",\"breadcrumb\":{\"@id\":\"https:\\\/\\\/mrfix.nl\\\/de\\\/partner\\\/#breadcrumb\"},\"inLanguage\":\"de\",\"potentialAction\":[{\"@type\":\"ReadAction\",\"target\":[\"https:\\\/\\\/mrfix.nl\\\/de\\\/partner\\\/\"]}]},{\"@type\":\"BreadcrumbList\",\"@id\":\"https:\\\/\\\/mrfix.nl\\\/de\\\/partner\\\/#breadcrumb\",\"itemListElement\":[{\"@type\":\"ListItem\",\"position\":1,\"name\":\"Startseite\",\"item\":\"https:\\\/\\\/mrfix.nl\\\/de\\\/\"},{\"@type\":\"ListItem\",\"position\":2,\"name\":\"Die Partner der MrFix-Familie\"}]},{\"@type\":\"WebSite\",\"@id\":\"https:\\\/\\\/mrfix.nl\\\/de\\\/#website\",\"url\":\"https:\\\/\\\/mrfix.nl\\\/de\\\/\",\"name\":\"MrFix building repair service\",\"description\":\"Hand-picked experts\",\"publisher\":{\"@id\":\"https:\\\/\\\/mrfix.nl\\\/de\\\/#organization\"},\"alternateName\":\"MrFix\",\"potentialAction\":[{\"@type\":\"SearchAction\",\"target\":{\"@type\":\"EntryPoint\",\"urlTemplate\":\"https:\\\/\\\/mrfix.nl\\\/de\\\/?s={search_term_string}\"},\"query-input\":{\"@type\":\"PropertyValueSpecification\",\"valueRequired\":true,\"valueName\":\"search_term_string\"}}],\"inLanguage\":\"de\"},{\"@type\":\"Organization\",\"@id\":\"https:\\\/\\\/mrfix.nl\\\/de\\\/#organization\",\"name\":\"Klusbedrijf MrFix.nl BV\",\"alternateName\":\"MrFix\",\"url\":\"https:\\\/\\\/mrfix.nl\\\/de\\\/\",\"logo\":{\"@type\":\"ImageObject\",\"inLanguage\":\"de\",\"@id\":\"https:\\\/\\\/mrfix.nl\\\/de\\\/#\\\/schema\\\/logo\\\/image\\\/\",\"url\":\"https:\\\/\\\/mrfix.nl\\\/wp-content\\\/uploads\\\/2026\\\/04\\\/MrFix-master_SQ_WhiteOnBlack_EN.jpg\",\"contentUrl\":\"https:\\\/\\\/mrfix.nl\\\/wp-content\\\/uploads\\\/2026\\\/04\\\/MrFix-master_SQ_WhiteOnBlack_EN.jpg\",\"width\":800,\"height\":800,\"caption\":\"Klusbedrijf MrFix.nl BV\"},\"image\":{\"@id\":\"https:\\\/\\\/mrfix.nl\\\/de\\\/#\\\/schema\\\/logo\\\/image\\\/\"},\"sameAs\":[\"https:\\\/\\\/www.facebook.com\\\/MrFix.Nederland\",\"https:\\\/\\\/x.com\\\/MrFixNL\",\"https:\\\/\\\/www.linkedin.com\\\/company\\\/10360262\\\/\",\"https:\\\/\\\/www.instagram.com\\\/mrfix.nl\\\/\"]}]}<\/script>\n<!-- \/ Yoast SEO plugin. -->","yoast_head_json":{"title":"Die Partner der MrFix-Familie - MrFix","description":"Book your expert via our app: Clients.MrFix.nl. MrFix is transparent about and","robots":{"index":"index","follow":"follow","max-snippet":"max-snippet:-1","max-image-preview":"max-image-preview:large","max-video-preview":"max-video-preview:-1"},"canonical":"https:\/\/mrfix.nl\/de\/partner\/","og_locale":"de_DE","og_type":"article","og_title":"Die Partner der MrFix-Familie - MrFix","og_description":"Book your expert via our app: Clients.MrFix.nl. MrFix is transparent about and","og_url":"https:\/\/mrfix.nl\/de\/partner\/","og_site_name":"MrFix","article_publisher":"https:\/\/www.facebook.com\/MrFix.Nederland","article_modified_time":"2026-04-04T15:20:48+00:00","twitter_card":"summary_large_image","twitter_site":"@MrFixNL","twitter_misc":{"Gesch\u00e4tzte Lesezeit":"2\u00a0Minute"},"schema":{"@context":"https:\/\/schema.org","@graph":[{"@type":"WebPage","@id":"https:\/\/mrfix.nl\/de\/partner\/","url":"https:\/\/mrfix.nl\/de\/partner\/","name":"Die Partner der MrFix-Familie - MrFix","isPartOf":{"@id":"https:\/\/mrfix.nl\/de\/#website"},"datePublished":"2024-03-19T15:41:31+00:00","dateModified":"2026-04-04T15:20:48+00:00","description":"Book your expert via our app: Clients.MrFix.nl. MrFix is transparent about and","breadcrumb":{"@id":"https:\/\/mrfix.nl\/de\/partner\/#breadcrumb"},"inLanguage":"de","potentialAction":[{"@type":"ReadAction","target":["https:\/\/mrfix.nl\/de\/partner\/"]}]},{"@type":"BreadcrumbList","@id":"https:\/\/mrfix.nl\/de\/partner\/#breadcrumb","itemListElement":[{"@type":"ListItem","position":1,"name":"Startseite","item":"https:\/\/mrfix.nl\/de\/"},{"@type":"ListItem","position":2,"name":"Die Partner der MrFix-Familie"}]},{"@type":"WebSite","@id":"https:\/\/mrfix.nl\/de\/#website","url":"https:\/\/mrfix.nl\/de\/","name":"MrFix building repair service","description":"Hand-picked experts","publisher":{"@id":"https:\/\/mrfix.nl\/de\/#organization"},"alternateName":"MrFix","potentialAction":[{"@type":"SearchAction","target":{"@type":"EntryPoint","urlTemplate":"https:\/\/mrfix.nl\/de\/?s={search_term_string}"},"query-input":{"@type":"PropertyValueSpecification","valueRequired":true,"valueName":"search_term_string"}}],"inLanguage":"de"},{"@type":"Organization","@id":"https:\/\/mrfix.nl\/de\/#organization","name":"Klusbedrijf MrFix.nl BV","alternateName":"MrFix","url":"https:\/\/mrfix.nl\/de\/","logo":{"@type":"ImageObject","inLanguage":"de","@id":"https:\/\/mrfix.nl\/de\/#\/schema\/logo\/image\/","url":"https:\/\/mrfix.nl\/wp-content\/uploads\/2026\/04\/MrFix-master_SQ_WhiteOnBlack_EN.jpg","contentUrl":"https:\/\/mrfix.nl\/wp-content\/uploads\/2026\/04\/MrFix-master_SQ_WhiteOnBlack_EN.jpg","width":800,"height":800,"caption":"Klusbedrijf MrFix.nl BV"},"image":{"@id":"https:\/\/mrfix.nl\/de\/#\/schema\/logo\/image\/"},"sameAs":["https:\/\/www.facebook.com\/MrFix.Nederland","https:\/\/x.com\/MrFixNL","https:\/\/www.linkedin.com\/company\/10360262\/","https:\/\/www.instagram.com\/mrfix.nl\/"]}]}},"_links":{"self":[{"href":"https:\/\/mrfix.nl\/de\/wp-json\/wp\/v2\/pages\/59460","targetHints":{"allow":["GET"]}}],"collection":[{"href":"https:\/\/mrfix.nl\/de\/wp-json\/wp\/v2\/pages"}],"about":[{"href":"https:\/\/mrfix.nl\/de\/wp-json\/wp\/v2\/types\/page"}],"author":[{"embeddable":true,"href":"https:\/\/mrfix.nl\/de\/wp-json\/wp\/v2\/users\/4"}],"replies":[{"embeddable":true,"href":"https:\/\/mrfix.nl\/de\/wp-json\/wp\/v2\/comments?post=59460"}],"version-history":[{"count":1,"href":"https:\/\/mrfix.nl\/de\/wp-json\/wp\/v2\/pages\/59460\/revisions"}],"predecessor-version":[{"id":59461,"href":"https:\/\/mrfix.nl\/de\/wp-json\/wp\/v2\/pages\/59460\/revisions\/59461"}],"wp:attachment":[{"href":"https:\/\/mrfix.nl\/de\/wp-json\/wp\/v2\/media?parent=59460"}],"curies":[{"name":"wp","href":"https:\/\/api.w.org\/{rel}","templated":true}]}}