{"id":59424,"date":"2023-06-30T11:17:44","date_gmt":"2023-06-30T11:17:44","guid":{"rendered":"https:\/\/mrfix.centum-test.site\/?page_id=59424"},"modified":"2026-04-11T15:53:34","modified_gmt":"2026-04-11T15:53:34","slug":"firmenkunden","status":"publish","type":"page","link":"https:\/\/mrfix.nl\/de\/firmenkunden\/","title":{"rendered":"Firmenkunden"},"content":{"rendered":"<h2>Gelegentlicher vs. laufender Support<\/h2>\n<h3>Gelegentliche Leistungen<\/h3>\n<p>&nbsp;<br \/>\nH\u00e4ufig nutzen Firmenkunden MrFix zuerst, wenn ihr internes Wartungsteam nicht ausreicht:<\/p>\n<ul>\n<li>Der Job erfordert Fachkenntnisse, die deinem Team fehlen<\/li>\n<li>Deine Teammitglieder sind mit anderen Aufgaben besch\u00e4ftigt<\/li>\n<li>Das gew\u00fcnschte Teammitglied ist krank<\/li>\n<li>Das Teammitglied ist im Urlaub (in Holland passiert das h\u00e4ufig rund um die Weihnachts- und Osterferien und insbesondere w\u00e4hrend der sogenannten \u201e<a href=\"https:\/\/nl.wikipedia.org\/wiki\/Bouwvakvakantie\" \" rel=\"noopener\" target=\"_blank\">Bouwvak<\/a>&#8218;, der traditionelle dreiw\u00f6chige Bauarbeiterurlaub im Hochsommer<\/li>\n<\/ul>\n<p>&nbsp;<\/p>\n<h3>Laufende Unterst\u00fctzung<\/h3>\n<p>&nbsp;<br \/>\nM\u00f6glicherweise ziehst du es jedoch vor, unsere Auftragnehmer dauerhafter zu beauftragen. Beispielsweise f\u00fchrt einer unserer Handwerker regelm\u00e4\u00dfig jeden Montag Reparaturen in den Zimmern eines Amsterdamer Hotels durch. Und ein Manager eines Luxus-Appartementhauses hat mit MrFix einen Allesk\u00f6nner gefunden, der zwei Tage die Woche im Pf\u00f6rtnerhaus arbeitet und alle kleinen Reparaturen in den \u00fcber 60 Apartments durchf\u00fchrt. Wenn du die Optionen besprechen m\u00f6chtest, ruf bitte +31 20 6750333 an und frage nach Michiel.<br \/>\n&nbsp;<br \/>\nMrFix hilft dich gerne sowohl gelegentlich als auch l\u00e4ngerfristig weiter: <a href=\"\/en\/\">forderst du einfach hier dein Auftrag an<\/a> oder ruf MrFix unter +31 20 6750333 an (Mo\u2013Do 9:00\u201313:00U & 14:00\u201319:00U, Sa\u2013So 13:00\u201317:00U). Unsere <a href=\"https:\/\/mrfix.centum-test.site\/de\/hilfe\/\">Hilfe-Seite<\/a> enth\u00e4lt einen Abschnitt f\u00fcr Firmenkunden.<\/p>\n<h2>Firmenkunden<\/h2>\n<p>MrFix hat faire Preise mit den Auftragnehmern ausgehandelt. Wir erkl\u00e4ren hier, wie wir dich helfen k\u00f6nnen, ein gutes Preis-Leistungs-Verh\u00e4ltnis zu erzielen. Beachte, dass Firmenkunden normalerweise die Mehrwertsteuer (MwSt.) auf den Rechnungen von MrFix mit der Mehrwertsteuer verrechnen k\u00f6nnen, die sie auf ihren eigenen Rechnungen berechnen. Du zahlt also praktisch keine Mehrwertsteuer. Dies gilt f\u00fcr niederl\u00e4ndische Gesellschaften, nicht jedoch f\u00fcr VvEs (Verenigingen van Eigenaren = Wohnungseigent\u00fcmergemeinschaften), die keine Mehrwertsteuer verrechnen k\u00f6nnen.<br \/>\n&nbsp;<\/p>\n<h2>Unsere Stundens\u00e4tze f\u00fcr Wartungs- und Reparaturarbeiten:<\/h2>\n<ul>\n<li>Bewerben Sie sich f\u00fcr Inspektionen f\u00fcr Angebotsauftr\u00e4ge und f\u00fcr die Ausf\u00fchrung kleinerer Auftr\u00e4ge, f\u00fcr die kein Kostenvoranschlag erforderlich ist Zitat<\/li>\n<li>Bereich von 41,28 \u20ac bis 95,04 \u20ac exkl. MwSt. (45 \u20ac bis 115 \u20ac inkl. MwSt.) pro Stunde basierend auf Komplexit\u00e4t und Knappheit an F\u00e4higkeiten:\n<ul>\n<li><a href=\"https:\/\/mrfix.centum-test.site\/de\/reinigungskraft\/\">Professioneller Reiniger<\/a> 41,28 \u20ac exkl. MwSt. (45 \u20ac inkl. MwSt.)<\/li>\n<li><a href=\"https:\/\/mrfix.centum-test.site\/de\/handwerker\/\">Allround-Handwerker<\/a> (inkl. Bauunternehmer) 45,45 \u20ac oder <a href=\"https:\/\/mrfix.centum-test.site\/de\/maler\/\">Maler<\/a> 50,46 \u20ac (beide 55 \u20ac inkl. MwSt.)<\/li >\n<li><a href=\"\/de\/gartner\/\">G\u00e4rtner<\/a> 45,45 \u20ac (55\u20ac inkl. MwSt.)<\/li >\n<li>Fliesenleger oder Maurer 53,72 \u20ac (65 \u20ac inkl . MwSt.)<\/li>\n<li>Gipser oder Tapezierer 64,22 \u20ac (70 \u20ac inkl. MwSt.)<\/li>\n<li>Schreiner 57,85 \u20ac (70 \u20ac inkl. MwSt.)<\/li >\n<li><a href=\"\/de\/schlusseldienst\/\">Schl\u00fcsseldienst<\/a> oder Glaser 61,98 \u20ac (75 \u20ac inkl. MwSt.)<\/li>\n<li><a href=\"https:\/\/mrfix.centum-test.site\/de\/elektriker\/\">Elektriker<\/a> oder <a href=\"https:\/\/mrfix.centum-test.site\/de\/computerfachmann\/\">Computerfachmann<\/a> 70,25 \u20ac (85 \u20ac inkl. MwSt.)<\/li>\n<li><a href=\"https:\/\/mrfix.centum-test.site\/de\/klempner\/\">Klempner<\/a> 78,51 \u20ac (95 \u20ac inkl. MwSt.). Hinweis: ein Zentralheizungsinstallateur, Dachdecker oder Feuchtigkeitsschutzspezialist kosten 86,78 \u20ac \/ (105 \u20ac inkl. MwSt )<\/li>\n<li><a href=\"https:\/\/mrfix.centum-test.site\/de\/weisswarenmechaniker\/\">Wei\u00dfwarenmechaniker<\/a>, Klimaanlagenspezialist oder M\u00f6belpolsterer 95,04 \u20ac (115 \u20ac inkl. MwSt.)<\/li>\n<\/ul>\n<\/li>\n<li>Sind in beiden Hinsichten fair:\n<ul>\n<li>Sie erm\u00f6glichen dem Handwerker, seinen Lebensunterhalt angemessen zu verdienen. Woanders gibt es vielleicht niedrigere Preise f\u00fcr Hausreparaturen, aber sie f\u00fchren zu Verhaltensweisen, die unsere Kunden nicht akzeptieren: Sie berechnen mehr Stunden als geleistet, erheben Zuschl\u00e4ge f\u00fcr Reisekosten usw. oder machen Abstriche bei der Qualit\u00e4t.<\/li>\n<li>Sie sind so klar (siehe unten) und \u201eall-in\u201c wie m\u00f6glich: inklusive Mehrwertsteuer und Anfahrtsgeb\u00fchren. Lediglich etwaige Material- und Parkkosten fallen zus\u00e4tzlich an. Letztere k\u00f6nnen wir oft vermeiden, indem der Kunde dem Handwerker seinen Parkplatz \u00fcberl\u00e4sst oder der Handwerker mit dem Fahrrad kommen (wie es einige unserer Handwerker in Amsterdam tun). Das Minimum betr\u00e4gt 1 Stunde pro Mann und dar\u00fcber hinaus runden wir auf die n\u00e4chste halbe Stunde auf<\/li>\n<li>F\u00fcr Auftr\u00e4ge, die abends (ab 18 Uhr), am Wochenende, an Feiertagen oder dringend (innerhalb von 24 Stunden) <em>m\u00fcssen<\/em>, wird ein Zuschlag von 50 % erhoben. Diese Zuschl\u00e4ge werden <em>nicht<\/em> kumuliert (es gibt also nie einen 100%igen oder 150%igen Zuschlag) und wenn der Auftrag auch an einem Wochentag tags\u00fcber erledigt werden darf, gibt es <strong>keinen Zuschlag<\/strong> > wenn der Handwerker sich daf\u00fcr entscheidet, dies abends oder am Wochenende zu tun<\/li>\n<li>Es gibt also <strong>keine weiteren Zuschl\u00e4ge<\/strong> wie konkurrierende Dienste und Handwerker fordern f\u00fcr \u201eService\u201c, Anfahrtskosten, Risiko oder Gewinn<\/li>\n<\/ul>\n<\/li>\n<\/ul>\n<p>Weitere Informationen zu Tarifen und Preisen findest du auf der Seite <a href=\"\/de\/preise\/\">\u201ePreise\u201c<\/a>.<\/p>\n","protected":false},"excerpt":{"rendered":"<p>Gelegentlicher vs. laufender Support Gelegentliche Leistungen &nbsp; H\u00e4ufig nutzen Firmenkunden MrFix zuerst, wenn ihr internes Wartungsteam nicht ausreicht: Der Job erfordert Fachkenntnisse, die deinem Team fehlen Deine Teammitglieder sind mit anderen Aufgaben besch\u00e4ftigt Das gew\u00fcnschte Teammitglied ist krank Das Teammitglied ist im Urlaub (in Holland passiert das h\u00e4ufig rund um die Weihnachts- und Osterferien und [&hellip;]<\/p>\n","protected":false},"author":2,"featured_media":991,"parent":0,"menu_order":0,"comment_status":"closed","ping_status":"closed","template":"pages\/corporate-customers.php","meta":{"_acf_changed":false,"inline_featured_image":false,"footnotes":""},"class_list":["post-59424","page","type-page","status-publish","has-post-thumbnail","hentry"],"acf":[],"yoast_head":"<!-- This site is optimized with the Yoast SEO plugin v27.5 - https:\/\/yoast.com\/product\/yoast-seo-wordpress\/ -->\n<title>Firmenkunden - MrFix<\/title>\n<meta name=\"description\" content=\"Book your expert via our app: Clients.MrFix.nl. MrFix is transparent about and\" \/>\n<meta name=\"robots\" content=\"index, follow, max-snippet:-1, max-image-preview:large, max-video-preview:-1\" \/>\n<link rel=\"canonical\" href=\"https:\/\/mrfix.nl\/de\/firmenkunden\/\" \/>\n<meta property=\"og:locale\" content=\"de_DE\" \/>\n<meta property=\"og:type\" content=\"article\" \/>\n<meta property=\"og:title\" content=\"Firmenkunden - MrFix\" \/>\n<meta property=\"og:description\" content=\"Book your expert via our app: Clients.MrFix.nl. MrFix is transparent about and\" \/>\n<meta property=\"og:url\" content=\"https:\/\/mrfix.nl\/de\/firmenkunden\/\" \/>\n<meta property=\"og:site_name\" content=\"MrFix\" \/>\n<meta property=\"article:publisher\" content=\"https:\/\/www.facebook.com\/MrFix.Nederland\" \/>\n<meta property=\"article:modified_time\" content=\"2026-04-11T15:53:34+00:00\" \/>\n<meta property=\"og:image\" content=\"https:\/\/mrfix.nl\/wp-content\/uploads\/2023\/06\/corporate-top.png\" \/>\n\t<meta property=\"og:image:width\" content=\"1008\" \/>\n\t<meta property=\"og:image:height\" content=\"400\" \/>\n\t<meta property=\"og:image:type\" content=\"image\/png\" \/>\n<meta name=\"twitter:card\" content=\"summary_large_image\" \/>\n<meta name=\"twitter:site\" content=\"@MrFixNL\" \/>\n<meta name=\"twitter:label1\" content=\"Gesch\u00e4tzte Lesezeit\" \/>\n\t<meta name=\"twitter:data1\" content=\"3\u00a0Minute\" \/>\n<script type=\"application\/ld+json\" class=\"yoast-schema-graph\">{\"@context\":\"https:\\\/\\\/schema.org\",\"@graph\":[{\"@type\":\"WebPage\",\"@id\":\"https:\\\/\\\/mrfix.nl\\\/de\\\/firmenkunden\\\/\",\"url\":\"https:\\\/\\\/mrfix.nl\\\/de\\\/firmenkunden\\\/\",\"name\":\"Firmenkunden - MrFix\",\"isPartOf\":{\"@id\":\"https:\\\/\\\/mrfix.nl\\\/de\\\/#website\"},\"primaryImageOfPage\":{\"@id\":\"https:\\\/\\\/mrfix.nl\\\/de\\\/firmenkunden\\\/#primaryimage\"},\"image\":{\"@id\":\"https:\\\/\\\/mrfix.nl\\\/de\\\/firmenkunden\\\/#primaryimage\"},\"thumbnailUrl\":\"https:\\\/\\\/mrfix.nl\\\/wp-content\\\/uploads\\\/2023\\\/06\\\/corporate-top.png\",\"datePublished\":\"2023-06-30T11:17:44+00:00\",\"dateModified\":\"2026-04-11T15:53:34+00:00\",\"description\":\"Book your expert via our app: Clients.MrFix.nl. MrFix is transparent about and\",\"breadcrumb\":{\"@id\":\"https:\\\/\\\/mrfix.nl\\\/de\\\/firmenkunden\\\/#breadcrumb\"},\"inLanguage\":\"de\",\"potentialAction\":[{\"@type\":\"ReadAction\",\"target\":[\"https:\\\/\\\/mrfix.nl\\\/de\\\/firmenkunden\\\/\"]}]},{\"@type\":\"ImageObject\",\"inLanguage\":\"de\",\"@id\":\"https:\\\/\\\/mrfix.nl\\\/de\\\/firmenkunden\\\/#primaryimage\",\"url\":\"https:\\\/\\\/mrfix.nl\\\/wp-content\\\/uploads\\\/2023\\\/06\\\/corporate-top.png\",\"contentUrl\":\"https:\\\/\\\/mrfix.nl\\\/wp-content\\\/uploads\\\/2023\\\/06\\\/corporate-top.png\",\"width\":1008,\"height\":400},{\"@type\":\"BreadcrumbList\",\"@id\":\"https:\\\/\\\/mrfix.nl\\\/de\\\/firmenkunden\\\/#breadcrumb\",\"itemListElement\":[{\"@type\":\"ListItem\",\"position\":1,\"name\":\"Startseite\",\"item\":\"https:\\\/\\\/mrfix.nl\\\/de\\\/\"},{\"@type\":\"ListItem\",\"position\":2,\"name\":\"Firmenkunden\"}]},{\"@type\":\"WebSite\",\"@id\":\"https:\\\/\\\/mrfix.nl\\\/de\\\/#website\",\"url\":\"https:\\\/\\\/mrfix.nl\\\/de\\\/\",\"name\":\"MrFix building repair service\",\"description\":\"Hand-picked experts\",\"publisher\":{\"@id\":\"https:\\\/\\\/mrfix.nl\\\/de\\\/#organization\"},\"alternateName\":\"MrFix\",\"potentialAction\":[{\"@type\":\"SearchAction\",\"target\":{\"@type\":\"EntryPoint\",\"urlTemplate\":\"https:\\\/\\\/mrfix.nl\\\/de\\\/?s={search_term_string}\"},\"query-input\":{\"@type\":\"PropertyValueSpecification\",\"valueRequired\":true,\"valueName\":\"search_term_string\"}}],\"inLanguage\":\"de\"},{\"@type\":\"Organization\",\"@id\":\"https:\\\/\\\/mrfix.nl\\\/de\\\/#organization\",\"name\":\"Klusbedrijf MrFix.nl BV\",\"alternateName\":\"MrFix\",\"url\":\"https:\\\/\\\/mrfix.nl\\\/de\\\/\",\"logo\":{\"@type\":\"ImageObject\",\"inLanguage\":\"de\",\"@id\":\"https:\\\/\\\/mrfix.nl\\\/de\\\/#\\\/schema\\\/logo\\\/image\\\/\",\"url\":\"https:\\\/\\\/mrfix.nl\\\/wp-content\\\/uploads\\\/2026\\\/04\\\/MrFix-master_SQ_WhiteOnBlack_EN.jpg\",\"contentUrl\":\"https:\\\/\\\/mrfix.nl\\\/wp-content\\\/uploads\\\/2026\\\/04\\\/MrFix-master_SQ_WhiteOnBlack_EN.jpg\",\"width\":800,\"height\":800,\"caption\":\"Klusbedrijf MrFix.nl BV\"},\"image\":{\"@id\":\"https:\\\/\\\/mrfix.nl\\\/de\\\/#\\\/schema\\\/logo\\\/image\\\/\"},\"sameAs\":[\"https:\\\/\\\/www.facebook.com\\\/MrFix.Nederland\",\"https:\\\/\\\/x.com\\\/MrFixNL\",\"https:\\\/\\\/www.linkedin.com\\\/company\\\/10360262\\\/\",\"https:\\\/\\\/www.instagram.com\\\/mrfix.nl\\\/\"]}]}<\/script>\n<!-- \/ Yoast SEO plugin. -->","yoast_head_json":{"title":"Firmenkunden - MrFix","description":"Book your expert via our app: Clients.MrFix.nl. MrFix is transparent about and","robots":{"index":"index","follow":"follow","max-snippet":"max-snippet:-1","max-image-preview":"max-image-preview:large","max-video-preview":"max-video-preview:-1"},"canonical":"https:\/\/mrfix.nl\/de\/firmenkunden\/","og_locale":"de_DE","og_type":"article","og_title":"Firmenkunden - MrFix","og_description":"Book your expert via our app: Clients.MrFix.nl. MrFix is transparent about and","og_url":"https:\/\/mrfix.nl\/de\/firmenkunden\/","og_site_name":"MrFix","article_publisher":"https:\/\/www.facebook.com\/MrFix.Nederland","article_modified_time":"2026-04-11T15:53:34+00:00","og_image":[{"width":1008,"height":400,"url":"https:\/\/mrfix.nl\/wp-content\/uploads\/2023\/06\/corporate-top.png","type":"image\/png"}],"twitter_card":"summary_large_image","twitter_site":"@MrFixNL","twitter_misc":{"Gesch\u00e4tzte Lesezeit":"3\u00a0Minute"},"schema":{"@context":"https:\/\/schema.org","@graph":[{"@type":"WebPage","@id":"https:\/\/mrfix.nl\/de\/firmenkunden\/","url":"https:\/\/mrfix.nl\/de\/firmenkunden\/","name":"Firmenkunden - MrFix","isPartOf":{"@id":"https:\/\/mrfix.nl\/de\/#website"},"primaryImageOfPage":{"@id":"https:\/\/mrfix.nl\/de\/firmenkunden\/#primaryimage"},"image":{"@id":"https:\/\/mrfix.nl\/de\/firmenkunden\/#primaryimage"},"thumbnailUrl":"https:\/\/mrfix.nl\/wp-content\/uploads\/2023\/06\/corporate-top.png","datePublished":"2023-06-30T11:17:44+00:00","dateModified":"2026-04-11T15:53:34+00:00","description":"Book your expert via our app: Clients.MrFix.nl. MrFix is transparent about and","breadcrumb":{"@id":"https:\/\/mrfix.nl\/de\/firmenkunden\/#breadcrumb"},"inLanguage":"de","potentialAction":[{"@type":"ReadAction","target":["https:\/\/mrfix.nl\/de\/firmenkunden\/"]}]},{"@type":"ImageObject","inLanguage":"de","@id":"https:\/\/mrfix.nl\/de\/firmenkunden\/#primaryimage","url":"https:\/\/mrfix.nl\/wp-content\/uploads\/2023\/06\/corporate-top.png","contentUrl":"https:\/\/mrfix.nl\/wp-content\/uploads\/2023\/06\/corporate-top.png","width":1008,"height":400},{"@type":"BreadcrumbList","@id":"https:\/\/mrfix.nl\/de\/firmenkunden\/#breadcrumb","itemListElement":[{"@type":"ListItem","position":1,"name":"Startseite","item":"https:\/\/mrfix.nl\/de\/"},{"@type":"ListItem","position":2,"name":"Firmenkunden"}]},{"@type":"WebSite","@id":"https:\/\/mrfix.nl\/de\/#website","url":"https:\/\/mrfix.nl\/de\/","name":"MrFix building repair service","description":"Hand-picked experts","publisher":{"@id":"https:\/\/mrfix.nl\/de\/#organization"},"alternateName":"MrFix","potentialAction":[{"@type":"SearchAction","target":{"@type":"EntryPoint","urlTemplate":"https:\/\/mrfix.nl\/de\/?s={search_term_string}"},"query-input":{"@type":"PropertyValueSpecification","valueRequired":true,"valueName":"search_term_string"}}],"inLanguage":"de"},{"@type":"Organization","@id":"https:\/\/mrfix.nl\/de\/#organization","name":"Klusbedrijf MrFix.nl BV","alternateName":"MrFix","url":"https:\/\/mrfix.nl\/de\/","logo":{"@type":"ImageObject","inLanguage":"de","@id":"https:\/\/mrfix.nl\/de\/#\/schema\/logo\/image\/","url":"https:\/\/mrfix.nl\/wp-content\/uploads\/2026\/04\/MrFix-master_SQ_WhiteOnBlack_EN.jpg","contentUrl":"https:\/\/mrfix.nl\/wp-content\/uploads\/2026\/04\/MrFix-master_SQ_WhiteOnBlack_EN.jpg","width":800,"height":800,"caption":"Klusbedrijf MrFix.nl BV"},"image":{"@id":"https:\/\/mrfix.nl\/de\/#\/schema\/logo\/image\/"},"sameAs":["https:\/\/www.facebook.com\/MrFix.Nederland","https:\/\/x.com\/MrFixNL","https:\/\/www.linkedin.com\/company\/10360262\/","https:\/\/www.instagram.com\/mrfix.nl\/"]}]}},"_links":{"self":[{"href":"https:\/\/mrfix.nl\/de\/wp-json\/wp\/v2\/pages\/59424","targetHints":{"allow":["GET"]}}],"collection":[{"href":"https:\/\/mrfix.nl\/de\/wp-json\/wp\/v2\/pages"}],"about":[{"href":"https:\/\/mrfix.nl\/de\/wp-json\/wp\/v2\/types\/page"}],"author":[{"embeddable":true,"href":"https:\/\/mrfix.nl\/de\/wp-json\/wp\/v2\/users\/2"}],"replies":[{"embeddable":true,"href":"https:\/\/mrfix.nl\/de\/wp-json\/wp\/v2\/comments?post=59424"}],"version-history":[{"count":10,"href":"https:\/\/mrfix.nl\/de\/wp-json\/wp\/v2\/pages\/59424\/revisions"}],"predecessor-version":[{"id":59579,"href":"https:\/\/mrfix.nl\/de\/wp-json\/wp\/v2\/pages\/59424\/revisions\/59579"}],"wp:featuredmedia":[{"embeddable":true,"href":"https:\/\/mrfix.nl\/de\/wp-json\/wp\/v2\/media\/991"}],"wp:attachment":[{"href":"https:\/\/mrfix.nl\/de\/wp-json\/wp\/v2\/media?parent=59424"}],"curies":[{"name":"wp","href":"https:\/\/api.w.org\/{rel}","templated":true}]}}