{"id":59364,"date":"2024-02-20T09:58:33","date_gmt":"2024-02-20T09:58:33","guid":{"rendered":"https:\/\/mrfix.centum-test.site\/?page_id=59364"},"modified":"2026-04-04T15:21:25","modified_gmt":"2026-04-04T15:21:25","slug":"garantie","status":"publish","type":"page","link":"https:\/\/mrfix.nl\/de\/garantie\/","title":{"rendered":"Geb\u00e4udereparaturgarantie \u2013 was verlangt MrFix vom Handwerker?"},"content":{"rendered":"<p>Man k\u00f6nnte meinen, dass die Reparatur und Instandhaltung von Geb\u00e4uden nicht so komplex ist, aber ohne MrFix gehen selbst bei den einfachsten Arbeiten viele Dinge ernsthaft schief. Wir h\u00f6ren die verr\u00fccktesten Geschichten, von einer umgedrehten Treppe bis hin zu einem Fliesenleger, der zuerst Bier aus dem K\u00fchlschrank des Kunden stahl und dann auf seinen eigenen Daumen einh\u00e4mmerte (wir haben das Blut an der Wand gesehen)!<br \/>\n&nbsp;<br \/>\nMrFix soll solche Probleme durch klare Kommunikation und intelligente Technologie verhindern. Und wenn doch mal etwas schief geht, sorgen wir daf\u00fcr, dass der Auftragnehmer das Problem innerhalb einer angemessenen Frist behebt.<br \/>\n&nbsp;<\/p>\n<h2>Wie definiert MrFix eigentlich einen richtigen Job?<\/h2>\n<p>&nbsp;<br \/>\nBevor wir Ihnen von der Baureparaturgarantie erz\u00e4hlen, sollte zun\u00e4chst ganz klar sein, was das Ziel der Arbeit ist:<\/p>\n<ol>\n<li>Vor dem Auftrag teilt der Auftraggeber dem Handwerker alle relevanten W\u00fcnsche &#038; Informationen (Fotos!) mit, beispielsweise ob der Handwerker das Material liefern soll und wenn ja, welches Material genau<\/li>\n<li>Der Handwerker bittet den Kunden vor dem Auftrag um zus\u00e4tzliche Informationen und ber\u00e4t den Kunden auf Wunsch zu alternativen L\u00f6sungen<\/li>\n<li>Der Handwerker startet innerhalb des vereinbarten 1-Stunden-Zeitfensters mit dem ben\u00f6tigten Material &#038; Werkzeug<\/li>\n<li>Wenn m\u00f6glich, erledigt der Handwerker die Arbeit gleich beim ersten Mal richtig. Das bedeutet auch: auf sichere Weise<\/li>\n<li>Der Handwerker r\u00e4umt auf und putzt, wenn der Kunde es w\u00fcnscht<\/li>\n<li>MrFix stellt im Namen des Handwerkers die korrekten Arbeits-, Material- und Parkkosten in Rechnung, ohne Anfahrtsgeb\u00fchr, Servicegeb\u00fchr oder andere versteckte Zusatzkosten<\/li>\n<\/ol>\n<p>&nbsp;<\/p>\n<h2>F\u00fcr welche Probleme gilt die Geb\u00e4udereparaturgarantie?<\/h2>\n<p>&nbsp;<br \/>\nGarantien beziehen sich nicht auf Probleme wie vers\u00e4umte Termine, Sch\u00e4den durch den Handwerker oder eine Arbeit, die der Handwerker nicht so ausf\u00fchrt, wie der Kunde es m\u00f6chte (der Handwerker entscheidet, wie er sie ausf\u00fchrt). MrFix hilft, solche Probleme zu verhindern (und gegebenenfalls zu l\u00f6sen), sie fallen jedoch normalerweise nicht unter die Garantie des Auftragnehmers.<br \/>\n&nbsp;<br \/>\nWir verlangen, dass der Handwerker dem Auftraggeber eine Garantie von mindestens 3 Monaten auf seine Arbeit gew\u00e4hrt. Wenn der Auftrag zun\u00e4chst zur Zufriedenheit des Kundes abgeschlossen wird, dann aber Probleme verursacht, die der Auftraggeber f\u00fcr inakzeptabel h\u00e4lt, verlangt MrFix vom Auftragnehmer, diese Probleme im Rahmen seiner Garantie f\u00fcr mindestens 3 Monate nach Ausf\u00fchrung zu beheben. Das bedeutet:<\/p>\n<ul>\n<li>Wenn m\u00f6glich, l\u00f6st er das Problem selbst oder l\u00e4sst es von einem Dritten l\u00f6sen, ohne Arbeitskosten, lediglich Material- und Parkkosten zu berechnen<\/li>\n<li>Wenn das Problem auf vom Handwerker gelieferte Materialien zur\u00fcckzuf\u00fchren ist, beruft er sich im Namen des Kunden auf die Herstellergarantie<\/li>\n<\/ul>\n<p>&nbsp;<\/p>\n<h2>Und in welchen F\u00e4llen ist der Job nicht akzeptabel?<\/h2>\n<p>&nbsp;<br \/>\nEs ist nicht einfach zu definieren, welche Probleme der Handwerker l\u00f6sen soll, aber in den meisten F\u00e4llen ist es f\u00fcr einen vern\u00fcnftigen Auftraggeber und einen vern\u00fcnftigen Auftragnehmer klar. Wenn nicht, kann MrFix bei der Vermittlung helfen. Wir nutzen dabei den gesunden Menschenverstand. Drei Beispiele:<\/p>\n<ul>\n<li>Wenn ein Handwerker einen Fernseher, eine Lampe oder ein Gem\u00e4lde aufh\u00e4ngt und das Objekt einen Monat sp\u00e4ter herunterf\u00e4llt, sollte er eine Garantie bieten, indem er es wieder fest aufh\u00e4ngt (und der Kunde kann den Handwerker separat f\u00fcr etwaige Sch\u00e4den am Objekt und\/oder den Boden haftbar machen)<\/li>\n<li>Eine Toilette oder ein Waschbecken hingegen k\u00f6nnen selbst eine Woche nach einer Reinigungsma\u00dfnahme erneut verstopfen. Es kann mehrere Ursachen geben und eine Blockade kann mehrere Besuche, Methoden und Ger\u00e4tetypen erfordern. Im Normalfall entf\u00e4llt die Garantie<\/li>\n<li>Wenn kurz nach einer Arbeit Farbe von der Wand oder Decke abbl\u00e4ttert, sollte dies ebenfalls von der Garantie abgedeckt sein. Die meisten Maler gew\u00e4hren tats\u00e4chlich eine Garantie von 3\u201310 Jahren auf ihre Arbeit, abh\u00e4ngig unter anderem von der Lackqualit\u00e4t<\/li>\n<\/ul>\n<p>&nbsp;<br \/>\nLetztendlich bleibt der Auftragnehmer f\u00fcr die Deckung seiner Garantie verantwortlich, aber MrFix unterst\u00fctzt den Kunden und Handwerker bei der Beilegung etwaiger Streitigkeiten. Bisher haben unsere Kunden und Handwerker immer eine L\u00f6sung gefunden (manchmal mit unserer Hilfe), indem sie fair waren und den gesunden Menschenverstand anwenden. Sollte ein Auftragnehmer die Einhaltung seiner Garantie verweigern, unterst\u00fctzen wir den Auftraggeber mit Beweisen und relevanten Informationen bei etwaigen rechtlichen Schritten. Und wenn wir glauben, dass der Kunde Recht hat, werden wir die Zusammenarbeit mit dem betreffenden Auftragnehmer einstellen.<\/p>\n","protected":false},"excerpt":{"rendered":"<p>Man k\u00f6nnte meinen, dass die Reparatur und Instandhaltung von Geb\u00e4uden nicht so komplex ist, aber ohne MrFix gehen selbst bei den einfachsten Arbeiten viele Dinge ernsthaft schief. Wir h\u00f6ren die verr\u00fccktesten Geschichten, von einer umgedrehten Treppe bis hin zu einem Fliesenleger, der zuerst Bier aus dem K\u00fchlschrank des Kunden stahl und dann auf seinen eigenen [&hellip;]<\/p>\n","protected":false},"author":2,"featured_media":0,"parent":0,"menu_order":0,"comment_status":"closed","ping_status":"closed","template":"","meta":{"_acf_changed":false,"inline_featured_image":false,"footnotes":""},"class_list":["post-59364","page","type-page","status-publish","hentry"],"acf":[],"yoast_head":"<!-- This site is optimized with the Yoast SEO plugin v27.5 - https:\/\/yoast.com\/product\/yoast-seo-wordpress\/ -->\n<title>Geb\u00e4udereparaturgarantie \u2013 was verlangt MrFix vom Handwerker? - MrFix<\/title>\n<meta name=\"description\" content=\"Book your expert via our app: Clients.MrFix.nl. MrFix is transparent about and\" \/>\n<meta name=\"robots\" content=\"index, follow, max-snippet:-1, max-image-preview:large, max-video-preview:-1\" \/>\n<link rel=\"canonical\" href=\"https:\/\/mrfix.nl\/de\/garantie\/\" \/>\n<meta property=\"og:locale\" content=\"de_DE\" \/>\n<meta property=\"og:type\" content=\"article\" \/>\n<meta property=\"og:title\" content=\"Geb\u00e4udereparaturgarantie \u2013 was verlangt MrFix vom Handwerker? - MrFix\" \/>\n<meta property=\"og:description\" content=\"Book your expert via our app: Clients.MrFix.nl. MrFix is transparent about and\" \/>\n<meta property=\"og:url\" content=\"https:\/\/mrfix.nl\/de\/garantie\/\" \/>\n<meta property=\"og:site_name\" content=\"MrFix\" \/>\n<meta property=\"article:publisher\" content=\"https:\/\/www.facebook.com\/MrFix.Nederland\" \/>\n<meta property=\"article:modified_time\" content=\"2026-04-04T15:21:25+00:00\" \/>\n<meta name=\"twitter:card\" content=\"summary_large_image\" \/>\n<meta name=\"twitter:site\" content=\"@MrFixNL\" \/>\n<meta name=\"twitter:label1\" content=\"Gesch\u00e4tzte Lesezeit\" \/>\n\t<meta name=\"twitter:data1\" content=\"3\u00a0Minute\" \/>\n<script type=\"application\/ld+json\" class=\"yoast-schema-graph\">{\"@context\":\"https:\\\/\\\/schema.org\",\"@graph\":[{\"@type\":\"WebPage\",\"@id\":\"https:\\\/\\\/mrfix.nl\\\/de\\\/garantie\\\/\",\"url\":\"https:\\\/\\\/mrfix.nl\\\/de\\\/garantie\\\/\",\"name\":\"Geb\u00e4udereparaturgarantie \u2013 was verlangt MrFix vom Handwerker? - MrFix\",\"isPartOf\":{\"@id\":\"https:\\\/\\\/mrfix.nl\\\/de\\\/#website\"},\"datePublished\":\"2024-02-20T09:58:33+00:00\",\"dateModified\":\"2026-04-04T15:21:25+00:00\",\"description\":\"Book your expert via our app: Clients.MrFix.nl. MrFix is transparent about and\",\"breadcrumb\":{\"@id\":\"https:\\\/\\\/mrfix.nl\\\/de\\\/garantie\\\/#breadcrumb\"},\"inLanguage\":\"de\",\"potentialAction\":[{\"@type\":\"ReadAction\",\"target\":[\"https:\\\/\\\/mrfix.nl\\\/de\\\/garantie\\\/\"]}]},{\"@type\":\"BreadcrumbList\",\"@id\":\"https:\\\/\\\/mrfix.nl\\\/de\\\/garantie\\\/#breadcrumb\",\"itemListElement\":[{\"@type\":\"ListItem\",\"position\":1,\"name\":\"Startseite\",\"item\":\"https:\\\/\\\/mrfix.nl\\\/de\\\/\"},{\"@type\":\"ListItem\",\"position\":2,\"name\":\"Geb\u00e4udereparaturgarantie \u2013 was verlangt MrFix vom Handwerker?\"}]},{\"@type\":\"WebSite\",\"@id\":\"https:\\\/\\\/mrfix.nl\\\/de\\\/#website\",\"url\":\"https:\\\/\\\/mrfix.nl\\\/de\\\/\",\"name\":\"MrFix building repair service\",\"description\":\"Hand-picked experts\",\"publisher\":{\"@id\":\"https:\\\/\\\/mrfix.nl\\\/de\\\/#organization\"},\"alternateName\":\"MrFix\",\"potentialAction\":[{\"@type\":\"SearchAction\",\"target\":{\"@type\":\"EntryPoint\",\"urlTemplate\":\"https:\\\/\\\/mrfix.nl\\\/de\\\/?s={search_term_string}\"},\"query-input\":{\"@type\":\"PropertyValueSpecification\",\"valueRequired\":true,\"valueName\":\"search_term_string\"}}],\"inLanguage\":\"de\"},{\"@type\":\"Organization\",\"@id\":\"https:\\\/\\\/mrfix.nl\\\/de\\\/#organization\",\"name\":\"Klusbedrijf MrFix.nl BV\",\"alternateName\":\"MrFix\",\"url\":\"https:\\\/\\\/mrfix.nl\\\/de\\\/\",\"logo\":{\"@type\":\"ImageObject\",\"inLanguage\":\"de\",\"@id\":\"https:\\\/\\\/mrfix.nl\\\/de\\\/#\\\/schema\\\/logo\\\/image\\\/\",\"url\":\"https:\\\/\\\/mrfix.nl\\\/wp-content\\\/uploads\\\/2026\\\/04\\\/MrFix-master_SQ_WhiteOnBlack_EN.jpg\",\"contentUrl\":\"https:\\\/\\\/mrfix.nl\\\/wp-content\\\/uploads\\\/2026\\\/04\\\/MrFix-master_SQ_WhiteOnBlack_EN.jpg\",\"width\":800,\"height\":800,\"caption\":\"Klusbedrijf MrFix.nl BV\"},\"image\":{\"@id\":\"https:\\\/\\\/mrfix.nl\\\/de\\\/#\\\/schema\\\/logo\\\/image\\\/\"},\"sameAs\":[\"https:\\\/\\\/www.facebook.com\\\/MrFix.Nederland\",\"https:\\\/\\\/x.com\\\/MrFixNL\",\"https:\\\/\\\/www.linkedin.com\\\/company\\\/10360262\\\/\",\"https:\\\/\\\/www.instagram.com\\\/mrfix.nl\\\/\"]}]}<\/script>\n<!-- \/ Yoast SEO plugin. -->","yoast_head_json":{"title":"Geb\u00e4udereparaturgarantie \u2013 was verlangt MrFix vom Handwerker? - MrFix","description":"Book your expert via our app: Clients.MrFix.nl. MrFix is transparent about and","robots":{"index":"index","follow":"follow","max-snippet":"max-snippet:-1","max-image-preview":"max-image-preview:large","max-video-preview":"max-video-preview:-1"},"canonical":"https:\/\/mrfix.nl\/de\/garantie\/","og_locale":"de_DE","og_type":"article","og_title":"Geb\u00e4udereparaturgarantie \u2013 was verlangt MrFix vom Handwerker? - MrFix","og_description":"Book your expert via our app: Clients.MrFix.nl. MrFix is transparent about and","og_url":"https:\/\/mrfix.nl\/de\/garantie\/","og_site_name":"MrFix","article_publisher":"https:\/\/www.facebook.com\/MrFix.Nederland","article_modified_time":"2026-04-04T15:21:25+00:00","twitter_card":"summary_large_image","twitter_site":"@MrFixNL","twitter_misc":{"Gesch\u00e4tzte Lesezeit":"3\u00a0Minute"},"schema":{"@context":"https:\/\/schema.org","@graph":[{"@type":"WebPage","@id":"https:\/\/mrfix.nl\/de\/garantie\/","url":"https:\/\/mrfix.nl\/de\/garantie\/","name":"Geb\u00e4udereparaturgarantie \u2013 was verlangt MrFix vom Handwerker? - MrFix","isPartOf":{"@id":"https:\/\/mrfix.nl\/de\/#website"},"datePublished":"2024-02-20T09:58:33+00:00","dateModified":"2026-04-04T15:21:25+00:00","description":"Book your expert via our app: Clients.MrFix.nl. MrFix is transparent about and","breadcrumb":{"@id":"https:\/\/mrfix.nl\/de\/garantie\/#breadcrumb"},"inLanguage":"de","potentialAction":[{"@type":"ReadAction","target":["https:\/\/mrfix.nl\/de\/garantie\/"]}]},{"@type":"BreadcrumbList","@id":"https:\/\/mrfix.nl\/de\/garantie\/#breadcrumb","itemListElement":[{"@type":"ListItem","position":1,"name":"Startseite","item":"https:\/\/mrfix.nl\/de\/"},{"@type":"ListItem","position":2,"name":"Geb\u00e4udereparaturgarantie \u2013 was verlangt MrFix vom Handwerker?"}]},{"@type":"WebSite","@id":"https:\/\/mrfix.nl\/de\/#website","url":"https:\/\/mrfix.nl\/de\/","name":"MrFix building repair service","description":"Hand-picked experts","publisher":{"@id":"https:\/\/mrfix.nl\/de\/#organization"},"alternateName":"MrFix","potentialAction":[{"@type":"SearchAction","target":{"@type":"EntryPoint","urlTemplate":"https:\/\/mrfix.nl\/de\/?s={search_term_string}"},"query-input":{"@type":"PropertyValueSpecification","valueRequired":true,"valueName":"search_term_string"}}],"inLanguage":"de"},{"@type":"Organization","@id":"https:\/\/mrfix.nl\/de\/#organization","name":"Klusbedrijf MrFix.nl BV","alternateName":"MrFix","url":"https:\/\/mrfix.nl\/de\/","logo":{"@type":"ImageObject","inLanguage":"de","@id":"https:\/\/mrfix.nl\/de\/#\/schema\/logo\/image\/","url":"https:\/\/mrfix.nl\/wp-content\/uploads\/2026\/04\/MrFix-master_SQ_WhiteOnBlack_EN.jpg","contentUrl":"https:\/\/mrfix.nl\/wp-content\/uploads\/2026\/04\/MrFix-master_SQ_WhiteOnBlack_EN.jpg","width":800,"height":800,"caption":"Klusbedrijf MrFix.nl BV"},"image":{"@id":"https:\/\/mrfix.nl\/de\/#\/schema\/logo\/image\/"},"sameAs":["https:\/\/www.facebook.com\/MrFix.Nederland","https:\/\/x.com\/MrFixNL","https:\/\/www.linkedin.com\/company\/10360262\/","https:\/\/www.instagram.com\/mrfix.nl\/"]}]}},"_links":{"self":[{"href":"https:\/\/mrfix.nl\/de\/wp-json\/wp\/v2\/pages\/59364","targetHints":{"allow":["GET"]}}],"collection":[{"href":"https:\/\/mrfix.nl\/de\/wp-json\/wp\/v2\/pages"}],"about":[{"href":"https:\/\/mrfix.nl\/de\/wp-json\/wp\/v2\/types\/page"}],"author":[{"embeddable":true,"href":"https:\/\/mrfix.nl\/de\/wp-json\/wp\/v2\/users\/2"}],"replies":[{"embeddable":true,"href":"https:\/\/mrfix.nl\/de\/wp-json\/wp\/v2\/comments?post=59364"}],"version-history":[{"count":1,"href":"https:\/\/mrfix.nl\/de\/wp-json\/wp\/v2\/pages\/59364\/revisions"}],"predecessor-version":[{"id":59365,"href":"https:\/\/mrfix.nl\/de\/wp-json\/wp\/v2\/pages\/59364\/revisions\/59365"}],"wp:attachment":[{"href":"https:\/\/mrfix.nl\/de\/wp-json\/wp\/v2\/media?parent=59364"}],"curies":[{"name":"wp","href":"https:\/\/api.w.org\/{rel}","templated":true}]}}