{"id":5036,"date":"2024-05-30T08:30:43","date_gmt":"2024-05-30T08:30:43","guid":{"rendered":"https:\/\/mrfix.centum-test.site\/hovenier\/"},"modified":"2024-05-30T08:30:48","modified_gmt":"2024-05-30T08:30:48","slug":"gaertner","status":"publish","type":"page","link":"https:\/\/mrfix.nl\/de\/gaertner\/","title":{"rendered":"G\u00e4rtner"},"content":{"rendered":"<ul>\n<li>Kostenloser Kostenvoranschlag oder Angebot im Voraus<\/li>\n<li>300+ \u00fcberpr\u00fcfte Handwerker<\/li>\n<li>Direkter Kontakt rund um die Uhr \u00fcber <a href=\"https:\/\/client.mrfix.nl\/\" target=\"_blank\" rel=\"noopener\">unsere App<\/a><\/li>\n<\/ul>\n","protected":false},"excerpt":{"rendered":"<p>Kostenloser Kostenvoranschlag oder Angebot im Voraus + \u00fcberpr\u00fcfte Handwerker Direkter Kontakt rund um die Uhr \u00fcber unsere App<\/p>\n","protected":false},"author":1,"featured_media":59192,"parent":0,"menu_order":0,"comment_status":"closed","ping_status":"open","template":"pages\/expert-type-template.php","meta":{"_acf_changed":false,"inline_featured_image":false,"footnotes":""},"class_list":["post-5036","page","type-page","status-publish","has-post-thumbnail","hentry"],"acf":[],"yoast_head":"<!-- This site is optimized with the Yoast SEO plugin v27.5 - https:\/\/yoast.com\/product\/yoast-seo-wordpress\/ -->\n<title>G\u00e4rtner - MrFix<\/title>\n<meta name=\"description\" content=\"G\u00e4rtner Dienstleistungen: Buchen Sie gepr\u00fcfte Experten in unter 1 Stunde. Wir garantieren professionelle Arbeit beim 1. Mal richtig gemacht.\" \/>\n<meta name=\"robots\" content=\"index, follow, max-snippet:-1, max-image-preview:large, max-video-preview:-1\" \/>\n<link rel=\"canonical\" href=\"https:\/\/mrfix.nl\/de\/gaertner\/\" \/>\n<meta property=\"og:locale\" content=\"de_DE\" \/>\n<meta property=\"og:type\" content=\"article\" \/>\n<meta property=\"og:title\" content=\"G\u00e4rtner - MrFix\" \/>\n<meta property=\"og:description\" content=\"G\u00e4rtner Dienstleistungen: Buchen Sie gepr\u00fcfte Experten in unter 1 Stunde. Wir garantieren professionelle Arbeit beim 1. Mal richtig gemacht.\" \/>\n<meta property=\"og:url\" content=\"https:\/\/mrfix.nl\/de\/gaertner\/\" \/>\n<meta property=\"og:site_name\" content=\"MrFix\" \/>\n<meta property=\"article:publisher\" content=\"https:\/\/www.facebook.com\/MrFix.Nederland\" \/>\n<meta property=\"article:modified_time\" content=\"2024-05-30T08:30:48+00:00\" \/>\n<meta property=\"og:image\" content=\"https:\/\/mrfix.nl\/wp-content\/uploads\/2024\/05\/ddeLxNOjskUfeVxQ33zVY8vVstGy0MBW_yKH7J4z73w.jpg\" \/>\n\t<meta property=\"og:image:width\" content=\"1\" \/>\n\t<meta property=\"og:image:height\" content=\"1\" \/>\n\t<meta property=\"og:image:type\" content=\"image\/jpeg\" \/>\n<meta name=\"twitter:card\" content=\"summary_large_image\" \/>\n<meta name=\"twitter:site\" content=\"@MrFixNL\" \/>\n<script type=\"application\/ld+json\" class=\"yoast-schema-graph\">{\"@context\":\"https:\\\/\\\/schema.org\",\"@graph\":[{\"@type\":\"WebPage\",\"@id\":\"https:\\\/\\\/mrfix.nl\\\/de\\\/gaertner\\\/\",\"url\":\"https:\\\/\\\/mrfix.nl\\\/de\\\/gaertner\\\/\",\"name\":\"G\u00e4rtner - MrFix\",\"isPartOf\":{\"@id\":\"https:\\\/\\\/mrfix.nl\\\/de\\\/#website\"},\"primaryImageOfPage\":{\"@id\":\"https:\\\/\\\/mrfix.nl\\\/de\\\/gaertner\\\/#primaryimage\"},\"image\":{\"@id\":\"https:\\\/\\\/mrfix.nl\\\/de\\\/gaertner\\\/#primaryimage\"},\"thumbnailUrl\":\"https:\\\/\\\/mrfix.nl\\\/wp-content\\\/uploads\\\/2024\\\/05\\\/ddeLxNOjskUfeVxQ33zVY8vVstGy0MBW_yKH7J4z73w.jpg\",\"datePublished\":\"2024-05-30T08:30:43+00:00\",\"dateModified\":\"2024-05-30T08:30:48+00:00\",\"description\":\"G\u00e4rtner Dienstleistungen: Buchen Sie gepr\u00fcfte Experten in unter 1 Stunde. Wir garantieren professionelle Arbeit beim 1. Mal richtig gemacht.\",\"breadcrumb\":{\"@id\":\"https:\\\/\\\/mrfix.nl\\\/de\\\/gaertner\\\/#breadcrumb\"},\"inLanguage\":\"de\",\"potentialAction\":[{\"@type\":\"ReadAction\",\"target\":[\"https:\\\/\\\/mrfix.nl\\\/de\\\/gaertner\\\/\"]}]},{\"@type\":\"ImageObject\",\"inLanguage\":\"de\",\"@id\":\"https:\\\/\\\/mrfix.nl\\\/de\\\/gaertner\\\/#primaryimage\",\"url\":\"https:\\\/\\\/mrfix.nl\\\/wp-content\\\/uploads\\\/2024\\\/05\\\/ddeLxNOjskUfeVxQ33zVY8vVstGy0MBW_yKH7J4z73w.jpg\",\"contentUrl\":\"https:\\\/\\\/mrfix.nl\\\/wp-content\\\/uploads\\\/2024\\\/05\\\/ddeLxNOjskUfeVxQ33zVY8vVstGy0MBW_yKH7J4z73w.jpg\"},{\"@type\":\"BreadcrumbList\",\"@id\":\"https:\\\/\\\/mrfix.nl\\\/de\\\/gaertner\\\/#breadcrumb\",\"itemListElement\":[{\"@type\":\"ListItem\",\"position\":1,\"name\":\"Startseite\",\"item\":\"https:\\\/\\\/mrfix.nl\\\/de\\\/\"},{\"@type\":\"ListItem\",\"position\":2,\"name\":\"G\u00e4rtner\"}]},{\"@type\":\"WebSite\",\"@id\":\"https:\\\/\\\/mrfix.nl\\\/de\\\/#website\",\"url\":\"https:\\\/\\\/mrfix.nl\\\/de\\\/\",\"name\":\"MrFix building repair service\",\"description\":\"Hand-picked experts\",\"publisher\":{\"@id\":\"https:\\\/\\\/mrfix.nl\\\/de\\\/#organization\"},\"alternateName\":\"MrFix\",\"potentialAction\":[{\"@type\":\"SearchAction\",\"target\":{\"@type\":\"EntryPoint\",\"urlTemplate\":\"https:\\\/\\\/mrfix.nl\\\/de\\\/?s={search_term_string}\"},\"query-input\":{\"@type\":\"PropertyValueSpecification\",\"valueRequired\":true,\"valueName\":\"search_term_string\"}}],\"inLanguage\":\"de\"},{\"@type\":\"Organization\",\"@id\":\"https:\\\/\\\/mrfix.nl\\\/de\\\/#organization\",\"name\":\"Klusbedrijf MrFix.nl BV\",\"alternateName\":\"MrFix\",\"url\":\"https:\\\/\\\/mrfix.nl\\\/de\\\/\",\"logo\":{\"@type\":\"ImageObject\",\"inLanguage\":\"de\",\"@id\":\"https:\\\/\\\/mrfix.nl\\\/de\\\/#\\\/schema\\\/logo\\\/image\\\/\",\"url\":\"https:\\\/\\\/mrfix.nl\\\/wp-content\\\/uploads\\\/2026\\\/04\\\/MrFix-master_SQ_WhiteOnBlack_EN.jpg\",\"contentUrl\":\"https:\\\/\\\/mrfix.nl\\\/wp-content\\\/uploads\\\/2026\\\/04\\\/MrFix-master_SQ_WhiteOnBlack_EN.jpg\",\"width\":800,\"height\":800,\"caption\":\"Klusbedrijf MrFix.nl BV\"},\"image\":{\"@id\":\"https:\\\/\\\/mrfix.nl\\\/de\\\/#\\\/schema\\\/logo\\\/image\\\/\"},\"sameAs\":[\"https:\\\/\\\/www.facebook.com\\\/MrFix.Nederland\",\"https:\\\/\\\/x.com\\\/MrFixNL\",\"https:\\\/\\\/www.linkedin.com\\\/company\\\/10360262\\\/\",\"https:\\\/\\\/www.instagram.com\\\/mrfix.nl\\\/\"]}]}<\/script>\n<!-- \/ Yoast SEO plugin. -->","yoast_head_json":{"title":"G\u00e4rtner - MrFix","description":"G\u00e4rtner Dienstleistungen: Buchen Sie gepr\u00fcfte Experten in unter 1 Stunde. Wir garantieren professionelle Arbeit beim 1. Mal richtig gemacht.","robots":{"index":"index","follow":"follow","max-snippet":"max-snippet:-1","max-image-preview":"max-image-preview:large","max-video-preview":"max-video-preview:-1"},"canonical":"https:\/\/mrfix.nl\/de\/gaertner\/","og_locale":"de_DE","og_type":"article","og_title":"G\u00e4rtner - MrFix","og_description":"G\u00e4rtner Dienstleistungen: Buchen Sie gepr\u00fcfte Experten in unter 1 Stunde. Wir garantieren professionelle Arbeit beim 1. Mal richtig gemacht.","og_url":"https:\/\/mrfix.nl\/de\/gaertner\/","og_site_name":"MrFix","article_publisher":"https:\/\/www.facebook.com\/MrFix.Nederland","article_modified_time":"2024-05-30T08:30:48+00:00","og_image":[{"url":"https:\/\/mrfix.nl\/wp-content\/uploads\/2024\/05\/ddeLxNOjskUfeVxQ33zVY8vVstGy0MBW_yKH7J4z73w.jpg","width":1,"height":1,"type":"image\/jpeg"}],"twitter_card":"summary_large_image","twitter_site":"@MrFixNL","schema":{"@context":"https:\/\/schema.org","@graph":[{"@type":"WebPage","@id":"https:\/\/mrfix.nl\/de\/gaertner\/","url":"https:\/\/mrfix.nl\/de\/gaertner\/","name":"G\u00e4rtner - MrFix","isPartOf":{"@id":"https:\/\/mrfix.nl\/de\/#website"},"primaryImageOfPage":{"@id":"https:\/\/mrfix.nl\/de\/gaertner\/#primaryimage"},"image":{"@id":"https:\/\/mrfix.nl\/de\/gaertner\/#primaryimage"},"thumbnailUrl":"https:\/\/mrfix.nl\/wp-content\/uploads\/2024\/05\/ddeLxNOjskUfeVxQ33zVY8vVstGy0MBW_yKH7J4z73w.jpg","datePublished":"2024-05-30T08:30:43+00:00","dateModified":"2024-05-30T08:30:48+00:00","description":"G\u00e4rtner Dienstleistungen: Buchen Sie gepr\u00fcfte Experten in unter 1 Stunde. Wir garantieren professionelle Arbeit beim 1. Mal richtig gemacht.","breadcrumb":{"@id":"https:\/\/mrfix.nl\/de\/gaertner\/#breadcrumb"},"inLanguage":"de","potentialAction":[{"@type":"ReadAction","target":["https:\/\/mrfix.nl\/de\/gaertner\/"]}]},{"@type":"ImageObject","inLanguage":"de","@id":"https:\/\/mrfix.nl\/de\/gaertner\/#primaryimage","url":"https:\/\/mrfix.nl\/wp-content\/uploads\/2024\/05\/ddeLxNOjskUfeVxQ33zVY8vVstGy0MBW_yKH7J4z73w.jpg","contentUrl":"https:\/\/mrfix.nl\/wp-content\/uploads\/2024\/05\/ddeLxNOjskUfeVxQ33zVY8vVstGy0MBW_yKH7J4z73w.jpg"},{"@type":"BreadcrumbList","@id":"https:\/\/mrfix.nl\/de\/gaertner\/#breadcrumb","itemListElement":[{"@type":"ListItem","position":1,"name":"Startseite","item":"https:\/\/mrfix.nl\/de\/"},{"@type":"ListItem","position":2,"name":"G\u00e4rtner"}]},{"@type":"WebSite","@id":"https:\/\/mrfix.nl\/de\/#website","url":"https:\/\/mrfix.nl\/de\/","name":"MrFix building repair service","description":"Hand-picked experts","publisher":{"@id":"https:\/\/mrfix.nl\/de\/#organization"},"alternateName":"MrFix","potentialAction":[{"@type":"SearchAction","target":{"@type":"EntryPoint","urlTemplate":"https:\/\/mrfix.nl\/de\/?s={search_term_string}"},"query-input":{"@type":"PropertyValueSpecification","valueRequired":true,"valueName":"search_term_string"}}],"inLanguage":"de"},{"@type":"Organization","@id":"https:\/\/mrfix.nl\/de\/#organization","name":"Klusbedrijf MrFix.nl BV","alternateName":"MrFix","url":"https:\/\/mrfix.nl\/de\/","logo":{"@type":"ImageObject","inLanguage":"de","@id":"https:\/\/mrfix.nl\/de\/#\/schema\/logo\/image\/","url":"https:\/\/mrfix.nl\/wp-content\/uploads\/2026\/04\/MrFix-master_SQ_WhiteOnBlack_EN.jpg","contentUrl":"https:\/\/mrfix.nl\/wp-content\/uploads\/2026\/04\/MrFix-master_SQ_WhiteOnBlack_EN.jpg","width":800,"height":800,"caption":"Klusbedrijf MrFix.nl BV"},"image":{"@id":"https:\/\/mrfix.nl\/de\/#\/schema\/logo\/image\/"},"sameAs":["https:\/\/www.facebook.com\/MrFix.Nederland","https:\/\/x.com\/MrFixNL","https:\/\/www.linkedin.com\/company\/10360262\/","https:\/\/www.instagram.com\/mrfix.nl\/"]}]}},"_links":{"self":[{"href":"https:\/\/mrfix.nl\/de\/wp-json\/wp\/v2\/pages\/5036","targetHints":{"allow":["GET"]}}],"collection":[{"href":"https:\/\/mrfix.nl\/de\/wp-json\/wp\/v2\/pages"}],"about":[{"href":"https:\/\/mrfix.nl\/de\/wp-json\/wp\/v2\/types\/page"}],"author":[{"embeddable":true,"href":"https:\/\/mrfix.nl\/de\/wp-json\/wp\/v2\/users\/1"}],"replies":[{"embeddable":true,"href":"https:\/\/mrfix.nl\/de\/wp-json\/wp\/v2\/comments?post=5036"}],"version-history":[{"count":3,"href":"https:\/\/mrfix.nl\/de\/wp-json\/wp\/v2\/pages\/5036\/revisions"}],"predecessor-version":[{"id":6782,"href":"https:\/\/mrfix.nl\/de\/wp-json\/wp\/v2\/pages\/5036\/revisions\/6782"}],"wp:featuredmedia":[{"embeddable":true,"href":"https:\/\/mrfix.nl\/de\/wp-json\/wp\/v2\/media\/59192"}],"wp:attachment":[{"href":"https:\/\/mrfix.nl\/de\/wp-json\/wp\/v2\/media?parent=5036"}],"curies":[{"name":"wp","href":"https:\/\/api.w.org\/{rel}","templated":true}]}}