{"id":2138,"date":"2023-06-14T10:08:56","date_gmt":"2023-06-14T10:08:56","guid":{"rendered":"http:\/\/mrfix.centum-test.site\/privacy-tatement\/"},"modified":"2024-05-30T21:24:08","modified_gmt":"2024-05-30T21:24:08","slug":"privacy-statement","status":"publish","type":"page","link":"https:\/\/mrfix.nl\/de\/privacy-statement\/","title":{"rendered":"Datenschutzerkl\u00e4rung \u2013 Klusbedrijf MrFix.nl BV (im Folgenden \u201eMrFix\u201c)"},"content":{"rendered":"<p><strong>Dies ist eine maschinelle \u00dcbersetzung unserer Datenschutzerkl\u00e4rung f\u00fcr Ihre Bequemlichkeit. Im Falle von Unstimmigkeiten oder Zweifeln ist der niederl\u00e4ndische Originaltext ma\u00dfgebend:<\/strong><br \/>\n&nbsp;<br \/>\n&nbsp;<br \/>\n<strong>Anwendbarkeit<\/strong><br \/>\n&nbsp;<br \/>\nDiese Datenschutzerkl\u00e4rung gilt f\u00fcr alle datenschutzrelevanten Informationen oder personenbezogenen Daten, die Sie uns beispielsweise \u00fcber ein Registrierungsformular, ein Kontaktformular oder Stellenanfragen \u00fcber unsere mobile Anwendung, Website <a href=\"\/\">https: \/\/MrFix.nl <\/a> oder anders. Wir legen gro\u00dfen Wert auf die Privatsph\u00e4re unserer Kunden und lassen daher beim Umgang und Schutz personenbezogener Daten gr\u00f6\u00dfte Sorgfalt walten. Wir verarbeiten Daten im Einklang mit den Bestimmungen der Datenschutz-Grundverordnung (DSGVO). MrFix ist Verantwortlicher im Sinne der DSGVO hinsichtlich der Verarbeitung Ihrer personenbezogenen Daten. Das bedeutet, dass nur wir bestimmen, welche personenbezogenen Daten zu welchem \u200b\u200bZweck und auf welche Weise verarbeitet werden. Wir sind daf\u00fcr verantwortlich, dass Ihre personenbezogenen Daten ordnungsgem\u00e4\u00df und sorgf\u00e4ltig im Einklang mit der DSGVO verarbeitet werden. In dieser Datenschutzerkl\u00e4rung erl\u00e4utern wir, welche Daten wir verarbeiten und zu welchen Zwecken sie genutzt werden.<br \/>\n&nbsp;<br \/>\n<strong>\u00dcbersicht \u00fcber personenbezogene Daten<\/strong><br \/>\n&nbsp;<br \/>\nNachfolgend finden Sie eine \u00dcbersicht \u00fcber die von uns verarbeiteten personenbezogenen Daten. F\u00fcr jeden Kunden:<\/p>\n<ul>\n<li>Vor- und Nachname<\/li>\n<li>Adresse<\/li>\n<li>Telefonnummer(n)<\/li>\n<li>E-Mail-Adresse<\/li>\n<li>Zusammenfassung Ihrer Stellenanfrage, einschlie\u00dflich etwaiger (Foto-)Dateien und Ihrer Verf\u00fcgbarkeit<\/li>\n<\/ul>\n<p>Und in bestimmten F\u00e4llen auch:<\/p>\n<ul>\n<li>IP-Adresse des Website-Besuchers<\/li>\n<li>Bankkontonummer<\/li>\n<li>Geschlecht<\/li>\n<li>Geburtsdatum<\/li>\n<\/ul>\n<p><strong>Zweck und Grunds\u00e4tze der Verarbeitung personenbezogener Daten<\/strong><br \/>\n&nbsp;<br \/>\nIndem Sie dieser Datenschutzerkl\u00e4rung zustimmen, erteilen Sie Ihre ausdr\u00fcckliche Einwilligung (im Sinne von Artikel 6 Absatz 1 Buchstabe a DSGVO) zur Verarbeitung Ihrer personenbezogenen Daten zu den unten genannten Zwecken. Diese Einwilligung k\u00f6nnen Sie jederzeit widerrufen. Wenn Sie uns jedoch bestimmte Informationen nicht zur Verf\u00fcgung stellen oder diese nicht von uns verarbeiten lassen, k\u00f6nnen wir Sie m\u00f6glicherweise nicht ordnungsgem\u00e4\u00df bedienen.<br \/>\n&nbsp;<br \/>\nWenn Sie uns keine ausdr\u00fcckliche Einwilligung zur Verarbeitung Ihrer personenbezogenen Daten erteilt haben oder diese Einwilligung widerrufen haben, kann die Verarbeitung Ihrer personenbezogenen Daten auf Artikel 6 Absatz 1 Buchstaben b, c und\/oder f basieren Es gelten die DSGVO. In diesem Fall kann die Verarbeitung Ihrer personenbezogenen Daten ohne Ihre Einwilligung erfolgen, sofern dies f\u00fcr die Durchf\u00fchrung eines Vertrags, dessen Vertragspartei Sie sind oder werden, oder f\u00fcr die Wahrnehmung der berechtigten Interessen von MrFix erforderlich ist. Dar\u00fcber hinaus kann f\u00fcr uns eine gesetzliche Verpflichtung zur Verarbeitung Ihrer personenbezogenen Daten bestehen.<br \/>\n&nbsp;<br \/>\nWir verarbeiten Ihre personenbezogenen Daten zu folgenden Zwecken:<\/p>\n<ul>\n<li>Um Ihnen die M\u00f6glichkeit zu bieten, ein Konto zu erstellen<\/li>\n<li>Um eine passende Fachkraft f\u00fcr Ihr Stellengesuch zu finden<\/li>\n<li>Um mit Ihnen (\u00fcber mobile Anwendung, E-Mail, Telefon, WhatsApp oder SMS) bez\u00fcglich der Ausf\u00fchrung Ihrer Jobanfrage kommunizieren zu k\u00f6nnen, die wir unterst\u00fctzen<\/li>\n<li>Um Ihre Zahlung abzuwickeln, ggf. mit Partnern, mit denen MrFix eine Kooperationsvereinbarung hat<\/li>\n<li>Um Ihre sp\u00e4teren Stellenanfragen schneller bearbeiten zu k\u00f6nnen<\/li>\n<li>Um den Service besser an Ihre Bed\u00fcrfnisse anzupassen<\/li>\n<li>Um die Qualit\u00e4t unserer Dienstleistungen zu bewerten und zu verbessern<\/li>\n<li>Um unseren Newsletter und\/oder Heimwerkertipps zu versenden<\/li>\n<li>Um Sie \u00fcber \u00c4nderungen unserer Dienstleistungen und Vorschriften zu informieren<\/li>\n<\/ul>\n<p>Wir speichern Ihre personenbezogenen Daten nicht l\u00e4nger, als es zur Erreichung dieser Ziele erforderlich ist.<br \/>\n&nbsp;<br \/>\n<strong>Weitergabe an Dritte<\/strong><br \/>\n&nbsp;<br \/>\nWir k\u00f6nnen Ihre personenbezogenen Daten an Dritte weitergeben, sofern dies mit den oben genannten Zwecken vereinbar ist. Die Bereitstellung der Zusammenfassung Ihres Auftrags sowie der Exportadresse und Ihrer Verf\u00fcgbarkeit f\u00fcr Fachkr\u00e4fte ist von entscheidender Bedeutung, um den richtigen Fachmann zu finden, der Ihre Region betreut und verf\u00fcgbar ist. Dar\u00fcber hinaus gibt MrFix Daten an Gesch\u00e4ftspartner weiter, mit denen MrFix einen Kooperationsvertrag hat. Dies dient dazu, den Service besser auf die Bed\u00fcrfnisse der Kunden abzustimmen und die Qualit\u00e4t des Service zu bewerten und zu verbessern. Schlie\u00dflich kann die Bereitstellung an Dritte f\u00fcr die Ausf\u00fchrung einer Vereinbarung zwischen Ihnen und uns, zur Wahrung eines berechtigten Interesses von uns oder zur Einhaltung einer gesetzlichen Verpflichtung, der wir unterliegen, erforderlich sein. Wir verlangen von Fachleuten, dass sie sich an diese Datenschutzerkl\u00e4rung halten. Wir schlie\u00dfen mit allen anderen Unternehmen, die Ihre Daten in unserem Auftrag verarbeiten, einen Verarbeitungsvertrag ab, um das gleiche Ma\u00df an Sicherheit und Vertraulichkeit Ihrer Daten zu gew\u00e4hrleisten. Wir bleiben f\u00fcr diese Verarbeitung verantwortlich. Abgesehen von den oben genannten Situationen geben wir Ihre personenbezogenen Daten nur mit Ihrer schriftlichen oder m\u00fcndlichen Einwilligung an andere Dritte weiter.<br \/>\n&nbsp;<br \/>\n<strong>Kommerzielle Zwecke<\/strong><br \/>\n&nbsp;<br \/>\nWir k\u00f6nnen Ihre personenbezogenen Daten f\u00fcr kommerzielle Zwecke nutzen, beispielsweise um Ihnen weitere Informationen \u00fcber unsere Dienstleistungen oder relevante Produkte oder Dienstleistungen sorgf\u00e4ltig ausgew\u00e4hlter Organisationen zukommen zu lassen. In diesem Fall werden Sie ausschlie\u00dflich \u00fcber die von Ihnen registrierte E-Mail-Adresse benachrichtigt. Wenn Sie keine Informationen zu relevanten Produkten oder Dienstleistungen erhalten m\u00f6chten, k\u00f6nnen Sie dies ganz einfach angeben, indem Sie in der erhaltenen E-Mail auf \u201eAbbestellen\u201c klicken.<br \/>\n&nbsp;<br \/>\nWir nutzen Ihre personenbezogenen Daten auch zur Marktforschung und zur Optimierung unserer Dienstleistungen. Ihre personenbezogenen Daten werden in diesem Zusammenhang anonymisiert und k\u00f6nnen somit nicht mehr auf Sie zur\u00fcckgef\u00fchrt werden.<br \/>\n&nbsp;<br \/>\nEin Verkauf oder eine Weitergabe Ihrer Daten an Dritte zu kommerziellen Zwecken erfolgt nicht, sofern Sie dem nicht ausdr\u00fccklich zustimmen.<br \/>\n&nbsp;<br \/>\n<strong>Automatisierte Entscheidungsfindung<\/strong><br \/>\n&nbsp;<br \/>\nWir treffen Entscheidungen auf der Grundlage automatisierter Verarbeitung in Angelegenheiten, die Konsequenzen f\u00fcr Menschen haben k\u00f6nnen. Hierbei handelt es sich um Entscheidungen, die von Computerprogrammen oder -systemen getroffen werden, ohne dass ein Mensch (zum Beispiel ein Mitarbeiter von uns) beteiligt ist. Wir nutzen hierf\u00fcr folgende Computersysteme:<\/p>\n<ul>\n<li>Podio mit dem Globiflow-Modul (beide im Besitz von <a href=\"https:\/\/www.citrix.com\/about\/legal\/privacy\/\" rel=\"noopener\" target=\"_blank\">Citrix Systems Inc<\/ a>) Ihre Stellenanfrage mit einem Fachmann zu verkn\u00fcpfen, basierend auf Ihrem Lebenslauf und den uns bekannten Daten \u00fcber die Fachgebiete und Arbeitsregionen des Fachmanns.<\/li>\n<li>PIM-App (Personal Information Management) <a href=\"https:\/\/www.google.com\/intl\/nl_nl\/policies\/privacy\/?fg=1\" rel=\"noopener\" target=\"_blank\"> Google <\/a>Kontakte<\/li>\n<li>CMS (Content-Management-System) <a href=\"https:\/\/automattic.com\/privacy\/\" rel=\"noopener\" target=\"_blank\">WordPress<\/a><\/li>\n<li>Webentwickler <a href=\"https:\/\/www.centum-d.com\/en\/privacy-policy\/\" rel=\"noopener\" target=\"_blank\">Centum-D<\/a> und <a href=\"https:\/\/go2people-websites.nl\/service-level-agreement-go2people-websites\/\" rel=\"noopener\" target=\"_blank\"> Go2People<\/a><\/li>\n<li>Webhosts <a href=\"https:\/\/aws.amazon.com\/privacy\/\" rel=\"noopener\" target=\"_blank\">AWS<\/a>, <a href=\"https:\/\/www . hetzner.com\/legal\/privacy-policy\/\" rel=\"noopener\" target=\"_blank\">Hetzner<\/a> und <a href=\"https:\/\/www.cloudvps.com\/sites\/default\/files\/ Dokumente \/CloudVPS_SLA_Classic_VPS_EN_v1.pdf\" rel=\"noopener\" target=\"_blank\">CloudVPS<\/a><\/li>\n<li>App Connector <a href=\"https:\/\/zapier.com\/privacy\/\" rel=\"noopener\" target=\"_blank\">Zapier<\/a><\/li>\n<li>Zahlungsdienstleister <a href=\"https:\/\/www.mollie.com\/privacy\" rel=\"noopener\" target=\"_blank\">Mollie<\/a><\/li>\n<li>Messaging-Dienste <a href=\"https:\/\/www.twilio.com\/en-us\/legal\/privacy\" rel=\"noopener\" target=\"_blank\">Twilio<\/a>, <a href=\"https:\/\/www.tyntec.com\/data-privacy-statement\/\" rel=\"noopener\" target=\"_blank\">Tyntec<\/a> und <a href=\"https:\/\/www.textmagic.com\/privacy -policy\/\" rel=\"noopener\" target=\"_blank\">TextMagic<\/a><\/li>\n<li>Mail-Programme <a href=\"https:\/\/www.mailjet.com\/legal\/privacy-policy\/\" rel=\"noopener\" target=\"_blank\">Mailjet<\/a> und <a href=\"https:\/\/www.mailgun.com\/legal\/privacy-policy\/\" rel=\"noopener\" target=\"_blank\">Mailgun<\/a><\/li>\n<\/ul>\n<p><strong>Cookies<\/strong><br \/>\n&nbsp;<br \/>\nEin Cookie ist eine kleine Textdatei, die beim ersten Besuch dieser Website auf Ihrem Computer, Tablet oder Smartphone gespeichert wird. Sie k\u00f6nnen sich von diesen Cookies abmelden, indem Sie Ihren Internetbrowser so einstellen, dass er keine Cookies mehr speichert. Dar\u00fcber hinaus k\u00f6nnen Sie \u00fcber die Einstellungen Ihres Browsers auch alle zuvor gespeicherten Informationen l\u00f6schen.<br \/>\n&nbsp;<br \/>\nWir verwenden folgende Cookies:<\/p>\n<ul>\n<li>Funktionale Cookies: Dies sind Cookies, die f\u00fcr den technischen Betrieb der Website und Ihre Benutzerfreundlichkeit erforderlich sind. Sie stellen sicher, dass die Website ordnungsgem\u00e4\u00df funktioniert, und merken sich beispielsweise Ihre Pr\u00e4ferenzeinstellungen. Auch unsere Website k\u00f6nnen wir damit optimieren. Hierbei handelt es sich um analytische Cookies, die Ihre Privatsph\u00e4re nicht verletzen und f\u00fcr die wir keine vorherige Zustimmung von Ihnen ben\u00f6tigen.<\/li>\n<li>Tracking-Cookies: Wir platzieren Cookies, die Ihr Surfverhalten verfolgen, damit wir personalisierte Inhalte und Werbung anbieten k\u00f6nnen. Bei Ihrem ersten Besuch auf unserer Website haben wir Sie bereits \u00fcber diese Cookies informiert und um Erlaubnis f\u00fcr deren Platzierung gebeten. Sie k\u00f6nnen sich von Cookies abmelden, indem Sie Ihren Internetbrowser so einstellen, dass er keine Cookies mehr speichert. Dar\u00fcber hinaus k\u00f6nnen Sie \u00fcber Ihre Browsereinstellungen auch alle zuvor gespeicherten Informationen l\u00f6schen.<\/li>\n<li>Google Analytics und Ads: Auf dieser Website werden im Rahmen der Dienste \u201eAnalytics\u201c und \u201eAds\u201c Cookies des amerikanischen Unternehmens Google platziert. MrFix nutzt diese Dienste, um die Texte unserer Ads-Anzeigen so relevant wie m\u00f6glich zu gestalten, Berichte \u00fcber die Nutzung der Website zu erhalten und deren Qualit\u00e4t und Wirksamkeit zu messen. Wir nutzen Google Analytics und Ads in der von der niederl\u00e4ndischen Datenschutzbeh\u00f6rde vorgeschriebenen Weise, um unter die Ausnahme im Cookie-Gesetz zu fallen, was bedeutet, dass wir f\u00fcr die Nutzung von Google Analytics oder Ads keine vorherige Zustimmung ben\u00f6tigen.<\/li>\n<li>Facebook (Pixel und Teilen), LinkedIn (Teilen) und Twitter (Teilen): Auf dieser Website werden Cookies der amerikanischen Unternehmen Facebook, LinkedIn und Twitter platziert, haupts\u00e4chlich um dem Besucher das Teilen unserer Inhalte auf ihren jeweiligen Plattformen zu erm\u00f6glichen. MrFix nutzt diese Dienste, um Berichte dar\u00fcber zu erhalten, welche Inhalte auf unserer Website geteilt werden, und um die Qualit\u00e4t und Wirksamkeit dieser Inhalte zu messen. Wir nutzen Facebook, LinkedIn und Twitter in der von der niederl\u00e4ndischen Datenschutzbeh\u00f6rde vorgeschriebenen Weise, um unter die Ausnahme des Cookie-Gesetzes zu fallen, was bedeutet, dass wir f\u00fcr die Nutzung von Facebook, LinkedIn und Twitter keine vorherige Genehmigung von Ihnen ben\u00f6tigen<\/li >\n<\/ul>\n<p><strong>Anzeigen, korrigieren oder l\u00f6schen<\/strong><br \/>\n&nbsp;<br \/>\nSie haben das Recht, Ihre personenbezogenen Daten einzusehen, zu korrigieren oder zu l\u00f6schen. Sie haben au\u00dferdem das Recht, Ihre Einwilligung zur Datenverarbeitung zu widerrufen oder der Verarbeitung Ihrer personenbezogenen Daten zu widersprechen. Sie haben das Recht auf \u00dcbertragbarkeit Ihrer Daten (\u201eDatenportabilit\u00e4t\u201c), wenn wir \u00fcber digitale personenbezogene Daten verf\u00fcgen, die wir entweder mit Ihrer Einwilligung oder zur Durchf\u00fchrung eines mit Ihnen geschlossenen Vertrags verarbeiten. Dies bedeutet, dass Sie bei uns einen Antrag stellen k\u00f6nnen, die digitalen personenbezogenen Daten, die wir \u00fcber Sie speichern, in einer lesbaren Computerdatei an Sie oder eine andere von Ihnen genannte Organisation zu senden.<br \/>\n&nbsp;<br \/>\nSie k\u00f6nnen einen Antrag auf Zugriff, Berichtigung, L\u00f6schung, Daten\u00fcbertragung Ihrer personenbezogenen Daten oder Widerruf Ihrer Einwilligung oder einen Widerspruch gegen die Verarbeitung Ihrer personenbezogenen Daten an <a href=\"mailto:security@mrfix.nl\">security@ senden. mrfix.nl <\/a>. Um sicherzustellen, dass die Zugangsanfrage von Ihnen stammt, bitten wir Sie, der Anfrage eine Kopie Ihres Identit\u00e4tsnachweises beizuf\u00fcgen. Machen Sie in dieser Kopie Ihr Passfoto, die MRZ (maschinenlesbare Zone, der Streifen mit den Zahlen am unteren Rand des Passes), die Passnummer und die B\u00fcrgerservicenummer (BSN) schwarz. Dies dient dem Schutz Ihrer Privatsph\u00e4re. Wir beantworten Ihre Anfrage in der Regel innerhalb von 24 Stunden, in jedem Fall jedoch innerhalb von 4 Wochen.<br \/>\n&nbsp;<br \/>\nWir m\u00f6chten Sie au\u00dferdem darauf hinweisen, dass Sie die M\u00f6glichkeit haben, eine Beschwerde bei der nationalen Aufsichtsbeh\u00f6rde, der niederl\u00e4ndischen Datenschutzbeh\u00f6rde, einzureichen.<br \/>\n&nbsp;<br \/>\n<strong>Kontakt<\/strong><br \/>\n&nbsp;<br \/>\nWir nehmen den Schutz Ihrer Daten ernst und ergreifen geeignete Ma\u00dfnahmen, um Missbrauch, Verlust, unbefugten Zugriff, unerw\u00fcnschte Offenlegung und unbefugte \u00c4nderung zu verhindern. Wenn Sie den Eindruck haben, dass Ihre Daten nicht ordnungsgem\u00e4\u00df gesichert sind oder Hinweise auf Missbrauch vorliegen, wenden Sie sich bitte umgehend an unseren Direktor Michiel unter <a href=\"mailto:security@mrfix.nl\">security@mrfix.nl<\/ a>. An diese Adresse k\u00f6nnen Sie sich bei allen Problemen und Fragen im Bereich Datenschutz und Sicherheit wenden.<br \/>\n&nbsp;<br \/>\nHandwerker MrFix.nl BV<br \/>\nWeesperstraat 98-A<br \/>\n1112AP Diemen<br \/>\nDie Niederlande<br \/>\n&nbsp;<br \/>\nDatenschutz und Sicherheit: <a href=\"mailto:security@mrfix.nl\">security@mrfix.nl<\/a><br \/>\nSonstiges: <a href=\"mailto:info@mrfix.nl\">info@mrfix.nl<\/a><br \/>\n&nbsp;<br \/>\n+31-20-6750333<br \/>\n&nbsp;<br \/>\n&nbsp;<br \/>\nDiemen, M\u00e4rz 2024<\/p>\n","protected":false},"excerpt":{"rendered":"<p>Dies ist eine maschinelle \u00dcbersetzung unserer Datenschutzerkl\u00e4rung f\u00fcr Ihre Bequemlichkeit. Im Falle von Unstimmigkeiten oder Zweifeln ist der niederl\u00e4ndische Originaltext ma\u00dfgebend: &nbsp; &nbsp; Anwendbarkeit &nbsp; Diese Datenschutzerkl\u00e4rung gilt f\u00fcr alle datenschutzrelevanten Informationen oder personenbezogenen Daten, die Sie uns beispielsweise \u00fcber ein Registrierungsformular, ein Kontaktformular oder Stellenanfragen \u00fcber unsere mobile Anwendung, Website https: \/\/MrFix.nl oder anders. [&hellip;]<\/p>\n","protected":false},"author":1,"featured_media":0,"parent":0,"menu_order":0,"comment_status":"closed","ping_status":"open","template":"","meta":{"_acf_changed":false,"inline_featured_image":false,"footnotes":""},"class_list":["post-2138","page","type-page","status-publish","hentry"],"acf":[],"yoast_head":"<!-- This site is optimized with the Yoast SEO plugin v27.5 - https:\/\/yoast.com\/product\/yoast-seo-wordpress\/ -->\n<title>Datenschutzerkl\u00e4rung \u2013 Klusbedrijf MrFix.nl BV (im Folgenden \u201eMrFix\u201c) - MrFix<\/title>\n<meta name=\"description\" content=\"Book your expert via our app: Clients.MrFix.nl. MrFix is transparent about and\" \/>\n<meta name=\"robots\" content=\"index, follow, max-snippet:-1, max-image-preview:large, max-video-preview:-1\" \/>\n<link rel=\"canonical\" href=\"https:\/\/mrfix.nl\/de\/privacy-statement\/\" \/>\n<meta property=\"og:locale\" content=\"de_DE\" \/>\n<meta property=\"og:type\" content=\"article\" \/>\n<meta property=\"og:title\" content=\"Datenschutzerkl\u00e4rung \u2013 Klusbedrijf MrFix.nl BV (im Folgenden \u201eMrFix\u201c) - MrFix\" \/>\n<meta property=\"og:description\" content=\"Book your expert via our app: Clients.MrFix.nl. MrFix is transparent about and\" \/>\n<meta property=\"og:url\" content=\"https:\/\/mrfix.nl\/de\/privacy-statement\/\" \/>\n<meta property=\"og:site_name\" content=\"MrFix\" \/>\n<meta property=\"article:publisher\" content=\"https:\/\/www.facebook.com\/MrFix.Nederland\" \/>\n<meta property=\"article:modified_time\" content=\"2024-05-30T21:24:08+00:00\" \/>\n<meta name=\"twitter:card\" content=\"summary_large_image\" \/>\n<meta name=\"twitter:site\" content=\"@MrFixNL\" \/>\n<meta name=\"twitter:label1\" content=\"Gesch\u00e4tzte Lesezeit\" \/>\n\t<meta name=\"twitter:data1\" content=\"9\u00a0Minute\" \/>\n<script type=\"application\/ld+json\" class=\"yoast-schema-graph\">{\"@context\":\"https:\\\/\\\/schema.org\",\"@graph\":[{\"@type\":\"WebPage\",\"@id\":\"https:\\\/\\\/mrfix.nl\\\/de\\\/privacy-statement\\\/\",\"url\":\"https:\\\/\\\/mrfix.nl\\\/de\\\/privacy-statement\\\/\",\"name\":\"Datenschutzerkl\u00e4rung \u2013 Klusbedrijf MrFix.nl BV (im Folgenden \u201eMrFix\u201c) - MrFix\",\"isPartOf\":{\"@id\":\"https:\\\/\\\/mrfix.nl\\\/de\\\/#website\"},\"datePublished\":\"2023-06-14T10:08:56+00:00\",\"dateModified\":\"2024-05-30T21:24:08+00:00\",\"description\":\"Book your expert via our app: Clients.MrFix.nl. MrFix is transparent about and\",\"breadcrumb\":{\"@id\":\"https:\\\/\\\/mrfix.nl\\\/de\\\/privacy-statement\\\/#breadcrumb\"},\"inLanguage\":\"de\",\"potentialAction\":[{\"@type\":\"ReadAction\",\"target\":[\"https:\\\/\\\/mrfix.nl\\\/de\\\/privacy-statement\\\/\"]}]},{\"@type\":\"BreadcrumbList\",\"@id\":\"https:\\\/\\\/mrfix.nl\\\/de\\\/privacy-statement\\\/#breadcrumb\",\"itemListElement\":[{\"@type\":\"ListItem\",\"position\":1,\"name\":\"Startseite\",\"item\":\"https:\\\/\\\/mrfix.nl\\\/de\\\/\"},{\"@type\":\"ListItem\",\"position\":2,\"name\":\"Datenschutzerkl\u00e4rung \u2013 Klusbedrijf MrFix.nl BV (im Folgenden \u201eMrFix\u201c)\"}]},{\"@type\":\"WebSite\",\"@id\":\"https:\\\/\\\/mrfix.nl\\\/de\\\/#website\",\"url\":\"https:\\\/\\\/mrfix.nl\\\/de\\\/\",\"name\":\"MrFix building repair service\",\"description\":\"Hand-picked experts\",\"publisher\":{\"@id\":\"https:\\\/\\\/mrfix.nl\\\/de\\\/#organization\"},\"alternateName\":\"MrFix\",\"potentialAction\":[{\"@type\":\"SearchAction\",\"target\":{\"@type\":\"EntryPoint\",\"urlTemplate\":\"https:\\\/\\\/mrfix.nl\\\/de\\\/?s={search_term_string}\"},\"query-input\":{\"@type\":\"PropertyValueSpecification\",\"valueRequired\":true,\"valueName\":\"search_term_string\"}}],\"inLanguage\":\"de\"},{\"@type\":\"Organization\",\"@id\":\"https:\\\/\\\/mrfix.nl\\\/de\\\/#organization\",\"name\":\"Klusbedrijf MrFix.nl BV\",\"alternateName\":\"MrFix\",\"url\":\"https:\\\/\\\/mrfix.nl\\\/de\\\/\",\"logo\":{\"@type\":\"ImageObject\",\"inLanguage\":\"de\",\"@id\":\"https:\\\/\\\/mrfix.nl\\\/de\\\/#\\\/schema\\\/logo\\\/image\\\/\",\"url\":\"https:\\\/\\\/mrfix.nl\\\/wp-content\\\/uploads\\\/2026\\\/04\\\/MrFix-master_SQ_WhiteOnBlack_EN.jpg\",\"contentUrl\":\"https:\\\/\\\/mrfix.nl\\\/wp-content\\\/uploads\\\/2026\\\/04\\\/MrFix-master_SQ_WhiteOnBlack_EN.jpg\",\"width\":800,\"height\":800,\"caption\":\"Klusbedrijf MrFix.nl BV\"},\"image\":{\"@id\":\"https:\\\/\\\/mrfix.nl\\\/de\\\/#\\\/schema\\\/logo\\\/image\\\/\"},\"sameAs\":[\"https:\\\/\\\/www.facebook.com\\\/MrFix.Nederland\",\"https:\\\/\\\/x.com\\\/MrFixNL\",\"https:\\\/\\\/www.linkedin.com\\\/company\\\/10360262\\\/\",\"https:\\\/\\\/www.instagram.com\\\/mrfix.nl\\\/\"]}]}<\/script>\n<!-- \/ Yoast SEO plugin. -->","yoast_head_json":{"title":"Datenschutzerkl\u00e4rung \u2013 Klusbedrijf MrFix.nl BV (im Folgenden \u201eMrFix\u201c) - MrFix","description":"Book your expert via our app: Clients.MrFix.nl. MrFix is transparent about and","robots":{"index":"index","follow":"follow","max-snippet":"max-snippet:-1","max-image-preview":"max-image-preview:large","max-video-preview":"max-video-preview:-1"},"canonical":"https:\/\/mrfix.nl\/de\/privacy-statement\/","og_locale":"de_DE","og_type":"article","og_title":"Datenschutzerkl\u00e4rung \u2013 Klusbedrijf MrFix.nl BV (im Folgenden \u201eMrFix\u201c) - MrFix","og_description":"Book your expert via our app: Clients.MrFix.nl. MrFix is transparent about and","og_url":"https:\/\/mrfix.nl\/de\/privacy-statement\/","og_site_name":"MrFix","article_publisher":"https:\/\/www.facebook.com\/MrFix.Nederland","article_modified_time":"2024-05-30T21:24:08+00:00","twitter_card":"summary_large_image","twitter_site":"@MrFixNL","twitter_misc":{"Gesch\u00e4tzte Lesezeit":"9\u00a0Minute"},"schema":{"@context":"https:\/\/schema.org","@graph":[{"@type":"WebPage","@id":"https:\/\/mrfix.nl\/de\/privacy-statement\/","url":"https:\/\/mrfix.nl\/de\/privacy-statement\/","name":"Datenschutzerkl\u00e4rung \u2013 Klusbedrijf MrFix.nl BV (im Folgenden \u201eMrFix\u201c) - MrFix","isPartOf":{"@id":"https:\/\/mrfix.nl\/de\/#website"},"datePublished":"2023-06-14T10:08:56+00:00","dateModified":"2024-05-30T21:24:08+00:00","description":"Book your expert via our app: Clients.MrFix.nl. MrFix is transparent about and","breadcrumb":{"@id":"https:\/\/mrfix.nl\/de\/privacy-statement\/#breadcrumb"},"inLanguage":"de","potentialAction":[{"@type":"ReadAction","target":["https:\/\/mrfix.nl\/de\/privacy-statement\/"]}]},{"@type":"BreadcrumbList","@id":"https:\/\/mrfix.nl\/de\/privacy-statement\/#breadcrumb","itemListElement":[{"@type":"ListItem","position":1,"name":"Startseite","item":"https:\/\/mrfix.nl\/de\/"},{"@type":"ListItem","position":2,"name":"Datenschutzerkl\u00e4rung \u2013 Klusbedrijf MrFix.nl BV (im Folgenden \u201eMrFix\u201c)"}]},{"@type":"WebSite","@id":"https:\/\/mrfix.nl\/de\/#website","url":"https:\/\/mrfix.nl\/de\/","name":"MrFix building repair service","description":"Hand-picked experts","publisher":{"@id":"https:\/\/mrfix.nl\/de\/#organization"},"alternateName":"MrFix","potentialAction":[{"@type":"SearchAction","target":{"@type":"EntryPoint","urlTemplate":"https:\/\/mrfix.nl\/de\/?s={search_term_string}"},"query-input":{"@type":"PropertyValueSpecification","valueRequired":true,"valueName":"search_term_string"}}],"inLanguage":"de"},{"@type":"Organization","@id":"https:\/\/mrfix.nl\/de\/#organization","name":"Klusbedrijf MrFix.nl BV","alternateName":"MrFix","url":"https:\/\/mrfix.nl\/de\/","logo":{"@type":"ImageObject","inLanguage":"de","@id":"https:\/\/mrfix.nl\/de\/#\/schema\/logo\/image\/","url":"https:\/\/mrfix.nl\/wp-content\/uploads\/2026\/04\/MrFix-master_SQ_WhiteOnBlack_EN.jpg","contentUrl":"https:\/\/mrfix.nl\/wp-content\/uploads\/2026\/04\/MrFix-master_SQ_WhiteOnBlack_EN.jpg","width":800,"height":800,"caption":"Klusbedrijf MrFix.nl BV"},"image":{"@id":"https:\/\/mrfix.nl\/de\/#\/schema\/logo\/image\/"},"sameAs":["https:\/\/www.facebook.com\/MrFix.Nederland","https:\/\/x.com\/MrFixNL","https:\/\/www.linkedin.com\/company\/10360262\/","https:\/\/www.instagram.com\/mrfix.nl\/"]}]}},"_links":{"self":[{"href":"https:\/\/mrfix.nl\/de\/wp-json\/wp\/v2\/pages\/2138","targetHints":{"allow":["GET"]}}],"collection":[{"href":"https:\/\/mrfix.nl\/de\/wp-json\/wp\/v2\/pages"}],"about":[{"href":"https:\/\/mrfix.nl\/de\/wp-json\/wp\/v2\/types\/page"}],"author":[{"embeddable":true,"href":"https:\/\/mrfix.nl\/de\/wp-json\/wp\/v2\/users\/1"}],"replies":[{"embeddable":true,"href":"https:\/\/mrfix.nl\/de\/wp-json\/wp\/v2\/comments?post=2138"}],"version-history":[{"count":6,"href":"https:\/\/mrfix.nl\/de\/wp-json\/wp\/v2\/pages\/2138\/revisions"}],"predecessor-version":[{"id":59398,"href":"https:\/\/mrfix.nl\/de\/wp-json\/wp\/v2\/pages\/2138\/revisions\/59398"}],"wp:attachment":[{"href":"https:\/\/mrfix.nl\/de\/wp-json\/wp\/v2\/media?parent=2138"}],"curies":[{"name":"wp","href":"https:\/\/api.w.org\/{rel}","templated":true}]}}